{"id":20731,"date":"2024-12-01T18:24:40","date_gmt":"2024-12-01T10:24:40","guid":{"rendered":"https:\/\/www.vapeswholesaler.com\/?post_type=product&#038;p=20731"},"modified":"2025-02-22T22:37:48","modified_gmt":"2025-02-22T14:37:48","slug":"allingrosso-fumot-tornado-25000-soffi-monouso-vape-2","status":"publish","type":"product","link":"https:\/\/www.vapeswholesaler.com\/it\/prodotto\/allingrosso-fumot-tornado-25000-soffi-monouso-vape-2","title":{"rendered":"all'ingrosso Fumot Tornado 25000 Puffs usa e getta Vape"},"content":{"rendered":"<p>Fumot Tornado 25000 Puffs disposable Vape \u00e8 stato progettato per coloro che richiedono convenienza, prestazioni e caratteristiche all'avanguardia. Progettato per erogare fino a 25000 puff, questo dispositivo offre un utilizzo prolungato e prestazioni costanti, rendendolo ideale per un piacere di svapo di lunga durata.Dotato di una bobina a doppia maglia, Fumot Tornado 25000 Puff assicura un vapore fluido e saporito a ogni inalazione. Il touchscreen TFT da 1,77 pollici consente di navigare facilmente tra le impostazioni e di monitorare le prestazioni della svapata con un semplice tocco, offrendo un'esperienza d'uso altamente tecnologica.<\/p>\n<p>Dotato di una batteria ricaricabile da 700 mAh e di ricarica rapida Type-C, Fumot Tornado 25000 Puffs garantisce ricariche rapide, permettendovi di svapare senza interruzioni. Il display a LED fornisce aggiornamenti in tempo reale sul livello della batteria e dell'e-liquid, tenendovi sempre informati sullo stato del vostro dispositivo.<\/p>\n<p>Fumot Tornado 25000 Puffs, disponibile nelle gradazioni di nicotina 2% e 5% e con 13 gusti diversi, soddisfa un'ampia gamma di preferenze. Sia che preferiate un hit di nicotina leggero o pi\u00f9 forte, c'\u00e8 un sapore e un'intensit\u00e0 di nicotina che si adattano alle vostre esigenze.Fumot Tornado 25000 Puffs touch Switch Disposable Vape \u00e8 la scelta perfetta per chi cerca un'esperienza di vaping affidabile e high-tech. Con le sue funzioni intuitive e il suo design elegante, \u00e8 costruita per soddisfare i consumatori a lungo termine.<\/p>\n<h2><strong><a href=\"https:\/\/www.vapeswholesaler.com\/it\/marca_prodotto\/randm\/\">Fumot<\/a> Tornado 25000 Puffs Dettagli:<\/strong><\/h2>\n<ul>\n<li>Nicotina: 2%\/5%<\/li>\n<li>Soffi: Fino a 25.000 boccate<\/li>\n<li>Bobina a doppia maglia<\/li>\n<li>Schermo tattile TFT da 1,77 pollici<\/li>\n<li>Interruttore a rubinetto<\/li>\n<li>Display a LED per il livello della batteria e del liquido<\/li>\n<li>Capacit\u00e0 della batteria: 700 mAh<\/li>\n<li>Ricarica rapida di tipo C<\/li>\n<\/ul>\n<h2><strong>Fumot Tornado 25000 Puffs Gusti:<\/strong><\/h2>\n<ol>\n<li>Ghiaccio alla banana<\/li>\n<li>Ghiaccio nero<\/li>\n<li>Mirtillo su ghiaccio<\/li>\n<li>Mirtillo Lampone<\/li>\n<li>Bomba alla ciliegia<\/li>\n<li>Ciliegia Cola<\/li>\n<li>Menta fresca<\/li>\n<li>Doppia mela<\/li>\n<li>Dr. Blue<\/li>\n<li>Ghiaccio d'uva<\/li>\n<li>Uva e limone<\/li>\n<li>Ghiaccio alla pesca succosa<\/li>\n<li>Kiwi Frutto della passione Guava<\/li>\n<li>Ghiaccio lussureggiante<\/li>\n<li>Zecca di Miami<\/li>\n<li>Pesca, mango e anguria<\/li>\n<li>Ghiaccio all'ananas<\/li>\n<li>Limonata rosa<\/li>\n<li>Ghiaccio alla fragola<\/li>\n<li>Mango alla fragola<\/li>\n<li>Caramelle alla menta e fragola<\/li>\n<li>Red Bull alla fragola<\/li>\n<li>Anguria alla fragola<\/li>\n<li>Esplosione arcobaleno tropicale<\/li>\n<li>Ghiaccio all'anguria<\/li>\n<li>Ghiaccio gommoso bianco<\/li>\n<\/ol>\n<p><strong>Elenco degli imballaggi:<\/strong><\/p>\n<p>1 pz. ogni scatola singola<br \/>\n10 pezzi per scatola centrale<br \/>\n200 pezzi per cartone<\/p>\n<p><img loading=\"lazy\" decoding=\"async\" class=\"alignnone wp-image-20729 size-full\" title=\"all&#039;ingrosso Fumot Tornado 25000 Puffs usa e getta Vape 7\" src=\"https:\/\/www.vapeswholesaler.com\/wp-content\/uploads\/2024\/12\/Wholesale-Fumot-Tornado-25000-Puffs-Disposable-Vape-7.webp\" alt=\"all&#039;ingrosso Fumot Tornado 25000 Puffs usa e getta Vape 7\" width=\"800\" height=\"450\" srcset=\"https:\/\/www.vapeswholesaler.com\/wp-content\/uploads\/2024\/12\/Wholesale-Fumot-Tornado-25000-Puffs-Disposable-Vape-7.webp 800w, https:\/\/www.vapeswholesaler.com\/wp-content\/uploads\/2024\/12\/Wholesale-Fumot-Tornado-25000-Puffs-Disposable-Vape-7-300x169.webp 300w, https:\/\/www.vapeswholesaler.com\/wp-content\/uploads\/2024\/12\/Wholesale-Fumot-Tornado-25000-Puffs-Disposable-Vape-7-768x432.webp 768w, https:\/\/www.vapeswholesaler.com\/wp-content\/uploads\/2024\/12\/Wholesale-Fumot-Tornado-25000-Puffs-Disposable-Vape-7-18x10.webp 18w, https:\/\/www.vapeswholesaler.com\/wp-content\/uploads\/2024\/12\/Wholesale-Fumot-Tornado-25000-Puffs-Disposable-Vape-7-510x287.webp 510w\" sizes=\"auto, (max-width: 800px) 100vw, 800px\" \/> <img loading=\"lazy\" decoding=\"async\" class=\"alignnone wp-image-20730 size-full\" title=\"all&#039;ingrosso Fumot Tornado 25000 Puffs usa e getta Vape 8\" src=\"https:\/\/www.vapeswholesaler.com\/wp-content\/uploads\/2024\/12\/Wholesale-Fumot-Tornado-25000-Puffs-Disposable-Vape-8.webp\" alt=\"all&#039;ingrosso Fumot Tornado 25000 Puffs usa e getta Vape 8\" width=\"800\" height=\"450\" srcset=\"https:\/\/www.vapeswholesaler.com\/wp-content\/uploads\/2024\/12\/Wholesale-Fumot-Tornado-25000-Puffs-Disposable-Vape-8.webp 800w, https:\/\/www.vapeswholesaler.com\/wp-content\/uploads\/2024\/12\/Wholesale-Fumot-Tornado-25000-Puffs-Disposable-Vape-8-300x169.webp 300w, https:\/\/www.vapeswholesaler.com\/wp-content\/uploads\/2024\/12\/Wholesale-Fumot-Tornado-25000-Puffs-Disposable-Vape-8-768x432.webp 768w, https:\/\/www.vapeswholesaler.com\/wp-content\/uploads\/2024\/12\/Wholesale-Fumot-Tornado-25000-Puffs-Disposable-Vape-8-18x10.webp 18w, https:\/\/www.vapeswholesaler.com\/wp-content\/uploads\/2024\/12\/Wholesale-Fumot-Tornado-25000-Puffs-Disposable-Vape-8-510x287.webp 510w\" sizes=\"auto, (max-width: 800px) 100vw, 800px\" \/> <img loading=\"lazy\" decoding=\"async\" class=\"alignnone wp-image-20728 size-full\" title=\"all&#039;ingrosso Fumot Tornado 25000 Puffs usa e getta Vape 6\" src=\"https:\/\/www.vapeswholesaler.com\/wp-content\/uploads\/2024\/12\/Wholesale-Fumot-Tornado-25000-Puffs-Disposable-Vape-6.webp\" alt=\"all&#039;ingrosso Fumot Tornado 25000 Puffs usa e getta Vape 6\" width=\"800\" height=\"800\" srcset=\"https:\/\/www.vapeswholesaler.com\/wp-content\/uploads\/2024\/12\/Wholesale-Fumot-Tornado-25000-Puffs-Disposable-Vape-6.webp 800w, https:\/\/www.vapeswholesaler.com\/wp-content\/uploads\/2024\/12\/Wholesale-Fumot-Tornado-25000-Puffs-Disposable-Vape-6-300x300.webp 300w, https:\/\/www.vapeswholesaler.com\/wp-content\/uploads\/2024\/12\/Wholesale-Fumot-Tornado-25000-Puffs-Disposable-Vape-6-150x150.webp 150w, https:\/\/www.vapeswholesaler.com\/wp-content\/uploads\/2024\/12\/Wholesale-Fumot-Tornado-25000-Puffs-Disposable-Vape-6-768x768.webp 768w, https:\/\/www.vapeswholesaler.com\/wp-content\/uploads\/2024\/12\/Wholesale-Fumot-Tornado-25000-Puffs-Disposable-Vape-6-12x12.webp 12w, https:\/\/www.vapeswholesaler.com\/wp-content\/uploads\/2024\/12\/Wholesale-Fumot-Tornado-25000-Puffs-Disposable-Vape-6-247x247.webp 247w, https:\/\/www.vapeswholesaler.com\/wp-content\/uploads\/2024\/12\/Wholesale-Fumot-Tornado-25000-Puffs-Disposable-Vape-6-510x510.webp 510w, https:\/\/www.vapeswholesaler.com\/wp-content\/uploads\/2024\/12\/Wholesale-Fumot-Tornado-25000-Puffs-Disposable-Vape-6-100x100.webp 100w\" sizes=\"auto, (max-width: 800px) 100vw, 800px\" \/><\/p>","protected":false},"excerpt":{"rendered":"<p>Quantit\u00e0 minima d'ordine:\u00a0<strong>50 PCS<\/strong>\u00a0(Gusti misti)\u00a0\u00a0<strong>Spedizione gratuita<\/strong><\/p>\n<p>\uff08<strong>2%\uff0c5%<\/strong>\uff09<\/p>","protected":false},"featured_media":20723,"comment_status":"open","ping_status":"closed","template":"","meta":[],"product_cat":[15],"product_tag":[320,321,322],"class_list":{"0":"post-20731","1":"product","2":"type-product","3":"status-publish","4":"has-post-thumbnail","6":"product_cat-disposable-vape","7":"product_tag-fumot-tornado-25000-puffs","8":"product_tag-fumot-tornado-25000","9":"product_tag-fumot-tornado-25k","10":"product_brand-fumot","12":"first","13":"instock","14":"shipping-taxable","15":"purchasable","16":"product-type-variable","17":"has-default-attributes"},"aioseo_notices":[],"_links":{"self":[{"href":"https:\/\/www.vapeswholesaler.com\/it\/wp-json\/wp\/v2\/product\/20731","targetHints":{"allow":["GET"]}}],"collection":[{"href":"https:\/\/www.vapeswholesaler.com\/it\/wp-json\/wp\/v2\/product"}],"about":[{"href":"https:\/\/www.vapeswholesaler.com\/it\/wp-json\/wp\/v2\/types\/product"}],"replies":[{"embeddable":true,"href":"https:\/\/www.vapeswholesaler.com\/it\/wp-json\/wp\/v2\/comments?post=20731"}],"wp:featuredmedia":[{"embeddable":true,"href":"https:\/\/www.vapeswholesaler.com\/it\/wp-json\/wp\/v2\/media\/20723"}],"wp:attachment":[{"href":"https:\/\/www.vapeswholesaler.com\/it\/wp-json\/wp\/v2\/media?parent=20731"}],"wp:term":[{"taxonomy":"product_cat","embeddable":true,"href":"https:\/\/www.vapeswholesaler.com\/it\/wp-json\/wp\/v2\/product_cat?post=20731"},{"taxonomy":"product_tag","embeddable":true,"href":"https:\/\/www.vapeswholesaler.com\/it\/wp-json\/wp\/v2\/product_tag?post=20731"}],"curies":[{"name":"wp","href":"https:\/\/api.w.org\/{rel}","templated":true}]}}