{"id":20649,"date":"2024-12-01T16:04:04","date_gmt":"2024-12-01T08:04:04","guid":{"rendered":"https:\/\/www.vapeswholesaler.com\/?post_type=product&#038;p=20649"},"modified":"2025-10-11T17:12:40","modified_gmt":"2025-10-11T09:12:40","slug":"allingrosso-vespa-fx-30000-soffi-scatola-monouso-vape","status":"publish","type":"product","link":"https:\/\/www.vapeswholesaler.com\/it\/prodotto\/allingrosso-vespa-fx-30000-soffi-scatola-monouso-vape","title":{"rendered":"all'ingrosso WASPE FX 30000 PUFFS BOX Vape usa e getta"},"content":{"rendered":"<p><a href=\"https:\/\/www.vapeswholesaler.com\/it\/marca_prodotto\/vespa\/\">WASPE<\/a> FX 30000 PUFFS BOX Vape usa e getta, progettato per i vapers che desiderano qualit\u00e0 e longevit\u00e0. Questo innovativo dispositivo eroga ben 30000 puff in modalit\u00e0 normale e 15000 puff in modalit\u00e0 pulsata, garantendo un'esperienza di vaping prolungata senza frequenti sostituzioni.<\/p>\n<p>Caratterizzato da una notevole capacit\u00e0 di 28 ml di e-liquid, il Waspe offre opzioni di nicotina flessibili di 0%, 2% e 5%, per soddisfare tutte le preferenze. Il suo sistema a doppia bobina (1ohm + 1ohm) migliora l'intensit\u00e0 del sapore e la produzione di vapore, garantendo un'inalazione sempre soddisfacente. e alimentato da una batteria ricaricabile da 850mAh, comodamente ricaricabile tramite una porta Type-C per un'accensione rapida ed efficiente. Grazie al flusso d'aria regolabile, \u00e8 possibile personalizzare facilmente l'erogazione in base al proprio stile di svapo. Inoltre, il display a LED integrato consente di monitorare facilmente le statistiche di svapo, mentre il design compatto garantisce la portabilit\u00e0.<\/p>\n<h2><strong><a href=\"https:\/\/www.facebook.com\/fred.luo.58\/\">WASPE<\/a> FX 30000 PUFFS BOX Disposable Vape Dettagli:<\/strong><\/h2>\n<ul>\n<li>Regolare: 30000 Bign\u00e8<\/li>\n<li>Impulso: 15000 soffi<\/li>\n<li>Bobina a doppia maglia: 1ohm+1ohm<\/li>\n<li>E-liquido: 28ml<\/li>\n<li>Nicotine:0%\/2%\/5%<\/li>\n<li>Batteria: 850mah<\/li>\n<li>Flusso d'aria regolabile<\/li>\n<li>Ricaricabile: Tipo-C<\/li>\n<li>Display a LED<\/li>\n<li>Dimensioni del prodotto: 61*31*115 mm<\/li>\n<\/ul>\n<h2><strong>Elenco dei sapori:<\/strong><\/h2>\n<ol>\n<li>Mango alla fragola<\/li>\n<li>Bacche miste<\/li>\n<li>Ghiaccio all'anguria<\/li>\n<li>Anguria alla fragola<\/li>\n<li>Red Bull alla fragola<\/li>\n<li>Kiwi Frutto della passione Guava<\/li>\n<li>Ghiaccio d'uva<\/li>\n<li>Ghiaccio doppio alla mela<\/li>\n<li>Mirtillo Lampone<\/li>\n<li>Anguria Mango Pesca<\/li>\n<li>Ghiaccio al mirtillo<\/li>\n<li>Bacca di pesca<\/li>\n<li>Kiwi alla fragola<\/li>\n<li>Ghiaccio alla ciliegia<\/li>\n<li>Fragola Lampone Ciliegia<\/li>\n<li>Anguria Bubblegum<\/li>\n<\/ol>\n<h2><strong>Elenco degli imballaggi:<\/strong><\/h2>\n<p>1 pz. ogni scatola singola<br \/>\n10 pezzi per scatola centrale<br \/>\nPeso del prodotto: 107g\/pz<br \/>\nQ.t\u00e0: 200 pezzi\/ctn,<br \/>\nDimensione del cartone: 650*330*240mm<br \/>\nPeso specifico: 23 kg<\/p>\n<figure id=\"attachment_20651\" aria-describedby=\"caption-attachment-20651\" style=\"width: 800px\" class=\"wp-caption alignnone\"><img loading=\"lazy\" decoding=\"async\" class=\"wp-image-20651 size-full\" title=\"all&#039;ingrosso WASPE FX 30000 PUFFS BOX Vape usa e getta 2\" src=\"https:\/\/www.vapeswholesaler.com\/wp-content\/uploads\/2024\/12\/Wholesale-WASPE-FX-30000-PUFFS-BOX-Disposable-Vape-2.webp\" alt=\"all&#039;ingrosso WASPE FX 30000 PUFFS BOX Vape usa e getta 2\" width=\"800\" height=\"800\" srcset=\"https:\/\/www.vapeswholesaler.com\/wp-content\/uploads\/2024\/12\/Wholesale-WASPE-FX-30000-PUFFS-BOX-Disposable-Vape-2.webp 800w, https:\/\/www.vapeswholesaler.com\/wp-content\/uploads\/2024\/12\/Wholesale-WASPE-FX-30000-PUFFS-BOX-Disposable-Vape-2-300x300.webp 300w, https:\/\/www.vapeswholesaler.com\/wp-content\/uploads\/2024\/12\/Wholesale-WASPE-FX-30000-PUFFS-BOX-Disposable-Vape-2-150x150.webp 150w, https:\/\/www.vapeswholesaler.com\/wp-content\/uploads\/2024\/12\/Wholesale-WASPE-FX-30000-PUFFS-BOX-Disposable-Vape-2-768x768.webp 768w, https:\/\/www.vapeswholesaler.com\/wp-content\/uploads\/2024\/12\/Wholesale-WASPE-FX-30000-PUFFS-BOX-Disposable-Vape-2-12x12.webp 12w, https:\/\/www.vapeswholesaler.com\/wp-content\/uploads\/2024\/12\/Wholesale-WASPE-FX-30000-PUFFS-BOX-Disposable-Vape-2-247x247.webp 247w, https:\/\/www.vapeswholesaler.com\/wp-content\/uploads\/2024\/12\/Wholesale-WASPE-FX-30000-PUFFS-BOX-Disposable-Vape-2-510x510.webp 510w, https:\/\/www.vapeswholesaler.com\/wp-content\/uploads\/2024\/12\/Wholesale-WASPE-FX-30000-PUFFS-BOX-Disposable-Vape-2-100x100.webp 100w\" sizes=\"auto, (max-width: 800px) 100vw, 800px\" \/><figcaption id=\"caption-attachment-20651\" class=\"wp-caption-text\">all'ingrosso WASPE FX 30000 PUFFS BOX Vape usa e getta<\/figcaption><\/figure>\n<figure id=\"attachment_20654\" aria-describedby=\"caption-attachment-20654\" style=\"width: 800px\" class=\"wp-caption alignnone\"><img loading=\"lazy\" decoding=\"async\" class=\"wp-image-20654 size-full\" title=\"all&#039;ingrosso WASPE FX 30000 PUFFS BOX Vape usa e getta 5\" src=\"https:\/\/www.vapeswholesaler.com\/wp-content\/uploads\/2024\/12\/Wholesale-WASPE-FX-30000-PUFFS-BOX-Disposable-Vape-5.webp\" alt=\"all&#039;ingrosso WASPE FX 30000 PUFFS BOX Vape usa e getta 5\" width=\"800\" height=\"776\" srcset=\"https:\/\/www.vapeswholesaler.com\/wp-content\/uploads\/2024\/12\/Wholesale-WASPE-FX-30000-PUFFS-BOX-Disposable-Vape-5.webp 800w, https:\/\/www.vapeswholesaler.com\/wp-content\/uploads\/2024\/12\/Wholesale-WASPE-FX-30000-PUFFS-BOX-Disposable-Vape-5-300x291.webp 300w, https:\/\/www.vapeswholesaler.com\/wp-content\/uploads\/2024\/12\/Wholesale-WASPE-FX-30000-PUFFS-BOX-Disposable-Vape-5-768x745.webp 768w, https:\/\/www.vapeswholesaler.com\/wp-content\/uploads\/2024\/12\/Wholesale-WASPE-FX-30000-PUFFS-BOX-Disposable-Vape-5-12x12.webp 12w, https:\/\/www.vapeswholesaler.com\/wp-content\/uploads\/2024\/12\/Wholesale-WASPE-FX-30000-PUFFS-BOX-Disposable-Vape-5-510x495.webp 510w\" sizes=\"auto, (max-width: 800px) 100vw, 800px\" \/><figcaption id=\"caption-attachment-20654\" class=\"wp-caption-text\">all'ingrosso WASPE FX 30000 PUFFS BOX Vape usa e getta<\/figcaption><\/figure>","protected":false},"excerpt":{"rendered":"<p>Quantit\u00e0 minima d'ordine:\u00a0<strong>50 pezzi <\/strong>(Gusti misti)<\/p>\n<p>\uff08 <strong>2%\uff0c5%<\/strong>\uff09<strong>Spedizione gratuita<\/strong><\/p>","protected":false},"featured_media":20650,"comment_status":"open","ping_status":"closed","template":"","meta":[],"product_cat":[15],"product_tag":[374,383],"class_list":{"0":"post-20649","1":"product","2":"type-product","3":"status-publish","4":"has-post-thumbnail","6":"product_cat-disposable-vape","7":"product_tag-30000-puffs","8":"product_tag-waspe","9":"product_brand-waspe","11":"first","12":"outofstock","13":"shipping-taxable","14":"purchasable","15":"product-type-variable","16":"has-default-attributes"},"aioseo_notices":[],"_links":{"self":[{"href":"https:\/\/www.vapeswholesaler.com\/it\/wp-json\/wp\/v2\/product\/20649","targetHints":{"allow":["GET"]}}],"collection":[{"href":"https:\/\/www.vapeswholesaler.com\/it\/wp-json\/wp\/v2\/product"}],"about":[{"href":"https:\/\/www.vapeswholesaler.com\/it\/wp-json\/wp\/v2\/types\/product"}],"replies":[{"embeddable":true,"href":"https:\/\/www.vapeswholesaler.com\/it\/wp-json\/wp\/v2\/comments?post=20649"}],"wp:featuredmedia":[{"embeddable":true,"href":"https:\/\/www.vapeswholesaler.com\/it\/wp-json\/wp\/v2\/media\/20650"}],"wp:attachment":[{"href":"https:\/\/www.vapeswholesaler.com\/it\/wp-json\/wp\/v2\/media?parent=20649"}],"wp:term":[{"taxonomy":"product_cat","embeddable":true,"href":"https:\/\/www.vapeswholesaler.com\/it\/wp-json\/wp\/v2\/product_cat?post=20649"},{"taxonomy":"product_tag","embeddable":true,"href":"https:\/\/www.vapeswholesaler.com\/it\/wp-json\/wp\/v2\/product_tag?post=20649"}],"curies":[{"name":"wp","href":"https:\/\/api.w.org\/{rel}","templated":true}]}}