{"id":20454,"date":"2024-11-25T16:21:53","date_gmt":"2024-11-25T08:21:53","guid":{"rendered":"https:\/\/www.vapeswholesaler.com\/?post_type=product&#038;p=20454"},"modified":"2025-03-14T11:37:33","modified_gmt":"2025-03-14T03:37:33","slug":"allingrosso-zooy-power-28000-puffs-disposbale-vape","status":"publish","type":"product","link":"https:\/\/www.vapeswholesaler.com\/it\/prodotto\/allingrosso-zooy-power-28000-puffs-disposbale-vape","title":{"rendered":"all'ingrosso ZOOY Power 28000 Puffs Disposbale Vape"},"content":{"rendered":"<p>ZOOY Power 28000 Puffs Disposbale Vape \u00e8 un dispositivo rivoluzionario progettato per i fumatori pi\u00f9 esigenti. \u00c8 dotato di uno schermo intelligente incorporato che presenta le informazioni essenziali in modo vivido. Grazie alla tecnologia di ricarica rapida TYPE-C, passerete meno tempo ad aspettare e pi\u00f9 tempo a svapare. Il controllo dell'alimentazione tramite touch screen e la funzione di commutazione libera offrono un funzionamento senza sforzo. Ma il vero fascino sta nelle sue impostazioni regolabili. \u00c8 possibile personalizzare l'esperienza di svapo in base alle proprie preferenze, sia che si desideri un tiro pi\u00f9 forte o un'erogazione pi\u00f9 fluida. Non si tratta di una semplice sigaretta elettronica, ma di un compagno di svapo personalizzato che offre convenienza e soddisfazione a ogni boccata.<\/p>\n<p>Con la sigaretta elettronica usa e getta ZOOY Power 28000 Puffs, un gadget creato per superare i limiti della tecnologia del vaping usa e getta, potrete iniziare la vostra straordinaria avventura di vaping. Grazie a una robusta batteria ricaricabile Type-C da 6500 mAh e a un'incredibile quantit\u00e0 di e-liquid precaricato da 32 ml, questa sigaretta elettronica offre un'ineguagliabile quantit\u00e0 di 28.000 puff per un fumo prolungato e piacevole.<\/p>\n<h2><strong><a href=\"https:\/\/www.vapeswholesaler.com\/it\/marca_prodotto\/zoo\/\">ZOOY<\/a> Potenza 28000 soffi Dettagli\uff1aPotenza 28000 soffi<\/strong><\/h2>\n<ul>\n<li>Soffio: Fino a 25000 soffi<\/li>\n<li>Nicotina:2% 5% Nicotina<\/li>\n<li>ECO: 28.000 soffi, Stivale: 14.000 soffi<\/li>\n<li>Liquido: 32 mL pre-riempito<\/li>\n<li>Batteria: 650mAh Porta ricaricabile di tipo C<\/li>\n<li>Nichel cromo a doppia maglia<\/li>\n<li>Nucleo: Bobina a rete 1,0 \u03a9 + 1,0 \u03a9<\/li>\n<li>Flusso d'aria regolabile<\/li>\n<li>Schermo curvo<\/li>\n<li>Schermo animato<\/li>\n<\/ul>\n<h2><strong>Aromi:<\/strong><\/h2>\n<ol>\n<li>Mirtillo Lampone<\/li>\n<li>Mirtillo<\/li>\n<li>Ghiaccio d'uva<\/li>\n<li>Mango messicano<\/li>\n<li>Frutta mista<\/li>\n<li>Frutto della passione<\/li>\n<li>Fragola Kiwi<\/li>\n<li>Punch alla fragola<\/li>\n<li>Gelato alla vaniglia<\/li>\n<li>Ghiaccio all'anguria<\/li>\n<\/ol>\n<h2><strong>Elenco degli imballaggi:<\/strong><\/h2>\n<p>1pz ciascuno Scatola piccola<br \/>\n10 pezzi ciascuno Scatola di cartone<br \/>\n200 pezzi per cartone<\/p>\n<figure id=\"attachment_20520\" aria-describedby=\"caption-attachment-20520\" style=\"width: 800px\" class=\"wp-caption alignnone\"><img loading=\"lazy\" decoding=\"async\" class=\"wp-image-20520 size-full\" title=\"all&#039;ingrosso ZOOY Power 28000 Puffs Disposbale Vape 2\" src=\"https:\/\/www.vapeswholesaler.com\/wp-content\/uploads\/2024\/11\/Wholesale-ZOOY-Power-28000-Puffs-Disposbale-Vape-2.webp\" alt=\"all&#039;ingrosso ZOOY Power 28000 Puffs Disposbale Vape 2\" width=\"800\" height=\"800\" srcset=\"https:\/\/www.vapeswholesaler.com\/wp-content\/uploads\/2024\/11\/Wholesale-ZOOY-Power-28000-Puffs-Disposbale-Vape-2.webp 800w, https:\/\/www.vapeswholesaler.com\/wp-content\/uploads\/2024\/11\/Wholesale-ZOOY-Power-28000-Puffs-Disposbale-Vape-2-300x300.webp 300w, https:\/\/www.vapeswholesaler.com\/wp-content\/uploads\/2024\/11\/Wholesale-ZOOY-Power-28000-Puffs-Disposbale-Vape-2-150x150.webp 150w, https:\/\/www.vapeswholesaler.com\/wp-content\/uploads\/2024\/11\/Wholesale-ZOOY-Power-28000-Puffs-Disposbale-Vape-2-768x768.webp 768w, https:\/\/www.vapeswholesaler.com\/wp-content\/uploads\/2024\/11\/Wholesale-ZOOY-Power-28000-Puffs-Disposbale-Vape-2-12x12.webp 12w, https:\/\/www.vapeswholesaler.com\/wp-content\/uploads\/2024\/11\/Wholesale-ZOOY-Power-28000-Puffs-Disposbale-Vape-2-247x247.webp 247w, https:\/\/www.vapeswholesaler.com\/wp-content\/uploads\/2024\/11\/Wholesale-ZOOY-Power-28000-Puffs-Disposbale-Vape-2-510x510.webp 510w, https:\/\/www.vapeswholesaler.com\/wp-content\/uploads\/2024\/11\/Wholesale-ZOOY-Power-28000-Puffs-Disposbale-Vape-2-100x100.webp 100w\" sizes=\"auto, (max-width: 800px) 100vw, 800px\" \/><figcaption id=\"caption-attachment-20520\" class=\"wp-caption-text\">all'ingrosso ZOOY Power 28000 Puffs Disposbale Vape<\/figcaption><\/figure>\n<figure id=\"attachment_20521\" aria-describedby=\"caption-attachment-20521\" style=\"width: 800px\" class=\"wp-caption alignnone\"><img loading=\"lazy\" decoding=\"async\" class=\"wp-image-20521 size-full\" title=\"all&#039;ingrosso ZOOY Power 28000 Puffs Disposbale Vape 3\" src=\"https:\/\/www.vapeswholesaler.com\/wp-content\/uploads\/2024\/11\/Wholesale-ZOOY-Power-28000-Puffs-Disposbale-Vape-3.webp\" alt=\"all&#039;ingrosso ZOOY Power 28000 Puffs Disposbale Vape 3\" width=\"800\" height=\"800\" srcset=\"https:\/\/www.vapeswholesaler.com\/wp-content\/uploads\/2024\/11\/Wholesale-ZOOY-Power-28000-Puffs-Disposbale-Vape-3.webp 800w, https:\/\/www.vapeswholesaler.com\/wp-content\/uploads\/2024\/11\/Wholesale-ZOOY-Power-28000-Puffs-Disposbale-Vape-3-300x300.webp 300w, https:\/\/www.vapeswholesaler.com\/wp-content\/uploads\/2024\/11\/Wholesale-ZOOY-Power-28000-Puffs-Disposbale-Vape-3-150x150.webp 150w, https:\/\/www.vapeswholesaler.com\/wp-content\/uploads\/2024\/11\/Wholesale-ZOOY-Power-28000-Puffs-Disposbale-Vape-3-768x768.webp 768w, https:\/\/www.vapeswholesaler.com\/wp-content\/uploads\/2024\/11\/Wholesale-ZOOY-Power-28000-Puffs-Disposbale-Vape-3-12x12.webp 12w, https:\/\/www.vapeswholesaler.com\/wp-content\/uploads\/2024\/11\/Wholesale-ZOOY-Power-28000-Puffs-Disposbale-Vape-3-247x247.webp 247w, https:\/\/www.vapeswholesaler.com\/wp-content\/uploads\/2024\/11\/Wholesale-ZOOY-Power-28000-Puffs-Disposbale-Vape-3-510x510.webp 510w, https:\/\/www.vapeswholesaler.com\/wp-content\/uploads\/2024\/11\/Wholesale-ZOOY-Power-28000-Puffs-Disposbale-Vape-3-100x100.webp 100w\" sizes=\"auto, (max-width: 800px) 100vw, 800px\" \/><figcaption id=\"caption-attachment-20521\" class=\"wp-caption-text\">all'ingrosso ZOOY Power 28000 Puffs Disposbale Vape<\/figcaption><\/figure>\n<p>&nbsp;<\/p>\n<p>&nbsp;<\/p>\n<p>&nbsp;<\/p>\n<p>&nbsp;<\/p>","protected":false},"excerpt":{"rendered":"<p>Quantit\u00e0 minima d'ordine:\u00a0<strong>50 PCS<\/strong>\u00a0(Gusti misti)\u00a0\u00a0<strong>Spedizione gratuita<\/strong><\/p>\n<p>(<strong>2%, 5% Nic<\/strong>) Tempo di spedizione del magazzino UE 5-6 giorni lavorativi<\/p>","protected":false},"featured_media":20523,"comment_status":"open","ping_status":"closed","template":"","meta":[],"product_cat":[15],"product_tag":[183,371,373],"class_list":{"0":"post-20454","1":"product","2":"type-product","3":"status-publish","4":"has-post-thumbnail","6":"product_cat-disposable-vape","7":"product_tag-28000-puffs","8":"product_tag-zooy","9":"product_tag-europe-warehouse","10":"product_brand-zooy","12":"first","13":"instock","14":"shipping-taxable","15":"purchasable","16":"product-type-variable","17":"has-default-attributes"},"aioseo_notices":[],"_links":{"self":[{"href":"https:\/\/www.vapeswholesaler.com\/it\/wp-json\/wp\/v2\/product\/20454","targetHints":{"allow":["GET"]}}],"collection":[{"href":"https:\/\/www.vapeswholesaler.com\/it\/wp-json\/wp\/v2\/product"}],"about":[{"href":"https:\/\/www.vapeswholesaler.com\/it\/wp-json\/wp\/v2\/types\/product"}],"replies":[{"embeddable":true,"href":"https:\/\/www.vapeswholesaler.com\/it\/wp-json\/wp\/v2\/comments?post=20454"}],"wp:featuredmedia":[{"embeddable":true,"href":"https:\/\/www.vapeswholesaler.com\/it\/wp-json\/wp\/v2\/media\/20523"}],"wp:attachment":[{"href":"https:\/\/www.vapeswholesaler.com\/it\/wp-json\/wp\/v2\/media?parent=20454"}],"wp:term":[{"taxonomy":"product_cat","embeddable":true,"href":"https:\/\/www.vapeswholesaler.com\/it\/wp-json\/wp\/v2\/product_cat?post=20454"},{"taxonomy":"product_tag","embeddable":true,"href":"https:\/\/www.vapeswholesaler.com\/it\/wp-json\/wp\/v2\/product_tag?post=20454"}],"curies":[{"name":"wp","href":"https:\/\/api.w.org\/{rel}","templated":true}]}}