{"id":20308,"date":"2024-11-16T12:53:49","date_gmt":"2024-11-16T04:53:49","guid":{"rendered":"https:\/\/www.vapeswholesaler.com\/?post_type=product&#038;p=20308"},"modified":"2025-02-21T17:37:26","modified_gmt":"2025-02-21T09:37:26","slug":"allingrosso-uwin-crystal-10000-puff-monouso-vape","status":"publish","type":"product","link":"https:\/\/www.vapeswholesaler.com\/it\/prodotto\/allingrosso-uwin-crystal-10000-puff-monouso-vape","title":{"rendered":"all'ingrosso Uwin Crystal 10000 Puffs usa e getta Vape"},"content":{"rendered":"<p>Uwin Crystal 10000 Puffs \u00e8 un prodotto che cambia le carte in tavola, offrendo ben 10.000 boccate per dispositivo. \u00c8 dotato di una batteria ricaricabile da 650 mAh che garantisce un uso prolungato senza il fastidio di doverla ricaricare continuamente. Grazie alla porta di ricarica di tipo C, \u00e8 possibile ricaricare rapidamente il dispositivo e continuare a godere di un'esperienza di svapo senza problemi. La svapata ha una capacit\u00e0 di 18 ml di e-liquid, che riduce significativamente la necessit\u00e0 di ricaricare il dispositivo, rendendolo ideale per i vapers che sono sempre in movimento.<\/p>\n<p>La Uwin Crystal 10000 Puffs si distingue per la tecnologia della bobina a maglia da 0,8 ohm, che migliora sia il sapore che la produzione di vapore. Sia che si preferisca l'intensit\u00e0 di nicotina 0%, 2%, 3% o 5%, questa penna da svapo soddisfa le diverse preferenze, consentendo agli utenti di personalizzare la propria esperienza. Le sue vivaci luci RGB aggiungono un tocco di modernit\u00e0, rendendola visivamente accattivante mentre si svapa. Questo prodotto \u00e8 leggero, portatile e costruito per durare nel tempo, ed \u00e8 quindi uno dei preferiti dai vapers che cercano stile e convenienza.<\/p>\n<p>Uwin Crystal 10000 Puffs offre una serie di caratteristiche avanzate che lo distinguono dagli altri vapers usa e getta presenti sul mercato. La sua capacit\u00e0 di 18 ml di e-liquid garantisce sessioni di svapo prolungate, mentre la batteria ricaricabile da 650 mAh consente utilizzi multipli senza bisogno di frequenti sostituzioni. La bobina a rete da 0,8 ohm \u00e8 progettata per massimizzare l'intensit\u00e0 del sapore e la produzione di vapore, offrendo un'esperienza di svapo di qualit\u00e0 superiore che soddisfa a ogni boccata.<\/p>\n<h2><strong><a href=\"https:\/\/www.vapeswholesaler.com\/it\/marca_prodotto\/uwin\/\">Uwin<\/a> Crystal 10000 Puffs Caratteristiche:<\/strong><\/h2>\n<ul>\n<li>0% 2% 3% 5% Nicotina<\/li>\n<li>Puffs:10000Capacity:18ml<\/li>\n<li>15 gusti disponibili<\/li>\n<li>650 mAh Ricaricabile al cobalto di tipo C<\/li>\n<li>Bobina: bobina a rete da 0,8 ohm<\/li>\n<li>LUCI RGB<\/li>\n<\/ul>\n<h2><strong>Uwin Crystal 10000 Puffs Gusti:<\/strong><\/h2>\n<ol>\n<li>Mirtillo Lampone<\/li>\n<li>Ghiaccio d'uva<\/li>\n<li>Anguria alla fragola<\/li>\n<li>Mirtillo su ghiaccio<\/li>\n<li>Ghiaccio all'anguria<\/li>\n<li>Ghiaccio alla ciliegia<\/li>\n<li>Fragola Lampone Ciliegia<\/li>\n<li>Kiwi Frutto della passione Guava<\/li>\n<li>Ghiaccio alla fragola<\/li>\n<li>Ghiaccio alla pesca<\/li>\n<li>Fragola Kiwi<\/li>\n<li>Bacca di pesca<\/li>\n<li>Ciliegia Cola<\/li>\n<li>Bacche miste<\/li>\n<li>Mr. Blue<\/li>\n<\/ol>\n<h2><strong>Elenco degli imballaggi:<\/strong><\/h2>\n<p>10 pezzi \/Box<br \/>\n200 pezzi \/Cartone<br \/>\nOgni cartone: 17,3 kg<br \/>\nDimensione del cartone: 36.5*36.7*31.5 CM<\/p>\n<p><img loading=\"lazy\" decoding=\"async\" class=\"alignnone wp-image-20291 size-full\" title=\"all&#039;ingrosso Uwin crystal 10000 Puffs usa e getta Vape 5\" src=\"https:\/\/www.vapeswholesaler.com\/wp-content\/uploads\/2024\/11\/Wholesale-Uwin-crystal-10000-Puffs-Disposable-Vape-5.webp\" alt=\"all&#039;ingrosso Uwin crystal 10000 Puffs usa e getta Vape 5\" width=\"800\" height=\"1418\" srcset=\"https:\/\/www.vapeswholesaler.com\/wp-content\/uploads\/2024\/11\/Wholesale-Uwin-crystal-10000-Puffs-Disposable-Vape-5.webp 800w, https:\/\/www.vapeswholesaler.com\/wp-content\/uploads\/2024\/11\/Wholesale-Uwin-crystal-10000-Puffs-Disposable-Vape-5-169x300.webp 169w, https:\/\/www.vapeswholesaler.com\/wp-content\/uploads\/2024\/11\/Wholesale-Uwin-crystal-10000-Puffs-Disposable-Vape-5-578x1024.webp 578w, https:\/\/www.vapeswholesaler.com\/wp-content\/uploads\/2024\/11\/Wholesale-Uwin-crystal-10000-Puffs-Disposable-Vape-5-768x1361.webp 768w, https:\/\/www.vapeswholesaler.com\/wp-content\/uploads\/2024\/11\/Wholesale-Uwin-crystal-10000-Puffs-Disposable-Vape-5-7x12.webp 7w, https:\/\/www.vapeswholesaler.com\/wp-content\/uploads\/2024\/11\/Wholesale-Uwin-crystal-10000-Puffs-Disposable-Vape-5-510x904.webp 510w\" sizes=\"auto, (max-width: 800px) 100vw, 800px\" \/> <img loading=\"lazy\" decoding=\"async\" class=\"alignnone wp-image-20290 size-full\" title=\"all&#039;ingrosso Uwin crystal 10000 Puffs usa e getta Vape 4\" src=\"https:\/\/www.vapeswholesaler.com\/wp-content\/uploads\/2024\/11\/Wholesale-Uwin-crystal-10000-Puffs-Disposable-Vape-4.webp\" alt=\"all&#039;ingrosso Uwin crystal 10000 Puffs usa e getta Vape 4\" width=\"800\" height=\"1274\" srcset=\"https:\/\/www.vapeswholesaler.com\/wp-content\/uploads\/2024\/11\/Wholesale-Uwin-crystal-10000-Puffs-Disposable-Vape-4.webp 800w, https:\/\/www.vapeswholesaler.com\/wp-content\/uploads\/2024\/11\/Wholesale-Uwin-crystal-10000-Puffs-Disposable-Vape-4-188x300.webp 188w, https:\/\/www.vapeswholesaler.com\/wp-content\/uploads\/2024\/11\/Wholesale-Uwin-crystal-10000-Puffs-Disposable-Vape-4-643x1024.webp 643w, https:\/\/www.vapeswholesaler.com\/wp-content\/uploads\/2024\/11\/Wholesale-Uwin-crystal-10000-Puffs-Disposable-Vape-4-768x1223.webp 768w, https:\/\/www.vapeswholesaler.com\/wp-content\/uploads\/2024\/11\/Wholesale-Uwin-crystal-10000-Puffs-Disposable-Vape-4-8x12.webp 8w, https:\/\/www.vapeswholesaler.com\/wp-content\/uploads\/2024\/11\/Wholesale-Uwin-crystal-10000-Puffs-Disposable-Vape-4-510x812.webp 510w\" sizes=\"auto, (max-width: 800px) 100vw, 800px\" \/> <img loading=\"lazy\" decoding=\"async\" class=\"alignnone wp-image-20289 size-full\" title=\"all&#039;ingrosso Uwin crystal 10000 Puffs usa e getta Vape 3\" src=\"https:\/\/www.vapeswholesaler.com\/wp-content\/uploads\/2024\/11\/Wholesale-Uwin-crystal-10000-Puffs-Disposable-Vape-3.webp\" alt=\"all&#039;ingrosso Uwin crystal 10000 Puffs usa e getta Vape 3\" width=\"800\" height=\"800\" srcset=\"https:\/\/www.vapeswholesaler.com\/wp-content\/uploads\/2024\/11\/Wholesale-Uwin-crystal-10000-Puffs-Disposable-Vape-3.webp 800w, https:\/\/www.vapeswholesaler.com\/wp-content\/uploads\/2024\/11\/Wholesale-Uwin-crystal-10000-Puffs-Disposable-Vape-3-300x300.webp 300w, https:\/\/www.vapeswholesaler.com\/wp-content\/uploads\/2024\/11\/Wholesale-Uwin-crystal-10000-Puffs-Disposable-Vape-3-150x150.webp 150w, https:\/\/www.vapeswholesaler.com\/wp-content\/uploads\/2024\/11\/Wholesale-Uwin-crystal-10000-Puffs-Disposable-Vape-3-768x768.webp 768w, https:\/\/www.vapeswholesaler.com\/wp-content\/uploads\/2024\/11\/Wholesale-Uwin-crystal-10000-Puffs-Disposable-Vape-3-12x12.webp 12w, https:\/\/www.vapeswholesaler.com\/wp-content\/uploads\/2024\/11\/Wholesale-Uwin-crystal-10000-Puffs-Disposable-Vape-3-247x247.webp 247w, https:\/\/www.vapeswholesaler.com\/wp-content\/uploads\/2024\/11\/Wholesale-Uwin-crystal-10000-Puffs-Disposable-Vape-3-510x510.webp 510w, https:\/\/www.vapeswholesaler.com\/wp-content\/uploads\/2024\/11\/Wholesale-Uwin-crystal-10000-Puffs-Disposable-Vape-3-100x100.webp 100w\" sizes=\"auto, (max-width: 800px) 100vw, 800px\" \/><\/p>\n<p>&nbsp;<\/p>","protected":false},"excerpt":{"rendered":"<p>Quantit\u00e0 minima d'ordine:\u00a0<strong>50 PCS<\/strong>\u00a0(Gusti misti)\u00a0\u00a0<strong>Spedizione gratuita<\/strong><\/p>\n<p>(<strong>2%, 5% Nic<\/strong>)<\/p>","protected":false},"featured_media":20926,"comment_status":"open","ping_status":"closed","template":"","meta":[],"product_cat":[15],"product_tag":[216,211,212,213,214,215],"class_list":{"0":"post-20308","1":"product","2":"type-product","3":"status-publish","4":"has-post-thumbnail","6":"product_cat-disposable-vape","7":"product_tag-buy-uwin-10000","8":"product_tag-uwin-crystal-10000","9":"product_tag-uwin-crystal-10000-puffs","10":"product_tag-uwin-10000-puffs","11":"product_tag-uwin-crystal-10000-ecigs","12":"product_tag-wholesale-uwin-crystal-10000","13":"product_brand-uwin","15":"first","16":"instock","17":"shipping-taxable","18":"purchasable","19":"product-type-variable","20":"has-default-attributes"},"aioseo_notices":[],"_links":{"self":[{"href":"https:\/\/www.vapeswholesaler.com\/it\/wp-json\/wp\/v2\/product\/20308","targetHints":{"allow":["GET"]}}],"collection":[{"href":"https:\/\/www.vapeswholesaler.com\/it\/wp-json\/wp\/v2\/product"}],"about":[{"href":"https:\/\/www.vapeswholesaler.com\/it\/wp-json\/wp\/v2\/types\/product"}],"replies":[{"embeddable":true,"href":"https:\/\/www.vapeswholesaler.com\/it\/wp-json\/wp\/v2\/comments?post=20308"}],"wp:featuredmedia":[{"embeddable":true,"href":"https:\/\/www.vapeswholesaler.com\/it\/wp-json\/wp\/v2\/media\/20926"}],"wp:attachment":[{"href":"https:\/\/www.vapeswholesaler.com\/it\/wp-json\/wp\/v2\/media?parent=20308"}],"wp:term":[{"taxonomy":"product_cat","embeddable":true,"href":"https:\/\/www.vapeswholesaler.com\/it\/wp-json\/wp\/v2\/product_cat?post=20308"},{"taxonomy":"product_tag","embeddable":true,"href":"https:\/\/www.vapeswholesaler.com\/it\/wp-json\/wp\/v2\/product_tag?post=20308"}],"curies":[{"name":"wp","href":"https:\/\/api.w.org\/{rel}","templated":true}]}}