{"id":20185,"date":"2024-11-10T12:59:57","date_gmt":"2024-11-10T04:59:57","guid":{"rendered":"https:\/\/www.vapeswholesaler.com\/?post_type=product&#038;p=20185"},"modified":"2025-02-23T16:17:57","modified_gmt":"2025-02-23T08:17:57","slug":"allingrosso-maskking-vimaxi-20000-puff-monouso-vape","status":"publish","type":"product","link":"https:\/\/www.vapeswholesaler.com\/it\/prodotto\/allingrosso-maskking-vimaxi-20000-puff-monouso-vape","title":{"rendered":"all'ingrosso Maskking Vimaxi 20000 soffi monouso Vape"},"content":{"rendered":"<p><a href=\"https:\/\/www.vapeswholesaler.com\/it\/marca_prodotto\/mascheratura\/\">Maskking<\/a> VIMAXI 20000 Puffs \u00e8 un dispositivo di svapo all'avanguardia che migliora la vostra esperienza visiva e ridefinisce il piacere del vaping. Combinando un coinvolgente display a tutto schermo con un'incredibile quantit\u00e0 di 20.000 puff, questo dispositivo stabilisce un nuovo standard nel mercato, offrendo sia convenienza che piacere.<\/p>\n<h2><strong>Super schermo intero: Massimizzare l'esperienza visiva:<\/strong><\/h2>\n<p>Il display a tutto schermo di Maskking VIMAXI 20000 Puffs offre una visualizzazione ad alta risoluzione dei dati in tempo reale sul tempo di svapo, sulla modalit\u00e0 di svapo, sulla durata della batteria e sul volume dell'e-liquid. Questa interfaccia intuitiva migliora la navigazione e il controllo, unendo design elegante e funzionalit\u00e0. Godetevi un'esperienza di vaping moderna e coinvolgente con informazioni chiare e accessibili a colpo d'occhio.<\/p>\n<h2><strong>Grandi bign\u00e8: L'esperienza definitiva di 20.000 bign\u00e8:<\/strong><\/h2>\n<p>Con un'impressionante durata di 20.000 boccate, Maskking VIMAXI 20000 Puffs assicura un lungo periodo di puro godimento. Ogni boccata \u00e8 meticolosamente realizzata per immergervi in un mondo di sapori e piaceri ineguagliabili, permettendovi di assaporare questa esperienza eccezionale per un periodo di tempo considerevole. Godetevi il piacere di svapare a vostro piacimento senza frequenti interruzioni.<\/p>\n<h2><strong>Interruttore del flusso d'aria: Selezione ottimale del flusso d'aria:<\/strong><\/h2>\n<p>La regolazione del flusso d'aria situata nella parte inferiore del Maskking VIMAXI 20000 consente di scegliere il flusso d'aria pi\u00f9 confortevole per le proprie preferenze. Questa funzione premurosa assicura un'esperienza di svapo personalizzata e piacevole, adattata esattamente al vostro comfort.<\/p>\n<p>Dotato di bobine a doppia maglia, Maskking VIMAXI 20000 Puffs offre un gusto costante e puro ad ogni boccata. Le bobine a doppia maglia funzionano alternativamente in modalit\u00e0 normale per un gusto omogeneo, mentre in modalit\u00e0 turbo funzionano simultaneamente per esaltare il sapore e fornire un colpo in gola pi\u00f9 forte dalla prima all'ultima boccata. Questa tecnologia innovativa aumenta l'area di contatto tra il liquido e la coil, offrendo un gusto e una soddisfazione senza pari.<\/p>\n<p>In conclusione, Maskking VIMAXI 20000 Puffs \u00e8 una svapata rivoluzionaria che combina lo splendore visivo con la straordinaria capacit\u00e0 di 20.000 puff. Il suo display a tutto schermo, il flusso d'aria regolabile, le doppie modalit\u00e0 di svapo e la doppia coil a mesh lo rendono la scelta perfetta per i vapers che cercano un'esperienza affidabile e piacevole. Scegliete la VIMAXI e portate il vostro viaggio nel vaping a nuovi livelli.<\/p>\n<h2><strong>Maskking VIMAXI 20000 Puffs Caratteristiche:<\/strong><\/h2>\n<ul>\n<li>Bign\u00e8: 20000<\/li>\n<li>Capacit\u00e0 della batteria: 600 mAh (Tipo-C)<\/li>\n<li>Modalit\u00e0: Turbo e Norm<\/li>\n<li>Nicotina: 2% e 5%<\/li>\n<li>Resistenza: 1,2\u03a9<\/li>\n<li>Dimensioni: 51 x 27 x 91,76 mm<\/li>\n<li>Peso: 78 g<\/li>\n<\/ul>\n<h2><strong>Maskking VIMAXI 20000 Puffs Gusti:<\/strong><\/h2>\n<ol>\n<li>Orso gommoso bianco<\/li>\n<li>Ghiaccio alla fragola<\/li>\n<li>Ribes nero<\/li>\n<li>Razz blu<\/li>\n<li>Menta fresca<\/li>\n<li>Mela verde<\/li>\n<li>Fragola e banana<\/li>\n<li>Mela Pesca<\/li>\n<li>Fragola litchi<\/li>\n<li>Mango alla fragola<\/li>\n<li>Ghiaccio d'uva<\/li>\n<li>Limonata alla fragola e menta<\/li>\n<li>Melone alla menta<\/li>\n<li>Anguria al kiwi<\/li>\n<li>Mango e ananas<\/li>\n<li>Bacca di pesca<\/li>\n<\/ol>\n<h2><strong>Elenco degli imballaggi:<\/strong><\/h2>\n<p>1 pz. ogni scatola singola<br \/>\n10 pezzi ciascuno Scatola di cartone<br \/>\n200 pezzi per cartone<\/p>\n<p><img loading=\"lazy\" decoding=\"async\" class=\"alignnone wp-image-20160 size-full\" title=\"all&#039;ingrosso Maskking Vimaxi 20000 Puffs usa e getta Vape 1\" src=\"https:\/\/www.vapeswholesaler.com\/wp-content\/uploads\/2024\/11\/Wholesale-Maskking-Vimaxi-20000-Puffs-Disposable-Vape-1.webp\" alt=\"all&#039;ingrosso Maskking Vimaxi 20000 Puffs usa e getta Vape 1\" width=\"800\" height=\"450\" srcset=\"https:\/\/www.vapeswholesaler.com\/wp-content\/uploads\/2024\/11\/Wholesale-Maskking-Vimaxi-20000-Puffs-Disposable-Vape-1.webp 800w, https:\/\/www.vapeswholesaler.com\/wp-content\/uploads\/2024\/11\/Wholesale-Maskking-Vimaxi-20000-Puffs-Disposable-Vape-1-300x169.webp 300w, https:\/\/www.vapeswholesaler.com\/wp-content\/uploads\/2024\/11\/Wholesale-Maskking-Vimaxi-20000-Puffs-Disposable-Vape-1-768x432.webp 768w, https:\/\/www.vapeswholesaler.com\/wp-content\/uploads\/2024\/11\/Wholesale-Maskking-Vimaxi-20000-Puffs-Disposable-Vape-1-18x10.webp 18w, https:\/\/www.vapeswholesaler.com\/wp-content\/uploads\/2024\/11\/Wholesale-Maskking-Vimaxi-20000-Puffs-Disposable-Vape-1-510x287.webp 510w\" sizes=\"auto, (max-width: 800px) 100vw, 800px\" \/> <img loading=\"lazy\" decoding=\"async\" class=\"alignnone wp-image-20161 size-full\" title=\"all&#039;ingrosso Maskking Vimaxi 20000 Puffs usa e getta Vape 2\" src=\"https:\/\/www.vapeswholesaler.com\/wp-content\/uploads\/2024\/11\/Wholesale-Maskking-Vimaxi-20000-Puffs-Disposable-Vape-2.webp\" alt=\"all&#039;ingrosso Maskking Vimaxi 20000 Puffs usa e getta Vape 2\" width=\"800\" height=\"165\" srcset=\"https:\/\/www.vapeswholesaler.com\/wp-content\/uploads\/2024\/11\/Wholesale-Maskking-Vimaxi-20000-Puffs-Disposable-Vape-2.webp 800w, https:\/\/www.vapeswholesaler.com\/wp-content\/uploads\/2024\/11\/Wholesale-Maskking-Vimaxi-20000-Puffs-Disposable-Vape-2-300x62.webp 300w, https:\/\/www.vapeswholesaler.com\/wp-content\/uploads\/2024\/11\/Wholesale-Maskking-Vimaxi-20000-Puffs-Disposable-Vape-2-768x158.webp 768w, https:\/\/www.vapeswholesaler.com\/wp-content\/uploads\/2024\/11\/Wholesale-Maskking-Vimaxi-20000-Puffs-Disposable-Vape-2-18x4.webp 18w, https:\/\/www.vapeswholesaler.com\/wp-content\/uploads\/2024\/11\/Wholesale-Maskking-Vimaxi-20000-Puffs-Disposable-Vape-2-510x105.webp 510w\" sizes=\"auto, (max-width: 800px) 100vw, 800px\" \/> <img loading=\"lazy\" decoding=\"async\" class=\"alignnone wp-image-20162 size-full\" title=\"all&#039;ingrosso Maskking Vimaxi 20000 Puffs usa e getta Vape 3\" src=\"https:\/\/www.vapeswholesaler.com\/wp-content\/uploads\/2024\/11\/Wholesale-Maskking-Vimaxi-20000-Puffs-Disposable-Vape-3.webp\" alt=\"all&#039;ingrosso Maskking Vimaxi 20000 Puffs usa e getta Vape 3\" width=\"800\" height=\"383\" srcset=\"https:\/\/www.vapeswholesaler.com\/wp-content\/uploads\/2024\/11\/Wholesale-Maskking-Vimaxi-20000-Puffs-Disposable-Vape-3.webp 800w, https:\/\/www.vapeswholesaler.com\/wp-content\/uploads\/2024\/11\/Wholesale-Maskking-Vimaxi-20000-Puffs-Disposable-Vape-3-300x144.webp 300w, https:\/\/www.vapeswholesaler.com\/wp-content\/uploads\/2024\/11\/Wholesale-Maskking-Vimaxi-20000-Puffs-Disposable-Vape-3-768x368.webp 768w, https:\/\/www.vapeswholesaler.com\/wp-content\/uploads\/2024\/11\/Wholesale-Maskking-Vimaxi-20000-Puffs-Disposable-Vape-3-18x9.webp 18w, https:\/\/www.vapeswholesaler.com\/wp-content\/uploads\/2024\/11\/Wholesale-Maskking-Vimaxi-20000-Puffs-Disposable-Vape-3-510x244.webp 510w\" sizes=\"auto, (max-width: 800px) 100vw, 800px\" \/> <img loading=\"lazy\" decoding=\"async\" class=\"alignnone wp-image-20163 size-full\" title=\"all&#039;ingrosso Maskking Vimaxi 20000 Puffs usa e getta Vape 4\" src=\"https:\/\/www.vapeswholesaler.com\/wp-content\/uploads\/2024\/11\/Wholesale-Maskking-Vimaxi-20000-Puffs-Disposable-Vape-4.webp\" alt=\"all&#039;ingrosso Maskking Vimaxi 20000 Puffs usa e getta Vape 4\" width=\"800\" height=\"383\" srcset=\"https:\/\/www.vapeswholesaler.com\/wp-content\/uploads\/2024\/11\/Wholesale-Maskking-Vimaxi-20000-Puffs-Disposable-Vape-4.webp 800w, https:\/\/www.vapeswholesaler.com\/wp-content\/uploads\/2024\/11\/Wholesale-Maskking-Vimaxi-20000-Puffs-Disposable-Vape-4-300x144.webp 300w, https:\/\/www.vapeswholesaler.com\/wp-content\/uploads\/2024\/11\/Wholesale-Maskking-Vimaxi-20000-Puffs-Disposable-Vape-4-768x368.webp 768w, https:\/\/www.vapeswholesaler.com\/wp-content\/uploads\/2024\/11\/Wholesale-Maskking-Vimaxi-20000-Puffs-Disposable-Vape-4-18x9.webp 18w, https:\/\/www.vapeswholesaler.com\/wp-content\/uploads\/2024\/11\/Wholesale-Maskking-Vimaxi-20000-Puffs-Disposable-Vape-4-510x244.webp 510w\" sizes=\"auto, (max-width: 800px) 100vw, 800px\" \/> <img loading=\"lazy\" decoding=\"async\" class=\"alignnone wp-image-20164 size-full\" title=\"all&#039;ingrosso Maskking Vimaxi 20000 Puffs usa e getta Vape 5\" src=\"https:\/\/www.vapeswholesaler.com\/wp-content\/uploads\/2024\/11\/Wholesale-Maskking-Vimaxi-20000-Puffs-Disposable-Vape-5.webp\" alt=\"all&#039;ingrosso Maskking Vimaxi 20000 Puffs usa e getta Vape 5\" width=\"800\" height=\"383\" srcset=\"https:\/\/www.vapeswholesaler.com\/wp-content\/uploads\/2024\/11\/Wholesale-Maskking-Vimaxi-20000-Puffs-Disposable-Vape-5.webp 800w, https:\/\/www.vapeswholesaler.com\/wp-content\/uploads\/2024\/11\/Wholesale-Maskking-Vimaxi-20000-Puffs-Disposable-Vape-5-300x144.webp 300w, https:\/\/www.vapeswholesaler.com\/wp-content\/uploads\/2024\/11\/Wholesale-Maskking-Vimaxi-20000-Puffs-Disposable-Vape-5-768x368.webp 768w, https:\/\/www.vapeswholesaler.com\/wp-content\/uploads\/2024\/11\/Wholesale-Maskking-Vimaxi-20000-Puffs-Disposable-Vape-5-18x9.webp 18w, https:\/\/www.vapeswholesaler.com\/wp-content\/uploads\/2024\/11\/Wholesale-Maskking-Vimaxi-20000-Puffs-Disposable-Vape-5-510x244.webp 510w\" sizes=\"auto, (max-width: 800px) 100vw, 800px\" \/> <img loading=\"lazy\" decoding=\"async\" class=\"alignnone wp-image-20165 size-full\" title=\"all&#039;ingrosso Maskking Vimaxi 20000 Puffs usa e getta Vape 6\" src=\"https:\/\/www.vapeswholesaler.com\/wp-content\/uploads\/2024\/11\/Wholesale-Maskking-Vimaxi-20000-Puffs-Disposable-Vape-6.webp\" alt=\"all&#039;ingrosso Maskking Vimaxi 20000 Puffs usa e getta Vape 6\" width=\"800\" height=\"384\" srcset=\"https:\/\/www.vapeswholesaler.com\/wp-content\/uploads\/2024\/11\/Wholesale-Maskking-Vimaxi-20000-Puffs-Disposable-Vape-6.webp 800w, https:\/\/www.vapeswholesaler.com\/wp-content\/uploads\/2024\/11\/Wholesale-Maskking-Vimaxi-20000-Puffs-Disposable-Vape-6-300x144.webp 300w, https:\/\/www.vapeswholesaler.com\/wp-content\/uploads\/2024\/11\/Wholesale-Maskking-Vimaxi-20000-Puffs-Disposable-Vape-6-768x369.webp 768w, https:\/\/www.vapeswholesaler.com\/wp-content\/uploads\/2024\/11\/Wholesale-Maskking-Vimaxi-20000-Puffs-Disposable-Vape-6-18x9.webp 18w, https:\/\/www.vapeswholesaler.com\/wp-content\/uploads\/2024\/11\/Wholesale-Maskking-Vimaxi-20000-Puffs-Disposable-Vape-6-510x245.webp 510w\" sizes=\"auto, (max-width: 800px) 100vw, 800px\" \/> <img loading=\"lazy\" decoding=\"async\" class=\"alignnone wp-image-20166 size-full\" title=\"all&#039;ingrosso Maskking Vimaxi 20000 soffi monouso Vape 7\" src=\"https:\/\/www.vapeswholesaler.com\/wp-content\/uploads\/2024\/11\/Wholesale-Maskking-Vimaxi-20000-Puffs-Disposable-Vape-7.webp\" alt=\"all&#039;ingrosso Maskking Vimaxi 20000 soffi monouso Vape 7\" width=\"800\" height=\"451\" srcset=\"https:\/\/www.vapeswholesaler.com\/wp-content\/uploads\/2024\/11\/Wholesale-Maskking-Vimaxi-20000-Puffs-Disposable-Vape-7.webp 800w, https:\/\/www.vapeswholesaler.com\/wp-content\/uploads\/2024\/11\/Wholesale-Maskking-Vimaxi-20000-Puffs-Disposable-Vape-7-300x169.webp 300w, https:\/\/www.vapeswholesaler.com\/wp-content\/uploads\/2024\/11\/Wholesale-Maskking-Vimaxi-20000-Puffs-Disposable-Vape-7-768x433.webp 768w, https:\/\/www.vapeswholesaler.com\/wp-content\/uploads\/2024\/11\/Wholesale-Maskking-Vimaxi-20000-Puffs-Disposable-Vape-7-18x10.webp 18w, https:\/\/www.vapeswholesaler.com\/wp-content\/uploads\/2024\/11\/Wholesale-Maskking-Vimaxi-20000-Puffs-Disposable-Vape-7-510x288.webp 510w\" sizes=\"auto, (max-width: 800px) 100vw, 800px\" \/> <img loading=\"lazy\" decoding=\"async\" class=\"alignnone wp-image-20167 size-full\" title=\"all&#039;ingrosso Maskking Vimaxi 20000 Puffs usa e getta Vape 8\" src=\"https:\/\/www.vapeswholesaler.com\/wp-content\/uploads\/2024\/11\/Wholesale-Maskking-Vimaxi-20000-Puffs-Disposable-Vape-8.webp\" alt=\"all&#039;ingrosso Maskking Vimaxi 20000 Puffs usa e getta Vape 8\" width=\"800\" height=\"450\" srcset=\"https:\/\/www.vapeswholesaler.com\/wp-content\/uploads\/2024\/11\/Wholesale-Maskking-Vimaxi-20000-Puffs-Disposable-Vape-8.webp 800w, https:\/\/www.vapeswholesaler.com\/wp-content\/uploads\/2024\/11\/Wholesale-Maskking-Vimaxi-20000-Puffs-Disposable-Vape-8-300x169.webp 300w, https:\/\/www.vapeswholesaler.com\/wp-content\/uploads\/2024\/11\/Wholesale-Maskking-Vimaxi-20000-Puffs-Disposable-Vape-8-768x432.webp 768w, https:\/\/www.vapeswholesaler.com\/wp-content\/uploads\/2024\/11\/Wholesale-Maskking-Vimaxi-20000-Puffs-Disposable-Vape-8-18x10.webp 18w, https:\/\/www.vapeswholesaler.com\/wp-content\/uploads\/2024\/11\/Wholesale-Maskking-Vimaxi-20000-Puffs-Disposable-Vape-8-510x287.webp 510w\" sizes=\"auto, (max-width: 800px) 100vw, 800px\" \/> <img loading=\"lazy\" decoding=\"async\" class=\"alignnone wp-image-20168 size-full\" title=\"all&#039;ingrosso Maskking Vimaxi 20000 soffi monouso Vape 9\" src=\"https:\/\/www.vapeswholesaler.com\/wp-content\/uploads\/2024\/11\/Wholesale-Maskking-Vimaxi-20000-Puffs-Disposable-Vape-9.webp\" alt=\"all&#039;ingrosso Maskking Vimaxi 20000 soffi monouso Vape 9\" width=\"800\" height=\"407\" srcset=\"https:\/\/www.vapeswholesaler.com\/wp-content\/uploads\/2024\/11\/Wholesale-Maskking-Vimaxi-20000-Puffs-Disposable-Vape-9.webp 800w, https:\/\/www.vapeswholesaler.com\/wp-content\/uploads\/2024\/11\/Wholesale-Maskking-Vimaxi-20000-Puffs-Disposable-Vape-9-300x153.webp 300w, https:\/\/www.vapeswholesaler.com\/wp-content\/uploads\/2024\/11\/Wholesale-Maskking-Vimaxi-20000-Puffs-Disposable-Vape-9-768x391.webp 768w, https:\/\/www.vapeswholesaler.com\/wp-content\/uploads\/2024\/11\/Wholesale-Maskking-Vimaxi-20000-Puffs-Disposable-Vape-9-18x9.webp 18w, https:\/\/www.vapeswholesaler.com\/wp-content\/uploads\/2024\/11\/Wholesale-Maskking-Vimaxi-20000-Puffs-Disposable-Vape-9-510x259.webp 510w\" sizes=\"auto, (max-width: 800px) 100vw, 800px\" \/><\/p>","protected":false},"excerpt":{"rendered":"<p>Quantit\u00e0 minima d'ordine: 100 PCS (gusti misti)\u00a0 <strong>Spedizione gratuita<\/strong><\/p>\n<p>\uff08<strong>2%, 5%<\/strong>\uff09<\/p>","protected":false},"featured_media":20176,"comment_status":"open","ping_status":"closed","template":"","meta":[],"product_cat":[15],"product_tag":[],"class_list":{"0":"post-20185","1":"product","2":"type-product","3":"status-publish","4":"has-post-thumbnail","6":"product_cat-disposable-vape","7":"product_brand-maskking","9":"first","10":"instock","11":"shipping-taxable","12":"purchasable","13":"product-type-variable","14":"has-default-attributes"},"aioseo_notices":[],"_links":{"self":[{"href":"https:\/\/www.vapeswholesaler.com\/it\/wp-json\/wp\/v2\/product\/20185","targetHints":{"allow":["GET"]}}],"collection":[{"href":"https:\/\/www.vapeswholesaler.com\/it\/wp-json\/wp\/v2\/product"}],"about":[{"href":"https:\/\/www.vapeswholesaler.com\/it\/wp-json\/wp\/v2\/types\/product"}],"replies":[{"embeddable":true,"href":"https:\/\/www.vapeswholesaler.com\/it\/wp-json\/wp\/v2\/comments?post=20185"}],"wp:featuredmedia":[{"embeddable":true,"href":"https:\/\/www.vapeswholesaler.com\/it\/wp-json\/wp\/v2\/media\/20176"}],"wp:attachment":[{"href":"https:\/\/www.vapeswholesaler.com\/it\/wp-json\/wp\/v2\/media?parent=20185"}],"wp:term":[{"taxonomy":"product_cat","embeddable":true,"href":"https:\/\/www.vapeswholesaler.com\/it\/wp-json\/wp\/v2\/product_cat?post=20185"},{"taxonomy":"product_tag","embeddable":true,"href":"https:\/\/www.vapeswholesaler.com\/it\/wp-json\/wp\/v2\/product_tag?post=20185"}],"curies":[{"name":"wp","href":"https:\/\/api.w.org\/{rel}","templated":true}]}}