{"id":19741,"date":"2024-10-16T18:53:16","date_gmt":"2024-10-16T10:53:16","guid":{"rendered":"https:\/\/www.vapeswholesaler.com\/?post_type=product&#038;p=19741"},"modified":"2025-11-06T11:04:29","modified_gmt":"2025-11-06T03:04:29","slug":"allingrosso-zooy-30000-soffi-doppi-sapori-monouso-vape","status":"publish","type":"product","link":"https:\/\/www.vapeswholesaler.com\/it\/prodotto\/allingrosso-zooy-30000-soffi-doppi-sapori-monouso-vape","title":{"rendered":"Commercio all'ingrosso ZOOY 30000 Puffs Doppio gusto Vape usa e getta"},"content":{"rendered":"<p><a href=\"https:\/\/www.vapeswholesaler.com\/it\/marca_prodotto\/zoo\/\">ZOOY<\/a> La sigaretta elettronica 30000 PUFFS \u00e8 fatta per gli appassionati; \u00e8 dotata di un controllo del flusso d'aria regolabile nella parte inferiore e di un ampio schermo su cui \u00e8 possibile monitorare le proprie abitudini di svapo. ZOOY 30000 PUFFS \u00e8 dotata di una supercoil a doppia maglia con impostazioni di potenza che vanno da 12W a 28W. Sono disponibili dieci aromi per questa sigaretta elettronica a stato solido, dotata di una batteria ricaricabile da 650 mAh.<\/p>\n<p>Questa sigaretta elettronica \u00e8 fatta per gli appassionati; \u00e8 dotata di un controllo del flusso d'aria regolabile sul fondo e di un ampio schermo su cui \u00e8 possibile monitorare le proprie abitudini di svapo. \u00e8 dotata di super coil a doppia maglia con impostazioni di potenza che vanno da 12W a 28W. Sono disponibili dieci aromi per zooy 30000 Puffs, che ha una batteria ricaricabile da 650 mAh.<\/p>\n<p>Zooy ha integrato nel modello Zooy 30000 una tecnologia Mesh Coil all'avanguardia, con una bobina a bassa resistenza. Il design della Mesh Coil assicura che l'e-liquid si riscaldi in modo uniforme e costante, per un'esperienza aromatica impeccabile. Dite addio alla combustione a secco e alla distribuzione non uniforme del sapore e godetevi le prestazioni superiori delle nostre sigarette elettroniche monouso Mesh Coil.<\/p>\n<p>ZOOY 30000 Puffs \u00e8 una sofisticata sigaretta elettronica con un accattivante display colorato. Con una capacit\u00e0 di 36 ml, viene fornito con due diversi sapori. Attualmente abbiamo scorte nel nostro magazzino europeo, il tempo di spedizione per la maggior parte dei paesi europei \u00e8 solo 5-6 giorni lavorativi, benvenuto a diventare un partner vapeswholesaler.<\/p>\n<h2><strong><a href=\"https:\/\/www.facebook.com\/fred.luo.58\">ZOOY<\/a> 30000 Puff Doppi gusti monouso Caratteristiche del Vape:<\/strong><\/h2>\n<ul>\n<li>Bign\u00e8: 30000 Bign\u00e8<\/li>\n<li>Doppi sapori<\/li>\n<li>Capacit\u00e0: 36 ml<\/li>\n<li>Batteria: 850mAh<\/li>\n<li>Nicotina: 0% 2% 3% 5%<\/li>\n<li>10 gusti doppi disponibili<\/li>\n<li>Bobina a doppia maglia<\/li>\n<li>Schermo intelligente: indicatore di e-juice\/alimentazione<\/li>\n<li>Magazzino UE e magazzino Cina<\/li>\n<\/ul>\n<h2><strong>Aromi:<\/strong><\/h2>\n<ol>\n<li>Ghiaccio al mirtillo e triplo melone<\/li>\n<li>Uva, menta e fragola, banana<\/li>\n<li>Amore 66 e Cola Ice<\/li>\n<li>Ghiaccio all'ananas, cocco e mela<\/li>\n<li>Ciliegia rossa e frutti di bosco misti<\/li>\n<li>Red Bull e Kiwi alla fragola<\/li>\n<li>Gelato alla fragola e frullato di pesca e mango<\/li>\n<li>Anguria alla fragola e limonata rosa<\/li>\n<li>Ghiaccio all'anguria e caff\u00e8<\/li>\n<li>Ghiaccio all'anguria e lampone blu al limone<\/li>\n<\/ol>\n<h2><strong>Elenco degli imballaggi:<\/strong><\/h2>\n<p>1pz ogni singola scatola<br \/>\n10 pezzi per ogni scatola da esposizione<br \/>\n200 pezzi per cartone<\/p>\n<figure id=\"attachment_20549\" aria-describedby=\"caption-attachment-20549\" style=\"width: 800px\" class=\"wp-caption alignnone\"><img loading=\"lazy\" decoding=\"async\" class=\"wp-image-20549 size-full\" title=\"all&#039;ingrosso ZOOY 30000 Puffs doppi sapori monouso Vape 6\" src=\"https:\/\/www.vapeswholesaler.com\/wp-content\/uploads\/2024\/11\/Wholesale-ZOOY-30000-Puffs-Double-Flavors-Disposable-Vape-6.webp\" alt=\"all&#039;ingrosso ZOOY 30000 Puffs doppi sapori monouso Vape 6\" width=\"800\" height=\"280\" srcset=\"https:\/\/www.vapeswholesaler.com\/wp-content\/uploads\/2024\/11\/Wholesale-ZOOY-30000-Puffs-Double-Flavors-Disposable-Vape-6.webp 800w, https:\/\/www.vapeswholesaler.com\/wp-content\/uploads\/2024\/11\/Wholesale-ZOOY-30000-Puffs-Double-Flavors-Disposable-Vape-6-300x105.webp 300w, https:\/\/www.vapeswholesaler.com\/wp-content\/uploads\/2024\/11\/Wholesale-ZOOY-30000-Puffs-Double-Flavors-Disposable-Vape-6-768x269.webp 768w, https:\/\/www.vapeswholesaler.com\/wp-content\/uploads\/2024\/11\/Wholesale-ZOOY-30000-Puffs-Double-Flavors-Disposable-Vape-6-18x6.webp 18w, https:\/\/www.vapeswholesaler.com\/wp-content\/uploads\/2024\/11\/Wholesale-ZOOY-30000-Puffs-Double-Flavors-Disposable-Vape-6-510x179.webp 510w\" sizes=\"auto, (max-width: 800px) 100vw, 800px\" \/><figcaption id=\"caption-attachment-20549\" class=\"wp-caption-text\">all'ingrosso ZOOY 30000 soffi doppi sapori monouso Vape<\/figcaption><\/figure>\n<figure id=\"attachment_20547\" aria-describedby=\"caption-attachment-20547\" style=\"width: 800px\" class=\"wp-caption alignnone\"><img loading=\"lazy\" decoding=\"async\" class=\"wp-image-20547 size-full\" title=\"all&#039;ingrosso ZOOY 30000 Puffs doppi sapori monouso Vape 4\" src=\"https:\/\/www.vapeswholesaler.com\/wp-content\/uploads\/2024\/11\/Wholesale-ZOOY-30000-Puffs-Double-Flavors-Disposable-Vape-4.webp\" alt=\"all&#039;ingrosso ZOOY 30000 Puffs doppi sapori monouso Vape 4\" width=\"800\" height=\"600\" srcset=\"https:\/\/www.vapeswholesaler.com\/wp-content\/uploads\/2024\/11\/Wholesale-ZOOY-30000-Puffs-Double-Flavors-Disposable-Vape-4.webp 800w, https:\/\/www.vapeswholesaler.com\/wp-content\/uploads\/2024\/11\/Wholesale-ZOOY-30000-Puffs-Double-Flavors-Disposable-Vape-4-300x225.webp 300w, https:\/\/www.vapeswholesaler.com\/wp-content\/uploads\/2024\/11\/Wholesale-ZOOY-30000-Puffs-Double-Flavors-Disposable-Vape-4-768x576.webp 768w, https:\/\/www.vapeswholesaler.com\/wp-content\/uploads\/2024\/11\/Wholesale-ZOOY-30000-Puffs-Double-Flavors-Disposable-Vape-4-16x12.webp 16w, https:\/\/www.vapeswholesaler.com\/wp-content\/uploads\/2024\/11\/Wholesale-ZOOY-30000-Puffs-Double-Flavors-Disposable-Vape-4-510x383.webp 510w\" sizes=\"auto, (max-width: 800px) 100vw, 800px\" \/><figcaption id=\"caption-attachment-20547\" class=\"wp-caption-text\">all'ingrosso ZOOY 30000 soffi doppi sapori monouso Vape<\/figcaption><\/figure>\n<p>&nbsp;<\/p>","protected":false},"excerpt":{"rendered":"<p>Quantit\u00e0 minima d'ordine:\u00a0<strong>50 pezzi<\/strong>\u00a0(Gusti misti)\u00a0\u00a0<strong>Spedizione gratuita<\/strong><\/p>\n<p>(<strong>2%, 5% Nic<\/strong>) Tempo di spedizione del magazzino UE 5-6 giorni lavorativi<\/p>","protected":false},"featured_media":20548,"comment_status":"open","ping_status":"closed","template":"","meta":[],"product_cat":[15],"product_tag":[369,371,373,374],"class_list":{"0":"post-19741","1":"product","2":"type-product","3":"status-publish","4":"has-post-thumbnail","6":"product_cat-disposable-vape","7":"product_tag-dual-flavors","8":"product_tag-zooy","9":"product_tag-europe-warehouse","10":"product_tag-30000-puffs","11":"product_brand-zooy","13":"first","14":"instock","15":"shipping-taxable","16":"purchasable","17":"product-type-variable","18":"has-default-attributes"},"aioseo_notices":[],"_links":{"self":[{"href":"https:\/\/www.vapeswholesaler.com\/it\/wp-json\/wp\/v2\/product\/19741","targetHints":{"allow":["GET"]}}],"collection":[{"href":"https:\/\/www.vapeswholesaler.com\/it\/wp-json\/wp\/v2\/product"}],"about":[{"href":"https:\/\/www.vapeswholesaler.com\/it\/wp-json\/wp\/v2\/types\/product"}],"replies":[{"embeddable":true,"href":"https:\/\/www.vapeswholesaler.com\/it\/wp-json\/wp\/v2\/comments?post=19741"}],"wp:featuredmedia":[{"embeddable":true,"href":"https:\/\/www.vapeswholesaler.com\/it\/wp-json\/wp\/v2\/media\/20548"}],"wp:attachment":[{"href":"https:\/\/www.vapeswholesaler.com\/it\/wp-json\/wp\/v2\/media?parent=19741"}],"wp:term":[{"taxonomy":"product_cat","embeddable":true,"href":"https:\/\/www.vapeswholesaler.com\/it\/wp-json\/wp\/v2\/product_cat?post=19741"},{"taxonomy":"product_tag","embeddable":true,"href":"https:\/\/www.vapeswholesaler.com\/it\/wp-json\/wp\/v2\/product_tag?post=19741"}],"curies":[{"name":"wp","href":"https:\/\/api.w.org\/{rel}","templated":true}]}}