{"id":19658,"date":"2024-09-22T18:26:29","date_gmt":"2024-09-22T10:26:29","guid":{"rendered":"https:\/\/www.vapeswholesaler.com\/?post_type=product&#038;p=19658"},"modified":"2025-03-14T12:11:37","modified_gmt":"2025-03-14T04:11:37","slug":"allingrosso-zooy-diamond-15000-puff-monouso-vape","status":"publish","type":"product","link":"https:\/\/www.vapeswholesaler.com\/it\/prodotto\/allingrosso-zooy-diamond-15000-puff-monouso-vape","title":{"rendered":"all'ingrosso ZOOY Diamond 15000 Puffs usa e getta vape"},"content":{"rendered":"<p><a href=\"https:\/\/www.vapeswholesaler.com\/it\/marca_prodotto\/zoo\/\">ZOOY<\/a> Diamond 15000 Puffs offre un piacere prolungato. Grazie alla sua enorme capacit\u00e0 di energia elettronica, la batteria non si esaurir\u00e0 presto. A seconda delle vostre preferenze, potete scegliere tra diverse concentrazioni di nicotina, come 0%, 2%, 3% e 5%. L'efficace design della coil a rete garantisce la generazione di un vapore gustoso e omogeneo. I tempi di utilizzo pi\u00f9 lunghi sono garantiti dalla capacit\u00e0 della batteria da 550 mAh, mentre la ricarica rapida e senza preoccupazioni \u00e8 resa possibile dal pratico connettore di ricarica Type-C.<\/p>\n<p>La sigaretta elettronica ZOOY Diamond 15000 Puffs \u00e8 composta da un atomizzatore, da una batteria e da altre fonti di alimentazione, oltre che da un contenitore per il liquido elettronico. Attualmente \u00e8 un prodotto di ultima generazione, con una grande capacit\u00e0 e uno schermo, che offre la migliore esperienza d'uso.<\/p>\n<h2><strong><a href=\"https:\/\/www.facebook.com\/fred.luo.58\">ZOOY<\/a> Diamond 15000 Puffs Caratteristiche:<\/strong><\/h2>\n<ul>\n<li>Bign\u00e8: 15000 Bign\u00e8<\/li>\n<li>Liquido: cartuccia di e-liquid pre-riempita da 20 ml<\/li>\n<li>Nicotina: 0\/2\/3\/5%Sale di Nicotina<\/li>\n<li>Tipi: monouso<\/li>\n<li>Resistenza: 1,2 ohm<\/li>\n<li>Batteria integrata da 550 mAh<\/li>\n<li>Ricaricabile di tipo C<\/li>\n<li>Schermo intelligente<\/li>\n<\/ul>\n<h2><strong>Aromi:<\/strong><\/h2>\n<ol>\n<li>Sogno Zooy<\/li>\n<li>Ghiaccio d'uva<\/li>\n<li>Ghiaccio ai frutti di bosco<\/li>\n<li>Fragola<\/li>\n<li>Ghiaccio alla pesca<\/li>\n<li>Kiwi Frutto della passione Guava<\/li>\n<li>Bacche miste<\/li>\n<li>Lampone blu e limone<\/li>\n<li>Anguria alla fragola<\/li>\n<li>Ghiaccio all'anguria<\/li>\n<\/ol>\n<h2><strong>Elenco degli imballaggi:<\/strong><\/h2>\n<p>1pz ogni singola scatola<br \/>\n10 pezzi per ogni scatola da esposizione<br \/>\n200 pezzi per cartone<\/p>\n<h2><strong>Come consegnare il pacco del cliente?<\/strong><\/h2>\n<div>Spediamo con un metodo di spedizione speciale, l'aereo vola dalla Cina alla Germania.<\/div>\n<div><\/div>\n<div>Dopo aver raggiunto la Germania, il pacchetto deve essere sdoganato, quindi trasportato a DHL Paket o UPS Express, questo \u00e8 il modo migliore di spedizione in Europa attualmente.<\/div>\n<div><\/div>\n<div>Con questo tipo di metodo di spedizione, non avete nulla a che fare con la dogana, e nessuna tassa, la nostra societ\u00e0 di sdoganamento all'estero risolver\u00e0 tutti i problemi doganali e pagher\u00e0 i dazi necessari.<\/div>\n<div><\/div>\n<div>Una volta sdoganata, la merce passa a DHL Paket, quindi i clienti ricevono l'aggiornamento dal sito web di DHL e, dopo che DHL l'ha ricevuta, la consegna avviene entro 2-3 giorni, 4-5 giorni per gli altri paesi europei tranne la Germania.<\/div>\n<div><\/div>\n<div>\n<figure id=\"attachment_19644\" aria-describedby=\"caption-attachment-19644\" style=\"width: 800px\" class=\"wp-caption alignnone\"><img loading=\"lazy\" decoding=\"async\" class=\"wp-image-19644 size-full\" title=\"all&#039;ingrosso ZOOY Diamond 15000 Puffs usa e getta vape 5\" src=\"https:\/\/www.vapeswholesaler.com\/wp-content\/uploads\/2024\/09\/Wholesale-ZOOY-Diamond-15000-Puffs-Disposable-vape-5.webp\" alt=\"all&#039;ingrosso ZOOY Diamond 15000 Puffs usa e getta vape 5\" width=\"800\" height=\"800\" srcset=\"https:\/\/www.vapeswholesaler.com\/wp-content\/uploads\/2024\/09\/Wholesale-ZOOY-Diamond-15000-Puffs-Disposable-vape-5.webp 800w, https:\/\/www.vapeswholesaler.com\/wp-content\/uploads\/2024\/09\/Wholesale-ZOOY-Diamond-15000-Puffs-Disposable-vape-5-300x300.webp 300w, https:\/\/www.vapeswholesaler.com\/wp-content\/uploads\/2024\/09\/Wholesale-ZOOY-Diamond-15000-Puffs-Disposable-vape-5-150x150.webp 150w, https:\/\/www.vapeswholesaler.com\/wp-content\/uploads\/2024\/09\/Wholesale-ZOOY-Diamond-15000-Puffs-Disposable-vape-5-768x768.webp 768w, https:\/\/www.vapeswholesaler.com\/wp-content\/uploads\/2024\/09\/Wholesale-ZOOY-Diamond-15000-Puffs-Disposable-vape-5-12x12.webp 12w, https:\/\/www.vapeswholesaler.com\/wp-content\/uploads\/2024\/09\/Wholesale-ZOOY-Diamond-15000-Puffs-Disposable-vape-5-247x247.webp 247w, https:\/\/www.vapeswholesaler.com\/wp-content\/uploads\/2024\/09\/Wholesale-ZOOY-Diamond-15000-Puffs-Disposable-vape-5-510x510.webp 510w, https:\/\/www.vapeswholesaler.com\/wp-content\/uploads\/2024\/09\/Wholesale-ZOOY-Diamond-15000-Puffs-Disposable-vape-5-100x100.webp 100w\" sizes=\"auto, (max-width: 800px) 100vw, 800px\" \/><figcaption id=\"caption-attachment-19644\" class=\"wp-caption-text\">all'ingrosso ZOOY Diamond 15000 Puffs usa e getta vape<\/figcaption><\/figure>\n<p><img loading=\"lazy\" decoding=\"async\" class=\"alignnone wp-image-19643 size-full\" title=\"all&#039;ingrosso ZOOY Diamond 15000 Puffs usa e getta vape 4\" src=\"https:\/\/www.vapeswholesaler.com\/wp-content\/uploads\/2024\/09\/Wholesale-ZOOY-Diamond-15000-Puffs-Disposable-vape-4.webp\" alt=\"all&#039;ingrosso ZOOY Diamond 15000 Puffs usa e getta vape 4\" width=\"800\" height=\"800\" srcset=\"https:\/\/www.vapeswholesaler.com\/wp-content\/uploads\/2024\/09\/Wholesale-ZOOY-Diamond-15000-Puffs-Disposable-vape-4.webp 800w, https:\/\/www.vapeswholesaler.com\/wp-content\/uploads\/2024\/09\/Wholesale-ZOOY-Diamond-15000-Puffs-Disposable-vape-4-300x300.webp 300w, https:\/\/www.vapeswholesaler.com\/wp-content\/uploads\/2024\/09\/Wholesale-ZOOY-Diamond-15000-Puffs-Disposable-vape-4-150x150.webp 150w, https:\/\/www.vapeswholesaler.com\/wp-content\/uploads\/2024\/09\/Wholesale-ZOOY-Diamond-15000-Puffs-Disposable-vape-4-768x768.webp 768w, https:\/\/www.vapeswholesaler.com\/wp-content\/uploads\/2024\/09\/Wholesale-ZOOY-Diamond-15000-Puffs-Disposable-vape-4-12x12.webp 12w, https:\/\/www.vapeswholesaler.com\/wp-content\/uploads\/2024\/09\/Wholesale-ZOOY-Diamond-15000-Puffs-Disposable-vape-4-247x247.webp 247w, https:\/\/www.vapeswholesaler.com\/wp-content\/uploads\/2024\/09\/Wholesale-ZOOY-Diamond-15000-Puffs-Disposable-vape-4-510x510.webp 510w, https:\/\/www.vapeswholesaler.com\/wp-content\/uploads\/2024\/09\/Wholesale-ZOOY-Diamond-15000-Puffs-Disposable-vape-4-100x100.webp 100w\" sizes=\"auto, (max-width: 800px) 100vw, 800px\" \/><\/p>\n<\/div>","protected":false},"excerpt":{"rendered":"<p>Quantit\u00e0 minima d'ordine:\u00a0<strong>50 pezzi<\/strong>\u00a0(Gusti misti)\u00a0\u00a0<strong>Spedizione gratuita<\/strong><\/p>\n<p>(<strong>2%, 5% Nic<\/strong>) Tempo di spedizione del magazzino UE 5-6 giorni lavorativi<\/p>\n<p>&nbsp;<\/p>","protected":false},"featured_media":19640,"comment_status":"open","ping_status":"closed","template":"","meta":[],"product_cat":[15],"product_tag":[371,373,375],"class_list":{"0":"post-19658","1":"product","2":"type-product","3":"status-publish","4":"has-post-thumbnail","6":"product_cat-disposable-vape","7":"product_tag-zooy","8":"product_tag-europe-warehouse","9":"product_tag-15000-puffs","10":"product_brand-zooy","12":"first","13":"instock","14":"shipping-taxable","15":"purchasable","16":"product-type-variable","17":"has-default-attributes"},"aioseo_notices":[],"_links":{"self":[{"href":"https:\/\/www.vapeswholesaler.com\/it\/wp-json\/wp\/v2\/product\/19658","targetHints":{"allow":["GET"]}}],"collection":[{"href":"https:\/\/www.vapeswholesaler.com\/it\/wp-json\/wp\/v2\/product"}],"about":[{"href":"https:\/\/www.vapeswholesaler.com\/it\/wp-json\/wp\/v2\/types\/product"}],"replies":[{"embeddable":true,"href":"https:\/\/www.vapeswholesaler.com\/it\/wp-json\/wp\/v2\/comments?post=19658"}],"wp:featuredmedia":[{"embeddable":true,"href":"https:\/\/www.vapeswholesaler.com\/it\/wp-json\/wp\/v2\/media\/19640"}],"wp:attachment":[{"href":"https:\/\/www.vapeswholesaler.com\/it\/wp-json\/wp\/v2\/media?parent=19658"}],"wp:term":[{"taxonomy":"product_cat","embeddable":true,"href":"https:\/\/www.vapeswholesaler.com\/it\/wp-json\/wp\/v2\/product_cat?post=19658"},{"taxonomy":"product_tag","embeddable":true,"href":"https:\/\/www.vapeswholesaler.com\/it\/wp-json\/wp\/v2\/product_tag?post=19658"}],"curies":[{"name":"wp","href":"https:\/\/api.w.org\/{rel}","templated":true}]}}