{"id":19627,"date":"2024-09-22T16:50:54","date_gmt":"2024-09-22T08:50:54","guid":{"rendered":"https:\/\/www.vapeswholesaler.com\/?post_type=product&#038;p=19627"},"modified":"2025-03-14T12:16:06","modified_gmt":"2025-03-14T04:16:06","slug":"allingrosso-zooy-blaze-25k-usa-e-getta-vape","status":"publish","type":"product","link":"https:\/\/www.vapeswholesaler.com\/it\/prodotto\/allingrosso-zooy-blaze-25k-usa-e-getta-vape","title":{"rendered":"all'ingrosso ZOOY Blaze 25k usa e getta Vape"},"content":{"rendered":"<p><a href=\"https:\/\/www.vapeswholesaler.com\/it\/marca_prodotto\/zoo\/\">ZOOY<\/a> Blaze 25k Disposable Vape stabilisce un nuovo standard di convenienza e prestazioni nel mondo del vaping. Con una notevole capacit\u00e0 di 17 ml di e-liquid e un impressionante numero di puff fino a 25.000, questo vape usa e getta \u00e8 stato progettato per un uso prolungato e una soddisfazione duratura. Ogni dispositivo viene fornito pre-riempito con una variet\u00e0 di sapori stuzzicanti, in grado di soddisfare le diverse preferenze del palato.<\/p>\n<p>ZOOY Blaze 25k \u00e8 preparata per un divertimento prolungato con la sigaretta elettronica, grazie a un fantastico serbatoio di liquido elettronico pre-riempito da 31 ml e a un contenuto di nicotina di 5%. \u00c8 ideale per gli appassionati di sigarette elettroniche e i fumatori esperti grazie alla sua eccezionale capacit\u00e0 di liquido elettronico, che garantisce un'esperienza fluida e soddisfacente a ogni sorso.<\/p>\n<p>Progettato pensando alla comodit\u00e0 dell'utente, ZOOY Blaze 25k \u00e8 compatto e facile da trasportare, ideale per il vaping in movimento. Il dispositivo \u00e8 completamente monouso, eliminando la necessit\u00e0 di ricariche o di manutenzione, ed \u00e8 pronto per l'uso subito dopo la confezione. Che siate fumatori esperti o principianti, ZOOY Blaze 25k Disposable Vape promette un'esperienza di svapo piacevole e senza problemi a ogni boccata.<\/p>\n<h2><strong><a href=\"https:\/\/www.facebook.com\/fred.luo.58\">ZOOY<\/a> Blaze 25k Disposable Vape Caratteristiche:<\/strong><\/h2>\n<ul>\n<li>Capacit\u00e0 della batteria: ricaricabile integrata<\/li>\n<li>Getti massimi: 25000<\/li>\n<li>Capacit\u00e0 della capsula: 32ML<\/li>\n<li>Forza della nicotina: 2% 3% 5% (20mg, 30mg, 50mg)<\/li>\n<li>Elemento riscaldante: Bobine a doppia maglia<\/li>\n<li>Flusso d'aria\/potenza: Regolabile<\/li>\n<li>Schermo di visualizzazione: Display a schermo intero<\/li>\n<li>Ricarica: Ricarica rapida USB Tipo-C<\/li>\n<\/ul>\n<h2><strong>Aromi:<\/strong><\/h2>\n<ol>\n<li>Ghiaccio all'anguria<\/li>\n<li>Bluberry Ice<\/li>\n<li>Fragola Kiwi<\/li>\n<li>Uva e limone<\/li>\n<li>mela pesca<\/li>\n<li>Limonata blu Razz<\/li>\n<li>Anguria alla fragola<\/li>\n<li>mora ciliegia limone<\/li>\n<li>Bacche miste<\/li>\n<li>Menta blu<\/li>\n<\/ol>\n<h2><strong>Elenco degli imballaggi:<\/strong><\/h2>\n<p>1pz ogni singola scatola<br \/>\n10 pezzi per ogni scatola da esposizione<br \/>\n200 pezzi per cartone<\/p>\n<h2><strong>Come consegnare il pacco del cliente?<\/strong><\/h2>\n<div>Spediamo con un metodo di spedizione speciale, l'aereo vola dalla Cina alla Germania.<\/div>\n<div><\/div>\n<div>Dopo aver raggiunto la Germania, il pacchetto deve essere sdoganato, quindi trasportato a DHL Paket o UPS Express, questo \u00e8 il modo migliore di spedizione in Europa attualmente.<\/div>\n<div><\/div>\n<div>Con questo tipo di metodo di spedizione, non avete nulla a che fare con la dogana, e nessuna tassa, la nostra societ\u00e0 di sdoganamento all'estero risolver\u00e0 tutti i problemi doganali e pagher\u00e0 i dazi necessari.<\/div>\n<div><\/div>\n<div>Una volta sdoganata, la merce passa a DHL Paket, quindi i clienti ricevono l'aggiornamento dal sito web di DHL e, dopo che DHL l'ha ricevuta, la consegna avviene entro 2-3 giorni, 4-5 giorni per gli altri paesi europei tranne la Germania.<\/div>\n<div><\/div>\n<div>\n<figure id=\"attachment_19613\" aria-describedby=\"caption-attachment-19613\" style=\"width: 800px\" class=\"wp-caption alignnone\"><img loading=\"lazy\" decoding=\"async\" class=\"wp-image-19613 size-full\" title=\"all&#039;ingrosso ZOOY Blaze 25k usa e getta Vape 5\" src=\"https:\/\/www.vapeswholesaler.com\/wp-content\/uploads\/2024\/09\/Wholesale-ZOOY-Blaze-25k-Disposable-Vape-5.webp\" alt=\"all&#039;ingrosso ZOOY Blaze 25k usa e getta Vape 5\" width=\"800\" height=\"1148\" srcset=\"https:\/\/www.vapeswholesaler.com\/wp-content\/uploads\/2024\/09\/Wholesale-ZOOY-Blaze-25k-Disposable-Vape-5.webp 800w, https:\/\/www.vapeswholesaler.com\/wp-content\/uploads\/2024\/09\/Wholesale-ZOOY-Blaze-25k-Disposable-Vape-5-209x300.webp 209w, https:\/\/www.vapeswholesaler.com\/wp-content\/uploads\/2024\/09\/Wholesale-ZOOY-Blaze-25k-Disposable-Vape-5-714x1024.webp 714w, https:\/\/www.vapeswholesaler.com\/wp-content\/uploads\/2024\/09\/Wholesale-ZOOY-Blaze-25k-Disposable-Vape-5-768x1102.webp 768w, https:\/\/www.vapeswholesaler.com\/wp-content\/uploads\/2024\/09\/Wholesale-ZOOY-Blaze-25k-Disposable-Vape-5-8x12.webp 8w, https:\/\/www.vapeswholesaler.com\/wp-content\/uploads\/2024\/09\/Wholesale-ZOOY-Blaze-25k-Disposable-Vape-5-510x732.webp 510w\" sizes=\"auto, (max-width: 800px) 100vw, 800px\" \/><figcaption id=\"caption-attachment-19613\" class=\"wp-caption-text\">all'ingrosso ZOOY Blaze 25k usa e getta Vape<\/figcaption><\/figure>\n<figure id=\"attachment_19615\" aria-describedby=\"caption-attachment-19615\" style=\"width: 1020px\" class=\"wp-caption alignnone\"><img loading=\"lazy\" decoding=\"async\" class=\"wp-image-19615 size-large\" title=\"all&#039;ingrosso ZOOY Blaze 25k usa e getta Vape 7\" src=\"https:\/\/www.vapeswholesaler.com\/wp-content\/uploads\/2024\/09\/Wholesale-ZOOY-Blaze-25k-Disposable-Vape-7-1024x1024.webp\" alt=\"all&#039;ingrosso ZOOY Blaze 25k usa e getta Vape 7\" width=\"1020\" height=\"1020\" srcset=\"https:\/\/www.vapeswholesaler.com\/wp-content\/uploads\/2024\/09\/Wholesale-ZOOY-Blaze-25k-Disposable-Vape-7-1024x1024.webp 1024w, https:\/\/www.vapeswholesaler.com\/wp-content\/uploads\/2024\/09\/Wholesale-ZOOY-Blaze-25k-Disposable-Vape-7-300x300.webp 300w, https:\/\/www.vapeswholesaler.com\/wp-content\/uploads\/2024\/09\/Wholesale-ZOOY-Blaze-25k-Disposable-Vape-7-150x150.webp 150w, https:\/\/www.vapeswholesaler.com\/wp-content\/uploads\/2024\/09\/Wholesale-ZOOY-Blaze-25k-Disposable-Vape-7-768x768.webp 768w, https:\/\/www.vapeswholesaler.com\/wp-content\/uploads\/2024\/09\/Wholesale-ZOOY-Blaze-25k-Disposable-Vape-7-1536x1536.webp 1536w, https:\/\/www.vapeswholesaler.com\/wp-content\/uploads\/2024\/09\/Wholesale-ZOOY-Blaze-25k-Disposable-Vape-7-2048x2048.webp 2048w, https:\/\/www.vapeswholesaler.com\/wp-content\/uploads\/2024\/09\/Wholesale-ZOOY-Blaze-25k-Disposable-Vape-7-12x12.webp 12w, https:\/\/www.vapeswholesaler.com\/wp-content\/uploads\/2024\/09\/Wholesale-ZOOY-Blaze-25k-Disposable-Vape-7-247x247.webp 247w, https:\/\/www.vapeswholesaler.com\/wp-content\/uploads\/2024\/09\/Wholesale-ZOOY-Blaze-25k-Disposable-Vape-7-510x510.webp 510w, https:\/\/www.vapeswholesaler.com\/wp-content\/uploads\/2024\/09\/Wholesale-ZOOY-Blaze-25k-Disposable-Vape-7-100x100.webp 100w\" sizes=\"auto, (max-width: 1020px) 100vw, 1020px\" \/><figcaption id=\"caption-attachment-19615\" class=\"wp-caption-text\">all'ingrosso ZOOY Blaze 25k usa e getta Vape<\/figcaption><\/figure>\n<\/div>","protected":false},"excerpt":{"rendered":"<p>Quantit\u00e0 minima d'ordine:\u00a0<strong>50 pezzi<\/strong>\u00a0(Gusti misti)\u00a0\u00a0<strong>Spedizione gratuita<\/strong><\/p>\n<p>(<strong>2%, 5% Nic<\/strong>) Tempo di spedizione del magazzino UE 5-6 giorni lavorativi<\/p>\n<p>&nbsp;<\/p>","protected":false},"featured_media":19639,"comment_status":"open","ping_status":"closed","template":"","meta":[],"product_cat":[15],"product_tag":[371,373,376],"class_list":{"0":"post-19627","1":"product","2":"type-product","3":"status-publish","4":"has-post-thumbnail","6":"product_cat-disposable-vape","7":"product_tag-zooy","8":"product_tag-europe-warehouse","9":"product_tag-25000-puffs","10":"product_brand-zooy","12":"first","13":"instock","14":"shipping-taxable","15":"purchasable","16":"product-type-variable","17":"has-default-attributes"},"aioseo_notices":[],"_links":{"self":[{"href":"https:\/\/www.vapeswholesaler.com\/it\/wp-json\/wp\/v2\/product\/19627","targetHints":{"allow":["GET"]}}],"collection":[{"href":"https:\/\/www.vapeswholesaler.com\/it\/wp-json\/wp\/v2\/product"}],"about":[{"href":"https:\/\/www.vapeswholesaler.com\/it\/wp-json\/wp\/v2\/types\/product"}],"replies":[{"embeddable":true,"href":"https:\/\/www.vapeswholesaler.com\/it\/wp-json\/wp\/v2\/comments?post=19627"}],"wp:featuredmedia":[{"embeddable":true,"href":"https:\/\/www.vapeswholesaler.com\/it\/wp-json\/wp\/v2\/media\/19639"}],"wp:attachment":[{"href":"https:\/\/www.vapeswholesaler.com\/it\/wp-json\/wp\/v2\/media?parent=19627"}],"wp:term":[{"taxonomy":"product_cat","embeddable":true,"href":"https:\/\/www.vapeswholesaler.com\/it\/wp-json\/wp\/v2\/product_cat?post=19627"},{"taxonomy":"product_tag","embeddable":true,"href":"https:\/\/www.vapeswholesaler.com\/it\/wp-json\/wp\/v2\/product_tag?post=19627"}],"curies":[{"name":"wp","href":"https:\/\/api.w.org\/{rel}","templated":true}]}}