{"id":19556,"date":"2024-09-14T12:12:22","date_gmt":"2024-09-14T04:12:22","guid":{"rendered":"https:\/\/www.vapeswholesaler.com\/?post_type=product&#038;p=19556"},"modified":"2025-03-18T12:21:02","modified_gmt":"2025-03-18T04:21:02","slug":"allingrosso-bang-30k-pro-30000-soffi-doppi-sapori-vape-usa-e-getta","status":"publish","type":"product","link":"https:\/\/www.vapeswholesaler.com\/it\/prodotto\/allingrosso-bang-30k-pro-30000-soffi-doppi-sapori-vape-usa-e-getta","title":{"rendered":"all'ingrosso Bang 30K Pro 30000 soffi doppi sapori usa e getta Vape"},"content":{"rendered":"<p><a href=\"https:\/\/www.vapeswholesaler.com\/it\/marca_prodotto\/botto\/\">Bang<\/a> 30K Pro 30000 Puff, un dispositivo di svapo monouso ad alta capacit\u00e0 che combina convenienza, sapore superiore e un'enorme quantit\u00e0 di 30.000 puff. Progettato per i vapers che cercano variet\u00e0 e longevit\u00e0, questo dispositivo \u00e8 dotato di un sistema a doppio sapore che consente di passare senza problemi da un aroma all'altro in un unico dispositivo. Dotato di una potente batteria ricaricabile da 550 mAh e di 36 ml di e-liquid, Bang 30K Pro offre sessioni di svapo prolungate senza la necessit\u00e0 di ricaricare o ricaricare continuamente. Il display elettronico, pi\u00f9 grande e pi\u00f9 chiaro, permette di visualizzare pi\u00f9 chiaramente la potenza e lo stato di utilizzo dell'olio da svapo, senza pi\u00f9 preoccuparsi della durata della batteria.<\/p>\n<p>Questa sigaretta elettronica monouso Vape Double Flavor unisce senza sforzo versatilit\u00e0 e prestazioni eccezionali. Con la capacit\u00e0 di erogare fino a 30.000 boccate, questa sigaretta assicura un'esperienza duratura e piacevole. \u00c8 possibile scegliere tra i livelli di nicotina di 0%, 2%, 3% o 5%, che consentono di personalizzare la sessione di svapo in base alle proprie preferenze.<\/p>\n<h2><strong><a href=\"https:\/\/www.facebook.com\/fred.luo.58\/\">Bang<\/a> 30K Pro 30000 Puffs Caratteristiche:<\/strong><\/h2>\n<ul>\n<li>Comodo e facile da usare grazie all'attivazione automatica dell'inalazione<\/li>\n<li>Batteria: 550mah ricaricabile<\/li>\n<li>36mL di E-liquido pre-riempito (2 PODS, 18ml+18ml)<\/li>\n<li>0%, 2%, 3%, 5% Dosaggio di nicotina<\/li>\n<li>Raggiungere fino a 30000 soffi<\/li>\n<li>Bobina a rete da 1,0 ohm<\/li>\n<li>Porta di ricarica di tipo C<\/li>\n<li>Un modello Gusti doppi<\/li>\n<\/ul>\n<h2><strong>Aromi:<\/strong><\/h2>\n<ol>\n<li>Menta anguria e mirtillo<\/li>\n<li>Mela acida e mirtillo lampone<\/li>\n<li>Red Bull e Mango alla fragola<\/li>\n<li>Ghiaccio all'uva e Coca Cola alla ciliegia<\/li>\n<li>Ghiaccio alla pesca e anguria alla fragola<\/li>\n<li>Amore 66 &amp; Fragola Kiwi<\/li>\n<li>Sakura uva e fragola litchi<\/li>\n<li>Ghiaccio di frutta mista e mirtilli<\/li>\n<li>Ghiaccio del Drago Nero e Banana alla Fragola<\/li>\n<li>Ghiaccio al mango, pesca e banana<\/li>\n<li>Doppia mela e kiwi Frutto della passione Melograno<\/li>\n<li>Ghiaccio alla menta e tripla bacca<\/li>\n<li>Mirtillo, ciliegia, mirtillo rosso e anguria Boom di frutti di bosco<\/li>\n<li>Ghiaccio all'ananas e Blue Fusion<\/li>\n<li>Purple Rain &amp; Fragola Lampone Ciliegia Ghiaccio<\/li>\n<li>Drago Nero Ghiaccio e Pesca Ananas Mango<\/li>\n<\/ol>\n<h2><strong>Liste di imballaggio:<\/strong><\/h2>\n<p>1 pezzo per scatola<br \/>\n10 pezzi per ogni scatola da esposizione<br \/>\n200 pezzi per cartone<\/p>\n<h2><strong>Come consegnare il pacco del cliente?<\/strong><\/h2>\n<div>Spediamo con un metodo di spedizione speciale, l'aereo vola dalla Cina alla Germania.<\/div>\n<div><\/div>\n<div>Dopo aver raggiunto la Germania, il pacchetto deve essere sdoganato, quindi trasportato a DHL Paket o UPS Express, questo \u00e8 il modo migliore di spedizione in Europa attualmente.<\/div>\n<div><\/div>\n<div>Con questo tipo di metodo di spedizione, non avete nulla a che fare con la dogana, e nessuna tassa, la nostra societ\u00e0 di sdoganamento all'estero risolver\u00e0 tutti i problemi doganali e pagher\u00e0 i dazi necessari.<\/div>\n<div><\/div>\n<div>Una volta sdoganata, la merce passa a DHL Paket, quindi i clienti ricevono l'aggiornamento dal sito web di DHL e, dopo che DHL l'ha ricevuta, la consegna avviene entro 2-3 giorni, 4-5 giorni per gli altri paesi europei tranne la Germania.<\/div>\n<div><\/div>\n<div><\/div>\n<div><\/div>\n<div>\n<figure id=\"attachment_19538\" aria-describedby=\"caption-attachment-19538\" style=\"width: 1000px\" class=\"wp-caption alignnone\"><img loading=\"lazy\" decoding=\"async\" class=\"wp-image-19538 size-full\" title=\"all&#039;ingrosso Bang 30K Pro 30000 boccate Doppio gusto Vape usa e getta 3\" src=\"https:\/\/www.vapeswholesaler.com\/wp-content\/uploads\/2024\/09\/Wholesale-Bang-30K-Pro-30000-Puffs-Double-Flavors-Disposable-Vape-3.webp\" alt=\"all&#039;ingrosso Bang 30K Pro 30000 boccate Doppio gusto Vape usa e getta 3\" width=\"1000\" height=\"1500\" srcset=\"https:\/\/www.vapeswholesaler.com\/wp-content\/uploads\/2024\/09\/Wholesale-Bang-30K-Pro-30000-Puffs-Double-Flavors-Disposable-Vape-3.webp 1000w, https:\/\/www.vapeswholesaler.com\/wp-content\/uploads\/2024\/09\/Wholesale-Bang-30K-Pro-30000-Puffs-Double-Flavors-Disposable-Vape-3-200x300.webp 200w, https:\/\/www.vapeswholesaler.com\/wp-content\/uploads\/2024\/09\/Wholesale-Bang-30K-Pro-30000-Puffs-Double-Flavors-Disposable-Vape-3-683x1024.webp 683w, https:\/\/www.vapeswholesaler.com\/wp-content\/uploads\/2024\/09\/Wholesale-Bang-30K-Pro-30000-Puffs-Double-Flavors-Disposable-Vape-3-768x1152.webp 768w, https:\/\/www.vapeswholesaler.com\/wp-content\/uploads\/2024\/09\/Wholesale-Bang-30K-Pro-30000-Puffs-Double-Flavors-Disposable-Vape-3-8x12.webp 8w, https:\/\/www.vapeswholesaler.com\/wp-content\/uploads\/2024\/09\/Wholesale-Bang-30K-Pro-30000-Puffs-Double-Flavors-Disposable-Vape-3-510x765.webp 510w\" sizes=\"auto, (max-width: 1000px) 100vw, 1000px\" \/><figcaption id=\"caption-attachment-19538\" class=\"wp-caption-text\">all'ingrosso Bang 30K Pro 30000 soffi doppi sapori usa e getta Vape<\/figcaption><\/figure>\n<\/div>","protected":false},"excerpt":{"rendered":"<p>Quantit\u00e0 minima d'ordine:\u00a0<strong>50 pezzi<\/strong>\u00a0(Gusti misti)\u00a0\u00a0<strong>Spedizione gratuita<\/strong><\/p>\n<p>(<strong>2%, 5% Nic<\/strong>)<\/p>","protected":false},"featured_media":19555,"comment_status":"open","ping_status":"closed","template":"","meta":[],"product_cat":[15],"product_tag":[388,390,374],"class_list":{"0":"post-19556","1":"product","2":"type-product","3":"status-publish","4":"has-post-thumbnail","6":"product_cat-disposable-vape","7":"product_tag-bang","8":"product_tag-bnag-king","9":"product_tag-30000-puffs","10":"product_brand-bang","12":"first","13":"instock","14":"shipping-taxable","15":"purchasable","16":"product-type-variable","17":"has-default-attributes"},"aioseo_notices":[],"_links":{"self":[{"href":"https:\/\/www.vapeswholesaler.com\/it\/wp-json\/wp\/v2\/product\/19556","targetHints":{"allow":["GET"]}}],"collection":[{"href":"https:\/\/www.vapeswholesaler.com\/it\/wp-json\/wp\/v2\/product"}],"about":[{"href":"https:\/\/www.vapeswholesaler.com\/it\/wp-json\/wp\/v2\/types\/product"}],"replies":[{"embeddable":true,"href":"https:\/\/www.vapeswholesaler.com\/it\/wp-json\/wp\/v2\/comments?post=19556"}],"wp:featuredmedia":[{"embeddable":true,"href":"https:\/\/www.vapeswholesaler.com\/it\/wp-json\/wp\/v2\/media\/19555"}],"wp:attachment":[{"href":"https:\/\/www.vapeswholesaler.com\/it\/wp-json\/wp\/v2\/media?parent=19556"}],"wp:term":[{"taxonomy":"product_cat","embeddable":true,"href":"https:\/\/www.vapeswholesaler.com\/it\/wp-json\/wp\/v2\/product_cat?post=19556"},{"taxonomy":"product_tag","embeddable":true,"href":"https:\/\/www.vapeswholesaler.com\/it\/wp-json\/wp\/v2\/product_tag?post=19556"}],"curies":[{"name":"wp","href":"https:\/\/api.w.org\/{rel}","templated":true}]}}