{"id":19352,"date":"2024-08-25T17:06:57","date_gmt":"2024-08-25T09:06:57","guid":{"rendered":"https:\/\/www.vapeswholesaler.com\/?post_type=product&#038;p=19352"},"modified":"2025-02-23T14:07:14","modified_gmt":"2025-02-23T06:07:14","slug":"allingrosso-vabeen-cyber-flex-25000-puff-monouso-vape","status":"publish","type":"product","link":"https:\/\/www.vapeswholesaler.com\/it\/prodotto\/allingrosso-vabeen-cyber-flex-25000-puff-monouso-vape","title":{"rendered":"all'ingrosso Vabeen Cyber Flex 25000 Puffs usa e getta Vape"},"content":{"rendered":"<p>Vabeen Cyber Flex 25000 Puffs Disposable Vape \u00e8 dotato di bobine a doppia maglia e di uno schermo extra large per 4 modalit\u00e0 di vaping e per un massimo di 25000 puff.<\/p>\n<p>Vabeen Cyber Flex 25000 Puffs Disposable Vape \u00e8 un vape versatile che offre quattro diversi livelli di uscita, una precisa regolazione del flusso d'aria e freschi effetti di luce per il vaping. Vabeen Cyber Flex \u00e8 ricco di elementi futuristici e cyberpunk. La luce respiratoria illuminer\u00e0 lo schermo e vi render\u00e0 i vaper pi\u00f9 cool. L'ampio schermo visualizza chiaramente tutti i dati di cui avete bisogno e vi permette di operare cliccando sul pulsante o toccando il touch screen. Potrete svapare senza problemi grazie alle 4 modalit\u00e0 di uscita e alla regolazione del flusso d'aria.<\/p>\n<p>L'eccezionale capacit\u00e0 di 25.000 boccate del Vabeen Cyber Flex Disposable Vape Kit \u00e8 progettata per offrire un'esperienza di vaping straordinaria. Questo dispositivo \u00e8 pre-riempito con E-liquid premium, garantendo un sapore costante e una produzione di vapore omogenea per un uso prolungato. \u00c8 stato progettato per i vapers che apprezzano sia la durata che la convenienza. Grazie alla batteria integrata, il dispositivo pu\u00f2 funzionare ininterrottamente senza bisogno di essere ricaricato per tutta la durata della sua vita.<\/p>\n<h2><strong>Vabeen Cyber Flex 25000 Puff Caratteristiche:<\/strong><\/h2>\n<ul>\n<li>Succo elettronico pre-riempito<\/li>\n<li>Batteria interna ricaricabile da 800 mAh<\/li>\n<li>Conteggio dei soffi: Circa 25000 soffi<\/li>\n<li>Schermo completo da 3,4 pollici ultra grande<\/li>\n<li>4 modalit\u00e0 di svapo: Modalit\u00e0 Eco (14W)\/Modalit\u00e0 normale (15-16W)\/Modalit\u00e0 avanzata (17-19W)\/Modalit\u00e0 massima (20-22W)<\/li>\n<li>Regolazione del flusso d'aria<\/li>\n<li>Respirare luce<\/li>\n<li>5%(50mg) Forza di nicotina<\/li>\n<li>Ricarica di tipo-C (non inclusa)<\/li>\n<li>Attivato dal disegno<\/li>\n<li>Vaping MTL<\/li>\n<\/ul>\n<h2><strong>Vabeen Cyber Flex 25000 Puffs Gusti:<\/strong><\/h2>\n<ol>\n<li>Ghiaccio Blu Razz<\/li>\n<li>Ribes nero Slashy<\/li>\n<li>Mirtillo Ciliegia Mirtillo Rosso<\/li>\n<li>Ghiaccio alla pesca succosa<\/li>\n<li>Triplo mango<\/li>\n<li>Fragola e cocco<\/li>\n<li>Blow Pop alla mela acida<\/li>\n<li>Popcorn al caramello<\/li>\n<li>Ciliegia e limone<\/li>\n<li>Ananas anguria<\/li>\n<li>Ghiaccio lussureggiante<\/li>\n<li>Menta blu<\/li>\n<li>Anguria alla fragola<\/li>\n<li>Ciliegia nera<\/li>\n<li>Frutto del drago Banana Ciliegia<\/li>\n<\/ol>\n<h2><strong>Elenco degli imballaggi:<\/strong><\/h2>\n<p>1pz ogni singola scatola<br \/>\n10 pezzi per ogni scatola da esposizione<br \/>\n200 pezzi per cartone<\/p>\n<p>&nbsp;<\/p>\n<p><img loading=\"lazy\" decoding=\"async\" class=\"alignnone wp-image-19349 size-full\" title=\"all&#039;ingrosso Vabeen Cyber Flex 25000 Puffs usa e getta Vape 11\" src=\"https:\/\/www.vapeswholesaler.com\/wp-content\/uploads\/2024\/08\/Wholesale-Vabeen-Cyber-Flex-25000-Puffs-Disposable-Vape-11.webp\" alt=\"all&#039;ingrosso Vabeen Cyber Flex 25000 Puffs usa e getta Vape 11\" width=\"800\" height=\"267\" srcset=\"https:\/\/www.vapeswholesaler.com\/wp-content\/uploads\/2024\/08\/Wholesale-Vabeen-Cyber-Flex-25000-Puffs-Disposable-Vape-11.webp 800w, https:\/\/www.vapeswholesaler.com\/wp-content\/uploads\/2024\/08\/Wholesale-Vabeen-Cyber-Flex-25000-Puffs-Disposable-Vape-11-300x100.webp 300w, https:\/\/www.vapeswholesaler.com\/wp-content\/uploads\/2024\/08\/Wholesale-Vabeen-Cyber-Flex-25000-Puffs-Disposable-Vape-11-768x256.webp 768w, https:\/\/www.vapeswholesaler.com\/wp-content\/uploads\/2024\/08\/Wholesale-Vabeen-Cyber-Flex-25000-Puffs-Disposable-Vape-11-18x6.webp 18w, https:\/\/www.vapeswholesaler.com\/wp-content\/uploads\/2024\/08\/Wholesale-Vabeen-Cyber-Flex-25000-Puffs-Disposable-Vape-11-510x170.webp 510w\" sizes=\"auto, (max-width: 800px) 100vw, 800px\" \/> <img loading=\"lazy\" decoding=\"async\" class=\"alignnone wp-image-19350 size-full\" title=\"all&#039;ingrosso Vabeen Cyber Flex 25000 Puffs usa e getta Vape 12\" src=\"https:\/\/www.vapeswholesaler.com\/wp-content\/uploads\/2024\/08\/Wholesale-Vabeen-Cyber-Flex-25000-Puffs-Disposable-Vape-12.webp\" alt=\"all&#039;ingrosso Vabeen Cyber Flex 25000 Puffs usa e getta Vape 12\" width=\"800\" height=\"800\" srcset=\"https:\/\/www.vapeswholesaler.com\/wp-content\/uploads\/2024\/08\/Wholesale-Vabeen-Cyber-Flex-25000-Puffs-Disposable-Vape-12.webp 800w, https:\/\/www.vapeswholesaler.com\/wp-content\/uploads\/2024\/08\/Wholesale-Vabeen-Cyber-Flex-25000-Puffs-Disposable-Vape-12-300x300.webp 300w, https:\/\/www.vapeswholesaler.com\/wp-content\/uploads\/2024\/08\/Wholesale-Vabeen-Cyber-Flex-25000-Puffs-Disposable-Vape-12-150x150.webp 150w, https:\/\/www.vapeswholesaler.com\/wp-content\/uploads\/2024\/08\/Wholesale-Vabeen-Cyber-Flex-25000-Puffs-Disposable-Vape-12-768x768.webp 768w, https:\/\/www.vapeswholesaler.com\/wp-content\/uploads\/2024\/08\/Wholesale-Vabeen-Cyber-Flex-25000-Puffs-Disposable-Vape-12-12x12.webp 12w, https:\/\/www.vapeswholesaler.com\/wp-content\/uploads\/2024\/08\/Wholesale-Vabeen-Cyber-Flex-25000-Puffs-Disposable-Vape-12-247x247.webp 247w, https:\/\/www.vapeswholesaler.com\/wp-content\/uploads\/2024\/08\/Wholesale-Vabeen-Cyber-Flex-25000-Puffs-Disposable-Vape-12-510x510.webp 510w, https:\/\/www.vapeswholesaler.com\/wp-content\/uploads\/2024\/08\/Wholesale-Vabeen-Cyber-Flex-25000-Puffs-Disposable-Vape-12-100x100.webp 100w\" sizes=\"auto, (max-width: 800px) 100vw, 800px\" \/> <img loading=\"lazy\" decoding=\"async\" class=\"alignnone wp-image-19348 size-full\" title=\"all&#039;ingrosso Vabeen Cyber Flex 25000 Puffs usa e getta Vape 10\" src=\"https:\/\/www.vapeswholesaler.com\/wp-content\/uploads\/2024\/08\/Wholesale-Vabeen-Cyber-Flex-25000-Puffs-Disposable-Vape-10.webp\" alt=\"all&#039;ingrosso Vabeen Cyber Flex 25000 Puffs usa e getta Vape 10\" width=\"800\" height=\"782\" srcset=\"https:\/\/www.vapeswholesaler.com\/wp-content\/uploads\/2024\/08\/Wholesale-Vabeen-Cyber-Flex-25000-Puffs-Disposable-Vape-10.webp 800w, https:\/\/www.vapeswholesaler.com\/wp-content\/uploads\/2024\/08\/Wholesale-Vabeen-Cyber-Flex-25000-Puffs-Disposable-Vape-10-300x293.webp 300w, https:\/\/www.vapeswholesaler.com\/wp-content\/uploads\/2024\/08\/Wholesale-Vabeen-Cyber-Flex-25000-Puffs-Disposable-Vape-10-768x751.webp 768w, https:\/\/www.vapeswholesaler.com\/wp-content\/uploads\/2024\/08\/Wholesale-Vabeen-Cyber-Flex-25000-Puffs-Disposable-Vape-10-12x12.webp 12w, https:\/\/www.vapeswholesaler.com\/wp-content\/uploads\/2024\/08\/Wholesale-Vabeen-Cyber-Flex-25000-Puffs-Disposable-Vape-10-510x499.webp 510w\" sizes=\"auto, (max-width: 800px) 100vw, 800px\" \/><\/p>","protected":false},"excerpt":{"rendered":"<p>Quantit\u00e0 minima d'ordine: <strong>100 PCS<\/strong>\u00a0(Gusti misti)\u00a0\u00a0<strong>Spedizione gratuita<\/strong><\/p>\n<p>(<strong>2%, 5% Nic<\/strong>)<\/p>","protected":false},"featured_media":19339,"comment_status":"open","ping_status":"closed","template":"","meta":[],"product_cat":[15],"product_tag":[],"class_list":{"0":"post-19352","1":"product","2":"type-product","3":"status-publish","4":"has-post-thumbnail","6":"product_cat-disposable-vape","7":"product_brand-vabeen","9":"first","10":"outofstock","11":"shipping-taxable","12":"purchasable","13":"product-type-variable","14":"has-default-attributes"},"aioseo_notices":[],"_links":{"self":[{"href":"https:\/\/www.vapeswholesaler.com\/it\/wp-json\/wp\/v2\/product\/19352","targetHints":{"allow":["GET"]}}],"collection":[{"href":"https:\/\/www.vapeswholesaler.com\/it\/wp-json\/wp\/v2\/product"}],"about":[{"href":"https:\/\/www.vapeswholesaler.com\/it\/wp-json\/wp\/v2\/types\/product"}],"replies":[{"embeddable":true,"href":"https:\/\/www.vapeswholesaler.com\/it\/wp-json\/wp\/v2\/comments?post=19352"}],"wp:featuredmedia":[{"embeddable":true,"href":"https:\/\/www.vapeswholesaler.com\/it\/wp-json\/wp\/v2\/media\/19339"}],"wp:attachment":[{"href":"https:\/\/www.vapeswholesaler.com\/it\/wp-json\/wp\/v2\/media?parent=19352"}],"wp:term":[{"taxonomy":"product_cat","embeddable":true,"href":"https:\/\/www.vapeswholesaler.com\/it\/wp-json\/wp\/v2\/product_cat?post=19352"},{"taxonomy":"product_tag","embeddable":true,"href":"https:\/\/www.vapeswholesaler.com\/it\/wp-json\/wp\/v2\/product_tag?post=19352"}],"curies":[{"name":"wp","href":"https:\/\/api.w.org\/{rel}","templated":true}]}}