{"id":19237,"date":"2024-08-20T12:21:27","date_gmt":"2024-08-20T04:21:27","guid":{"rendered":"https:\/\/www.vapeswholesaler.com\/?post_type=product&#038;p=19237"},"modified":"2025-07-01T14:28:00","modified_gmt":"2025-07-01T06:28:00","slug":"allingrosso-mrvi-arting-18000-soffi-monouso-vape","status":"publish","type":"product","link":"https:\/\/www.vapeswholesaler.com\/it\/prodotto\/allingrosso-mrvi-arting-18000-soffi-monouso-vape","title":{"rendered":"all'ingrosso MRVI Arting 18000 Puffs usa e getta vape"},"content":{"rendered":"<p>MRVI Arting 18000 Puffs 4 modalit\u00e0 di riscaldamento, ECO: modello normale, PLUS: modello normale, PRO: bobina a doppia maglia a bassa potenza, MAX: bobina a doppia maglia ad alta potenza), Ogni volta che si preme il pulsante inferiore, si cambia modalit\u00e0. Le prime due modalit\u00e0 sono quelle normali (filo riscaldante a maglia singola, gusto pi\u00f9 morbido, adatto ai fumatori alle prime armi), mentre le ultime due modalit\u00e0 sono quelle a doppia maglia (filo riscaldante a doppia maglia, mainstream sul mercato, gusto forte, elevata combustione, adatto ai fumatori di vecchia data) a bassa potenza (tensione di uscita intorno ai 10W, gusto morbido e omogeneo) ad alta potenza (tensione di uscita intorno ai 20W, gusto forte, con colpo in gola).<\/p>\n<p>I nostri prodotti offrono 4 modalit\u00e0 di riscaldamento per un'esperienza ottimale di personalizzazione della sigaretta elettronica. ECO e PLUS sono disponibili in modelli normali con un filo riscaldante a singolo nucleo di mesh, perfetti per i fumatori alle prime armi che desiderano un gusto pi\u00f9 morbido. Per gli appassionati di sigarette elettroniche pi\u00f9 esperti, i modelli PRO e MAX sono dotati di doppia bobina a maglie per un sapore ricco e un'elevata potenza. Il modello PRO funziona a bassa potenza per un gusto morbido e omogeneo, mentre il modello MAX eroga un'elevata potenza per un sapore ricco e un colpo in gola. \u00c8 sufficiente premere il pulsante inferiore per passare da una modalit\u00e0 all'altra e migliorare l'esperienza della sigaretta elettronica.<\/p>\n<h2><strong><a href=\"https:\/\/www.vapeswholesaler.com\/it\/marca_prodotto\/mrvi\/\">MRVI<\/a> Arting 18000 Puffs Caratteristiche:<\/strong><\/h2>\n<ul>\n<li>HD a schermo intero<\/li>\n<li>Modello QuadrupleIt<\/li>\n<li>Batteria ricaricabile da 600 mAh<\/li>\n<li>26 ml di e-liquido pre-riempito<\/li>\n<li>0\/2%\/3%\/5% intensit\u00e0 di nicotina<\/li>\n<li>Raggiunge fino a 18000 soffi<\/li>\n<li>Bobina a maglia da 1,0 ohm<\/li>\n<li>Porta di ricarica Type-C<\/li>\n<li>10 gusti disponibili<\/li>\n<\/ul>\n<h2><strong>Aromi:<\/strong><\/h2>\n<ol>\n<li>Mirtillo nero<\/li>\n<li>Ghiaccio Blu Razz<\/li>\n<li>Anguria alla ciliegia<\/li>\n<li>Ghiaccio Fuji<\/li>\n<li>Ghiaccio d'uva<\/li>\n<li>Limone e lime<\/li>\n<li>Pesca e mango<\/li>\n<li>Ananas, fragola, banana<\/li>\n<li>Ghiaccio alla fragola e al kiwi<\/li>\n<li>Ghiaccio all'anguria<\/li>\n<\/ol>\n<h2><strong>Elenco degli imballaggi:<\/strong><\/h2>\n<p>1pz ogni singola scatola<br \/>\n10 pezzi in una confezione media<br \/>\n200 pezzi per cartone<\/p>\n<p>&nbsp;<\/p>\n<figure id=\"attachment_19226\" aria-describedby=\"caption-attachment-19226\" style=\"width: 800px\" class=\"wp-caption alignnone\"><img loading=\"lazy\" decoding=\"async\" class=\"wp-image-19226 size-full\" title=\"all&#039;ingrosso MRVI Arting 18000 Puffs usa e getta vape 3\" src=\"https:\/\/www.vapeswholesaler.com\/wp-content\/uploads\/2024\/08\/Wholesale-MRVI-Arting-18000-Puffs-Disposable-vape-3.webp\" alt=\"all&#039;ingrosso MRVI Arting 18000 Puffs usa e getta vape 3\" width=\"800\" height=\"1007\" srcset=\"https:\/\/www.vapeswholesaler.com\/wp-content\/uploads\/2024\/08\/Wholesale-MRVI-Arting-18000-Puffs-Disposable-vape-3.webp 800w, https:\/\/www.vapeswholesaler.com\/wp-content\/uploads\/2024\/08\/Wholesale-MRVI-Arting-18000-Puffs-Disposable-vape-3-238x300.webp 238w, https:\/\/www.vapeswholesaler.com\/wp-content\/uploads\/2024\/08\/Wholesale-MRVI-Arting-18000-Puffs-Disposable-vape-3-768x967.webp 768w, https:\/\/www.vapeswholesaler.com\/wp-content\/uploads\/2024\/08\/Wholesale-MRVI-Arting-18000-Puffs-Disposable-vape-3-10x12.webp 10w, https:\/\/www.vapeswholesaler.com\/wp-content\/uploads\/2024\/08\/Wholesale-MRVI-Arting-18000-Puffs-Disposable-vape-3-510x642.webp 510w\" sizes=\"auto, (max-width: 800px) 100vw, 800px\" \/><figcaption id=\"caption-attachment-19226\" class=\"wp-caption-text\">all'ingrosso MRVI Arting 18000 Puffs usa e getta vape<\/figcaption><\/figure>","protected":false},"excerpt":{"rendered":"<p>Quantit\u00e0 minima d'ordine: <strong>100 pezzi<\/strong>\u00a0(Gusti misti)\u00a0\u00a0<strong>Spedizione gratuita<\/strong><\/p>\n<p>(<strong>2%, 5% Nic<\/strong>)<\/p>","protected":false},"featured_media":19234,"comment_status":"open","ping_status":"closed","template":"","meta":[],"product_cat":[15],"product_tag":[55,373,387],"class_list":{"0":"post-19237","1":"product","2":"type-product","3":"status-publish","4":"has-post-thumbnail","6":"product_cat-disposable-vape","7":"product_tag-18000-puffs","8":"product_tag-europe-warehouse","9":"product_tag-mrvi","10":"product_brand-mrvi","12":"first","13":"instock","14":"shipping-taxable","15":"purchasable","16":"product-type-variable","17":"has-default-attributes"},"aioseo_notices":[],"_links":{"self":[{"href":"https:\/\/www.vapeswholesaler.com\/it\/wp-json\/wp\/v2\/product\/19237","targetHints":{"allow":["GET"]}}],"collection":[{"href":"https:\/\/www.vapeswholesaler.com\/it\/wp-json\/wp\/v2\/product"}],"about":[{"href":"https:\/\/www.vapeswholesaler.com\/it\/wp-json\/wp\/v2\/types\/product"}],"replies":[{"embeddable":true,"href":"https:\/\/www.vapeswholesaler.com\/it\/wp-json\/wp\/v2\/comments?post=19237"}],"wp:featuredmedia":[{"embeddable":true,"href":"https:\/\/www.vapeswholesaler.com\/it\/wp-json\/wp\/v2\/media\/19234"}],"wp:attachment":[{"href":"https:\/\/www.vapeswholesaler.com\/it\/wp-json\/wp\/v2\/media?parent=19237"}],"wp:term":[{"taxonomy":"product_cat","embeddable":true,"href":"https:\/\/www.vapeswholesaler.com\/it\/wp-json\/wp\/v2\/product_cat?post=19237"},{"taxonomy":"product_tag","embeddable":true,"href":"https:\/\/www.vapeswholesaler.com\/it\/wp-json\/wp\/v2\/product_tag?post=19237"}],"curies":[{"name":"wp","href":"https:\/\/api.w.org\/{rel}","templated":true}]}}