{"id":19163,"date":"2024-08-16T19:00:12","date_gmt":"2024-08-16T11:00:12","guid":{"rendered":"https:\/\/www.vapeswholesaler.com\/?post_type=product&#038;p=19163"},"modified":"2025-03-14T12:38:45","modified_gmt":"2025-03-14T04:38:45","slug":"allingrosso-vapsolo-dg18000-18000-puffs-monouso-vape","status":"publish","type":"product","link":"https:\/\/www.vapeswholesaler.com\/it\/prodotto\/allingrosso-vapsolo-dg18000-18000-puffs-monouso-vape","title":{"rendered":"all'ingrosso Vapsolo DG18000 18000 soffi monouso Vape"},"content":{"rendered":"<p>Provate il lusso della sigaretta elettronica Vapsolo DG18000. Con 18000 boccate, due modalit\u00e0 e un display intelligente, \u00e8 possibile monitorare facilmente i livelli di olio e batteria. La modalit\u00e0 regolare \u00e8 perfetta per l'uso quotidiano, mentre la modalit\u00e0 boost offre un sapore intenso. Il design elegante, la ricarica rapida e le funzioni di sicurezza integrate garantiscono un'esperienza raffinata e senza sforzo.<\/p>\n<h2><strong><a href=\"https:\/\/www.vapeswholesaler.com\/it\/marca_prodotto\/vapsolo\/\">Vapsolo<\/a> DG18000 Puffs Caratteristiche:<\/strong><\/h2>\n<ul>\n<li>Batteria ricaricabile da 650 mAh<\/li>\n<li>28 ml di e-liquido pre-riempito<\/li>\n<li>2%\/5% intensit\u00e0 di nicotina<\/li>\n<li>Raggiunge fino a 18000 soffi<\/li>\n<li>Design non ricaricabile<\/li>\n<li>Bobina a doppia maglia<\/li>\n<li>Porta di ricarica Type-C<\/li>\n<li>10 gusti disponibili<\/li>\n<\/ul>\n<h2><strong>Vapsolo DG18000 Puffs Aromi:<\/strong><\/h2>\n<ol>\n<li>Pesca Mango Ananas<\/li>\n<li>Ghiaccio al kiwi e frutto della passione<\/li>\n<li>Mirtillo Ciliegia Mirtillo Rosso<\/li>\n<li>Ghiaccio all'anguria<\/li>\n<li>Fragola Kiwi<\/li>\n<li>Limone e lime<\/li>\n<li>Fragola e banana<\/li>\n<li>Toro rosso<\/li>\n<li>Bacche miste<\/li>\n<li>Anguria fragola di prima scelta<\/li>\n<\/ol>\n<h2><strong>Elenco degli imballaggi:<\/strong><\/h2>\n<p>1 pz. ogni singolo espositore<br \/>\n10pz ogni scatola centrale<br \/>\n200 pezzi per cartone<\/p>\n<p>&nbsp;<\/p>\n<p><img loading=\"lazy\" decoding=\"async\" class=\"wp-image-19151 size-full\" title=\"all&#039;ingrosso Vapsolo DG18000 18000 Puffs usa e getta Vape 3\" src=\"https:\/\/www.vapeswholesaler.com\/wp-content\/uploads\/2024\/08\/Wholesale-Vapsolo-DG18000-18000-Puffs-Disposable-Vape-3.webp\" alt=\"all&#039;ingrosso Vapsolo DG18000 18000 Puffs usa e getta Vape 3\" width=\"800\" height=\"800\" srcset=\"https:\/\/www.vapeswholesaler.com\/wp-content\/uploads\/2024\/08\/Wholesale-Vapsolo-DG18000-18000-Puffs-Disposable-Vape-3.webp 800w, https:\/\/www.vapeswholesaler.com\/wp-content\/uploads\/2024\/08\/Wholesale-Vapsolo-DG18000-18000-Puffs-Disposable-Vape-3-300x300.webp 300w, https:\/\/www.vapeswholesaler.com\/wp-content\/uploads\/2024\/08\/Wholesale-Vapsolo-DG18000-18000-Puffs-Disposable-Vape-3-150x150.webp 150w, https:\/\/www.vapeswholesaler.com\/wp-content\/uploads\/2024\/08\/Wholesale-Vapsolo-DG18000-18000-Puffs-Disposable-Vape-3-768x768.webp 768w, https:\/\/www.vapeswholesaler.com\/wp-content\/uploads\/2024\/08\/Wholesale-Vapsolo-DG18000-18000-Puffs-Disposable-Vape-3-12x12.webp 12w, https:\/\/www.vapeswholesaler.com\/wp-content\/uploads\/2024\/08\/Wholesale-Vapsolo-DG18000-18000-Puffs-Disposable-Vape-3-247x247.webp 247w, https:\/\/www.vapeswholesaler.com\/wp-content\/uploads\/2024\/08\/Wholesale-Vapsolo-DG18000-18000-Puffs-Disposable-Vape-3-510x510.webp 510w, https:\/\/www.vapeswholesaler.com\/wp-content\/uploads\/2024\/08\/Wholesale-Vapsolo-DG18000-18000-Puffs-Disposable-Vape-3-100x100.webp 100w\" sizes=\"auto, (max-width: 800px) 100vw, 800px\" \/><\/p>\n<p><img loading=\"lazy\" decoding=\"async\" class=\"alignnone wp-image-19152 size-full\" title=\"all&#039;ingrosso Vapsolo DG18000 18000 Puffs usa e getta Vape 4\" src=\"https:\/\/www.vapeswholesaler.com\/wp-content\/uploads\/2024\/08\/Wholesale-Vapsolo-DG18000-18000-Puffs-Disposable-Vape-4.webp\" alt=\"all&#039;ingrosso Vapsolo DG18000 18000 Puffs usa e getta Vape 4\" width=\"800\" height=\"1067\" srcset=\"https:\/\/www.vapeswholesaler.com\/wp-content\/uploads\/2024\/08\/Wholesale-Vapsolo-DG18000-18000-Puffs-Disposable-Vape-4.webp 800w, https:\/\/www.vapeswholesaler.com\/wp-content\/uploads\/2024\/08\/Wholesale-Vapsolo-DG18000-18000-Puffs-Disposable-Vape-4-225x300.webp 225w, https:\/\/www.vapeswholesaler.com\/wp-content\/uploads\/2024\/08\/Wholesale-Vapsolo-DG18000-18000-Puffs-Disposable-Vape-4-768x1024.webp 768w, https:\/\/www.vapeswholesaler.com\/wp-content\/uploads\/2024\/08\/Wholesale-Vapsolo-DG18000-18000-Puffs-Disposable-Vape-4-9x12.webp 9w, https:\/\/www.vapeswholesaler.com\/wp-content\/uploads\/2024\/08\/Wholesale-Vapsolo-DG18000-18000-Puffs-Disposable-Vape-4-510x680.webp 510w\" sizes=\"auto, (max-width: 800px) 100vw, 800px\" \/><\/p>\n<p>&nbsp;<\/p>\n<p>&nbsp;<\/p>","protected":false},"excerpt":{"rendered":"<p>Quantit\u00e0 minima d'ordine: <strong>50 pezzi<\/strong>\u00a0(Gusti misti) Spedizione gratuita<\/p>\n<p>(<strong>2%, 5% Nic<\/strong>) Tempo di spedizione del magazzino UE 5-6 giorni lavorativi<\/p>","protected":false},"featured_media":19159,"comment_status":"open","ping_status":"closed","template":"","meta":[],"product_cat":[15],"product_tag":[],"class_list":{"0":"post-19163","1":"product","2":"type-product","3":"status-publish","4":"has-post-thumbnail","6":"product_cat-disposable-vape","7":"product_brand-vapsolo","9":"first","10":"outofstock","11":"shipping-taxable","12":"purchasable","13":"product-type-variable","14":"has-default-attributes"},"aioseo_notices":[],"_links":{"self":[{"href":"https:\/\/www.vapeswholesaler.com\/it\/wp-json\/wp\/v2\/product\/19163","targetHints":{"allow":["GET"]}}],"collection":[{"href":"https:\/\/www.vapeswholesaler.com\/it\/wp-json\/wp\/v2\/product"}],"about":[{"href":"https:\/\/www.vapeswholesaler.com\/it\/wp-json\/wp\/v2\/types\/product"}],"replies":[{"embeddable":true,"href":"https:\/\/www.vapeswholesaler.com\/it\/wp-json\/wp\/v2\/comments?post=19163"}],"wp:featuredmedia":[{"embeddable":true,"href":"https:\/\/www.vapeswholesaler.com\/it\/wp-json\/wp\/v2\/media\/19159"}],"wp:attachment":[{"href":"https:\/\/www.vapeswholesaler.com\/it\/wp-json\/wp\/v2\/media?parent=19163"}],"wp:term":[{"taxonomy":"product_cat","embeddable":true,"href":"https:\/\/www.vapeswholesaler.com\/it\/wp-json\/wp\/v2\/product_cat?post=19163"},{"taxonomy":"product_tag","embeddable":true,"href":"https:\/\/www.vapeswholesaler.com\/it\/wp-json\/wp\/v2\/product_tag?post=19163"}],"curies":[{"name":"wp","href":"https:\/\/api.w.org\/{rel}","templated":true}]}}