{"id":19089,"date":"2024-08-16T10:35:21","date_gmt":"2024-08-16T02:35:21","guid":{"rendered":"https:\/\/www.vapeswholesaler.com\/?post_type=product&#038;p=19089"},"modified":"2026-03-27T15:42:56","modified_gmt":"2026-03-27T07:42:56","slug":"allingrosso-bang-king-doppio-cristallo-20000-puff-monouso-vape","status":"publish","type":"product","link":"https:\/\/www.vapeswholesaler.com\/it\/prodotto\/allingrosso-bang-king-doppio-cristallo-20000-puff-monouso-vape","title":{"rendered":"all'ingrosso Bang King Crystal 20000 Puffs usa e getta Vape"},"content":{"rendered":"<p><a href=\"https:\/\/www.vapeswholesaler.com\/it\/marca_prodotto\/botto\/\">Bang<\/a> King Crystal 20000 Puffs viene fornito con 2 tazze Eliquid, \u00e8 progettato per un uso prolungato, riducendo la necessit\u00e0 di frequenti sostituzioni con i suoi impressionanti 20.000 puff per dispositivo. Si adatta a diverse preferenze di svapo con quattro intensit\u00e0 di nicotina (0%, 2%, 3% e 5%). Il dispositivo \u00e8 dotato di una batteria ricaricabile da 650 mAh e di una ricarica di tipo C, per garantire praticit\u00e0 e longevit\u00e0. La generosa capacit\u00e0 di 25 ml di e-liquid consente sessioni di svapo prolungate senza il fastidio di continue ricariche. Inoltre, l'avanzata bobina a maglia da 1,0\u03a9 offre un vapore omogeneo e un sapore ricco, garantendo un'esperienza di svapo di alto livello.<\/p>\n<p>Offriamo piccole quantit\u00e0 all'ingrosso con un ordine minimo di 100pcs. Tutti i nostri clienti possono godere dei prezzi all'ingrosso pi\u00f9 equi e della velocit\u00e0 di spedizione pi\u00f9 rapida, saremo il vostro fornitore pi\u00f9 affidabile e cresceremo insieme.<\/p>\n<h2><strong><a href=\"https:\/\/www.facebook.com\/fred.luo.58\/\">Bang<\/a> King Crystal 20000 Puffs Dettagli:<\/strong><\/h2>\n<ul>\n<li>Batteria ricaricabile da 650 mAh<\/li>\n<li>25 ml di e-liquido pre-riempito<\/li>\n<li>0\/2%\/3%\/5% intensit\u00e0 di nicotina<\/li>\n<li>Raggiunge fino a 20000 soffi<\/li>\n<li>Bobina di rete<\/li>\n<li>Porta di ricarica Type-C<\/li>\n<li>12 gusti disponibili<\/li>\n<\/ul>\n<h2><strong>Aromi:<\/strong><\/h2>\n<ol>\n<li>Razz blu<\/li>\n<li>Ghiaccio al mirtillo<\/li>\n<li>Bevanda energetica<\/li>\n<li>Ghiaccio d'uva<\/li>\n<li>Kiwi Frutto della passione Guava<\/li>\n<li>Frutta mista<\/li>\n<li>Ghiaccio alla pesca<\/li>\n<li>Mela acida e lampone<\/li>\n<li>Fragola Kiwi<\/li>\n<li>Mango alla fragola<\/li>\n<li>Anguria alla fragola<\/li>\n<li>Ghiaccio all'anguria<\/li>\n<\/ol>\n<h2><strong>Elenco degli imballaggi:<\/strong><\/h2>\n<p>Singolo con confezione piccola<br \/>\n10 pezzi in una confezione media<br \/>\n200 pezzi per cartone<\/p>\n<figure id=\"attachment_19093\" aria-describedby=\"caption-attachment-19093\" style=\"width: 800px\" class=\"wp-caption alignnone\"><img loading=\"lazy\" decoding=\"async\" class=\"wp-image-19093 size-full\" title=\"Wholesa Bang King Double Crystal 20000 Puffs usa e getta Vape 4\" src=\"https:\/\/www.vapeswholesaler.com\/wp-content\/uploads\/2024\/08\/Wholesa-Bang-King-Double-Crystal-20000-Puffs-Disposable-Vape-4-1.jpg\" alt=\"all&#039;ingrosso Bang King Double Crystal 20000 Puffs Disposable Vape 4\" width=\"800\" height=\"500\" srcset=\"https:\/\/www.vapeswholesaler.com\/wp-content\/uploads\/2024\/08\/Wholesa-Bang-King-Double-Crystal-20000-Puffs-Disposable-Vape-4-1.jpg 800w, https:\/\/www.vapeswholesaler.com\/wp-content\/uploads\/2024\/08\/Wholesa-Bang-King-Double-Crystal-20000-Puffs-Disposable-Vape-4-1-300x188.jpg 300w, https:\/\/www.vapeswholesaler.com\/wp-content\/uploads\/2024\/08\/Wholesa-Bang-King-Double-Crystal-20000-Puffs-Disposable-Vape-4-1-768x480.jpg 768w, https:\/\/www.vapeswholesaler.com\/wp-content\/uploads\/2024\/08\/Wholesa-Bang-King-Double-Crystal-20000-Puffs-Disposable-Vape-4-1-18x12.jpg 18w, https:\/\/www.vapeswholesaler.com\/wp-content\/uploads\/2024\/08\/Wholesa-Bang-King-Double-Crystal-20000-Puffs-Disposable-Vape-4-1-510x319.jpg 510w\" sizes=\"auto, (max-width: 800px) 100vw, 800px\" \/><figcaption id=\"caption-attachment-19093\" class=\"wp-caption-text\">all'ingrosso Bang King Double Crystal 20000 Puffs usa e getta Vape<\/figcaption><\/figure>","protected":false},"excerpt":{"rendered":"<p>Quantit\u00e0 minima d'ordine:\u00a0<strong>50 pezzi <\/strong>(Gusti misti)\u00a0\u00a0<strong>Spedizione gratuita<\/strong><\/p>\n<p>\uff08<strong>0%\uff0c2%\uff0c3%\uff0c5% Nic<\/strong>\uff09<\/p>","protected":false},"featured_media":19090,"comment_status":"open","ping_status":"closed","template":"","meta":[],"product_cat":[15],"product_tag":[100,368,388],"class_list":{"0":"post-19089","1":"product","2":"type-product","3":"status-publish","4":"has-post-thumbnail","6":"product_cat-disposable-vape","7":"product_tag-20000-puffs","8":"product_tag-bang-king","9":"product_tag-bang","10":"product_brand-bang","12":"first","13":"instock","14":"shipping-taxable","15":"purchasable","16":"product-type-variable","17":"has-default-attributes"},"aioseo_notices":[],"_links":{"self":[{"href":"https:\/\/www.vapeswholesaler.com\/it\/wp-json\/wp\/v2\/product\/19089","targetHints":{"allow":["GET"]}}],"collection":[{"href":"https:\/\/www.vapeswholesaler.com\/it\/wp-json\/wp\/v2\/product"}],"about":[{"href":"https:\/\/www.vapeswholesaler.com\/it\/wp-json\/wp\/v2\/types\/product"}],"replies":[{"embeddable":true,"href":"https:\/\/www.vapeswholesaler.com\/it\/wp-json\/wp\/v2\/comments?post=19089"}],"wp:featuredmedia":[{"embeddable":true,"href":"https:\/\/www.vapeswholesaler.com\/it\/wp-json\/wp\/v2\/media\/19090"}],"wp:attachment":[{"href":"https:\/\/www.vapeswholesaler.com\/it\/wp-json\/wp\/v2\/media?parent=19089"}],"wp:term":[{"taxonomy":"product_cat","embeddable":true,"href":"https:\/\/www.vapeswholesaler.com\/it\/wp-json\/wp\/v2\/product_cat?post=19089"},{"taxonomy":"product_tag","embeddable":true,"href":"https:\/\/www.vapeswholesaler.com\/it\/wp-json\/wp\/v2\/product_tag?post=19089"}],"curies":[{"name":"wp","href":"https:\/\/api.w.org\/{rel}","templated":true}]}}