{"id":19043,"date":"2024-08-13T15:27:34","date_gmt":"2024-08-13T07:27:34","guid":{"rendered":"https:\/\/www.vapeswholesaler.com\/?post_type=product&#038;p=19043"},"modified":"2026-04-16T13:42:34","modified_gmt":"2026-04-16T05:42:34","slug":"allingrosso-mrvi-puffing-15000-soffi-monouso-vape","status":"publish","type":"product","link":"https:\/\/www.vapeswholesaler.com\/it\/prodotto\/allingrosso-mrvi-puffing-15000-soffi-monouso-vape","title":{"rendered":"all'ingrosso MRVI PUFFING 15000 Puffs usa e getta vape"},"content":{"rendered":"<p><a href=\"https:\/\/www.vapeswholesaler.com\/it\/marca_prodotto\/mrvi\/\">MRVI<\/a> PUFFING 15000 Puffs Ogni vape monouso contiene 15000 puffs, garantendo un'esperienza di lunga durata. Questa elegante svapata di design aggiunge un tocco di raffinatezza alla vostra collezione di vaping e viene fornita con un cordino originale MRVI. Perfetto per l'uso in movimento o per rilassarsi a casa, questo prodotto \u00e8 un must per tutti gli appassionati di svapo.<\/p>\n<p>Ridefinendo la longevit\u00e0 e le prestazioni, questa sigaretta elettronica monouso offre un'impareggiabile capacit\u00e0 di 25 ml per garantire un'esperienza di sigaretta elettronica di lunga durata senza la necessit\u00e0 di frequenti sostituzioni. Dotata di una batteria ricaricabile da 750 mAh, questa sigaretta usa e getta offre potenza e affidabilit\u00e0 di lunga durata per i vapers che apprezzano le prestazioni di lunga durata.<\/p>\n<h2><strong><a href=\"https:\/\/www.facebook.com\/fred.luo.58\/\">MRVI<\/a> PUFFING 15000 Puffs Caratteristiche:<\/strong><\/h2>\n<ul>\n<li>Bign\u00e8: 15 000<\/li>\n<li>Capacit\u00e0 della batteria: 750mah<\/li>\n<li>Batteria ricaricabile<\/li>\n<li>Capacit\u00e0 del liquido: 25 ml<\/li>\n<li>Intensit\u00e0 di nicotina: 2% 5%<\/li>\n<li>Porta di ricarica: Tipo-C<\/li>\n<li>Bobina a doppia maglia<\/li>\n<li>Con display E Liquid e Power Screen<\/li>\n<li>Accessorio:Cordino<\/li>\n<\/ul>\n<h2><strong>Aromi:<\/strong><\/h2>\n<ol>\n<li>Mirtillo su ghiaccio<\/li>\n<li>Frullato di banana<\/li>\n<li>Anguria alla fragola<\/li>\n<li>Gelato alla melata<\/li>\n<li>Ghiaccio alla mela rossa<\/li>\n<li>Pesca e mango<\/li>\n<li>Mirtillo Bubblegum<\/li>\n<li>Ghiaccio lussureggiante<\/li>\n<li>Ghiaccio all'ananas<\/li>\n<li>Scoppio di rosa<\/li>\n<\/ol>\n<h2><strong>Elenco degli imballaggi:<\/strong><\/h2>\n<p>ogni scatola: 10pcs<br \/>\nogni cartone140pz<br \/>\nogni cartone: 19 kg<br \/>\ndimensione del cartone: 60*32*23cm<\/p>\n<p>&nbsp;<\/p>\n<figure id=\"attachment_19032\" aria-describedby=\"caption-attachment-19032\" style=\"width: 800px\" class=\"wp-caption alignnone\"><img loading=\"lazy\" decoding=\"async\" class=\"wp-image-19032 size-full\" title=\"all&#039;ingrosso MRVI PUFFING 15000 Puffs monouso vape 5\" src=\"https:\/\/www.vapeswholesaler.com\/wp-content\/uploads\/2024\/08\/Wholesale-MRVI-PUFFING-15000-Puffs-disposable-vape-5.webp\" alt=\"all&#039;ingrosso MRVI PUFFING 15000 Puffs monouso vape 5\" width=\"800\" height=\"800\" srcset=\"https:\/\/www.vapeswholesaler.com\/wp-content\/uploads\/2024\/08\/Wholesale-MRVI-PUFFING-15000-Puffs-disposable-vape-5.webp 800w, https:\/\/www.vapeswholesaler.com\/wp-content\/uploads\/2024\/08\/Wholesale-MRVI-PUFFING-15000-Puffs-disposable-vape-5-300x300.webp 300w, https:\/\/www.vapeswholesaler.com\/wp-content\/uploads\/2024\/08\/Wholesale-MRVI-PUFFING-15000-Puffs-disposable-vape-5-150x150.webp 150w, https:\/\/www.vapeswholesaler.com\/wp-content\/uploads\/2024\/08\/Wholesale-MRVI-PUFFING-15000-Puffs-disposable-vape-5-768x768.webp 768w, https:\/\/www.vapeswholesaler.com\/wp-content\/uploads\/2024\/08\/Wholesale-MRVI-PUFFING-15000-Puffs-disposable-vape-5-12x12.webp 12w, https:\/\/www.vapeswholesaler.com\/wp-content\/uploads\/2024\/08\/Wholesale-MRVI-PUFFING-15000-Puffs-disposable-vape-5-247x247.webp 247w, https:\/\/www.vapeswholesaler.com\/wp-content\/uploads\/2024\/08\/Wholesale-MRVI-PUFFING-15000-Puffs-disposable-vape-5-510x510.webp 510w, https:\/\/www.vapeswholesaler.com\/wp-content\/uploads\/2024\/08\/Wholesale-MRVI-PUFFING-15000-Puffs-disposable-vape-5-100x100.webp 100w\" sizes=\"auto, (max-width: 800px) 100vw, 800px\" \/><figcaption id=\"caption-attachment-19032\" class=\"wp-caption-text\">all'ingrosso MRVI PUFFING 15000 Puffs usa e getta vape<\/figcaption><\/figure>","protected":false},"excerpt":{"rendered":"<p>Quantit\u00e0 minima d'ordine: <strong>100 pezzi<\/strong>\u00a0(Gusti misti)\u00a0\u00a0<strong>Spedizione gratuita<\/strong><\/p>\n<p>(<strong>2%, 5% Nic<\/strong>)\u00a0 EU Warehouse Shipping time 5-6 working days.<\/p>","protected":false},"featured_media":19030,"comment_status":"open","ping_status":"closed","template":"","meta":[],"product_cat":[15],"product_tag":[373,375,387],"class_list":{"0":"post-19043","1":"product","2":"type-product","3":"status-publish","4":"has-post-thumbnail","6":"product_cat-disposable-vape","7":"product_tag-europe-warehouse","8":"product_tag-15000-puffs","9":"product_tag-mrvi","10":"product_brand-mrvi","12":"first","13":"instock","14":"shipping-taxable","15":"purchasable","16":"product-type-variable","17":"has-default-attributes"},"aioseo_notices":[],"_links":{"self":[{"href":"https:\/\/www.vapeswholesaler.com\/it\/wp-json\/wp\/v2\/product\/19043","targetHints":{"allow":["GET"]}}],"collection":[{"href":"https:\/\/www.vapeswholesaler.com\/it\/wp-json\/wp\/v2\/product"}],"about":[{"href":"https:\/\/www.vapeswholesaler.com\/it\/wp-json\/wp\/v2\/types\/product"}],"replies":[{"embeddable":true,"href":"https:\/\/www.vapeswholesaler.com\/it\/wp-json\/wp\/v2\/comments?post=19043"}],"wp:featuredmedia":[{"embeddable":true,"href":"https:\/\/www.vapeswholesaler.com\/it\/wp-json\/wp\/v2\/media\/19030"}],"wp:attachment":[{"href":"https:\/\/www.vapeswholesaler.com\/it\/wp-json\/wp\/v2\/media?parent=19043"}],"wp:term":[{"taxonomy":"product_cat","embeddable":true,"href":"https:\/\/www.vapeswholesaler.com\/it\/wp-json\/wp\/v2\/product_cat?post=19043"},{"taxonomy":"product_tag","embeddable":true,"href":"https:\/\/www.vapeswholesaler.com\/it\/wp-json\/wp\/v2\/product_tag?post=19043"}],"curies":[{"name":"wp","href":"https:\/\/api.w.org\/{rel}","templated":true}]}}