{"id":18563,"date":"2024-07-15T17:22:12","date_gmt":"2024-07-15T09:22:12","guid":{"rendered":"https:\/\/www.vapeswholesaler.com\/?post_type=product&#038;p=18563"},"modified":"2025-02-23T16:47:13","modified_gmt":"2025-02-23T08:47:13","slug":"allingrosso-wga-crystal-plus-20000-puff-monouso-vape","status":"publish","type":"product","link":"https:\/\/www.vapeswholesaler.com\/it\/prodotto\/allingrosso-wga-crystal-plus-20000-puff-monouso-vape","title":{"rendered":"all'ingrosso WGA Crystal Plus 20000 puff monouso Vape"},"content":{"rendered":"<div><a href=\"https:\/\/www.vapeswholesaler.com\/it\/marca_prodotto\/wga\/\">WGA<\/a> Crystal Plus 20000 puff \u00e8 un vapes monouso, un dispositivo rivoluzionario progettato per la massima praticit\u00e0 e adattabilit\u00e0. Con una batteria ricaricabile da 650 mAh e un'impressionante capacit\u00e0 di circa 20.000 puff, questo vape assicura un divertimento duraturo senza bisogno di frequenti ricariche. L'innovativo sistema a doppia maglia consente agli utenti di passare senza sforzo da un aroma all'altro. Dotato di un display e di ricarica USB Type-C, il WGA Crystal Plus 20000 offre un'esperienza di svapo di alto livello.<\/div>\n<div><\/div>\n<div>Il WGA Crystal Plus 20K \u00e8 dotato di due aromi intercambiabili in un unico dispositivo. Gli utenti possono facilmente cambiare aroma facendo scorrere il boccaglio. Il WGA Crystal Plus 20K Vape \u00e8 un ottimo dispositivo dotato di una batteria e di un display a livello di liquido, per comprendere facilmente lo stato di funzionamento dell'attrezzatura.<\/div>\n<div><\/div>\n<h2><strong>WGA Crystal Plus 20000 puff Caratteristiche:<\/strong><\/h2>\n<div><\/div>\n<ul>\n<li>2\/5% Sale di Nicotina<\/li>\n<li>Batteria da 650 mAh<\/li>\n<li>30 ml di e-liquido pre-riempito<\/li>\n<li>-Doppio gusto (2 in 1)<\/li>\n<li>-Bobina a doppia maglia<\/li>\n<li>-Ricarica di tipo C<\/li>\n<li>-Vaping MTL<\/li>\n<li>-10pz in una scatola da esposizione<\/li>\n<\/ul>\n<div><\/div>\n<h2><strong>Aromi:<\/strong><\/h2>\n<div><\/div>\n<ol>\n<li>Blu Razz Ciliegia \/ Ciliegia<\/li>\n<li>Gomme blu Razz\/ Mirtillo blu<\/li>\n<li>Zucchero filato al mirtillo\/caramelle al coton fiocco di neve<\/li>\n<li>Menta\/ Doppio Mentolo<\/li>\n<li>Orso gommoso\/<\/li>\n<li>Heisenberg\/uomo rosa<\/li>\n<li>Jolly Ranger \/ Leccacervelli<\/li>\n<li>Pesca succosa \/ Pesca mango ghiacciata<\/li>\n<li>Limone e lime\/Sorbetto alla limonata Lce<\/li>\n<li>Ghiaccio all'ananas\/Ananas Pesca Mango<\/li>\n<li>Gelato alla fragola\/Banana alla fragola<\/li>\n<li>Fragola Lampone Ghiaccio\/Bluberry Ciliegia Mirtillo<\/li>\n<li>Sogno d'estate \/ Ghiaccio alla ciliegia<\/li>\n<li>Triplo Mango \/Kiwi Pompelmo Passiflora Guava<\/li>\n<li>Anguria Huba Buba \/ Mirtillo Huba Buba<\/li>\n<\/ol>\n<div><\/div>\n<h2><strong>Elenco degli imballaggi:<\/strong><\/h2>\n<div>1pz ogni singola scatola<\/div>\n<div>10pz ogni scatola centrale<\/div>\n<div>200 pezzi per cartone<\/div>\n<div><\/div>\n<div><img loading=\"lazy\" decoding=\"async\" class=\"alignnone wp-image-18553 size-full\" title=\"all&#039;ingrosso WGA Crystal Plus 20000 Puffs usa e getta Vape 3\" src=\"https:\/\/www.vapeswholesaler.com\/wp-content\/uploads\/2024\/07\/Wholesale-WGA-Crystal-Plus-20000-Puffs-Disposable-Vape-3.webp\" alt=\"all&#039;ingrosso WGA Crystal Plus 20000 Puffs usa e getta Vape 3\" width=\"800\" height=\"800\" srcset=\"https:\/\/www.vapeswholesaler.com\/wp-content\/uploads\/2024\/07\/Wholesale-WGA-Crystal-Plus-20000-Puffs-Disposable-Vape-3.webp 800w, https:\/\/www.vapeswholesaler.com\/wp-content\/uploads\/2024\/07\/Wholesale-WGA-Crystal-Plus-20000-Puffs-Disposable-Vape-3-300x300.webp 300w, https:\/\/www.vapeswholesaler.com\/wp-content\/uploads\/2024\/07\/Wholesale-WGA-Crystal-Plus-20000-Puffs-Disposable-Vape-3-150x150.webp 150w, https:\/\/www.vapeswholesaler.com\/wp-content\/uploads\/2024\/07\/Wholesale-WGA-Crystal-Plus-20000-Puffs-Disposable-Vape-3-768x768.webp 768w, https:\/\/www.vapeswholesaler.com\/wp-content\/uploads\/2024\/07\/Wholesale-WGA-Crystal-Plus-20000-Puffs-Disposable-Vape-3-12x12.webp 12w, https:\/\/www.vapeswholesaler.com\/wp-content\/uploads\/2024\/07\/Wholesale-WGA-Crystal-Plus-20000-Puffs-Disposable-Vape-3-247x247.webp 247w, https:\/\/www.vapeswholesaler.com\/wp-content\/uploads\/2024\/07\/Wholesale-WGA-Crystal-Plus-20000-Puffs-Disposable-Vape-3-510x510.webp 510w, https:\/\/www.vapeswholesaler.com\/wp-content\/uploads\/2024\/07\/Wholesale-WGA-Crystal-Plus-20000-Puffs-Disposable-Vape-3-100x100.webp 100w\" sizes=\"auto, (max-width: 800px) 100vw, 800px\" \/> <img loading=\"lazy\" decoding=\"async\" class=\"alignnone wp-image-18552 size-full\" title=\"all&#039;ingrosso WGA Crystal Plus 20000 Puffs usa e getta Vape 2\" src=\"https:\/\/www.vapeswholesaler.com\/wp-content\/uploads\/2024\/07\/Wholesale-WGA-Crystal-Plus-20000-Puffs-Disposable-Vape-2.webp\" alt=\"all&#039;ingrosso WGA Crystal Plus 20000 Puffs usa e getta Vape 2\" width=\"800\" height=\"800\" srcset=\"https:\/\/www.vapeswholesaler.com\/wp-content\/uploads\/2024\/07\/Wholesale-WGA-Crystal-Plus-20000-Puffs-Disposable-Vape-2.webp 800w, https:\/\/www.vapeswholesaler.com\/wp-content\/uploads\/2024\/07\/Wholesale-WGA-Crystal-Plus-20000-Puffs-Disposable-Vape-2-300x300.webp 300w, https:\/\/www.vapeswholesaler.com\/wp-content\/uploads\/2024\/07\/Wholesale-WGA-Crystal-Plus-20000-Puffs-Disposable-Vape-2-150x150.webp 150w, https:\/\/www.vapeswholesaler.com\/wp-content\/uploads\/2024\/07\/Wholesale-WGA-Crystal-Plus-20000-Puffs-Disposable-Vape-2-768x768.webp 768w, https:\/\/www.vapeswholesaler.com\/wp-content\/uploads\/2024\/07\/Wholesale-WGA-Crystal-Plus-20000-Puffs-Disposable-Vape-2-12x12.webp 12w, https:\/\/www.vapeswholesaler.com\/wp-content\/uploads\/2024\/07\/Wholesale-WGA-Crystal-Plus-20000-Puffs-Disposable-Vape-2-247x247.webp 247w, https:\/\/www.vapeswholesaler.com\/wp-content\/uploads\/2024\/07\/Wholesale-WGA-Crystal-Plus-20000-Puffs-Disposable-Vape-2-510x510.webp 510w, https:\/\/www.vapeswholesaler.com\/wp-content\/uploads\/2024\/07\/Wholesale-WGA-Crystal-Plus-20000-Puffs-Disposable-Vape-2-100x100.webp 100w\" sizes=\"auto, (max-width: 800px) 100vw, 800px\" \/> <img loading=\"lazy\" decoding=\"async\" class=\"alignnone wp-image-18551 size-full\" title=\"all&#039;ingrosso WGA Crystal Plus 20000 Puffs usa e getta Vape 1\" src=\"https:\/\/www.vapeswholesaler.com\/wp-content\/uploads\/2024\/07\/Wholesale-WGA-Crystal-Plus-20000-Puffs-Disposable-Vape-1.webp\" alt=\"all&#039;ingrosso WGA Crystal Plus 20000 Puffs usa e getta Vape 1\" width=\"800\" height=\"800\" srcset=\"https:\/\/www.vapeswholesaler.com\/wp-content\/uploads\/2024\/07\/Wholesale-WGA-Crystal-Plus-20000-Puffs-Disposable-Vape-1.webp 800w, https:\/\/www.vapeswholesaler.com\/wp-content\/uploads\/2024\/07\/Wholesale-WGA-Crystal-Plus-20000-Puffs-Disposable-Vape-1-300x300.webp 300w, https:\/\/www.vapeswholesaler.com\/wp-content\/uploads\/2024\/07\/Wholesale-WGA-Crystal-Plus-20000-Puffs-Disposable-Vape-1-150x150.webp 150w, https:\/\/www.vapeswholesaler.com\/wp-content\/uploads\/2024\/07\/Wholesale-WGA-Crystal-Plus-20000-Puffs-Disposable-Vape-1-768x768.webp 768w, https:\/\/www.vapeswholesaler.com\/wp-content\/uploads\/2024\/07\/Wholesale-WGA-Crystal-Plus-20000-Puffs-Disposable-Vape-1-12x12.webp 12w, https:\/\/www.vapeswholesaler.com\/wp-content\/uploads\/2024\/07\/Wholesale-WGA-Crystal-Plus-20000-Puffs-Disposable-Vape-1-247x247.webp 247w, https:\/\/www.vapeswholesaler.com\/wp-content\/uploads\/2024\/07\/Wholesale-WGA-Crystal-Plus-20000-Puffs-Disposable-Vape-1-510x510.webp 510w, https:\/\/www.vapeswholesaler.com\/wp-content\/uploads\/2024\/07\/Wholesale-WGA-Crystal-Plus-20000-Puffs-Disposable-Vape-1-100x100.webp 100w\" sizes=\"auto, (max-width: 800px) 100vw, 800px\" \/><\/div>","protected":false},"excerpt":{"rendered":"<p>Quantit\u00e0 minima d'ordine:\u00a0<strong>50 PCS<\/strong>\u00a0(Gusti misti)\u00a0\u00a0<strong>Spedizione gratuita<\/strong><\/p>\n<p>(<strong>2%, 5% Nic<\/strong>) Tempo di spedizione del magazzino UE 5-6 giorni lavorativi<\/p>","protected":false},"featured_media":18554,"comment_status":"open","ping_status":"closed","template":"","meta":[],"product_cat":[15],"product_tag":[],"class_list":{"0":"post-18563","1":"product","2":"type-product","3":"status-publish","4":"has-post-thumbnail","6":"product_cat-disposable-vape","7":"product_brand-wga","9":"first","10":"instock","11":"shipping-taxable","12":"purchasable","13":"product-type-variable","14":"has-default-attributes"},"aioseo_notices":[],"_links":{"self":[{"href":"https:\/\/www.vapeswholesaler.com\/it\/wp-json\/wp\/v2\/product\/18563","targetHints":{"allow":["GET"]}}],"collection":[{"href":"https:\/\/www.vapeswholesaler.com\/it\/wp-json\/wp\/v2\/product"}],"about":[{"href":"https:\/\/www.vapeswholesaler.com\/it\/wp-json\/wp\/v2\/types\/product"}],"replies":[{"embeddable":true,"href":"https:\/\/www.vapeswholesaler.com\/it\/wp-json\/wp\/v2\/comments?post=18563"}],"wp:featuredmedia":[{"embeddable":true,"href":"https:\/\/www.vapeswholesaler.com\/it\/wp-json\/wp\/v2\/media\/18554"}],"wp:attachment":[{"href":"https:\/\/www.vapeswholesaler.com\/it\/wp-json\/wp\/v2\/media?parent=18563"}],"wp:term":[{"taxonomy":"product_cat","embeddable":true,"href":"https:\/\/www.vapeswholesaler.com\/it\/wp-json\/wp\/v2\/product_cat?post=18563"},{"taxonomy":"product_tag","embeddable":true,"href":"https:\/\/www.vapeswholesaler.com\/it\/wp-json\/wp\/v2\/product_tag?post=18563"}],"curies":[{"name":"wp","href":"https:\/\/api.w.org\/{rel}","templated":true}]}}