{"id":18486,"date":"2024-07-12T16:42:38","date_gmt":"2024-07-12T08:42:38","guid":{"rendered":"https:\/\/www.vapeswholesaler.com\/?post_type=product&#038;p=18486"},"modified":"2025-02-26T12:43:34","modified_gmt":"2025-02-26T04:43:34","slug":"allingrosso-feemo-cannone-15000-soffi-monouso-vape-stock-in-euusa","status":"publish","type":"product","link":"https:\/\/www.vapeswholesaler.com\/it\/prodotto\/allingrosso-feemo-cannone-15000-soffi-monouso-vape-stock-in-euusa","title":{"rendered":"Commercio all'ingrosso Feemo Cannon 15000 Puffs monouso vape Stock in EU, USA"},"content":{"rendered":"<p>Feemo Cannon 15000 Puffs \u00e8 il miglior vape ricaricabile usa e getta per gli utenti polmonari, viene fornito con una capacit\u00e0 di 18ml di olio e una resistenza di 0,5ohm, rendendo la nuvola ancora pi\u00f9 grande, hanno magazzini in Europa e negli Stati Uniti, e possono spedire l'ordine entro 24 ore.<\/p>\n<p>Feemo Cannon 15000 Puffs vanta una notevole capacit\u00e0 di 18ml di e-liquid, garantendo un lungo periodo di utilizzo. Abbiamo ridefinito la resistenza standard delle bobine con un intervallo di 0,5ohm per uso generale, la bobina a rete del Feemo Cannon ha una resistenza di 0,5ohm. Questa meraviglia ingegneristica garantisce una nuvola di svapo almeno doppia rispetto ai prodotti convenzionali, rispondendo in modo specifico alle preferenze degli utenti polmonari.<\/p>\n<h2><strong><a href=\"https:\/\/www.vapeswholesaler.com\/it\/marca_prodotto\/feemo\/\">Feemo<\/a> Cannon 15000 Puffs Caratteristiche:<\/strong><\/h2>\n<ul>\n<li>15000 PUFFS Quantit\u00e0 riassorbibile<\/li>\n<li>0,8% Sale di nicotina<\/li>\n<li>Tipo-C a pagamento<\/li>\n<li>Capacit\u00e0 della batteria 850mAh<\/li>\n<li>Capacit\u00e0 18ML di liquido elettronico<\/li>\n<li>0,5\u03a9 Resistenza<\/li>\n<\/ul>\n<h2><strong>Aromi:<\/strong><\/h2>\n<ol>\n<li>Aloe Mango Melone<\/li>\n<li>Limonata rosa<\/li>\n<li>Ghiaccio alla pesca<\/li>\n<li>Uva<\/li>\n<li>Gelato alla fragola<\/li>\n<li>Zecca di Miami<\/li>\n<li>Mango<\/li>\n<li>Mirtillo<\/li>\n<li>Anguria<\/li>\n<li>Frutto della passione<\/li>\n<\/ol>\n<h2><strong>Elenco degli imballaggi:<\/strong><\/h2>\n<p>1pc in una piccola scatola<br \/>\n10 pezzi in una scatola centrale<br \/>\n160 pezzi a scatola\/18,5 kg<\/p>\n<figure id=\"attachment_18483\" aria-describedby=\"caption-attachment-18483\" style=\"width: 800px\" class=\"wp-caption alignnone\"><img loading=\"lazy\" decoding=\"async\" class=\"wp-image-18483 size-full\" title=\"Commercio all&#039;ingrosso Feemo Cannon 15000 Puffs monouso vape Stock in EU, USA 10\" src=\"https:\/\/www.vapeswholesaler.com\/wp-content\/uploads\/2024\/07\/Wholesale-Feemo-Cannon-15000-Puffs-disposable-vape-Stock-in-EUUSA-10.webp\" alt=\"Commercio all&#039;ingrosso Feemo Cannon 15000 Puffs monouso vape Stock in EU, USA 10\" width=\"800\" height=\"2030\" srcset=\"https:\/\/www.vapeswholesaler.com\/wp-content\/uploads\/2024\/07\/Wholesale-Feemo-Cannon-15000-Puffs-disposable-vape-Stock-in-EUUSA-10.webp 800w, https:\/\/www.vapeswholesaler.com\/wp-content\/uploads\/2024\/07\/Wholesale-Feemo-Cannon-15000-Puffs-disposable-vape-Stock-in-EUUSA-10-118x300.webp 118w, https:\/\/www.vapeswholesaler.com\/wp-content\/uploads\/2024\/07\/Wholesale-Feemo-Cannon-15000-Puffs-disposable-vape-Stock-in-EUUSA-10-404x1024.webp 404w, https:\/\/www.vapeswholesaler.com\/wp-content\/uploads\/2024\/07\/Wholesale-Feemo-Cannon-15000-Puffs-disposable-vape-Stock-in-EUUSA-10-768x1949.webp 768w, https:\/\/www.vapeswholesaler.com\/wp-content\/uploads\/2024\/07\/Wholesale-Feemo-Cannon-15000-Puffs-disposable-vape-Stock-in-EUUSA-10-605x1536.webp 605w, https:\/\/www.vapeswholesaler.com\/wp-content\/uploads\/2024\/07\/Wholesale-Feemo-Cannon-15000-Puffs-disposable-vape-Stock-in-EUUSA-10-5x12.webp 5w, https:\/\/www.vapeswholesaler.com\/wp-content\/uploads\/2024\/07\/Wholesale-Feemo-Cannon-15000-Puffs-disposable-vape-Stock-in-EUUSA-10-510x1294.webp 510w\" sizes=\"auto, (max-width: 800px) 100vw, 800px\" \/><figcaption id=\"caption-attachment-18483\" class=\"wp-caption-text\">all'ingrosso Feemo Cannon 15000 Puffs usa e getta vape<\/figcaption><\/figure>\n<p><img loading=\"lazy\" decoding=\"async\" class=\"alignnone wp-image-18482 size-full\" title=\"Commercio all&#039;ingrosso Feemo Cannon 15000 Puffs monouso vape Stock in EU, USA 9\" src=\"https:\/\/www.vapeswholesaler.com\/wp-content\/uploads\/2024\/07\/Wholesale-Feemo-Cannon-15000-Puffs-disposable-vape-Stock-in-EUUSA-9.webp\" alt=\"Commercio all&#039;ingrosso Feemo Cannon 15000 Puffs monouso vape Stock in EU, USA 9\" width=\"800\" height=\"800\" srcset=\"https:\/\/www.vapeswholesaler.com\/wp-content\/uploads\/2024\/07\/Wholesale-Feemo-Cannon-15000-Puffs-disposable-vape-Stock-in-EUUSA-9.webp 800w, https:\/\/www.vapeswholesaler.com\/wp-content\/uploads\/2024\/07\/Wholesale-Feemo-Cannon-15000-Puffs-disposable-vape-Stock-in-EUUSA-9-300x300.webp 300w, https:\/\/www.vapeswholesaler.com\/wp-content\/uploads\/2024\/07\/Wholesale-Feemo-Cannon-15000-Puffs-disposable-vape-Stock-in-EUUSA-9-150x150.webp 150w, https:\/\/www.vapeswholesaler.com\/wp-content\/uploads\/2024\/07\/Wholesale-Feemo-Cannon-15000-Puffs-disposable-vape-Stock-in-EUUSA-9-768x768.webp 768w, https:\/\/www.vapeswholesaler.com\/wp-content\/uploads\/2024\/07\/Wholesale-Feemo-Cannon-15000-Puffs-disposable-vape-Stock-in-EUUSA-9-12x12.webp 12w, https:\/\/www.vapeswholesaler.com\/wp-content\/uploads\/2024\/07\/Wholesale-Feemo-Cannon-15000-Puffs-disposable-vape-Stock-in-EUUSA-9-247x247.webp 247w, https:\/\/www.vapeswholesaler.com\/wp-content\/uploads\/2024\/07\/Wholesale-Feemo-Cannon-15000-Puffs-disposable-vape-Stock-in-EUUSA-9-510x510.webp 510w, https:\/\/www.vapeswholesaler.com\/wp-content\/uploads\/2024\/07\/Wholesale-Feemo-Cannon-15000-Puffs-disposable-vape-Stock-in-EUUSA-9-100x100.webp 100w\" sizes=\"auto, (max-width: 800px) 100vw, 800px\" \/><\/p>","protected":false},"excerpt":{"rendered":"<p>Quantit\u00e0 minima d'ordine: <strong>100 PEZZI<\/strong>\u00a0(Gusti misti)\u00a0\u00a0<strong>Spedizione gratuita<\/strong><\/p>\n<p>(<strong>2%, 5% Nic<\/strong>) Tempo di spedizione del magazzino UE 5-6 giorni lavorativi<\/p>","protected":false},"featured_media":18477,"comment_status":"open","ping_status":"closed","template":"","meta":[],"product_cat":[15],"product_tag":[],"class_list":{"0":"post-18486","1":"product","2":"type-product","3":"status-publish","4":"has-post-thumbnail","6":"product_cat-disposable-vape","7":"product_brand-feemo","9":"first","10":"instock","11":"shipping-taxable","12":"purchasable","13":"product-type-variable","14":"has-default-attributes"},"aioseo_notices":[],"_links":{"self":[{"href":"https:\/\/www.vapeswholesaler.com\/it\/wp-json\/wp\/v2\/product\/18486","targetHints":{"allow":["GET"]}}],"collection":[{"href":"https:\/\/www.vapeswholesaler.com\/it\/wp-json\/wp\/v2\/product"}],"about":[{"href":"https:\/\/www.vapeswholesaler.com\/it\/wp-json\/wp\/v2\/types\/product"}],"replies":[{"embeddable":true,"href":"https:\/\/www.vapeswholesaler.com\/it\/wp-json\/wp\/v2\/comments?post=18486"}],"wp:featuredmedia":[{"embeddable":true,"href":"https:\/\/www.vapeswholesaler.com\/it\/wp-json\/wp\/v2\/media\/18477"}],"wp:attachment":[{"href":"https:\/\/www.vapeswholesaler.com\/it\/wp-json\/wp\/v2\/media?parent=18486"}],"wp:term":[{"taxonomy":"product_cat","embeddable":true,"href":"https:\/\/www.vapeswholesaler.com\/it\/wp-json\/wp\/v2\/product_cat?post=18486"},{"taxonomy":"product_tag","embeddable":true,"href":"https:\/\/www.vapeswholesaler.com\/it\/wp-json\/wp\/v2\/product_tag?post=18486"}],"curies":[{"name":"wp","href":"https:\/\/api.w.org\/{rel}","templated":true}]}}