{"id":18186,"date":"2024-07-08T14:33:37","date_gmt":"2024-07-08T06:33:37","guid":{"rendered":"https:\/\/www.vapeswholesaler.com\/?post_type=product&#038;p=18186"},"modified":"2025-02-22T22:44:08","modified_gmt":"2025-02-22T14:44:08","slug":"allingrosso-fumot-randm-crystal-12000-soffi-monouso-vape","status":"publish","type":"product","link":"https:\/\/www.vapeswholesaler.com\/it\/prodotto\/allingrosso-fumot-randm-crystal-12000-soffi-monouso-vape","title":{"rendered":"all'ingrosso Fumot Randm Crystal 12000 Puffs usa e getta vape"},"content":{"rendered":"<p>La scatola Fumot RandM Crystal 12000 Puffs LED Display Disposable Vapes, disponibile su Gleevape, offre un'esperienza di vaping senza precedenti. Con un'impressionante capacit\u00e0 di 12000 puff, questo dispositivo avanzato \u00e8 progettato sia per i vapers esperti che per i nuovi arrivati, garantendo un viaggio prolungato e soddisfacente. La capacit\u00e0 di 20 ml di e-juice fornisce un'ampia quantit\u00e0 di liquido per un uso prolungato, mentre la batteria ricaricabile da 650 mAh, abbinata a una porta di ricarica Type-C, elimina la necessit\u00e0 di sostituire frequentemente la batteria.<\/p>\n<p>Il display a LED di Fumot RandM Crystal 12000 Puffs aggiunge un tocco elegante e moderno, offrendo una chiara visibilit\u00e0 dello stato del dispositivo per un'esperienza di svapo senza interruzioni. Questo dispositivo soddisfa diverse preferenze con opzioni di nicotina di 0%, 2%, 3% e 5%, consentendo agli utenti di selezionare l'intensit\u00e0 pi\u00f9 adatta alle loro esigenze. Inoltre, il RandM Crystal 12000 Puffs \u00e8 disponibile in un'ampia gamma di 40 allettanti aromi, per soddisfare ogni palato.<\/p>\n<h2><strong><a href=\"https:\/\/www.vapeswholesaler.com\/it\/marca_prodotto\/randm\/\">Fumot<\/a> RandM Crystal 12000 Caratteristiche:<\/strong><\/h2>\n<ul>\n<li>Liquido elettronico pre-riempito da 20 ml<\/li>\n<li>0%, 2%, 3%, 5% Dosaggio di nicotina<\/li>\n<li>Batteria ricaricabile da 650 mAh<\/li>\n<li>Raggiunge fino a 12000 soffi<\/li>\n<li>Supporta la ricarica di tipo C<\/li>\n<\/ul>\n<h2><strong>Aromi:<\/strong><\/h2>\n<ol>\n<li>Aloe Uva<\/li>\n<li>Ghiaccio alla cola<\/li>\n<li>Fusione fruttata<\/li>\n<li>Anguria alla pesca e mango<\/li>\n<li>Caramelle arcobaleno<\/li>\n<li>Anguria al lampone<\/li>\n<li>Ghiaccio alla fragola<\/li>\n<li>Fragola Kiwi<\/li>\n<li>Ghiaccio Blu Razz<\/li>\n<li>Ghiaccio al frutto di drago<\/li>\n<li>Ghiaccio d'uva<\/li>\n<li>Mirtillo su ghiaccio<\/li>\n<li>Uva fragola<\/li>\n<li>Ghiaccio alla pesca<\/li>\n<li>Limonata ai frutti di bosco<\/li>\n<li>Red Bull alla fragola<\/li>\n<li>Ghiaccio alla banana<\/li>\n<li>Menta fresca<\/li>\n<li>Limonata rosa<\/li>\n<li>Triplo ghiaccio ai frutti di bosco<\/li>\n<li>Dr. Blue<\/li>\n<li>Mirtillo Lampone<\/li>\n<li>Lce lussureggiante<\/li>\n<li>Pesca e mango<\/li>\n<li>Ghiaccio alla mela rossa<\/li>\n<li>Limonata blu Razz<\/li>\n<li>Esplosione di mele e frutti di bosco<\/li>\n<li>Bacca Lampone Ciliegia<\/li>\n<li>Anguria Bubblegum<\/li>\n<li>Ghiaccio all'anguria<\/li>\n<li>Anguria alla fragola<\/li>\n<li>Kiwi Frutto della passione Guava<\/li>\n<li>Bacche miste<\/li>\n<li>Mirtillo Bubblegum<\/li>\n<li>Lampone Bluesour<\/li>\n<li>Mango su ghiaccio<\/li>\n<\/ol>\n<h2><strong>Elenco degli imballaggi:<\/strong><\/h2>\n<p>1 pz. ogni scatola singola<br \/>\n10 pezzi per scatola centrale<br \/>\n200 pezzi per cartone<\/p>\n<p><img loading=\"lazy\" decoding=\"async\" class=\"alignnone wp-image-18176 size-full\" title=\"all&#039;ingrosso Fumot Randm Crystal 12000 Puffs monouso vape 3\" src=\"https:\/\/www.vapeswholesaler.com\/wp-content\/uploads\/2024\/07\/Wholesale-Fumot-Randm-Crystal-12000-Puffs-disposable-vape-3.webp\" alt=\"all&#039;ingrosso Fumot Randm Crystal 12000 Puffs monouso vape 3\" width=\"800\" height=\"800\" srcset=\"https:\/\/www.vapeswholesaler.com\/wp-content\/uploads\/2024\/07\/Wholesale-Fumot-Randm-Crystal-12000-Puffs-disposable-vape-3.webp 800w, https:\/\/www.vapeswholesaler.com\/wp-content\/uploads\/2024\/07\/Wholesale-Fumot-Randm-Crystal-12000-Puffs-disposable-vape-3-300x300.webp 300w, https:\/\/www.vapeswholesaler.com\/wp-content\/uploads\/2024\/07\/Wholesale-Fumot-Randm-Crystal-12000-Puffs-disposable-vape-3-150x150.webp 150w, https:\/\/www.vapeswholesaler.com\/wp-content\/uploads\/2024\/07\/Wholesale-Fumot-Randm-Crystal-12000-Puffs-disposable-vape-3-768x768.webp 768w, https:\/\/www.vapeswholesaler.com\/wp-content\/uploads\/2024\/07\/Wholesale-Fumot-Randm-Crystal-12000-Puffs-disposable-vape-3-12x12.webp 12w, https:\/\/www.vapeswholesaler.com\/wp-content\/uploads\/2024\/07\/Wholesale-Fumot-Randm-Crystal-12000-Puffs-disposable-vape-3-247x247.webp 247w, https:\/\/www.vapeswholesaler.com\/wp-content\/uploads\/2024\/07\/Wholesale-Fumot-Randm-Crystal-12000-Puffs-disposable-vape-3-510x510.webp 510w, https:\/\/www.vapeswholesaler.com\/wp-content\/uploads\/2024\/07\/Wholesale-Fumot-Randm-Crystal-12000-Puffs-disposable-vape-3-100x100.webp 100w\" sizes=\"auto, (max-width: 800px) 100vw, 800px\" \/><\/p>\n<p><img loading=\"lazy\" decoding=\"async\" class=\"alignnone wp-image-18175 size-full\" title=\"all&#039;ingrosso Fumot Randm Crystal 12000 Puffs monouso vape 2\" src=\"https:\/\/www.vapeswholesaler.com\/wp-content\/uploads\/2024\/07\/Wholesale-Fumot-Randm-Crystal-12000-Puffs-disposable-vape-2.webp\" alt=\"all&#039;ingrosso Fumot Randm Crystal 12000 Puffs monouso vape 2\" width=\"800\" height=\"800\" srcset=\"https:\/\/www.vapeswholesaler.com\/wp-content\/uploads\/2024\/07\/Wholesale-Fumot-Randm-Crystal-12000-Puffs-disposable-vape-2.webp 800w, https:\/\/www.vapeswholesaler.com\/wp-content\/uploads\/2024\/07\/Wholesale-Fumot-Randm-Crystal-12000-Puffs-disposable-vape-2-300x300.webp 300w, https:\/\/www.vapeswholesaler.com\/wp-content\/uploads\/2024\/07\/Wholesale-Fumot-Randm-Crystal-12000-Puffs-disposable-vape-2-150x150.webp 150w, https:\/\/www.vapeswholesaler.com\/wp-content\/uploads\/2024\/07\/Wholesale-Fumot-Randm-Crystal-12000-Puffs-disposable-vape-2-768x768.webp 768w, https:\/\/www.vapeswholesaler.com\/wp-content\/uploads\/2024\/07\/Wholesale-Fumot-Randm-Crystal-12000-Puffs-disposable-vape-2-12x12.webp 12w, https:\/\/www.vapeswholesaler.com\/wp-content\/uploads\/2024\/07\/Wholesale-Fumot-Randm-Crystal-12000-Puffs-disposable-vape-2-247x247.webp 247w, https:\/\/www.vapeswholesaler.com\/wp-content\/uploads\/2024\/07\/Wholesale-Fumot-Randm-Crystal-12000-Puffs-disposable-vape-2-510x510.webp 510w, https:\/\/www.vapeswholesaler.com\/wp-content\/uploads\/2024\/07\/Wholesale-Fumot-Randm-Crystal-12000-Puffs-disposable-vape-2-100x100.webp 100w\" sizes=\"auto, (max-width: 800px) 100vw, 800px\" \/><\/p>","protected":false},"excerpt":{"rendered":"<p>Quantit\u00e0 minima d'ordine:\u00a0<strong>50 PCS<\/strong>\u00a0(Gusti misti)\u00a0\u00a0<strong>Spedizione gratuita<\/strong><\/p>\n<p>(<strong>2%, 3%\uff0c5% Nic<\/strong>)<\/p>","protected":false},"featured_media":18174,"comment_status":"open","ping_status":"closed","template":"","meta":[],"product_cat":[15],"product_tag":[328,329,330],"class_list":{"0":"post-18186","1":"product","2":"type-product","3":"status-publish","4":"has-post-thumbnail","6":"product_cat-disposable-vape","7":"product_tag-fumot-randm-crystal-12000","8":"product_tag-fumot-randm-crystal-12000-vapes","9":"product_tag-fumot-randm-crystal-12000-disposable-vape","10":"product_brand-fumot","12":"first","13":"outofstock","14":"shipping-taxable","15":"purchasable","16":"product-type-variable"},"aioseo_notices":[],"_links":{"self":[{"href":"https:\/\/www.vapeswholesaler.com\/it\/wp-json\/wp\/v2\/product\/18186","targetHints":{"allow":["GET"]}}],"collection":[{"href":"https:\/\/www.vapeswholesaler.com\/it\/wp-json\/wp\/v2\/product"}],"about":[{"href":"https:\/\/www.vapeswholesaler.com\/it\/wp-json\/wp\/v2\/types\/product"}],"replies":[{"embeddable":true,"href":"https:\/\/www.vapeswholesaler.com\/it\/wp-json\/wp\/v2\/comments?post=18186"}],"wp:featuredmedia":[{"embeddable":true,"href":"https:\/\/www.vapeswholesaler.com\/it\/wp-json\/wp\/v2\/media\/18174"}],"wp:attachment":[{"href":"https:\/\/www.vapeswholesaler.com\/it\/wp-json\/wp\/v2\/media?parent=18186"}],"wp:term":[{"taxonomy":"product_cat","embeddable":true,"href":"https:\/\/www.vapeswholesaler.com\/it\/wp-json\/wp\/v2\/product_cat?post=18186"},{"taxonomy":"product_tag","embeddable":true,"href":"https:\/\/www.vapeswholesaler.com\/it\/wp-json\/wp\/v2\/product_tag?post=18186"}],"curies":[{"name":"wp","href":"https:\/\/api.w.org\/{rel}","templated":true}]}}