{"id":18158,"date":"2024-07-07T15:45:25","date_gmt":"2024-07-07T07:45:25","guid":{"rendered":"https:\/\/www.vapeswholesaler.com\/?post_type=product&#038;p=18158"},"modified":"2025-11-07T10:39:13","modified_gmt":"2025-11-07T02:39:13","slug":"allingrosso-vapsolo-viking-12000-12k-puff-monouso-vape","status":"publish","type":"product","link":"https:\/\/www.vapeswholesaler.com\/it\/prodotto\/allingrosso-vapsolo-viking-12000-12k-puff-monouso-vape","title":{"rendered":"all'ingrosso Vapsolo Viking 12000 12K Puffs usa e getta vape"},"content":{"rendered":"<p><a href=\"https:\/\/www.vapeswholesaler.com\/it\/marca_prodotto\/vapsolo\/\">Vapsolo<\/a> Viking 12000 12K Puffs offre l'esperienza di svapo definitiva sia per i principianti che per i vapers pi\u00f9 esperti. Questa penna da svapo monouso all'avanguardia \u00e8 stata progettata per garantire qualit\u00e0, longevit\u00e0 e variet\u00e0. Il suo design elegante e compatto garantisce stile e praticit\u00e0, perfetto per l'uso in movimento.<\/p>\n<p>vanta una capacit\u00e0 di 22 ml di e-liquid e una batteria ricaricabile da 650 mAh, che fornisce energia di lunga durata per sessioni di svapo prolungate. La tecnologia della bobina a rete e la resistenza della bobina da 1,0\u03a9 garantiscono una produzione di vapore costante e ricca, migliorando la purezza del sapore. La porta di ricarica di tipo C consente di effettuare ricariche rapide ed efficienti.<\/p>\n<p>Questo dispositivo \u00e8 dotato di un display LCD per monitorare facilmente lo stato e le impostazioni del vape e di quattro livelli di flusso d'aria regolabili per personalizzare la vostra esperienza di vaping.<\/p>\n<h2><strong><a href=\"https:\/\/www.facebook.com\/fred.luo.58\">Vapsolo<\/a> Viking 12000 12K Puffs Caratteristiche:<\/strong><\/h2>\n<ul>\n<li>Flusso d'aria a 4 livelli<\/li>\n<li>Display LCD<\/li>\n<li>Capacit\u00e0 del liquido elettronico: 22 ML<\/li>\n<li>Capacit\u00e0 della batteria: 650MAH<\/li>\n<li>Bobina a rete<\/li>\n<li>Resistenza della bobina: 1,0\u03a9<\/li>\n<li>porta di tipo C, ricaricabile<\/li>\n<\/ul>\n<h2><strong>Aromi:<\/strong><\/h2>\n<ol>\n<li>Mirtillo Ciliegia Mirtillo Rosso<\/li>\n<li>Mirtillo<\/li>\n<li>Limone e lime<\/li>\n<li>Fragola Kiwi<\/li>\n<li>Ghiaccio alla fragola e lampone<\/li>\n<li>Anguria alla fragola<\/li>\n<li>Sogno d'estate<\/li>\n<li>Fragola e banana<\/li>\n<li>Ghiaccio alla mela rossa<\/li>\n<li>Orso gommoso<\/li>\n<li>Menta fresca<\/li>\n<li>Pesca al limone<\/li>\n<li>Ghiaccio all'anguria<\/li>\n<li>Mirtillo Lampone<\/li>\n<li>Ciliegia frizzante<\/li>\n<\/ol>\n<h2><strong>Elenco degli imballaggi:<\/strong><\/h2>\n<p>10cs\/scatola<br \/>\nPeso: 85g\/pz.<br \/>\n200pcs\/ctn; 18.6kg\/ctn<br \/>\nDimensione del cartone: 44*43*26.5CM<\/p>\n<p>&nbsp;<\/p>\n<figure id=\"attachment_18138\" aria-describedby=\"caption-attachment-18138\" style=\"width: 800px\" class=\"wp-caption alignnone\"><img loading=\"lazy\" decoding=\"async\" class=\"wp-image-18138 size-full\" title=\"all&#039;ingrosso Vapsolo Viking 12000 12K Puffs usa e getta vape 4\" src=\"https:\/\/www.vapeswholesaler.com\/wp-content\/uploads\/2024\/07\/Wholesale-Vapsolo-Viking-12000-12K-Puffs-Disposable-vape-4.webp\" alt=\"all&#039;ingrosso Vapsolo Viking 12000 12K Puffs usa e getta vape 4\" width=\"800\" height=\"800\" srcset=\"https:\/\/www.vapeswholesaler.com\/wp-content\/uploads\/2024\/07\/Wholesale-Vapsolo-Viking-12000-12K-Puffs-Disposable-vape-4.webp 800w, https:\/\/www.vapeswholesaler.com\/wp-content\/uploads\/2024\/07\/Wholesale-Vapsolo-Viking-12000-12K-Puffs-Disposable-vape-4-300x300.webp 300w, https:\/\/www.vapeswholesaler.com\/wp-content\/uploads\/2024\/07\/Wholesale-Vapsolo-Viking-12000-12K-Puffs-Disposable-vape-4-150x150.webp 150w, https:\/\/www.vapeswholesaler.com\/wp-content\/uploads\/2024\/07\/Wholesale-Vapsolo-Viking-12000-12K-Puffs-Disposable-vape-4-768x768.webp 768w, https:\/\/www.vapeswholesaler.com\/wp-content\/uploads\/2024\/07\/Wholesale-Vapsolo-Viking-12000-12K-Puffs-Disposable-vape-4-12x12.webp 12w, https:\/\/www.vapeswholesaler.com\/wp-content\/uploads\/2024\/07\/Wholesale-Vapsolo-Viking-12000-12K-Puffs-Disposable-vape-4-247x247.webp 247w, https:\/\/www.vapeswholesaler.com\/wp-content\/uploads\/2024\/07\/Wholesale-Vapsolo-Viking-12000-12K-Puffs-Disposable-vape-4-510x510.webp 510w, https:\/\/www.vapeswholesaler.com\/wp-content\/uploads\/2024\/07\/Wholesale-Vapsolo-Viking-12000-12K-Puffs-Disposable-vape-4-100x100.webp 100w\" sizes=\"auto, (max-width: 800px) 100vw, 800px\" \/><figcaption id=\"caption-attachment-18138\" class=\"wp-caption-text\">all'ingrosso Vapsolo Viking 12000 12K Puffs usa e getta vape<\/figcaption><\/figure>\n<figure id=\"attachment_18137\" aria-describedby=\"caption-attachment-18137\" style=\"width: 800px\" class=\"wp-caption alignnone\"><img loading=\"lazy\" decoding=\"async\" class=\"wp-image-18137 size-full\" title=\"all&#039;ingrosso Vapsolo Viking 12000 12K Puffs usa e getta vape 3\" src=\"https:\/\/www.vapeswholesaler.com\/wp-content\/uploads\/2024\/07\/Wholesale-Vapsolo-Viking-12000-12K-Puffs-Disposable-vape-3.webp\" alt=\"all&#039;ingrosso Vapsolo Viking 12000 12K Puffs usa e getta vape 3\" width=\"800\" height=\"800\" srcset=\"https:\/\/www.vapeswholesaler.com\/wp-content\/uploads\/2024\/07\/Wholesale-Vapsolo-Viking-12000-12K-Puffs-Disposable-vape-3.webp 800w, https:\/\/www.vapeswholesaler.com\/wp-content\/uploads\/2024\/07\/Wholesale-Vapsolo-Viking-12000-12K-Puffs-Disposable-vape-3-300x300.webp 300w, https:\/\/www.vapeswholesaler.com\/wp-content\/uploads\/2024\/07\/Wholesale-Vapsolo-Viking-12000-12K-Puffs-Disposable-vape-3-150x150.webp 150w, https:\/\/www.vapeswholesaler.com\/wp-content\/uploads\/2024\/07\/Wholesale-Vapsolo-Viking-12000-12K-Puffs-Disposable-vape-3-768x768.webp 768w, https:\/\/www.vapeswholesaler.com\/wp-content\/uploads\/2024\/07\/Wholesale-Vapsolo-Viking-12000-12K-Puffs-Disposable-vape-3-12x12.webp 12w, https:\/\/www.vapeswholesaler.com\/wp-content\/uploads\/2024\/07\/Wholesale-Vapsolo-Viking-12000-12K-Puffs-Disposable-vape-3-247x247.webp 247w, https:\/\/www.vapeswholesaler.com\/wp-content\/uploads\/2024\/07\/Wholesale-Vapsolo-Viking-12000-12K-Puffs-Disposable-vape-3-510x510.webp 510w, https:\/\/www.vapeswholesaler.com\/wp-content\/uploads\/2024\/07\/Wholesale-Vapsolo-Viking-12000-12K-Puffs-Disposable-vape-3-100x100.webp 100w\" sizes=\"auto, (max-width: 800px) 100vw, 800px\" \/><figcaption id=\"caption-attachment-18137\" class=\"wp-caption-text\">all'ingrosso Vapsolo Viking 12000 12K Puffs usa e getta vape<\/figcaption><\/figure>","protected":false},"excerpt":{"rendered":"<p>Quantit\u00e0 minima d'ordine:\u00a0<strong>50 pezzi <\/strong>(Gusti misti)\u00a0\u00a0<strong>Spedizione gratuita<\/strong><\/p>\n<p>(<strong>2%, 5% Nic<\/strong>) Tempo di spedizione del magazzino UE 5-6 giorni lavorativi<\/p>","protected":false},"featured_media":18145,"comment_status":"open","ping_status":"closed","template":"","meta":[],"product_cat":[15],"product_tag":[87,373,379],"class_list":{"0":"post-18158","1":"product","2":"type-product","3":"status-publish","4":"has-post-thumbnail","6":"product_cat-disposable-vape","7":"product_tag-vapsolo","8":"product_tag-europe-warehouse","9":"product_tag-12000-puffs","10":"product_brand-vapsolo","12":"first","13":"outofstock","14":"shipping-taxable","15":"purchasable","16":"product-type-variable","17":"has-default-attributes"},"aioseo_notices":[],"_links":{"self":[{"href":"https:\/\/www.vapeswholesaler.com\/it\/wp-json\/wp\/v2\/product\/18158","targetHints":{"allow":["GET"]}}],"collection":[{"href":"https:\/\/www.vapeswholesaler.com\/it\/wp-json\/wp\/v2\/product"}],"about":[{"href":"https:\/\/www.vapeswholesaler.com\/it\/wp-json\/wp\/v2\/types\/product"}],"replies":[{"embeddable":true,"href":"https:\/\/www.vapeswholesaler.com\/it\/wp-json\/wp\/v2\/comments?post=18158"}],"wp:featuredmedia":[{"embeddable":true,"href":"https:\/\/www.vapeswholesaler.com\/it\/wp-json\/wp\/v2\/media\/18145"}],"wp:attachment":[{"href":"https:\/\/www.vapeswholesaler.com\/it\/wp-json\/wp\/v2\/media?parent=18158"}],"wp:term":[{"taxonomy":"product_cat","embeddable":true,"href":"https:\/\/www.vapeswholesaler.com\/it\/wp-json\/wp\/v2\/product_cat?post=18158"},{"taxonomy":"product_tag","embeddable":true,"href":"https:\/\/www.vapeswholesaler.com\/it\/wp-json\/wp\/v2\/product_tag?post=18158"}],"curies":[{"name":"wp","href":"https:\/\/api.w.org\/{rel}","templated":true}]}}