{"id":18011,"date":"2024-07-05T17:31:55","date_gmt":"2024-07-05T09:31:55","guid":{"rendered":"https:\/\/www.vapeswholesaler.com\/?post_type=product&#038;p=18011"},"modified":"2025-11-07T10:39:15","modified_gmt":"2025-11-07T02:39:15","slug":"allingrosso-vozol-star-20000-puffs-monouso-vape","status":"publish","type":"product","link":"https:\/\/www.vapeswholesaler.com\/it\/prodotto\/allingrosso-vozol-star-20000-puffs-monouso-vape","title":{"rendered":"all'ingrosso Vozol Star 20000 Puffs usa e getta Vape"},"content":{"rendered":"<p><a href=\"https:\/\/www.vapeswholesaler.com\/it\/marca_prodotto\/vozol\/\">Vozol<\/a> Star 20000 Puffs Disposable Vape inaugura una nuova era del vaping con le sue innovative modalit\u00e0 regolabili, il sistema a doppia bobina e la vivace interfaccia utente a schermo piatto. Provate l'esperienza di svapare come mai prima d'ora, con un massimo di 20000 boccate e una selezione di 20 sapori allettanti.<\/p>\n<p>Doppia modalit\u00e0 di vaporizzazione: Scegliete tra la modalit\u00e0 Boost per un sapore intenso e la modalit\u00e0 Smooth per un numero maggiore di boccate. Bobina a doppia maglia all'avanguardia: Sperimentate un vapore consistente e ricco a ogni boccata.<\/p>\n<p>Schermo piatto di facile utilizzo: Navigare tra le impostazioni e le preferenze con un'interfaccia utente intuitiva e colorata. Indicatori in tempo reale: Rimanete informati grazie ai chiari indicatori del livello della batteria e dell'e-liquid. Ampia variet\u00e0 di sapori: Godetevi uno spettro di 20 sapori diversi, adatti a tutti i gusti.<\/p>\n<h2><strong><a href=\"https:\/\/www.facebook.com\/fred.luo.58\/\">VOZOL<\/a> Star 20000 Puffs Caratteristiche:<\/strong><\/h2>\n<ul>\n<li>Marchio: VOZOL<\/li>\n<li>Modello: Stella 20000 soffi<\/li>\n<li>Schermo LED per la visualizzazione del livello della batteria e del liquido elettronico<\/li>\n<li>Oltre 20000 soffi<\/li>\n<li>Bobina a rete<\/li>\n<li>Protezione del boccaglio<\/li>\n<li>Carica completa in 30 minuti<\/li>\n<li>MTL Vape<\/li>\n<li>Adatto ai principianti<\/li>\n<\/ul>\n<h2><strong>Aromi:<\/strong><\/h2>\n<ol>\n<li>Ghiaccio Blu Razz<\/li>\n<li>Tempesta di mirtilli<\/li>\n<li>Ciliegia Cola<\/li>\n<li>Ghiaccio doppio alla mela<\/li>\n<li>Drago Strawnana<\/li>\n<li>Ghiaccio d'uva<\/li>\n<li>Ghiaccio alla pesca succosa<\/li>\n<li>Limone e lime<\/li>\n<li>Amore 777<\/li>\n<li>Ghiaccio al mango<\/li>\n<li>Bacche miste<\/li>\n<li>Arancia Ananas Litchi<\/li>\n<li>Pesca, mango e anguria<\/li>\n<li>Profumo di limone<\/li>\n<li>Lampone Mela Anguria Ananas<\/li>\n<li>Anguria al lampone<\/li>\n<li>Fragola Kiwi<\/li>\n<li>Mango alla fragola<\/li>\n<li>Esplosione tropicale<\/li>\n<li>Ghiaccio all'anguria<\/li>\n<\/ol>\n<h2><strong>Elenco degli imballaggi:<\/strong><\/h2>\n<p>1pz ogni scatola piccola<br \/>\n10pz ogni scatola centrale<br \/>\n200 pezzi per cartone<\/p>\n<figure id=\"attachment_18009\" aria-describedby=\"caption-attachment-18009\" style=\"width: 800px\" class=\"wp-caption alignnone\"><img loading=\"lazy\" decoding=\"async\" class=\"wp-image-18009 size-full\" title=\"all&#039;ingrosso Vozol Star 20000 Puffs usa e getta Vape Tropical Blast\" src=\"https:\/\/www.vapeswholesaler.com\/wp-content\/uploads\/2024\/07\/Wholesale-Vozol-Star-20000-Puffs-Disposable-Vape-Tropical-Blast.webp\" alt=\"all&#039;ingrosso Vozol Star 20000 Puffs usa e getta Vape Tropical Blast\" width=\"800\" height=\"800\" srcset=\"https:\/\/www.vapeswholesaler.com\/wp-content\/uploads\/2024\/07\/Wholesale-Vozol-Star-20000-Puffs-Disposable-Vape-Tropical-Blast.webp 800w, https:\/\/www.vapeswholesaler.com\/wp-content\/uploads\/2024\/07\/Wholesale-Vozol-Star-20000-Puffs-Disposable-Vape-Tropical-Blast-300x300.webp 300w, https:\/\/www.vapeswholesaler.com\/wp-content\/uploads\/2024\/07\/Wholesale-Vozol-Star-20000-Puffs-Disposable-Vape-Tropical-Blast-150x150.webp 150w, https:\/\/www.vapeswholesaler.com\/wp-content\/uploads\/2024\/07\/Wholesale-Vozol-Star-20000-Puffs-Disposable-Vape-Tropical-Blast-768x768.webp 768w, https:\/\/www.vapeswholesaler.com\/wp-content\/uploads\/2024\/07\/Wholesale-Vozol-Star-20000-Puffs-Disposable-Vape-Tropical-Blast-12x12.webp 12w, https:\/\/www.vapeswholesaler.com\/wp-content\/uploads\/2024\/07\/Wholesale-Vozol-Star-20000-Puffs-Disposable-Vape-Tropical-Blast-247x247.webp 247w, https:\/\/www.vapeswholesaler.com\/wp-content\/uploads\/2024\/07\/Wholesale-Vozol-Star-20000-Puffs-Disposable-Vape-Tropical-Blast-510x510.webp 510w, https:\/\/www.vapeswholesaler.com\/wp-content\/uploads\/2024\/07\/Wholesale-Vozol-Star-20000-Puffs-Disposable-Vape-Tropical-Blast-100x100.webp 100w\" sizes=\"auto, (max-width: 800px) 100vw, 800px\" \/><figcaption id=\"caption-attachment-18009\" class=\"wp-caption-text\">all'ingrosso Vozol Star 20000 Puffs usa e getta Vape<\/figcaption><\/figure>","protected":false},"excerpt":{"rendered":"<p>Quantit\u00e0 minima d'ordine:\u00a0<strong>50 pezzi<\/strong>\u00a0(Gusti misti)\u00a0\u00a0<strong>Spedizione gratuita<\/strong><\/p>\n<p>(<strong>2%, 5% Nic<\/strong>) Tempo di spedizione del magazzino UE 5-6 giorni lavorativi<\/p>","protected":false},"featured_media":17992,"comment_status":"open","ping_status":"closed","template":"","meta":[],"product_cat":[15],"product_tag":[100,373,392],"class_list":{"0":"post-18011","1":"product","2":"type-product","3":"status-publish","4":"has-post-thumbnail","6":"product_cat-disposable-vape","7":"product_tag-20000-puffs","8":"product_tag-europe-warehouse","9":"product_tag-vozol","10":"product_brand-vozol","12":"first","13":"instock","14":"shipping-taxable","15":"purchasable","16":"product-type-variable","17":"has-default-attributes"},"aioseo_notices":[],"_links":{"self":[{"href":"https:\/\/www.vapeswholesaler.com\/it\/wp-json\/wp\/v2\/product\/18011","targetHints":{"allow":["GET"]}}],"collection":[{"href":"https:\/\/www.vapeswholesaler.com\/it\/wp-json\/wp\/v2\/product"}],"about":[{"href":"https:\/\/www.vapeswholesaler.com\/it\/wp-json\/wp\/v2\/types\/product"}],"replies":[{"embeddable":true,"href":"https:\/\/www.vapeswholesaler.com\/it\/wp-json\/wp\/v2\/comments?post=18011"}],"wp:featuredmedia":[{"embeddable":true,"href":"https:\/\/www.vapeswholesaler.com\/it\/wp-json\/wp\/v2\/media\/17992"}],"wp:attachment":[{"href":"https:\/\/www.vapeswholesaler.com\/it\/wp-json\/wp\/v2\/media?parent=18011"}],"wp:term":[{"taxonomy":"product_cat","embeddable":true,"href":"https:\/\/www.vapeswholesaler.com\/it\/wp-json\/wp\/v2\/product_cat?post=18011"},{"taxonomy":"product_tag","embeddable":true,"href":"https:\/\/www.vapeswholesaler.com\/it\/wp-json\/wp\/v2\/product_tag?post=18011"}],"curies":[{"name":"wp","href":"https:\/\/api.w.org\/{rel}","templated":true}]}}