{"id":17979,"date":"2024-07-05T16:47:48","date_gmt":"2024-07-05T08:47:48","guid":{"rendered":"https:\/\/www.vapeswholesaler.com\/?post_type=product&#038;p=17979"},"modified":"2025-03-18T15:42:26","modified_gmt":"2025-03-18T07:42:26","slug":"allingrosso-lavie-cameo-30000-puff-monouso-vape","status":"publish","type":"product","link":"https:\/\/www.vapeswholesaler.com\/it\/prodotto\/allingrosso-lavie-cameo-30000-puff-monouso-vape","title":{"rendered":"all'ingrosso Lavie Cameo 30000 Puffs usa e getta Vape"},"content":{"rendered":"<p><a href=\"https:\/\/www.vapeswholesaler.com\/it\/marca_prodotto\/lavie\/\">Lavie<\/a> Cameo 30000 Puffs la pi\u00f9 grande caratteristica \u00e8 il dispositivo di equipaggiamento viene fornito con la tecnologia di separazione olio-bobina, \u00e8 possibile vedere chiaramente e intuitivamente la quantit\u00e0 di fumo e-liquid.<\/p>\n<p>Si tratta di un dispositivo ricaricabile monouso dotato di batteria e display del livello del succo elettronico. Contiene 30 ml di succo elettronico al sale di nicotina 1%\/2%\/3%\/5% e pu\u00f2 essere svapato fino a 30000 boccate. \u00c8 possibile scegliere tra 12 gusti. Il Cameo 30000 \u00e8 dotato di una porta di ricarica rapida di tipo C, che si ricarica completamente in 30 minuti. La parte inferiore del prodotto ha un design a interruttore per la regolazione del flusso d'aria per soddisfare le esigenze di svapo di tutti.<\/p>\n<h2><strong><a href=\"https:\/\/www.facebook.com\/fred.luo.58\/\">Lavie<\/a> Cameo 30000 Puffs Caratteristica:<\/strong><\/h2>\n<ul>\n<li>Batteria ricaricabile da 850 mAh<\/li>\n<li>30 ml di e-liquido pre-riempito<\/li>\n<li>1%\/2%\/3%\/5% intensit\u00e0 di nicotina<\/li>\n<li>Raggiunge fino a 30000 soffi<\/li>\n<li>Bobina a maglia da 0,8 ohm<\/li>\n<li>Porta di ricarica Type-C<\/li>\n<li>lampada di cristallo a colonna striscia luminosa<\/li>\n<li>12 gusti disponibili<\/li>\n<\/ul>\n<h2><strong>Aromi:<\/strong><\/h2>\n<ol>\n<li>Ghiaccio al mirtillo<\/li>\n<li>Ghiaccio alla ciliegia<\/li>\n<li>Ghiaccio al caff\u00e8<\/li>\n<li>Doppia mela<\/li>\n<li>Ghiaccio d'uva<\/li>\n<li>Cola al limone<\/li>\n<li>Ghiaccio al mango<\/li>\n<li>Pera Agrumi<\/li>\n<li>Ghiaccio alla fragola<\/li>\n<li>Anguria alla fragola<\/li>\n<li>Frutta tropicale<\/li>\n<li>Ghiaccio all'anguria<\/li>\n<\/ol>\n<h2><strong>Elenco degli imballaggi:<\/strong><\/h2>\n<p>Singolo con confezione piccola<br \/>\n10 pezzi in una confezione media<br \/>\n200 pezzi per cartone<\/p>\n<p>&nbsp;<\/p>\n<figure id=\"attachment_17978\" aria-describedby=\"caption-attachment-17978\" style=\"width: 800px\" class=\"wp-caption alignnone\"><img loading=\"lazy\" decoding=\"async\" class=\"wp-image-17978 size-full\" title=\"all&#039;ingrosso Lavie Cameo 30000 Puffs usa e getta Vape\" src=\"https:\/\/www.vapeswholesaler.com\/wp-content\/uploads\/2024\/07\/Wholesale-Lavie-Cameo-30000-Puffs-Disposable-Vape.webp\" alt=\"all&#039;ingrosso Lavie Cameo 30000 Puffs usa e getta Vape\" width=\"800\" height=\"560\" srcset=\"https:\/\/www.vapeswholesaler.com\/wp-content\/uploads\/2024\/07\/Wholesale-Lavie-Cameo-30000-Puffs-Disposable-Vape.webp 800w, https:\/\/www.vapeswholesaler.com\/wp-content\/uploads\/2024\/07\/Wholesale-Lavie-Cameo-30000-Puffs-Disposable-Vape-300x210.webp 300w, https:\/\/www.vapeswholesaler.com\/wp-content\/uploads\/2024\/07\/Wholesale-Lavie-Cameo-30000-Puffs-Disposable-Vape-768x538.webp 768w, https:\/\/www.vapeswholesaler.com\/wp-content\/uploads\/2024\/07\/Wholesale-Lavie-Cameo-30000-Puffs-Disposable-Vape-18x12.webp 18w, https:\/\/www.vapeswholesaler.com\/wp-content\/uploads\/2024\/07\/Wholesale-Lavie-Cameo-30000-Puffs-Disposable-Vape-510x357.webp 510w\" sizes=\"auto, (max-width: 800px) 100vw, 800px\" \/><figcaption id=\"caption-attachment-17978\" class=\"wp-caption-text\">all'ingrosso Lavie Cameo 30000 Puffs usa e getta Vape<\/figcaption><\/figure>","protected":false},"excerpt":{"rendered":"<p>Quantit\u00e0 minima d'ordine:\u00a0<strong>50 pezzi<\/strong>\u00a0(Gusti misti)\u00a0\u00a0<strong>Spedizione gratuita<\/strong><\/p>\n<p>(<strong>2%, 5% Nic<\/strong>)<\/p>","protected":false},"featured_media":17977,"comment_status":"open","ping_status":"closed","template":"","meta":[],"product_cat":[15],"product_tag":[374,393],"class_list":{"0":"post-17979","1":"product","2":"type-product","3":"status-publish","4":"has-post-thumbnail","6":"product_cat-disposable-vape","7":"product_tag-30000-puffs","8":"product_tag-lavie","9":"product_brand-lavie","11":"first","12":"instock","13":"shipping-taxable","14":"purchasable","15":"product-type-variable","16":"has-default-attributes"},"aioseo_notices":[],"_links":{"self":[{"href":"https:\/\/www.vapeswholesaler.com\/it\/wp-json\/wp\/v2\/product\/17979","targetHints":{"allow":["GET"]}}],"collection":[{"href":"https:\/\/www.vapeswholesaler.com\/it\/wp-json\/wp\/v2\/product"}],"about":[{"href":"https:\/\/www.vapeswholesaler.com\/it\/wp-json\/wp\/v2\/types\/product"}],"replies":[{"embeddable":true,"href":"https:\/\/www.vapeswholesaler.com\/it\/wp-json\/wp\/v2\/comments?post=17979"}],"wp:featuredmedia":[{"embeddable":true,"href":"https:\/\/www.vapeswholesaler.com\/it\/wp-json\/wp\/v2\/media\/17977"}],"wp:attachment":[{"href":"https:\/\/www.vapeswholesaler.com\/it\/wp-json\/wp\/v2\/media?parent=17979"}],"wp:term":[{"taxonomy":"product_cat","embeddable":true,"href":"https:\/\/www.vapeswholesaler.com\/it\/wp-json\/wp\/v2\/product_cat?post=17979"},{"taxonomy":"product_tag","embeddable":true,"href":"https:\/\/www.vapeswholesaler.com\/it\/wp-json\/wp\/v2\/product_tag?post=17979"}],"curies":[{"name":"wp","href":"https:\/\/api.w.org\/{rel}","templated":true}]}}