{"id":17842,"date":"2024-07-03T11:28:04","date_gmt":"2024-07-03T03:28:04","guid":{"rendered":"https:\/\/www.vapeswholesaler.com\/?post_type=product&#038;p=17842"},"modified":"2026-04-12T21:17:18","modified_gmt":"2026-04-12T13:17:18","slug":"allingrosso-vapsolo-super-15000-soffi-monouso-vape","status":"publish","type":"product","link":"https:\/\/www.vapeswholesaler.com\/it\/prodotto\/allingrosso-vapsolo-super-15000-soffi-monouso-vape","title":{"rendered":"all'ingrosso Vapsolo Super 15000 Puffs Vape usa e getta"},"content":{"rendered":"<p><a href=\"https:\/\/www.vapeswholesaler.com\/it\/marca_prodotto\/vapsolo\/\">Vapsolo<\/a> Super 15000 Puffs \u00e8 una penna da svapo usa e getta, progettata sia per i principianti che per i vapers esperti, che combina alta capacit\u00e0, facilit\u00e0 d'uso e tecnologia avanzata. La sua eccezionale erogazione di aromi e il suo design facile da usare la rendono una scelta eccellente nel mercato del vaping.<\/p>\n<p>Il dispositivo ha portato 25 ml di succo di sigaretta elettronica e 20 aromi pi\u00f9 venduti. Viene fornito con una batteria ricaricabile da 650mAh e si pu\u00f2 svapare tutto il succo di nicotina, un design del bocchino che consente di svapare liquidi con un contenuto di nicotina pi\u00f9 elevato per una grande esperienza, livelli di contenuto di nicotina: 2% 5% per darvi una variet\u00e0 di opzioni!<\/p>\n<p>Vapsolo gamma completa di prodotti, abbiamo magazzini in Europa, la maggior parte dei prodotti che abbiamo in magazzino, sapori pieni, per i paesi europei tempo di spedizione \u00e8 solo 5-6 giorni lavorativi, benvenuto a essere il nostro partner!<\/p>\n<h2><strong><a href=\"https:\/\/www.facebook.com\/fred.luo.58\">Vapsolo<\/a> Super 15000 soffi Caratteristiche:<\/strong><\/h2>\n<ul>\n<li>Bign\u00e8: 15000 Bign\u00e8<\/li>\n<li>Flusso d'aria a 4 livelli<\/li>\n<li>Capacit\u00e0 del liquido elettronico: 25 ML<\/li>\n<li>Capacit\u00e0 della batteria: 650MAH<\/li>\n<li>Bobina a rete<\/li>\n<li>Resistenza della bobina: 1,0\u03a9<\/li>\n<li>porta di tipo C, ricaricabile<\/li>\n<\/ul>\n<h2><strong>Aromi:<\/strong><\/h2>\n<ol>\n<li>Razz blu<\/li>\n<li>Ghiaccio al mirtillo<\/li>\n<li>Doppia mela<\/li>\n<li>Ghiaccio all'anguria<\/li>\n<li>Fragola Kiwi<\/li>\n<li>Bacche miste<\/li>\n<li>Red Bull<\/li>\n<li>Mirtillo Ciliegia Mirtillo Rosso<\/li>\n<li>Limone e lime<\/li>\n<li>Birilli<\/li>\n<li>Sogno d'estate<\/li>\n<li>Fragola e banana<\/li>\n<li>Anguria al lampone<\/li>\n<li>Cola al mirtillo e alla ciliegia<\/li>\n<li>Ghiaccio Nero Pompelmo Fragola<\/li>\n<li>Cola alla fragola e vaniglia<\/li>\n<li>Limonata rosa<\/li>\n<li>Ghiaccio alla fragola<\/li>\n<li>Pesca Mango Ananas<\/li>\n<li>Ghiaccio al mirtillo e ribes nero<\/li>\n<li>Amore 66<\/li>\n<li>Menta fresca<\/li>\n<li>Uva a grappolo<\/li>\n<\/ol>\n<h2><strong>Elenco degli imballaggi<\/strong><\/h2>\n<p>10cs\/scatola Peso<br \/>\n103g\/pz<br \/>\n200pcs\/ctn; 21.9kg\/ctn<br \/>\nDimensione del cartone: 44*43*26.5CM<\/p>\n<p>&nbsp;<\/p>\n<figure id=\"attachment_17823\" aria-describedby=\"caption-attachment-17823\" style=\"width: 800px\" class=\"wp-caption alignnone\"><img loading=\"lazy\" decoding=\"async\" class=\"wp-image-17823 size-full\" title=\"all&#039;ingrosso Vapsolo Super 15000 Puffs usa e getta Vape 1\" src=\"https:\/\/www.vapeswholesaler.com\/wp-content\/uploads\/2024\/07\/Wholesale-Vapsolo-Super-15000-Puffs-Disposable-Vape-1.webp\" alt=\"all&#039;ingrosso Vapsolo Super 15000 Puffs usa e getta Vape 1\" width=\"800\" height=\"800\" srcset=\"https:\/\/www.vapeswholesaler.com\/wp-content\/uploads\/2024\/07\/Wholesale-Vapsolo-Super-15000-Puffs-Disposable-Vape-1.webp 800w, https:\/\/www.vapeswholesaler.com\/wp-content\/uploads\/2024\/07\/Wholesale-Vapsolo-Super-15000-Puffs-Disposable-Vape-1-300x300.webp 300w, https:\/\/www.vapeswholesaler.com\/wp-content\/uploads\/2024\/07\/Wholesale-Vapsolo-Super-15000-Puffs-Disposable-Vape-1-150x150.webp 150w, https:\/\/www.vapeswholesaler.com\/wp-content\/uploads\/2024\/07\/Wholesale-Vapsolo-Super-15000-Puffs-Disposable-Vape-1-768x768.webp 768w, https:\/\/www.vapeswholesaler.com\/wp-content\/uploads\/2024\/07\/Wholesale-Vapsolo-Super-15000-Puffs-Disposable-Vape-1-12x12.webp 12w, https:\/\/www.vapeswholesaler.com\/wp-content\/uploads\/2024\/07\/Wholesale-Vapsolo-Super-15000-Puffs-Disposable-Vape-1-247x247.webp 247w, https:\/\/www.vapeswholesaler.com\/wp-content\/uploads\/2024\/07\/Wholesale-Vapsolo-Super-15000-Puffs-Disposable-Vape-1-510x510.webp 510w, https:\/\/www.vapeswholesaler.com\/wp-content\/uploads\/2024\/07\/Wholesale-Vapsolo-Super-15000-Puffs-Disposable-Vape-1-100x100.webp 100w\" sizes=\"auto, (max-width: 800px) 100vw, 800px\" \/><figcaption id=\"caption-attachment-17823\" class=\"wp-caption-text\">all'ingrosso Vapsolo Super 15000 Puffs Vape usa e getta<\/figcaption><\/figure>","protected":false},"excerpt":{"rendered":"<p>Quantit\u00e0 minima d'ordine:\u00a0<strong>50 pezzi<\/strong>\u00a0(Gusti misti)\u00a0\u00a0<strong>Spedizione gratuita<\/strong><\/p>\n<p>(<strong>2%, 5% Nic<\/strong>) Tempo di spedizione del magazzino UE 5-6 giorni lavorativi<\/p>","protected":false},"featured_media":17860,"comment_status":"open","ping_status":"closed","template":"","meta":[],"product_cat":[15],"product_tag":[87,373,375],"class_list":{"0":"post-17842","1":"product","2":"type-product","3":"status-publish","4":"has-post-thumbnail","6":"product_cat-disposable-vape","7":"product_tag-vapsolo","8":"product_tag-europe-warehouse","9":"product_tag-15000-puffs","10":"product_brand-vapsolo","12":"first","13":"instock","14":"shipping-taxable","15":"purchasable","16":"product-type-variable","17":"has-default-attributes"},"aioseo_notices":[],"_links":{"self":[{"href":"https:\/\/www.vapeswholesaler.com\/it\/wp-json\/wp\/v2\/product\/17842","targetHints":{"allow":["GET"]}}],"collection":[{"href":"https:\/\/www.vapeswholesaler.com\/it\/wp-json\/wp\/v2\/product"}],"about":[{"href":"https:\/\/www.vapeswholesaler.com\/it\/wp-json\/wp\/v2\/types\/product"}],"replies":[{"embeddable":true,"href":"https:\/\/www.vapeswholesaler.com\/it\/wp-json\/wp\/v2\/comments?post=17842"}],"wp:featuredmedia":[{"embeddable":true,"href":"https:\/\/www.vapeswholesaler.com\/it\/wp-json\/wp\/v2\/media\/17860"}],"wp:attachment":[{"href":"https:\/\/www.vapeswholesaler.com\/it\/wp-json\/wp\/v2\/media?parent=17842"}],"wp:term":[{"taxonomy":"product_cat","embeddable":true,"href":"https:\/\/www.vapeswholesaler.com\/it\/wp-json\/wp\/v2\/product_cat?post=17842"},{"taxonomy":"product_tag","embeddable":true,"href":"https:\/\/www.vapeswholesaler.com\/it\/wp-json\/wp\/v2\/product_tag?post=17842"}],"curies":[{"name":"wp","href":"https:\/\/api.w.org\/{rel}","templated":true}]}}