{"id":17773,"date":"2024-07-02T14:15:07","date_gmt":"2024-07-02T06:15:07","guid":{"rendered":"https:\/\/www.vapeswholesaler.com\/?post_type=product&#038;p=17773"},"modified":"2025-03-05T15:49:43","modified_gmt":"2025-03-05T07:49:43","slug":"allingrosso-originale-mr-nic-rocket-18000-puff-monouso-vape","status":"publish","type":"product","link":"https:\/\/www.vapeswholesaler.com\/it\/prodotto\/allingrosso-originale-mr-nic-rocket-18000-puff-monouso-vape","title":{"rendered":"all'ingrosso Original MR NIC ROCKET 18000 Puffs usa e getta vape"},"content":{"rendered":"<p>MR NIC ROCKET 18000 Puffs Digital Display Light Vape usa e getta \u00e8 un dispositivo ad alte prestazioni progettato per i vapers che cercano qualit\u00e0 e convenienza. Con un'impressionante capacit\u00e0 di 18000 puff, questa sigaretta elettronica monouso assicura un divertimento prolungato senza frequenti sostituzioni. Sono disponibili due modalit\u00e0: la modalit\u00e0 Pulse permette di svapare 9000 puff, la modalit\u00e0 Regular permette di svapare 18000 puff.<\/p>\n<p>Personalizzate la vostra esperienza con una gamma di intensit\u00e0 di nicotina: 0%, 2%, 3% e 5%. Questa variet\u00e0 assicura che possiate trovare l'equilibrio perfetto per soddisfare le vostre preferenze. Alimentata da una batteria da 650 mAh, MR NIC ROCKET 18000 offre prestazioni di lunga durata e la porta di ricarica Type-C assicura una ricarica rapida ed efficiente.<\/p>\n<h2><strong><a href=\"https:\/\/www.vapeswholesaler.com\/it\/marca_prodotto\/sig-nic\/\">MR NIC<\/a> ROCKET 18000 Puffs Caratteristiche:<\/strong><\/h2>\n<ul>\n<li>Lo schermo del display digitale mostra<\/li>\n<li>Razzo decollare quando Vaping potenza Luce salire quando la carica<\/li>\n<li>0\/2\/3\/5%Sale di nicotina.<\/li>\n<li>20ML di liquido elettronico.<\/li>\n<li>Setment della bobina a maglia doppia e singola.<\/li>\n<li>10 gusti disponibili.<\/li>\n<li>Batteria ricaricabile.<\/li>\n<li>Carica di tipo C<\/li>\n<li>Batteria integrata da 650 mAh.<\/li>\n<\/ul>\n<h2><strong>Aromi:<\/strong><\/h2>\n<ol>\n<li>Menta fresca<\/li>\n<li>Ribes nero Uva<\/li>\n<li>Miami Berry<\/li>\n<li>Ghiaccio alla mela rossa<\/li>\n<li>Mango alfonso ghiacciato<\/li>\n<li>Anguria alla fragola<\/li>\n<li>Limonata al frutto del drago<\/li>\n<li>Ghiaccio al mirtillo e alla fragola<\/li>\n<li>Guava Kiwi Frutto della passione<\/li>\n<li>Banana-Ciliegia<\/li>\n<\/ol>\n<h2><strong>Elenco degli imballaggi:<\/strong><\/h2>\n<p>5 pezzi in una scatola da esposizione.<br \/>\n200 pezzi in un cartone.<br \/>\nPeso del cartone: 18KG<\/p>\n<p><img loading=\"lazy\" decoding=\"async\" class=\"alignnone wp-image-17759 size-full\" title=\"all&#039;ingrosso Originale MR NIC ROCKET 18000 Puffs usa e getta vape 8\" src=\"https:\/\/www.vapeswholesaler.com\/wp-content\/uploads\/2024\/07\/Wholesale-Original-MR-NIC-ROCKET-18000-Puffs-Disposable-vape-8.webp\" alt=\"all&#039;ingrosso Originale MR NIC ROCKET 18000 Puffs usa e getta vape 8\" width=\"800\" height=\"800\" srcset=\"https:\/\/www.vapeswholesaler.com\/wp-content\/uploads\/2024\/07\/Wholesale-Original-MR-NIC-ROCKET-18000-Puffs-Disposable-vape-8.webp 800w, https:\/\/www.vapeswholesaler.com\/wp-content\/uploads\/2024\/07\/Wholesale-Original-MR-NIC-ROCKET-18000-Puffs-Disposable-vape-8-300x300.webp 300w, https:\/\/www.vapeswholesaler.com\/wp-content\/uploads\/2024\/07\/Wholesale-Original-MR-NIC-ROCKET-18000-Puffs-Disposable-vape-8-150x150.webp 150w, https:\/\/www.vapeswholesaler.com\/wp-content\/uploads\/2024\/07\/Wholesale-Original-MR-NIC-ROCKET-18000-Puffs-Disposable-vape-8-768x768.webp 768w, https:\/\/www.vapeswholesaler.com\/wp-content\/uploads\/2024\/07\/Wholesale-Original-MR-NIC-ROCKET-18000-Puffs-Disposable-vape-8-12x12.webp 12w, https:\/\/www.vapeswholesaler.com\/wp-content\/uploads\/2024\/07\/Wholesale-Original-MR-NIC-ROCKET-18000-Puffs-Disposable-vape-8-247x247.webp 247w, https:\/\/www.vapeswholesaler.com\/wp-content\/uploads\/2024\/07\/Wholesale-Original-MR-NIC-ROCKET-18000-Puffs-Disposable-vape-8-510x510.webp 510w, https:\/\/www.vapeswholesaler.com\/wp-content\/uploads\/2024\/07\/Wholesale-Original-MR-NIC-ROCKET-18000-Puffs-Disposable-vape-8-100x100.webp 100w\" sizes=\"auto, (max-width: 800px) 100vw, 800px\" \/> <img loading=\"lazy\" decoding=\"async\" class=\"alignnone wp-image-17753 size-full\" title=\"all&#039;ingrosso Originale MR NIC ROCKET 18000 Puffs usa e getta vape 1\" src=\"https:\/\/www.vapeswholesaler.com\/wp-content\/uploads\/2024\/07\/Wholesale-Original-MR-NIC-ROCKET-18000-Puffs-Disposable-vape-1.webp\" alt=\"all&#039;ingrosso Originale MR NIC ROCKET 18000 Puffs usa e getta vape 1\" width=\"800\" height=\"800\" srcset=\"https:\/\/www.vapeswholesaler.com\/wp-content\/uploads\/2024\/07\/Wholesale-Original-MR-NIC-ROCKET-18000-Puffs-Disposable-vape-1.webp 800w, https:\/\/www.vapeswholesaler.com\/wp-content\/uploads\/2024\/07\/Wholesale-Original-MR-NIC-ROCKET-18000-Puffs-Disposable-vape-1-300x300.webp 300w, https:\/\/www.vapeswholesaler.com\/wp-content\/uploads\/2024\/07\/Wholesale-Original-MR-NIC-ROCKET-18000-Puffs-Disposable-vape-1-150x150.webp 150w, https:\/\/www.vapeswholesaler.com\/wp-content\/uploads\/2024\/07\/Wholesale-Original-MR-NIC-ROCKET-18000-Puffs-Disposable-vape-1-768x768.webp 768w, https:\/\/www.vapeswholesaler.com\/wp-content\/uploads\/2024\/07\/Wholesale-Original-MR-NIC-ROCKET-18000-Puffs-Disposable-vape-1-12x12.webp 12w, https:\/\/www.vapeswholesaler.com\/wp-content\/uploads\/2024\/07\/Wholesale-Original-MR-NIC-ROCKET-18000-Puffs-Disposable-vape-1-247x247.webp 247w, https:\/\/www.vapeswholesaler.com\/wp-content\/uploads\/2024\/07\/Wholesale-Original-MR-NIC-ROCKET-18000-Puffs-Disposable-vape-1-510x510.webp 510w, https:\/\/www.vapeswholesaler.com\/wp-content\/uploads\/2024\/07\/Wholesale-Original-MR-NIC-ROCKET-18000-Puffs-Disposable-vape-1-100x100.webp 100w\" sizes=\"auto, (max-width: 800px) 100vw, 800px\" \/><\/p>\n<p>&nbsp;<\/p>\n<p>all'ingrosso Original MR NIC ROCKET 18000 Puffs usa e getta vape<img loading=\"lazy\" decoding=\"async\" class=\"alignnone wp-image-17760 size-full\" title=\"all&#039;ingrosso Originale MR NIC ROCKET 18000 Puffs usa e getta vape 10\" src=\"https:\/\/www.vapeswholesaler.com\/wp-content\/uploads\/2024\/07\/Wholesale-Original-MR-NIC-ROCKET-18000-Puffs-Disposable-vape-10.jpg\" alt=\"all&#039;ingrosso Originale MR NIC ROCKET 18000 Puffs usa e getta vape 10\" width=\"800\" height=\"880\" srcset=\"https:\/\/www.vapeswholesaler.com\/wp-content\/uploads\/2024\/07\/Wholesale-Original-MR-NIC-ROCKET-18000-Puffs-Disposable-vape-10.jpg 800w, https:\/\/www.vapeswholesaler.com\/wp-content\/uploads\/2024\/07\/Wholesale-Original-MR-NIC-ROCKET-18000-Puffs-Disposable-vape-10-273x300.jpg 273w, https:\/\/www.vapeswholesaler.com\/wp-content\/uploads\/2024\/07\/Wholesale-Original-MR-NIC-ROCKET-18000-Puffs-Disposable-vape-10-768x845.jpg 768w, https:\/\/www.vapeswholesaler.com\/wp-content\/uploads\/2024\/07\/Wholesale-Original-MR-NIC-ROCKET-18000-Puffs-Disposable-vape-10-11x12.jpg 11w, https:\/\/www.vapeswholesaler.com\/wp-content\/uploads\/2024\/07\/Wholesale-Original-MR-NIC-ROCKET-18000-Puffs-Disposable-vape-10-510x561.jpg 510w\" sizes=\"auto, (max-width: 800px) 100vw, 800px\" \/><\/p>","protected":false},"excerpt":{"rendered":"<p>Quantit\u00e0 minima d'ordine:\u00a0<strong>50 PEZZI<\/strong>\u00a0(Gusti misti)\u00a0\u00a0<strong>Spedizione gratuita<\/strong><\/p>\n<p>(<strong>2%, 5% Nic<\/strong>)<\/p>","protected":false},"featured_media":17767,"comment_status":"open","ping_status":"closed","template":"","meta":[],"product_cat":[15],"product_tag":[],"class_list":{"0":"post-17773","1":"product","2":"type-product","3":"status-publish","4":"has-post-thumbnail","6":"product_cat-disposable-vape","7":"product_brand-mr-nic","9":"first","10":"instock","11":"shipping-taxable","12":"purchasable","13":"product-type-variable","14":"has-default-attributes"},"aioseo_notices":[],"_links":{"self":[{"href":"https:\/\/www.vapeswholesaler.com\/it\/wp-json\/wp\/v2\/product\/17773","targetHints":{"allow":["GET"]}}],"collection":[{"href":"https:\/\/www.vapeswholesaler.com\/it\/wp-json\/wp\/v2\/product"}],"about":[{"href":"https:\/\/www.vapeswholesaler.com\/it\/wp-json\/wp\/v2\/types\/product"}],"replies":[{"embeddable":true,"href":"https:\/\/www.vapeswholesaler.com\/it\/wp-json\/wp\/v2\/comments?post=17773"}],"wp:featuredmedia":[{"embeddable":true,"href":"https:\/\/www.vapeswholesaler.com\/it\/wp-json\/wp\/v2\/media\/17767"}],"wp:attachment":[{"href":"https:\/\/www.vapeswholesaler.com\/it\/wp-json\/wp\/v2\/media?parent=17773"}],"wp:term":[{"taxonomy":"product_cat","embeddable":true,"href":"https:\/\/www.vapeswholesaler.com\/it\/wp-json\/wp\/v2\/product_cat?post=17773"},{"taxonomy":"product_tag","embeddable":true,"href":"https:\/\/www.vapeswholesaler.com\/it\/wp-json\/wp\/v2\/product_tag?post=17773"}],"curies":[{"name":"wp","href":"https:\/\/api.w.org\/{rel}","templated":true}]}}