{"id":17716,"date":"2024-07-02T11:56:23","date_gmt":"2024-07-02T03:56:23","guid":{"rendered":"https:\/\/www.vapeswholesaler.com\/?post_type=product&#038;p=17716"},"modified":"2025-03-05T15:50:37","modified_gmt":"2025-03-05T07:50:37","slug":"allingrosso-mr-nic-air-15000-puff-usa-e-getta-vape","status":"publish","type":"product","link":"https:\/\/www.vapeswholesaler.com\/it\/prodotto\/allingrosso-mr-nic-air-15000-puff-usa-e-getta-vape","title":{"rendered":"all'ingrosso MR NIC AIR 15000 Puff monouso vape"},"content":{"rendered":"<p>MR NIC AIR 15000 Puffs Digital Display Light Vape usa e getta \u00e8 un dispositivo ad alte prestazioni progettato per i vapers che cercano qualit\u00e0 e convenienza. Con un'impressionante capacit\u00e0 di 15000 puff, questa sigaretta elettronica usa e getta garantisce un divertimento prolungato senza frequenti sostituzioni.<\/p>\n<p>MR NIC AIR 15000 Puff con un nucleo di bobina a rete avanzato, ogni puff offre un vapore morbido e saporito. La generosa capacit\u00e0 di 16 ml di e-liquid consente sessioni di svapo prolungate, dandovi ampie possibilit\u00e0 di assaporare i vostri gusti preferiti.<\/p>\n<p>Personalizzate la vostra esperienza con una gamma di intensit\u00e0 di nicotina: 0%, 2%, 3% e 5%. Questa variet\u00e0 assicura che possiate trovare l'equilibrio perfetto per soddisfare le vostre preferenze. Alimentata da una batteria da 600mah, la Elf Box DG 12000 offre prestazioni di lunga durata e la porta di ricarica Type-C assicura una ricarica rapida ed efficiente.<\/p>\n<p>Provate la sigaretta elettronica usa e getta MR NIC AIR 15000 Puffs LED Display e migliorate il vostro viaggio nel mondo del vaping grazie alle sue eccezionali prestazioni, alla sua convenienza e alle sue caratteristiche personalizzabili. Godetevi la perfetta combinazione di tecnologia e sapore con questa innovativa sigaretta elettronica monouso.<\/p>\n<h2><strong><a href=\"https:\/\/www.vapeswholesaler.com\/it\/marca_prodotto\/sig-nic\/\">MR NIC<\/a> AIR 15000 Puffs Caratteristiche:<\/strong><\/h2>\n<ul>\n<li>La luce dello schermo digitale si muove in cerchio durante il vaping.<\/li>\n<li>0\/2\/3\/5%Sale di nicotina.<\/li>\n<li>16ML di liquido elettronico.<\/li>\n<li>Bobina a rete.<\/li>\n<li>15 gusti disponibili.<\/li>\n<li>Batteria ricaricabile.<\/li>\n<li>Carica di tipo C.<\/li>\n<li>Batteria integrata da 600 mAh.<\/li>\n<\/ul>\n<h2><strong>Aromi:<\/strong><\/h2>\n<ol>\n<li>Triplo ghiaccio ai frutti di bosco<\/li>\n<li>Esplosione arcobaleno tropicale<\/li>\n<li>Fragola e banana<\/li>\n<li>Melone del Drago<\/li>\n<li>Kiwi Passione Fuava<\/li>\n<li>Ghiaccio al mirtillo<\/li>\n<li>Zecca di Miami<\/li>\n<li>Ciliegia della California<\/li>\n<li>Ghiaccio all'anguria<\/li>\n<li>Doppia mela<\/li>\n<li>Mango alla fragola<\/li>\n<li>Mela fragola e anguria<\/li>\n<li>Ghiaccio rosso energetico<\/li>\n<li>Melata Anguria Frutto della passione<\/li>\n<li>Soffietto all'uva<\/li>\n<\/ol>\n<h2><strong>Elenco degli imballaggi:<\/strong><\/h2>\n<p>10 pezzi in una scatola da esposizione.<br \/>\n200 pezzi in un cartone.<br \/>\nPeso del cartone: 14.50KG<\/p>\n<p><img loading=\"lazy\" decoding=\"async\" class=\"alignnone wp-image-17696 size-full\" title=\"all&#039;ingrosso MR NIC AIR 15000 Puffs monouso vape 4\" src=\"https:\/\/www.vapeswholesaler.com\/wp-content\/uploads\/2024\/07\/Wholesale-MR-NIC-AIR-15000-Puffs-disposable-vape-4.webp\" alt=\"all&#039;ingrosso MR NIC AIR 15000 Puffs monouso vape 4\" width=\"800\" height=\"800\" srcset=\"https:\/\/www.vapeswholesaler.com\/wp-content\/uploads\/2024\/07\/Wholesale-MR-NIC-AIR-15000-Puffs-disposable-vape-4.webp 800w, https:\/\/www.vapeswholesaler.com\/wp-content\/uploads\/2024\/07\/Wholesale-MR-NIC-AIR-15000-Puffs-disposable-vape-4-300x300.webp 300w, https:\/\/www.vapeswholesaler.com\/wp-content\/uploads\/2024\/07\/Wholesale-MR-NIC-AIR-15000-Puffs-disposable-vape-4-150x150.webp 150w, https:\/\/www.vapeswholesaler.com\/wp-content\/uploads\/2024\/07\/Wholesale-MR-NIC-AIR-15000-Puffs-disposable-vape-4-768x768.webp 768w, https:\/\/www.vapeswholesaler.com\/wp-content\/uploads\/2024\/07\/Wholesale-MR-NIC-AIR-15000-Puffs-disposable-vape-4-12x12.webp 12w, https:\/\/www.vapeswholesaler.com\/wp-content\/uploads\/2024\/07\/Wholesale-MR-NIC-AIR-15000-Puffs-disposable-vape-4-247x247.webp 247w, https:\/\/www.vapeswholesaler.com\/wp-content\/uploads\/2024\/07\/Wholesale-MR-NIC-AIR-15000-Puffs-disposable-vape-4-510x510.webp 510w, https:\/\/www.vapeswholesaler.com\/wp-content\/uploads\/2024\/07\/Wholesale-MR-NIC-AIR-15000-Puffs-disposable-vape-4-100x100.webp 100w\" sizes=\"auto, (max-width: 800px) 100vw, 800px\" \/><\/p>","protected":false},"excerpt":{"rendered":"<p>Quantit\u00e0 minima d'ordine:\u00a0<strong>50 PEZZI<\/strong>\u00a0(Gusti misti)\u00a0\u00a0<strong>Spedizione gratuita<\/strong><\/p>\n<p>(<strong>2%, 5% Nic<\/strong>)<\/p>","protected":false},"featured_media":17695,"comment_status":"open","ping_status":"closed","template":"","meta":[],"product_cat":[15],"product_tag":[],"class_list":{"0":"post-17716","1":"product","2":"type-product","3":"status-publish","4":"has-post-thumbnail","6":"product_cat-disposable-vape","7":"product_brand-mr-nic","9":"first","10":"instock","11":"shipping-taxable","12":"purchasable","13":"product-type-variable","14":"has-default-attributes"},"aioseo_notices":[],"_links":{"self":[{"href":"https:\/\/www.vapeswholesaler.com\/it\/wp-json\/wp\/v2\/product\/17716","targetHints":{"allow":["GET"]}}],"collection":[{"href":"https:\/\/www.vapeswholesaler.com\/it\/wp-json\/wp\/v2\/product"}],"about":[{"href":"https:\/\/www.vapeswholesaler.com\/it\/wp-json\/wp\/v2\/types\/product"}],"replies":[{"embeddable":true,"href":"https:\/\/www.vapeswholesaler.com\/it\/wp-json\/wp\/v2\/comments?post=17716"}],"wp:featuredmedia":[{"embeddable":true,"href":"https:\/\/www.vapeswholesaler.com\/it\/wp-json\/wp\/v2\/media\/17695"}],"wp:attachment":[{"href":"https:\/\/www.vapeswholesaler.com\/it\/wp-json\/wp\/v2\/media?parent=17716"}],"wp:term":[{"taxonomy":"product_cat","embeddable":true,"href":"https:\/\/www.vapeswholesaler.com\/it\/wp-json\/wp\/v2\/product_cat?post=17716"},{"taxonomy":"product_tag","embeddable":true,"href":"https:\/\/www.vapeswholesaler.com\/it\/wp-json\/wp\/v2\/product_tag?post=17716"}],"curies":[{"name":"wp","href":"https:\/\/api.w.org\/{rel}","templated":true}]}}