{"id":17577,"date":"2024-06-29T15:46:59","date_gmt":"2024-06-29T07:46:59","guid":{"rendered":"https:\/\/www.vapeswholesaler.com\/?post_type=product&#038;p=17577"},"modified":"2025-02-26T12:52:12","modified_gmt":"2025-02-26T04:52:12","slug":"allingrosso-poco-pt-12000-soffi-colorati-usa-e-getta-vape","status":"publish","type":"product","link":"https:\/\/www.vapeswholesaler.com\/it\/prodotto\/allingrosso-poco-pt-12000-soffi-colorati-usa-e-getta-vape","title":{"rendered":"Commercio all'ingrosso POCO PT 12000 Puffs Colorful usa e getta vape"},"content":{"rendered":"<p>POCO PT 12000 Puffs \u00e8 una nuova sigaretta usa e getta, un dispositivo ad alte prestazioni progettato per i vapers che cercano qualit\u00e0 e convenienza. Con un'impressionante capacit\u00e0 di 12000 puffs e una batteria da 650mah, questa sigaretta elettronica usa e getta assicura un divertimento prolungato senza frequenti sostituzioni. La generosa capacit\u00e0 di 22ml di e-liquid consente sessioni di svapo prolungate, dandovi ampie opportunit\u00e0 di assaporare i vostri gusti preferiti.<\/p>\n<p>Provate la sigaretta elettronica usa e getta colorata POCO PT 12000 Puffs e migliorate il vostro viaggio nel mondo del vaping grazie alle sue eccezionali prestazioni, alla convenienza e alle funzioni personalizzabili. Godetevi la perfetta combinazione di tecnologia e sapore con questa innovativa sigaretta elettronica usa e getta.<\/p>\n<h2><strong><a href=\"https:\/\/www.vapeswholesaler.com\/it\/marca_prodotto\/poco\/\">POCO<\/a> PT 12000 Puffs Caratteristica:<\/strong><\/h2>\n<ul>\n<li>Capacit\u00e0: 22 ml<\/li>\n<li>Forza: 5%<\/li>\n<li>Batteria: 650 mAh Tipo-C<\/li>\n<li>Bign\u00e8: 12000 Bign\u00e8<\/li>\n<\/ul>\n<h2><strong>Aromi:<\/strong><\/h2>\n<ol>\n<li>Ghiaccio al mirtillo<\/li>\n<li>Limonata alla ciliegia e alla pesca<\/li>\n<li>Mirtillo Lampone<\/li>\n<li>Fragola Kiwi<\/li>\n<li>Aloe Uva<\/li>\n<li>Ghiaccio nero Frutto del drago Fragola<\/li>\n<li>Bevanda energetica<\/li>\n<li>Anguria alla fragola<\/li>\n<li>Ghiaccio alla pesca<\/li>\n<li>Ghiaccio alla fragola<\/li>\n<\/ol>\n<h2><strong>Elenco degli imballaggi:<\/strong><\/h2>\n<p>1pz ogni confezione regalo<br \/>\n10pz ogni scatola centrale<br \/>\n200 pezzi per cartone<\/p>\n<p><img loading=\"lazy\" decoding=\"async\" class=\"alignnone wp-image-17559 size-full\" title=\"all&#039;ingrosso Poco PT 12000 Puff monouso vape 2\" src=\"https:\/\/www.vapeswholesaler.com\/wp-content\/uploads\/2024\/06\/Wholesale-Poco-PT-12000-Puffs-disposable-vape-2.webp\" alt=\"all&#039;ingrosso Poco PT 12000 Puff monouso vape 2\" width=\"800\" height=\"800\" srcset=\"https:\/\/www.vapeswholesaler.com\/wp-content\/uploads\/2024\/06\/Wholesale-Poco-PT-12000-Puffs-disposable-vape-2.webp 800w, https:\/\/www.vapeswholesaler.com\/wp-content\/uploads\/2024\/06\/Wholesale-Poco-PT-12000-Puffs-disposable-vape-2-300x300.webp 300w, https:\/\/www.vapeswholesaler.com\/wp-content\/uploads\/2024\/06\/Wholesale-Poco-PT-12000-Puffs-disposable-vape-2-150x150.webp 150w, https:\/\/www.vapeswholesaler.com\/wp-content\/uploads\/2024\/06\/Wholesale-Poco-PT-12000-Puffs-disposable-vape-2-768x768.webp 768w, https:\/\/www.vapeswholesaler.com\/wp-content\/uploads\/2024\/06\/Wholesale-Poco-PT-12000-Puffs-disposable-vape-2-12x12.webp 12w, https:\/\/www.vapeswholesaler.com\/wp-content\/uploads\/2024\/06\/Wholesale-Poco-PT-12000-Puffs-disposable-vape-2-247x247.webp 247w, https:\/\/www.vapeswholesaler.com\/wp-content\/uploads\/2024\/06\/Wholesale-Poco-PT-12000-Puffs-disposable-vape-2-510x510.webp 510w, https:\/\/www.vapeswholesaler.com\/wp-content\/uploads\/2024\/06\/Wholesale-Poco-PT-12000-Puffs-disposable-vape-2-100x100.webp 100w\" sizes=\"auto, (max-width: 800px) 100vw, 800px\" \/><\/p>\n<p><img loading=\"lazy\" decoding=\"async\" class=\"alignnone wp-image-17563 size-full\" title=\"all&#039;ingrosso Poco PT 12000 Puffs usa e getta vape 6\" src=\"https:\/\/www.vapeswholesaler.com\/wp-content\/uploads\/2024\/06\/Wholesale-Poco-PT-12000-Puffs-disposable-vape-6.webp\" alt=\"all&#039;ingrosso Poco PT 12000 Puffs usa e getta vape 6\" width=\"800\" height=\"800\" srcset=\"https:\/\/www.vapeswholesaler.com\/wp-content\/uploads\/2024\/06\/Wholesale-Poco-PT-12000-Puffs-disposable-vape-6.webp 800w, https:\/\/www.vapeswholesaler.com\/wp-content\/uploads\/2024\/06\/Wholesale-Poco-PT-12000-Puffs-disposable-vape-6-300x300.webp 300w, https:\/\/www.vapeswholesaler.com\/wp-content\/uploads\/2024\/06\/Wholesale-Poco-PT-12000-Puffs-disposable-vape-6-150x150.webp 150w, https:\/\/www.vapeswholesaler.com\/wp-content\/uploads\/2024\/06\/Wholesale-Poco-PT-12000-Puffs-disposable-vape-6-768x768.webp 768w, https:\/\/www.vapeswholesaler.com\/wp-content\/uploads\/2024\/06\/Wholesale-Poco-PT-12000-Puffs-disposable-vape-6-12x12.webp 12w, https:\/\/www.vapeswholesaler.com\/wp-content\/uploads\/2024\/06\/Wholesale-Poco-PT-12000-Puffs-disposable-vape-6-247x247.webp 247w, https:\/\/www.vapeswholesaler.com\/wp-content\/uploads\/2024\/06\/Wholesale-Poco-PT-12000-Puffs-disposable-vape-6-510x510.webp 510w, https:\/\/www.vapeswholesaler.com\/wp-content\/uploads\/2024\/06\/Wholesale-Poco-PT-12000-Puffs-disposable-vape-6-100x100.webp 100w\" sizes=\"auto, (max-width: 800px) 100vw, 800px\" \/><\/p>","protected":false},"excerpt":{"rendered":"<p>Quantit\u00e0 minima d'ordine:\u00a0<strong>50 PCS<\/strong>\u00a0(Gusti misti)\u00a0\u00a0<strong>Spedizione gratuita<\/strong><\/p>\n<p>(<strong>2%, 5% Nic<\/strong>) Tempo di spedizione del magazzino UE 5-6 giorni lavorativi<\/p>","protected":false},"featured_media":17566,"comment_status":"open","ping_status":"closed","template":"","meta":[],"product_cat":[15],"product_tag":[],"class_list":{"0":"post-17577","1":"product","2":"type-product","3":"status-publish","4":"has-post-thumbnail","6":"product_cat-disposable-vape","7":"product_brand-poco","9":"first","10":"instock","11":"shipping-taxable","12":"purchasable","13":"product-type-variable","14":"has-default-attributes"},"aioseo_notices":[],"_links":{"self":[{"href":"https:\/\/www.vapeswholesaler.com\/it\/wp-json\/wp\/v2\/product\/17577","targetHints":{"allow":["GET"]}}],"collection":[{"href":"https:\/\/www.vapeswholesaler.com\/it\/wp-json\/wp\/v2\/product"}],"about":[{"href":"https:\/\/www.vapeswholesaler.com\/it\/wp-json\/wp\/v2\/types\/product"}],"replies":[{"embeddable":true,"href":"https:\/\/www.vapeswholesaler.com\/it\/wp-json\/wp\/v2\/comments?post=17577"}],"wp:featuredmedia":[{"embeddable":true,"href":"https:\/\/www.vapeswholesaler.com\/it\/wp-json\/wp\/v2\/media\/17566"}],"wp:attachment":[{"href":"https:\/\/www.vapeswholesaler.com\/it\/wp-json\/wp\/v2\/media?parent=17577"}],"wp:term":[{"taxonomy":"product_cat","embeddable":true,"href":"https:\/\/www.vapeswholesaler.com\/it\/wp-json\/wp\/v2\/product_cat?post=17577"},{"taxonomy":"product_tag","embeddable":true,"href":"https:\/\/www.vapeswholesaler.com\/it\/wp-json\/wp\/v2\/product_tag?post=17577"}],"curies":[{"name":"wp","href":"https:\/\/api.w.org\/{rel}","templated":true}]}}