{"id":16997,"date":"2024-06-21T15:01:44","date_gmt":"2024-06-21T07:01:44","guid":{"rendered":"https:\/\/www.vapeswholesaler.com\/?post_type=product&#038;p=16997"},"modified":"2025-11-10T18:14:07","modified_gmt":"2025-11-10T10:14:07","slug":"allingrosso-fumot-tornado-20000-puff-monouso-vape","status":"publish","type":"product","link":"https:\/\/www.vapeswholesaler.com\/it\/prodotto\/allingrosso-fumot-tornado-20000-puff-monouso-vape","title":{"rendered":"all'ingrosso Fumot Tornado 20000 Puffs vape usa e getta"},"content":{"rendered":"<p><a href=\"https:\/\/www.vapeswholesaler.com\/it\/marca_prodotto\/randm\/\">Fumot<\/a> Tornado 20000 Puffs \u00e8 un dispositivo di svapo usa e getta a doppia bobina Mesh Coils con uno schermo LED intelligente. \u00e8 riempito con 20ml di liquido e pu\u00f2 essere soffiato fino a 20000 volte, Tornado 20000 ha 4 intensit\u00e0 di nicotina 0%, 2%, 3%, e 5%, e 30 sapori per voi da scegliere, viene fornito con una porta di ricarica rapida Type-c nella parte inferiore del dispositivo per garantire che si utilizza sempre fino all'ultima goccia di e-liquido nel vostro serbatoio.<\/p>\n<p>Il display intelligente a LED fornisce informazioni in tempo reale, consentendo ai vapers di conoscere i dettagli delle importazioni con un solo sguardo, il display mostra la durata della batteria e il livello di e-liquid. non solo questo aggiunge un tocco futuristico, ma migliora anche l'esperienza complessiva dell'utente, rendendo pi\u00f9 facile tracciare l'utilizzo e sapere quando ricaricare.Rimani informato e in controllo con le nostre sigarette usa e getta con display a LED.<\/p>\n<p>Il vape usa e getta utilizza un elemento riscaldante con due strati di materiale a rete, creando una superficie pi\u00f9 ampia per il contatto e il riscaldamento uniforme dell'e-liquid, che si traduce in un gusto pi\u00f9 morbido e soddisfacente, nonch\u00e9 in un sapore pi\u00f9 stabile per tutta la durata del vape.<\/p>\n<p>Fumot Tornado 20000 Puffs USB Type-C \u00e8 l'ultimo standard universale per la connessione cablata di dispositivi intelligenti, con una batteria ricaricabile integrata da 900mah, pu\u00f2 essere ricaricata un paio di volte, in modo da non essere bloccati con un usa e getta morto prima che l'e-liquid si esaurisca.<\/p>\n<h2><strong><a href=\"https:\/\/www.facebook.com\/fred.luo.58\/\">Fumot<\/a> Tornado 20000 puff Caratteristiche<\/strong><\/h2>\n<ul>\n<li>5% Nicotina<\/li>\n<li>Batteria ricaricabile 900mah<\/li>\n<li>Soffi: 20000 soffi<\/li>\n<li>Capacit\u00e0: 20 ml<\/li>\n<li>display con indicatore dell'olio e della batteria<\/li>\n<li>porta di tipo C<\/li>\n<li>20 gusti disponibili<\/li>\n<li>doppia maglia<\/li>\n<li>160 pezzi in un cartone.<\/li>\n<\/ul>\n<p>&nbsp;<\/p>\n<h2><strong>Aromi:<\/strong><\/h2>\n<p>1.Cola Ice<br \/>\n2.Blueberry On Ice<br \/>\n3.Strawberry Ice<br \/>\n4.Strawberry Kiwi<br \/>\n5.Cotton Candy<br \/>\n6.Cherry Lime<br \/>\n7.Pineapple Lemon Green Apple<br \/>\n8.Banana Cake<br \/>\n9.Blueberry Raspberry<br \/>\n10.Peach Pineapple Orange<br \/>\n11.Strawberry Watermelon<br \/>\n12.Mr Blue<br \/>\n13.Kiwi Passion Fruit Guava<br \/>\n14.Cool Mint<br \/>\n15.Cherry Cola<br \/>\n16.Mirtillo Lampone acido<br \/>\n17.Cola Lemon<br \/>\n18.Blackcurrant Apple<br \/>\n19.Blue Razz<br \/>\n20.Skittles<br \/>\n21.Pina Colada<br \/>\n22.Mixed Berry<br \/>\n23.Cactus Kiwi<br \/>\n24.Strawberry Ice Cream<br \/>\n25.Pear Ice<br \/>\n26.Lychee Hami Melon<br \/>\n27.Peach Mango Watermelon<br \/>\n28.Blueberry Raspberry Hard Candy<\/p>\n<figure id=\"attachment_19024\" aria-describedby=\"caption-attachment-19024\" style=\"width: 1600px\" class=\"wp-caption alignnone\"><img loading=\"lazy\" decoding=\"async\" class=\"wp-image-19024 size-full\" title=\"all&#039;ingrosso Fumot Tornado 20000 Puffs usa e getta vape 11\" src=\"https:\/\/www.vapeswholesaler.com\/wp-content\/uploads\/2024\/08\/Wholesale-Fumot-Tornado-20000-Puffs-disposable-vape-11.webp\" alt=\"all&#039;ingrosso Fumot Tornado 20000 Puffs usa e getta vape 11\" width=\"1600\" height=\"1025\" srcset=\"https:\/\/www.vapeswholesaler.com\/wp-content\/uploads\/2024\/08\/Wholesale-Fumot-Tornado-20000-Puffs-disposable-vape-11.webp 1600w, https:\/\/www.vapeswholesaler.com\/wp-content\/uploads\/2024\/08\/Wholesale-Fumot-Tornado-20000-Puffs-disposable-vape-11-300x192.webp 300w, https:\/\/www.vapeswholesaler.com\/wp-content\/uploads\/2024\/08\/Wholesale-Fumot-Tornado-20000-Puffs-disposable-vape-11-1024x656.webp 1024w, https:\/\/www.vapeswholesaler.com\/wp-content\/uploads\/2024\/08\/Wholesale-Fumot-Tornado-20000-Puffs-disposable-vape-11-768x492.webp 768w, https:\/\/www.vapeswholesaler.com\/wp-content\/uploads\/2024\/08\/Wholesale-Fumot-Tornado-20000-Puffs-disposable-vape-11-1536x984.webp 1536w, https:\/\/www.vapeswholesaler.com\/wp-content\/uploads\/2024\/08\/Wholesale-Fumot-Tornado-20000-Puffs-disposable-vape-11-18x12.webp 18w, https:\/\/www.vapeswholesaler.com\/wp-content\/uploads\/2024\/08\/Wholesale-Fumot-Tornado-20000-Puffs-disposable-vape-11-510x327.webp 510w\" sizes=\"auto, (max-width: 1600px) 100vw, 1600px\" \/><figcaption id=\"caption-attachment-19024\" class=\"wp-caption-text\">all'ingrosso Fumot Tornado 20000 Puffs vape usa e getta<\/figcaption><\/figure>\n<p><img loading=\"lazy\" decoding=\"async\" class=\"alignnone wp-image-19022 size-full\" title=\"all&#039;ingrosso Fumot Tornado 20000 Puffs monouso vape 9\" src=\"https:\/\/www.vapeswholesaler.com\/wp-content\/uploads\/2024\/08\/Wholesale-Fumot-Tornado-20000-Puffs-disposable-vape-9.webp\" alt=\"all&#039;ingrosso Fumot Tornado 20000 Puffs monouso vape 9\" width=\"700\" height=\"700\" srcset=\"https:\/\/www.vapeswholesaler.com\/wp-content\/uploads\/2024\/08\/Wholesale-Fumot-Tornado-20000-Puffs-disposable-vape-9.webp 700w, https:\/\/www.vapeswholesaler.com\/wp-content\/uploads\/2024\/08\/Wholesale-Fumot-Tornado-20000-Puffs-disposable-vape-9-300x300.webp 300w, https:\/\/www.vapeswholesaler.com\/wp-content\/uploads\/2024\/08\/Wholesale-Fumot-Tornado-20000-Puffs-disposable-vape-9-150x150.webp 150w, https:\/\/www.vapeswholesaler.com\/wp-content\/uploads\/2024\/08\/Wholesale-Fumot-Tornado-20000-Puffs-disposable-vape-9-12x12.webp 12w, https:\/\/www.vapeswholesaler.com\/wp-content\/uploads\/2024\/08\/Wholesale-Fumot-Tornado-20000-Puffs-disposable-vape-9-247x247.webp 247w, https:\/\/www.vapeswholesaler.com\/wp-content\/uploads\/2024\/08\/Wholesale-Fumot-Tornado-20000-Puffs-disposable-vape-9-510x510.webp 510w, https:\/\/www.vapeswholesaler.com\/wp-content\/uploads\/2024\/08\/Wholesale-Fumot-Tornado-20000-Puffs-disposable-vape-9-100x100.webp 100w\" sizes=\"auto, (max-width: 700px) 100vw, 700px\" \/> <img loading=\"lazy\" decoding=\"async\" class=\"alignnone wp-image-19021 size-full\" title=\"all&#039;ingrosso Fumot Tornado 20000 Puffs monouso vape 8\" src=\"https:\/\/www.vapeswholesaler.com\/wp-content\/uploads\/2024\/08\/Wholesale-Fumot-Tornado-20000-Puffs-disposable-vape-8.webp\" alt=\"all&#039;ingrosso Fumot Tornado 20000 Puffs monouso vape 8\" width=\"700\" height=\"700\" srcset=\"https:\/\/www.vapeswholesaler.com\/wp-content\/uploads\/2024\/08\/Wholesale-Fumot-Tornado-20000-Puffs-disposable-vape-8.webp 700w, https:\/\/www.vapeswholesaler.com\/wp-content\/uploads\/2024\/08\/Wholesale-Fumot-Tornado-20000-Puffs-disposable-vape-8-300x300.webp 300w, https:\/\/www.vapeswholesaler.com\/wp-content\/uploads\/2024\/08\/Wholesale-Fumot-Tornado-20000-Puffs-disposable-vape-8-150x150.webp 150w, https:\/\/www.vapeswholesaler.com\/wp-content\/uploads\/2024\/08\/Wholesale-Fumot-Tornado-20000-Puffs-disposable-vape-8-12x12.webp 12w, https:\/\/www.vapeswholesaler.com\/wp-content\/uploads\/2024\/08\/Wholesale-Fumot-Tornado-20000-Puffs-disposable-vape-8-247x247.webp 247w, https:\/\/www.vapeswholesaler.com\/wp-content\/uploads\/2024\/08\/Wholesale-Fumot-Tornado-20000-Puffs-disposable-vape-8-510x510.webp 510w, https:\/\/www.vapeswholesaler.com\/wp-content\/uploads\/2024\/08\/Wholesale-Fumot-Tornado-20000-Puffs-disposable-vape-8-100x100.webp 100w\" sizes=\"auto, (max-width: 700px) 100vw, 700px\" \/><\/p>","protected":false},"excerpt":{"rendered":"<p>Quantit\u00e0 minima d'ordine: <strong>50 PCS<\/strong> (Gusti misti) Spedizione gratuita<\/p>\n<p>(<strong>2%, 5% Nic<\/strong>) Tempo di spedizione del magazzino UE 5-6 giorni lavorativi<\/p>","protected":false},"featured_media":19014,"comment_status":"open","ping_status":"closed","template":"","meta":[],"product_cat":[15],"product_tag":[100,382],"class_list":{"0":"post-16997","1":"product","2":"type-product","3":"status-publish","4":"has-post-thumbnail","6":"product_cat-disposable-vape","7":"product_tag-20000-puffs","8":"product_tag-fumot","9":"product_brand-fumot","11":"first","12":"instock","13":"shipping-taxable","14":"purchasable","15":"product-type-variable","16":"has-default-attributes"},"aioseo_notices":[],"_links":{"self":[{"href":"https:\/\/www.vapeswholesaler.com\/it\/wp-json\/wp\/v2\/product\/16997","targetHints":{"allow":["GET"]}}],"collection":[{"href":"https:\/\/www.vapeswholesaler.com\/it\/wp-json\/wp\/v2\/product"}],"about":[{"href":"https:\/\/www.vapeswholesaler.com\/it\/wp-json\/wp\/v2\/types\/product"}],"replies":[{"embeddable":true,"href":"https:\/\/www.vapeswholesaler.com\/it\/wp-json\/wp\/v2\/comments?post=16997"}],"wp:featuredmedia":[{"embeddable":true,"href":"https:\/\/www.vapeswholesaler.com\/it\/wp-json\/wp\/v2\/media\/19014"}],"wp:attachment":[{"href":"https:\/\/www.vapeswholesaler.com\/it\/wp-json\/wp\/v2\/media?parent=16997"}],"wp:term":[{"taxonomy":"product_cat","embeddable":true,"href":"https:\/\/www.vapeswholesaler.com\/it\/wp-json\/wp\/v2\/product_cat?post=16997"},{"taxonomy":"product_tag","embeddable":true,"href":"https:\/\/www.vapeswholesaler.com\/it\/wp-json\/wp\/v2\/product_tag?post=16997"}],"curies":[{"name":"wp","href":"https:\/\/api.w.org\/{rel}","templated":true}]}}