{"id":16743,"date":"2024-06-18T17:58:17","date_gmt":"2024-06-18T09:58:17","guid":{"rendered":"https:\/\/www.vapeswholesaler.com\/?post_type=product&#038;p=16743"},"modified":"2025-02-23T16:29:16","modified_gmt":"2025-02-23T08:29:16","slug":"allingrosso-lost-mary-mo20000-pro-vape-usa-e-getta-20k-puffs","status":"publish","type":"product","link":"https:\/\/www.vapeswholesaler.com\/it\/prodotto\/allingrosso-lost-mary-mo20000-pro-vape-usa-e-getta-20k-puffs","title":{"rendered":"all'ingrosso Lost Mary MO20000 Pro Disposable Vape 20K Puffs"},"content":{"rendered":"<p><a href=\"https:\/\/www.vapeswholesaler.com\/it\/marca_prodotto\/maria-perduta\/\">Maria perduta<\/a> MO20000 Pro Disposable Vape 20K Puffs \u00e8 compatto, leggero e molto portatile. \u00c8 dotata di una batteria ricaricabile integrata da 800 mAh e pu\u00f2 essere ricaricata tramite la porta di ricarica USB Type-C. Con una capacit\u00e0 di 18 ml pre-riempita con 50 mg di nicotina salina e una notevole selezione di sapori deliziosi, si prospettano molte sessioni di svapo soddisfacenti. Grazie alla capacit\u00e0, gli utenti possono aspettarsi di ricevere fino a 20.000 boccate per dispositivo. Dotato di un meccanismo di accensione a tiraggio per la massima praticit\u00e0, di bobine a doppia maglia da 0,9 ohm e di potenza regolabile per le prestazioni, oltre al controllo del flusso d'aria regolabile per la regolazione fine, vi godrete ogni momento con Lost Mary MO20000 Pro Disposable Vape 20K Puffs. La caratteristica principale di Lost Mary MO20000 Pro \u00e8 il suo schermo animato ad alta definizione, che vi aiuta a monitorare i livelli attuali della batteria e del succo di svapo.<\/p>\n<p>Lost Mary MO20000 Pro Disposable Vape 20K Puffs prova un sapore puro, ancora migliore quando viene erogato velocemente. La bobina a doppia maglia da 0,9\u03a9 garantisce un processo di vaporizzazione pi\u00f9 efficiente, offrendo nuvole pi\u00f9 spesse e ricche di sapore ogni volta.<\/p>\n<p>Lost Mary MO20000 Pro con regolazione continua della potenza, consente di regolare senza sforzo il wattaggio da 13W a 25W con la semplice pressione di un pulsante.<\/p>\n<p>Basso consumo:<br \/>\nFino a 20000 boccate<br \/>\nAlimentato da una bobina a maglia singola<br \/>\nColpo sensoriale morbido<br \/>\nAlta potenza<br \/>\nNuvole imponenti<br \/>\nAlimentato da una bobina a doppia maglia<br \/>\nColpo sensoriale intenso<\/p>\n<h2><strong>Lost Mary MO20000 Pro Caratteristiche:<\/strong><\/h2>\n<ul>\n<li>Capacit\u00e0 pre-riempita: 18mL Capacit\u00e0 pre-riempita<\/li>\n<li>Capacit\u00e0 della batteria: Integrata 800mAh ricaricabile<\/li>\n<li>Getti massimi: 20.000<\/li>\n<li>Dosaggio della nicotina: 5% (50mg)<\/li>\n<li>Funzionamento: Attivazione a sorteggio<\/li>\n<li>Elemento riscaldante: Bobine a doppia maglia da 0,9ohm<\/li>\n<li>Flusso d'aria: Regolabile<\/li>\n<li>Schermo di visualizzazione: Schermo di animazione HD<\/li>\n<li>Ricarica: USB Tipo-C<\/li>\n<li>Indicatore di durata della batteria<\/li>\n<li>Indicatore di livello del liquido elettronico<\/li>\n<\/ul>\n<h2><strong>Lost Mary MO20000 Pro Gusti disponibili:<\/strong><\/h2>\n<ol>\n<li>Blu Baja Splash<\/li>\n<li>Ghiaccio Blu Razz<\/li>\n<li>Bevanda del drago<\/li>\n<li>Pompelmo lime<\/li>\n<li>Mango Twist<\/li>\n<li>Zecca di Miami<\/li>\n<li>Pesca+<\/li>\n<li>Ghiaccio all'ananas<\/li>\n<li>Sorbetto all'arcobaleno<\/li>\n<li>Ghiacciolo a razzo<\/li>\n<li>Ghiaccio alla mela acida<\/li>\n<li>Ghiaccio alla fragola<\/li>\n<li>Punch tropicale<\/li>\n<li>Ghiaccio all'anguria<\/li>\n<li>Pesca acida all'anguria<\/li>\n<\/ol>\n<h2><strong>Dettagli dell'imballaggio:<\/strong><\/h2>\n<p>1pcs Lost Mary MO20000 Pro vape usa e getta<\/p>\n<p>&nbsp;<\/p>\n<figure id=\"attachment_16742\" aria-describedby=\"caption-attachment-16742\" style=\"width: 800px\" class=\"wp-caption alignnone\"><img loading=\"lazy\" decoding=\"async\" class=\"wp-image-16742 size-full\" title=\"all&#039;ingrosso Lost Mary MO20000 Pro Disposable Vape 20K Puffs\" src=\"https:\/\/www.vapeswholesaler.com\/wp-content\/uploads\/2024\/06\/Wholesale-Lost-Mary-MO20000-Pro-Disposable-Vape-20K-Puffs.webp\" alt=\"all&#039;ingrosso Lost Mary MO20000 Pro Disposable Vape 20K Puffs\" width=\"800\" height=\"800\" srcset=\"https:\/\/www.vapeswholesaler.com\/wp-content\/uploads\/2024\/06\/Wholesale-Lost-Mary-MO20000-Pro-Disposable-Vape-20K-Puffs.webp 800w, https:\/\/www.vapeswholesaler.com\/wp-content\/uploads\/2024\/06\/Wholesale-Lost-Mary-MO20000-Pro-Disposable-Vape-20K-Puffs-300x300.webp 300w, https:\/\/www.vapeswholesaler.com\/wp-content\/uploads\/2024\/06\/Wholesale-Lost-Mary-MO20000-Pro-Disposable-Vape-20K-Puffs-150x150.webp 150w, https:\/\/www.vapeswholesaler.com\/wp-content\/uploads\/2024\/06\/Wholesale-Lost-Mary-MO20000-Pro-Disposable-Vape-20K-Puffs-768x768.webp 768w, https:\/\/www.vapeswholesaler.com\/wp-content\/uploads\/2024\/06\/Wholesale-Lost-Mary-MO20000-Pro-Disposable-Vape-20K-Puffs-12x12.webp 12w, https:\/\/www.vapeswholesaler.com\/wp-content\/uploads\/2024\/06\/Wholesale-Lost-Mary-MO20000-Pro-Disposable-Vape-20K-Puffs-247x247.webp 247w, https:\/\/www.vapeswholesaler.com\/wp-content\/uploads\/2024\/06\/Wholesale-Lost-Mary-MO20000-Pro-Disposable-Vape-20K-Puffs-510x510.webp 510w, https:\/\/www.vapeswholesaler.com\/wp-content\/uploads\/2024\/06\/Wholesale-Lost-Mary-MO20000-Pro-Disposable-Vape-20K-Puffs-100x100.webp 100w\" sizes=\"auto, (max-width: 800px) 100vw, 800px\" \/><figcaption id=\"caption-attachment-16742\" class=\"wp-caption-text\">all'ingrosso Lost Mary MO20000 Pro Disposable Vape 20K Puffs<\/figcaption><\/figure>\n<p><img loading=\"lazy\" decoding=\"async\" class=\"alignnone wp-image-16726 size-full\" title=\"all&#039;ingrosso Elf bar GH 20000 Puffs usa e getta vape 5\" src=\"https:\/\/www.vapeswholesaler.com\/wp-content\/uploads\/2024\/06\/Wholesale-Elf-bar-GH-20000-Puffs-Disposable-vape-5.webp\" alt=\"all&#039;ingrosso Elf bar GH 20000 Puffs usa e getta vape 5\" width=\"800\" height=\"600\" srcset=\"https:\/\/www.vapeswholesaler.com\/wp-content\/uploads\/2024\/06\/Wholesale-Elf-bar-GH-20000-Puffs-Disposable-vape-5.webp 800w, https:\/\/www.vapeswholesaler.com\/wp-content\/uploads\/2024\/06\/Wholesale-Elf-bar-GH-20000-Puffs-Disposable-vape-5-300x225.webp 300w, https:\/\/www.vapeswholesaler.com\/wp-content\/uploads\/2024\/06\/Wholesale-Elf-bar-GH-20000-Puffs-Disposable-vape-5-768x576.webp 768w, https:\/\/www.vapeswholesaler.com\/wp-content\/uploads\/2024\/06\/Wholesale-Elf-bar-GH-20000-Puffs-Disposable-vape-5-16x12.webp 16w, https:\/\/www.vapeswholesaler.com\/wp-content\/uploads\/2024\/06\/Wholesale-Elf-bar-GH-20000-Puffs-Disposable-vape-5-510x383.webp 510w\" sizes=\"auto, (max-width: 800px) 100vw, 800px\" \/><\/p>","protected":false},"excerpt":{"rendered":"<p>Quantit\u00e0 minima d'ordine: <strong>10000 PCS<\/strong> (Gusti misti)\u00a0 \u00a0<strong>Spedizione gratuita<\/strong><\/p>\n<p>(<strong>2%, 5% Nic<\/strong>)<\/p>","protected":false},"featured_media":16736,"comment_status":"open","ping_status":"closed","template":"","meta":[],"product_cat":[15],"product_tag":[],"class_list":{"0":"post-16743","1":"product","2":"type-product","3":"status-publish","4":"has-post-thumbnail","6":"product_cat-disposable-vape","7":"product_brand-lost-mary","9":"first","10":"outofstock","11":"shipping-taxable","12":"purchasable","13":"product-type-variable","14":"has-default-attributes"},"aioseo_notices":[],"_links":{"self":[{"href":"https:\/\/www.vapeswholesaler.com\/it\/wp-json\/wp\/v2\/product\/16743","targetHints":{"allow":["GET"]}}],"collection":[{"href":"https:\/\/www.vapeswholesaler.com\/it\/wp-json\/wp\/v2\/product"}],"about":[{"href":"https:\/\/www.vapeswholesaler.com\/it\/wp-json\/wp\/v2\/types\/product"}],"replies":[{"embeddable":true,"href":"https:\/\/www.vapeswholesaler.com\/it\/wp-json\/wp\/v2\/comments?post=16743"}],"wp:featuredmedia":[{"embeddable":true,"href":"https:\/\/www.vapeswholesaler.com\/it\/wp-json\/wp\/v2\/media\/16736"}],"wp:attachment":[{"href":"https:\/\/www.vapeswholesaler.com\/it\/wp-json\/wp\/v2\/media?parent=16743"}],"wp:term":[{"taxonomy":"product_cat","embeddable":true,"href":"https:\/\/www.vapeswholesaler.com\/it\/wp-json\/wp\/v2\/product_cat?post=16743"},{"taxonomy":"product_tag","embeddable":true,"href":"https:\/\/www.vapeswholesaler.com\/it\/wp-json\/wp\/v2\/product_tag?post=16743"}],"curies":[{"name":"wp","href":"https:\/\/api.w.org\/{rel}","templated":true}]}}