{"id":16715,"date":"2024-06-18T15:59:31","date_gmt":"2024-06-18T07:59:31","guid":{"rendered":"https:\/\/www.vapeswholesaler.com\/?post_type=product&#038;p=16715"},"modified":"2025-03-12T19:19:06","modified_gmt":"2025-03-12T11:19:06","slug":"allingrosso-elf-bar-gh-20000-puffs-monouso-vape","status":"publish","type":"product","link":"https:\/\/www.vapeswholesaler.com\/it\/prodotto\/allingrosso-elf-bar-gh-20000-puffs-monouso-vape","title":{"rendered":"all'ingrosso Elf Bar GH 20000 Puffs usa e getta vape"},"content":{"rendered":"<p>ELF Bar GH20000 Puffs Vape ricaricabile monouso, GH20000 Puff 20ml \u00e8 dotato di una tripla bobina a rete e di 3 modalit\u00e0 di alimentazione, Lite, Smooth e Turbo, che consentono di regolare il vapore in base alle proprie preferenze.<\/p>\n<p>ELF Bar GH20000 Puffss Con una maggiore capacit\u00e0 di e-liquid di 20mL che pu\u00f2 durare fino a 20.000 puff, \u00e8 anche dotato di uno schermo a LED che visualizza l'alimentazione, la modalit\u00e0 e la percentuale di e-liquid, tenendovi sempre informati quando \u00e8 necessario ricaricare o quando il dispositivo si sta esaurendo.<\/p>\n<h2><strong>ELF Bar GH20000 Puffs Caratteristiche:<\/strong><\/h2>\n<ul>\n<li>Fino a 20.000 boccate<\/li>\n<li>Bobina a tripla maglia<\/li>\n<li>3 modalit\u00e0 di potenza Lite\/Smooth\/Turbo<\/li>\n<li>Modalit\u00e0 di alimentazione e visualizzazione del liquido elettronico<\/li>\n<li>Batteria da 850 mAh<\/li>\n<li>20 ml di liquido elettronico ai sali di nicotina da 20 mg\/mL<\/li>\n<li>USB Tipo-C ricaricabile<\/li>\n<\/ul>\n<h2><strong>ELF Bar GH 20000 Puffs Gusti disponibili:<\/strong><\/h2>\n<ol>\n<li>Ghiaccio Blu Razz<\/li>\n<li>Mirtillo Pera<\/li>\n<li>Ghiaccio d'uva<\/li>\n<li>Ghiaccio alla mela verde<\/li>\n<li>Menta ghiacciata<\/li>\n<li>Zecca di Miami<\/li>\n<li>Pesca, mango e anguria<\/li>\n<li>Uva Sakura<\/li>\n<li>Fragola e banana<\/li>\n<li>Ghiaccio alla fragola<\/li>\n<\/ol>\n<h2><strong>Include<\/strong>:<\/h2>\n<p>1x ELF Bar GH20000 Puff monouso per vape<\/p>\n<p>&nbsp;<\/p>\n<p>&nbsp;<\/p>\n<figure id=\"attachment_16714\" aria-describedby=\"caption-attachment-16714\" style=\"width: 800px\" class=\"wp-caption alignnone\"><img loading=\"lazy\" decoding=\"async\" class=\"wp-image-16714 size-full\" title=\"all&#039;ingrosso Elf bar GH 20000 Puffs usa e getta vape 4\" src=\"https:\/\/www.vapeswholesaler.com\/wp-content\/uploads\/2024\/06\/Wholesale-Elf-bar-GH-20000-Puffs-Disposable-vape-4.webp\" alt=\"all&#039;ingrosso Elf bar GH 20000 Puffs usa e getta vape 4\" width=\"800\" height=\"800\" srcset=\"https:\/\/www.vapeswholesaler.com\/wp-content\/uploads\/2024\/06\/Wholesale-Elf-bar-GH-20000-Puffs-Disposable-vape-4.webp 800w, https:\/\/www.vapeswholesaler.com\/wp-content\/uploads\/2024\/06\/Wholesale-Elf-bar-GH-20000-Puffs-Disposable-vape-4-300x300.webp 300w, https:\/\/www.vapeswholesaler.com\/wp-content\/uploads\/2024\/06\/Wholesale-Elf-bar-GH-20000-Puffs-Disposable-vape-4-150x150.webp 150w, https:\/\/www.vapeswholesaler.com\/wp-content\/uploads\/2024\/06\/Wholesale-Elf-bar-GH-20000-Puffs-Disposable-vape-4-768x768.webp 768w, https:\/\/www.vapeswholesaler.com\/wp-content\/uploads\/2024\/06\/Wholesale-Elf-bar-GH-20000-Puffs-Disposable-vape-4-12x12.webp 12w, https:\/\/www.vapeswholesaler.com\/wp-content\/uploads\/2024\/06\/Wholesale-Elf-bar-GH-20000-Puffs-Disposable-vape-4-247x247.webp 247w, https:\/\/www.vapeswholesaler.com\/wp-content\/uploads\/2024\/06\/Wholesale-Elf-bar-GH-20000-Puffs-Disposable-vape-4-510x510.webp 510w, https:\/\/www.vapeswholesaler.com\/wp-content\/uploads\/2024\/06\/Wholesale-Elf-bar-GH-20000-Puffs-Disposable-vape-4-100x100.webp 100w\" sizes=\"auto, (max-width: 800px) 100vw, 800px\" \/><figcaption id=\"caption-attachment-16714\" class=\"wp-caption-text\">Commercio all'ingrosso Elf bar GH 20000 Puffs Vape usa e getta<\/figcaption><\/figure>\n<figure id=\"attachment_16726\" aria-describedby=\"caption-attachment-16726\" style=\"width: 800px\" class=\"wp-caption alignnone\"><img loading=\"lazy\" decoding=\"async\" class=\"wp-image-16726 size-full\" title=\"all&#039;ingrosso Elf bar GH 20000 Puffs usa e getta vape 5\" src=\"https:\/\/www.vapeswholesaler.com\/wp-content\/uploads\/2024\/06\/Wholesale-Elf-bar-GH-20000-Puffs-Disposable-vape-5.webp\" alt=\"all&#039;ingrosso Elf bar GH 20000 Puffs usa e getta vape 5\" width=\"800\" height=\"600\" srcset=\"https:\/\/www.vapeswholesaler.com\/wp-content\/uploads\/2024\/06\/Wholesale-Elf-bar-GH-20000-Puffs-Disposable-vape-5.webp 800w, https:\/\/www.vapeswholesaler.com\/wp-content\/uploads\/2024\/06\/Wholesale-Elf-bar-GH-20000-Puffs-Disposable-vape-5-300x225.webp 300w, https:\/\/www.vapeswholesaler.com\/wp-content\/uploads\/2024\/06\/Wholesale-Elf-bar-GH-20000-Puffs-Disposable-vape-5-768x576.webp 768w, https:\/\/www.vapeswholesaler.com\/wp-content\/uploads\/2024\/06\/Wholesale-Elf-bar-GH-20000-Puffs-Disposable-vape-5-16x12.webp 16w, https:\/\/www.vapeswholesaler.com\/wp-content\/uploads\/2024\/06\/Wholesale-Elf-bar-GH-20000-Puffs-Disposable-vape-5-510x383.webp 510w\" sizes=\"auto, (max-width: 800px) 100vw, 800px\" \/><figcaption id=\"caption-attachment-16726\" class=\"wp-caption-text\">Commercio all'ingrosso Elf bar GH 20000 Puffs Vape usa e getta<\/figcaption><\/figure>","protected":false},"excerpt":{"rendered":"<p>Quantit\u00e0 minima d'ordine: <em><strong>10000<\/strong><\/em> PCS (Miscela di gusti)<\/p>\n<p>(<strong>2%, 5% Nic<\/strong>)<\/p>","protected":false},"featured_media":16712,"comment_status":"open","ping_status":"closed","template":"","meta":[],"product_cat":[15],"product_tag":[],"class_list":{"0":"post-16715","1":"product","2":"type-product","3":"status-publish","4":"has-post-thumbnail","6":"product_cat-disposable-vape","7":"product_brand-elf-bar","9":"first","10":"outofstock","11":"shipping-taxable","12":"purchasable","13":"product-type-variable"},"aioseo_notices":[],"_links":{"self":[{"href":"https:\/\/www.vapeswholesaler.com\/it\/wp-json\/wp\/v2\/product\/16715","targetHints":{"allow":["GET"]}}],"collection":[{"href":"https:\/\/www.vapeswholesaler.com\/it\/wp-json\/wp\/v2\/product"}],"about":[{"href":"https:\/\/www.vapeswholesaler.com\/it\/wp-json\/wp\/v2\/types\/product"}],"replies":[{"embeddable":true,"href":"https:\/\/www.vapeswholesaler.com\/it\/wp-json\/wp\/v2\/comments?post=16715"}],"wp:featuredmedia":[{"embeddable":true,"href":"https:\/\/www.vapeswholesaler.com\/it\/wp-json\/wp\/v2\/media\/16712"}],"wp:attachment":[{"href":"https:\/\/www.vapeswholesaler.com\/it\/wp-json\/wp\/v2\/media?parent=16715"}],"wp:term":[{"taxonomy":"product_cat","embeddable":true,"href":"https:\/\/www.vapeswholesaler.com\/it\/wp-json\/wp\/v2\/product_cat?post=16715"},{"taxonomy":"product_tag","embeddable":true,"href":"https:\/\/www.vapeswholesaler.com\/it\/wp-json\/wp\/v2\/product_tag?post=16715"}],"curies":[{"name":"wp","href":"https:\/\/api.w.org\/{rel}","templated":true}]}}