{"id":16670,"date":"2024-06-18T11:01:12","date_gmt":"2024-06-18T03:01:12","guid":{"rendered":"https:\/\/www.vapeswholesaler.com\/?post_type=product&#038;p=16670"},"modified":"2025-03-26T11:01:37","modified_gmt":"2025-03-26T03:01:37","slug":"allingrosso-geekbar-skyview-25k-monouso-vape","status":"publish","type":"product","link":"https:\/\/www.vapeswholesaler.com\/it\/prodotto\/allingrosso-geekbar-skyview-25k-monouso-vape","title":{"rendered":"all'ingrosso Geekbar Skyview 25K vape usa e getta"},"content":{"rendered":"<p>Geekbar Skyview 25K usa e getta \u00e8 una sensazione di vaping rinfrescante e fresca che ricorda un cielo ventilato con un pizzico di agrumi grazie all'aroma Sky Walker di Geekbar Skyview 25K usa e getta. Questo dispositivo all'avanguardia eroga ben 25000 boccate, consentendo di assaporare questa miscela unica e rinvigorente per un periodo prolungato. Esplorate altri sapori stuzzicanti come il succoso Peach Raspberry, l'audace Triple Berry o lo stuzzicante Sour Apple Ice.<\/p>\n<p>La svapata GeekBar Skyview \u00e8 dotata di una potente batteria da 800 mAh e di una generosa capacit\u00e0 di 18 ml di e-liquid, che assicurano prestazioni di lunga durata e un sapore costante a ogni boccata. Con tre modalit\u00e0 di svapo regolabili - Soft, Norm e Pulse - \u00e8 possibile personalizzare l'esperienza di svapo in base alle proprie preferenze. L'avanzata bobina a doppia maglia e il sistema di riscaldamento a doppio nucleo lavorano insieme per fornire un'estrazione ottimale del sapore e una produzione di vapore fluida e soddisfacente.<\/p>\n<h2><strong><a href=\"https:\/\/www.vapeswholesaler.com\/it\/marca_prodotto\/geekbar\/\">Geek Bar<\/a> Caratteristica Skyview 25K:<\/strong><\/h2>\n<ul>\n<li>Liquido elettronico pre-riempito da 16 ml<\/li>\n<li>5% (50mg) Dosaggio della nicotina<\/li>\n<li>Batteria ricaricabile Type-C da 800 mAh<\/li>\n<li>Circa 25.000 bign\u00e8<\/li>\n<li>Tre opzioni di modalit\u00e0 di vaporizzazione<\/li>\n<li>Morbido - 12W<\/li>\n<li>Norm - 18W<\/li>\n<li>Impulso - 25W<\/li>\n<li>Bobina a doppia maglia<\/li>\n<li>Schermo TFT intelligente da 1,8 pollici, pi\u00f9 grande del normale<\/li>\n<li>5 Interfacce di design UI uniche<\/li>\n<li>Livello della batteria, modalit\u00e0 Vaping, livello del liquido elettronico<\/li>\n<li>Riscaldamento a doppio nucleo<\/li>\n<li>Interno VPU<\/li>\n<\/ul>\n<h2><strong>Geek Bar Skyview 25000 Gusti:<\/strong><\/h2>\n<ol>\n<li>Blackberry Fcuking Fab<\/li>\n<li>Ghiaccio Blu Razz<\/li>\n<li>Menta ciliegia e limone<\/li>\n<li>Ciliegia Strazz<\/li>\n<li>Ghiaccio d'uva<\/li>\n<li>Zecca di Miami<\/li>\n<li>Granita alla pesca blu<\/li>\n<li>Pesca e lampone<\/li>\n<li>Camminatore del cielo<\/li>\n<li>Ghiaccio alla mela acida<\/li>\n<li>Anguria acida Razz blu<\/li>\n<li>Fragola e banana<\/li>\n<li>Ghiaccio alla fragola<\/li>\n<li>Anguria fragola e cocco<\/li>\n<li>Tripla bacca<\/li>\n<li>B-Pop distorto<\/li>\n<\/ol>\n<p><strong>Dettagli dell'imballaggio:<\/strong><br \/>\n1ps in una piccola scatola<\/p>\n<figure id=\"attachment_16669\" aria-describedby=\"caption-attachment-16669\" style=\"width: 800px\" class=\"wp-caption alignnone\"><img loading=\"lazy\" decoding=\"async\" class=\"wp-image-16669 size-full\" title=\"all&#039;ingrosso Geekbar Skyview 25K usa e getta vape 7\" src=\"https:\/\/www.vapeswholesaler.com\/wp-content\/uploads\/2024\/06\/Wholesale-Geekbar-Skyview-25K-Disposable-vape-7.jpg\" alt=\"all&#039;ingrosso Geekbar Skyview 25K usa e getta vape 7\" width=\"800\" height=\"800\" srcset=\"https:\/\/www.vapeswholesaler.com\/wp-content\/uploads\/2024\/06\/Wholesale-Geekbar-Skyview-25K-Disposable-vape-7.jpg 800w, https:\/\/www.vapeswholesaler.com\/wp-content\/uploads\/2024\/06\/Wholesale-Geekbar-Skyview-25K-Disposable-vape-7-300x300.jpg 300w, https:\/\/www.vapeswholesaler.com\/wp-content\/uploads\/2024\/06\/Wholesale-Geekbar-Skyview-25K-Disposable-vape-7-150x150.jpg 150w, https:\/\/www.vapeswholesaler.com\/wp-content\/uploads\/2024\/06\/Wholesale-Geekbar-Skyview-25K-Disposable-vape-7-768x768.jpg 768w, https:\/\/www.vapeswholesaler.com\/wp-content\/uploads\/2024\/06\/Wholesale-Geekbar-Skyview-25K-Disposable-vape-7-12x12.jpg 12w, https:\/\/www.vapeswholesaler.com\/wp-content\/uploads\/2024\/06\/Wholesale-Geekbar-Skyview-25K-Disposable-vape-7-247x247.jpg 247w, https:\/\/www.vapeswholesaler.com\/wp-content\/uploads\/2024\/06\/Wholesale-Geekbar-Skyview-25K-Disposable-vape-7-510x510.jpg 510w, https:\/\/www.vapeswholesaler.com\/wp-content\/uploads\/2024\/06\/Wholesale-Geekbar-Skyview-25K-Disposable-vape-7-100x100.jpg 100w\" sizes=\"auto, (max-width: 800px) 100vw, 800px\" \/><figcaption id=\"caption-attachment-16669\" class=\"wp-caption-text\">all'ingrosso Geekbar Skyview 25K vape usa e getta<\/figcaption><\/figure>","protected":false},"excerpt":{"rendered":"<p><span data-slate-fragment=\"JTVCJTdCJTIydHlwZSUyMiUzQSUyMnBhcmFncmFwaCUyMiUyQyUyMmNoaWxkcmVuJTIyJTNBJTVCJTdCJTIyaWQlMjIlM0ElMjIwQkF6V1hKNjV2JTIyJTJDJTIycGFyYUlkeCUyMiUzQTAlMkMlMjJzcmMlMjIlM0ElMjJNaW5pbXVtJTIwT3JkZXIlMjBRdWFudGl0eSUzQSUyMDEwMDAwJTIwUENTJTIwKE1peCUyMEZsYXZvcnMpJTIyJTJDJTIyZHN0JTIyJTNBJTIyJUU2JTlDJTgwJUU0JUJEJThFJUU4JUFFJUEyJUU4JUI0JUFEJUU5JTg3JThGJUVGJUJDJTlBMTAwMDAlRTQlQkIlQjYlRUYlQkMlODglRTYlQjclQjclRTUlOTAlODglRTUlOEYlQTMlRTUlOTElQjMlRUYlQkMlODklMjIlMkMlMjJtZXRhZGF0YSUyMiUzQSUyMiUyMiUyQyUyMm1ldGFEYXRhJTIyJTNBJTVCJTVEJTJDJTIydGV4dCUyMiUzQSUyMk1pbmltdW0lMjBPcmRlciUyMFF1YW50aXR5JTNBJTIwMTAwMDAlMjBQQ1MlMjAoTWl4JTIwRmxhdm9ycyklMjIlN0QlNUQlN0QlNUQ=\">Quantit\u00e0 minima d'ordine: <em><strong>10000<\/strong> <\/em>PCS (Miscela di gusti)\u00a0 <strong>Spedizione gratuita<\/strong><\/span><\/p>\n<p>\uff08<strong>2%,5% Nic <\/strong>)<\/p>","protected":false},"featured_media":16663,"comment_status":"open","ping_status":"closed","template":"","meta":[],"product_cat":[15],"product_tag":[],"class_list":{"0":"post-16670","1":"product","2":"type-product","3":"status-publish","4":"has-post-thumbnail","6":"product_cat-disposable-vape","7":"product_brand-geekbar","9":"first","10":"instock","11":"shipping-taxable","12":"purchasable","13":"product-type-variable","14":"has-default-attributes"},"aioseo_notices":[],"_links":{"self":[{"href":"https:\/\/www.vapeswholesaler.com\/it\/wp-json\/wp\/v2\/product\/16670","targetHints":{"allow":["GET"]}}],"collection":[{"href":"https:\/\/www.vapeswholesaler.com\/it\/wp-json\/wp\/v2\/product"}],"about":[{"href":"https:\/\/www.vapeswholesaler.com\/it\/wp-json\/wp\/v2\/types\/product"}],"replies":[{"embeddable":true,"href":"https:\/\/www.vapeswholesaler.com\/it\/wp-json\/wp\/v2\/comments?post=16670"}],"wp:featuredmedia":[{"embeddable":true,"href":"https:\/\/www.vapeswholesaler.com\/it\/wp-json\/wp\/v2\/media\/16663"}],"wp:attachment":[{"href":"https:\/\/www.vapeswholesaler.com\/it\/wp-json\/wp\/v2\/media?parent=16670"}],"wp:term":[{"taxonomy":"product_cat","embeddable":true,"href":"https:\/\/www.vapeswholesaler.com\/it\/wp-json\/wp\/v2\/product_cat?post=16670"},{"taxonomy":"product_tag","embeddable":true,"href":"https:\/\/www.vapeswholesaler.com\/it\/wp-json\/wp\/v2\/product_tag?post=16670"}],"curies":[{"name":"wp","href":"https:\/\/api.w.org\/{rel}","templated":true}]}}