{"id":16571,"date":"2024-06-17T11:30:42","date_gmt":"2024-06-17T03:30:42","guid":{"rendered":"https:\/\/www.vapeswholesaler.com\/?post_type=product&#038;p=16571"},"modified":"2025-02-23T16:40:59","modified_gmt":"2025-02-23T08:40:59","slug":"allingrosso-aivono-aim-tank-9500-puffs-usa-e-getta-vape","status":"publish","type":"product","link":"https:\/\/www.vapeswholesaler.com\/it\/prodotto\/allingrosso-aivono-aim-tank-9500-puffs-usa-e-getta-vape","title":{"rendered":"all'ingrosso AIVONO AIM TANK 9500 Puffs usa e getta Vape"},"content":{"rendered":"<p><a href=\"https:\/\/www.vapeswholesaler.com\/it\/marca_prodotto\/aivono\/\">AIVONO<\/a> AIM TANK 9500 Puffs - un dispositivo di vaping elegante e ad alta capacit\u00e0 che combina moda e funzionalit\u00e0. Con il suo esterno ispirato ai cartoni animati e lo schermo a LED che mostra la durata residua della batteria, questo dispositivo \u00e8 tanto attraente quanto pratico. Con un'impressionante capacit\u00e0 di 9500 boccate e un'ampia variet\u00e0 di aromi tra cui scegliere, AIVONO AIM TANK 9500 garantisce un'esperienza di svapo duratura e ricca di sapori. Abbracciate il perfetto mix di stile e prestazioni con AIVONO AIM TANK 9500 Puffs, progettato per soddisfare le vostre voglie in modo alla moda. AIVONO AIM TANK 9500 Puffs \u00e8 un dispositivo di svapo usa e getta con capacit\u00e0 di 18 ml di e-liquid pre-riempito e batteria da 650 mAh. Svapare. Sperimenta fino a 9500 boccate.<\/p>\n<p>L'AIVONO AIM-TANK 9500 Puffs \u00e8 dotato anche di una funzione di blocco per bambini per un utilizzo sicuro, di un display a colori che mostra la carica della batteria e il volume dell'e-liquid e di opzioni di potenza regolabili. \u00c8 possibile scegliere tra 11w per 9500 puff o 16w per 7000 puff in base alle proprie preferenze.<\/p>\n<h2><strong>AIVONO AIM TANK 9500 Puffs Caratteristiche:<\/strong><\/h2>\n<ul>\n<li>Bign\u00e8:9500<\/li>\n<li>Nucleo: Bobina a rete da 1,2ohm<\/li>\n<li>E-liquido: 18ml<\/li>\n<li>Nicotine:0%\/2%\/5%<\/li>\n<li>Batteria: 13400-650mah<\/li>\n<li>Ricaricabile: Tipo-C<\/li>\n<li>Dimensioni dei prodotti: 50*80*25mm<\/li>\n<li>OEM, ODM Benvenuti<\/li>\n<\/ul>\n<h2><strong>Gusti disponibili:<\/strong><\/h2>\n<ol>\n<li>Anguria alla fragola<\/li>\n<li>Ananas mango<\/li>\n<li>Limone e menta<\/li>\n<li>Uva Sakura<\/li>\n<li>Kiwi alla fragola<\/li>\n<li>Mirtillo di raspa<\/li>\n<li>ghiaccio all'anguria<\/li>\n<li>Ciliegia cantalupo<\/li>\n<li>Gomma da masticare all'anguria<\/li>\n<li>Bacche di mela<\/li>\n<li>Marshal blu<\/li>\n<li>Pera pesca<\/li>\n<li>ghiaccio all'ananas e cocco<\/li>\n<li>Ghiaccio alla fragola<\/li>\n<li>Mango tropicale<\/li>\n<\/ol>\n<p><strong>Dettagli dell'imballaggio:<\/strong><\/p>\n<p>Peso del prodotto: 75 g<br \/>\nDimensioni della scatola piccola: 55*100*30 mm<br \/>\nDimensioni della scatola centrale: 113*103*155 mm<br \/>\nQt\u00e0: 200pcs\/ctn<br \/>\nPeso specifico: 16 kg<br \/>\nDimensione del cartone: 58*35*35cm<\/p>\n<p>&nbsp;<\/p>\n<figure style=\"width: 1000px\" class=\"wp-caption alignnone\"><img loading=\"lazy\" decoding=\"async\" class=\"wp-image-16554 size-full\" title=\"all&#039;ingrosso AIVINO AIM TANK 9500 Puffs Disposable Vape 1\" src=\"https:\/\/www.vapeswholesaler.com\/wp-content\/uploads\/2024\/06\/Wholesale-AIVINO-AIM-TANK-9500-Puffs-Disposable-Vape-1.jpg\" alt=\"all&#039;ingrosso AIVINO AIM TANK 9500 Puffs Disposable Vape 1\" width=\"1000\" height=\"1864\" srcset=\"https:\/\/www.vapeswholesaler.com\/wp-content\/uploads\/2024\/06\/Wholesale-AIVINO-AIM-TANK-9500-Puffs-Disposable-Vape-1.jpg 1000w, https:\/\/www.vapeswholesaler.com\/wp-content\/uploads\/2024\/06\/Wholesale-AIVINO-AIM-TANK-9500-Puffs-Disposable-Vape-1-161x300.jpg 161w, https:\/\/www.vapeswholesaler.com\/wp-content\/uploads\/2024\/06\/Wholesale-AIVINO-AIM-TANK-9500-Puffs-Disposable-Vape-1-549x1024.jpg 549w, https:\/\/www.vapeswholesaler.com\/wp-content\/uploads\/2024\/06\/Wholesale-AIVINO-AIM-TANK-9500-Puffs-Disposable-Vape-1-768x1432.jpg 768w, https:\/\/www.vapeswholesaler.com\/wp-content\/uploads\/2024\/06\/Wholesale-AIVINO-AIM-TANK-9500-Puffs-Disposable-Vape-1-824x1536.jpg 824w, https:\/\/www.vapeswholesaler.com\/wp-content\/uploads\/2024\/06\/Wholesale-AIVINO-AIM-TANK-9500-Puffs-Disposable-Vape-1-6x12.jpg 6w, https:\/\/www.vapeswholesaler.com\/wp-content\/uploads\/2024\/06\/Wholesale-AIVINO-AIM-TANK-9500-Puffs-Disposable-Vape-1-510x951.jpg 510w\" sizes=\"auto, (max-width: 1000px) 100vw, 1000px\" \/><figcaption class=\"wp-caption-text\">all'ingrosso AIVINO AIM TANK 9500 Puffs usa e getta Vape<\/figcaption><\/figure>\n<p>&nbsp;<\/p>\n<figure id=\"attachment_16555\" aria-describedby=\"caption-attachment-16555\" style=\"width: 1000px\" class=\"wp-caption alignnone\"><img loading=\"lazy\" decoding=\"async\" class=\"wp-image-16555 size-full\" title=\"all&#039;ingrosso AIVINO AIM TANK 9500 Puffs usa e getta Vape 2\" src=\"https:\/\/www.vapeswholesaler.com\/wp-content\/uploads\/2024\/06\/Wholesale-AIVINO-AIM-TANK-9500-Puffs-Disposable-Vape-2.jpg\" alt=\"all&#039;ingrosso AIVINO AIM TANK 9500 Puffs usa e getta Vape 2\" width=\"1000\" height=\"1500\" srcset=\"https:\/\/www.vapeswholesaler.com\/wp-content\/uploads\/2024\/06\/Wholesale-AIVINO-AIM-TANK-9500-Puffs-Disposable-Vape-2.jpg 1000w, https:\/\/www.vapeswholesaler.com\/wp-content\/uploads\/2024\/06\/Wholesale-AIVINO-AIM-TANK-9500-Puffs-Disposable-Vape-2-200x300.jpg 200w, https:\/\/www.vapeswholesaler.com\/wp-content\/uploads\/2024\/06\/Wholesale-AIVINO-AIM-TANK-9500-Puffs-Disposable-Vape-2-683x1024.jpg 683w, https:\/\/www.vapeswholesaler.com\/wp-content\/uploads\/2024\/06\/Wholesale-AIVINO-AIM-TANK-9500-Puffs-Disposable-Vape-2-768x1152.jpg 768w, https:\/\/www.vapeswholesaler.com\/wp-content\/uploads\/2024\/06\/Wholesale-AIVINO-AIM-TANK-9500-Puffs-Disposable-Vape-2-8x12.jpg 8w, https:\/\/www.vapeswholesaler.com\/wp-content\/uploads\/2024\/06\/Wholesale-AIVINO-AIM-TANK-9500-Puffs-Disposable-Vape-2-510x765.jpg 510w\" sizes=\"auto, (max-width: 1000px) 100vw, 1000px\" \/><figcaption id=\"caption-attachment-16555\" class=\"wp-caption-text\">all'ingrosso AIVINO AIM TANK 9500 Puffs usa e getta Vape<\/figcaption><\/figure>","protected":false},"excerpt":{"rendered":"<p>Quantit\u00e0 minima d'ordine:\u00a0<strong>50 PEZZI<\/strong>\u00a0(Gusti misti)\u00a0\u00a0<strong>Spedizione gratuita<\/strong><\/p>\n<p>(<strong>2%, 5% Nic<\/strong>)<\/p>","protected":false},"featured_media":16558,"comment_status":"open","ping_status":"closed","template":"","meta":[],"product_cat":[15],"product_tag":[],"class_list":{"0":"post-16571","1":"product","2":"type-product","3":"status-publish","4":"has-post-thumbnail","6":"product_cat-disposable-vape","7":"product_brand-aivono","9":"first","10":"instock","11":"shipping-taxable","12":"purchasable","13":"product-type-variable","14":"has-default-attributes"},"aioseo_notices":[],"_links":{"self":[{"href":"https:\/\/www.vapeswholesaler.com\/it\/wp-json\/wp\/v2\/product\/16571","targetHints":{"allow":["GET"]}}],"collection":[{"href":"https:\/\/www.vapeswholesaler.com\/it\/wp-json\/wp\/v2\/product"}],"about":[{"href":"https:\/\/www.vapeswholesaler.com\/it\/wp-json\/wp\/v2\/types\/product"}],"replies":[{"embeddable":true,"href":"https:\/\/www.vapeswholesaler.com\/it\/wp-json\/wp\/v2\/comments?post=16571"}],"wp:featuredmedia":[{"embeddable":true,"href":"https:\/\/www.vapeswholesaler.com\/it\/wp-json\/wp\/v2\/media\/16558"}],"wp:attachment":[{"href":"https:\/\/www.vapeswholesaler.com\/it\/wp-json\/wp\/v2\/media?parent=16571"}],"wp:term":[{"taxonomy":"product_cat","embeddable":true,"href":"https:\/\/www.vapeswholesaler.com\/it\/wp-json\/wp\/v2\/product_cat?post=16571"},{"taxonomy":"product_tag","embeddable":true,"href":"https:\/\/www.vapeswholesaler.com\/it\/wp-json\/wp\/v2\/product_tag?post=16571"}],"curies":[{"name":"wp","href":"https:\/\/api.w.org\/{rel}","templated":true}]}}