{"id":16535,"date":"2024-06-16T12:23:08","date_gmt":"2024-06-16T04:23:08","guid":{"rendered":"https:\/\/www.vapeswholesaler.com\/?post_type=product&#038;p=16535"},"modified":"2025-03-05T15:40:20","modified_gmt":"2025-03-05T07:40:20","slug":"allingrosso-elf-box-ls15000-puff-monouso-vape","status":"publish","type":"product","link":"https:\/\/www.vapeswholesaler.com\/it\/prodotto\/allingrosso-elf-box-ls15000-puff-monouso-vape","title":{"rendered":"all'ingrosso ELF BOX LS15000 Puffs usa e getta Vape"},"content":{"rendered":"<p>ELF BOX LS15000 Puff Shisha Hookah \u00e8 un Vape usa e getta ricaricabile DTL (Direct to Lungh), ELF BOX LS15000 Puff \u00e8 un dispositivo di vaping di qualit\u00e0 superiore caratterizzato da un elegante design in cristallo, una tecnologia avanzata di bobine a rete e una variet\u00e0 di sapori allettanti, che promettono un'esperienza di vaping soddisfacente e duratura per i clienti.<\/p>\n<h2><strong><a href=\"https:\/\/www.vapeswholesaler.com\/it\/marca_prodotto\/scatola-degli-elfi\/\">SCATOLA ELF<\/a> LS15000 Puff Shisha Hookah Caratteristiche:<\/strong><\/h2>\n<ul>\n<li>Bign\u00e8: 15000<\/li>\n<li>Nucleo: Bobina a rete 0,6ohm<\/li>\n<li>E-liquido: 26ml<\/li>\n<li>Nicotine:0%\/2%\/5%<\/li>\n<li>Batteria: 18250-600mah<\/li>\n<li>Ricaricabile: Tipo-C<\/li>\n<\/ul>\n<h2><strong>Gusti disponibili:<\/strong><\/h2>\n<ol>\n<li>Ghiaccio di mora<\/li>\n<li>Mirtillo su ghiaccio<\/li>\n<li>Kiwi Frutto della Passione<\/li>\n<li>Fragola Kiwi<\/li>\n<li>Limonata blu Razz<\/li>\n<li>Ghiaccio all'anguria<\/li>\n<li>Anguria alla fragola<\/li>\n<li>Ghiaccio alla fragola<\/li>\n<li>Pesca Mango Ananas<\/li>\n<li>Ghiaccio d'uva<\/li>\n<li>Mango e banana<\/li>\n<li>Bacche miste<\/li>\n<\/ol>\n<h2><strong>Dettagli dell'imballaggio:<\/strong><\/h2>\n<p>Peso del prodotto: 91 g<br \/>\nDimensioni del prodotto: 124,5*31,5 mm<br \/>\nDimensione del cartone: 410*405*297mm<br \/>\nQt\u00e0: 200pcs\/ctn<br \/>\nPeso specifico: 21 kg<\/p>\n<p>&nbsp;<\/p>\n<p><img loading=\"lazy\" decoding=\"async\" class=\"wp-image-16521 size-full\" title=\"all&#039;ingrosso ELF BOX LS15000 Puffs usa e getta Vape 4\" src=\"https:\/\/www.vapeswholesaler.com\/wp-content\/uploads\/2024\/06\/Wholesale-ELF-BOX-LS15000-Puffs-Disposable-Vape-4.webp\" alt=\"all&#039;ingrosso ELF BOX LS15000 Puffs usa e getta Vape 4\" width=\"800\" height=\"800\" srcset=\"https:\/\/www.vapeswholesaler.com\/wp-content\/uploads\/2024\/06\/Wholesale-ELF-BOX-LS15000-Puffs-Disposable-Vape-4.webp 800w, https:\/\/www.vapeswholesaler.com\/wp-content\/uploads\/2024\/06\/Wholesale-ELF-BOX-LS15000-Puffs-Disposable-Vape-4-300x300.webp 300w, https:\/\/www.vapeswholesaler.com\/wp-content\/uploads\/2024\/06\/Wholesale-ELF-BOX-LS15000-Puffs-Disposable-Vape-4-150x150.webp 150w, https:\/\/www.vapeswholesaler.com\/wp-content\/uploads\/2024\/06\/Wholesale-ELF-BOX-LS15000-Puffs-Disposable-Vape-4-768x768.webp 768w, https:\/\/www.vapeswholesaler.com\/wp-content\/uploads\/2024\/06\/Wholesale-ELF-BOX-LS15000-Puffs-Disposable-Vape-4-12x12.webp 12w, https:\/\/www.vapeswholesaler.com\/wp-content\/uploads\/2024\/06\/Wholesale-ELF-BOX-LS15000-Puffs-Disposable-Vape-4-247x247.webp 247w, https:\/\/www.vapeswholesaler.com\/wp-content\/uploads\/2024\/06\/Wholesale-ELF-BOX-LS15000-Puffs-Disposable-Vape-4-510x510.webp 510w, https:\/\/www.vapeswholesaler.com\/wp-content\/uploads\/2024\/06\/Wholesale-ELF-BOX-LS15000-Puffs-Disposable-Vape-4-100x100.webp 100w\" sizes=\"auto, (max-width: 800px) 100vw, 800px\" \/><\/p>\n<p><img loading=\"lazy\" decoding=\"async\" class=\"wp-image-16522 size-full\" title=\"all&#039;ingrosso ELF BOX LS15000 Puffs usa e getta Vape 5\" src=\"https:\/\/www.vapeswholesaler.com\/wp-content\/uploads\/2024\/06\/Wholesale-ELF-BOX-LS15000-Puffs-Disposable-Vape-5.webp\" alt=\"all&#039;ingrosso ELF BOX LS15000 Puffs usa e getta Vape 5\" width=\"800\" height=\"650\" srcset=\"https:\/\/www.vapeswholesaler.com\/wp-content\/uploads\/2024\/06\/Wholesale-ELF-BOX-LS15000-Puffs-Disposable-Vape-5.webp 800w, https:\/\/www.vapeswholesaler.com\/wp-content\/uploads\/2024\/06\/Wholesale-ELF-BOX-LS15000-Puffs-Disposable-Vape-5-300x244.webp 300w, https:\/\/www.vapeswholesaler.com\/wp-content\/uploads\/2024\/06\/Wholesale-ELF-BOX-LS15000-Puffs-Disposable-Vape-5-768x624.webp 768w, https:\/\/www.vapeswholesaler.com\/wp-content\/uploads\/2024\/06\/Wholesale-ELF-BOX-LS15000-Puffs-Disposable-Vape-5-15x12.webp 15w, https:\/\/www.vapeswholesaler.com\/wp-content\/uploads\/2024\/06\/Wholesale-ELF-BOX-LS15000-Puffs-Disposable-Vape-5-510x414.webp 510w\" sizes=\"auto, (max-width: 800px) 100vw, 800px\" \/><\/p>","protected":false},"excerpt":{"rendered":"<p>Quantit\u00e0 minima d'ordine:\u00a0<strong>50 PEZZI<\/strong>\u00a0(Gusti misti)\u00a0\u00a0<strong>Spedizione gratuita<\/strong><\/p>\n<p>(<strong>2%, 5% Nic<\/strong>)<\/p>","protected":false},"featured_media":16520,"comment_status":"open","ping_status":"closed","template":"","meta":[],"product_cat":[15],"product_tag":[],"class_list":{"0":"post-16535","1":"product","2":"type-product","3":"status-publish","4":"has-post-thumbnail","6":"product_cat-disposable-vape","7":"product_brand-elf-box","9":"first","10":"instock","11":"shipping-taxable","12":"purchasable","13":"product-type-variable","14":"has-default-attributes"},"aioseo_notices":[],"_links":{"self":[{"href":"https:\/\/www.vapeswholesaler.com\/it\/wp-json\/wp\/v2\/product\/16535","targetHints":{"allow":["GET"]}}],"collection":[{"href":"https:\/\/www.vapeswholesaler.com\/it\/wp-json\/wp\/v2\/product"}],"about":[{"href":"https:\/\/www.vapeswholesaler.com\/it\/wp-json\/wp\/v2\/types\/product"}],"replies":[{"embeddable":true,"href":"https:\/\/www.vapeswholesaler.com\/it\/wp-json\/wp\/v2\/comments?post=16535"}],"wp:featuredmedia":[{"embeddable":true,"href":"https:\/\/www.vapeswholesaler.com\/it\/wp-json\/wp\/v2\/media\/16520"}],"wp:attachment":[{"href":"https:\/\/www.vapeswholesaler.com\/it\/wp-json\/wp\/v2\/media?parent=16535"}],"wp:term":[{"taxonomy":"product_cat","embeddable":true,"href":"https:\/\/www.vapeswholesaler.com\/it\/wp-json\/wp\/v2\/product_cat?post=16535"},{"taxonomy":"product_tag","embeddable":true,"href":"https:\/\/www.vapeswholesaler.com\/it\/wp-json\/wp\/v2\/product_tag?post=16535"}],"curies":[{"name":"wp","href":"https:\/\/api.w.org\/{rel}","templated":true}]}}