{"id":16503,"date":"2024-06-15T22:05:46","date_gmt":"2024-06-15T14:05:46","guid":{"rendered":"https:\/\/www.vapeswholesaler.com\/?post_type=product&#038;p=16503"},"modified":"2025-11-19T16:24:30","modified_gmt":"2025-11-19T08:24:30","slug":"allingrosso-fumot-tornado-9000-puffs-vape-diposable","status":"publish","type":"product","link":"https:\/\/www.vapeswholesaler.com\/it\/prodotto\/allingrosso-fumot-tornado-9000-puffs-vape-diposable","title":{"rendered":"all'ingrosso Fumot Tornado 9000 Puffs Diposable Vape"},"content":{"rendered":"<p>Fumot Tornado 9000 Puffs \u00e8 un dispositivo di svapo dal design accattivante e ricaricabile. Contiene 18ml di e-juice al sale di nicotina 0\/2\/3\/5% e svapa fino a 9000 puff. Ci sono 38 aromi tra cui scegliere. La porta di ricarica sul fondo del dispositivo garantisce di finire sempre l'ultima goccia di e-juice nel serbatoio.<\/p>\n<p>La bobina Fumot Tornado 9000 Puffs Mesh \u00e8 una tecnologia avanzata per una penna da svapo usa e getta, che vi permetter\u00e0 di provare un'esperienza di svapo pi\u00f9 fresca e piacevole. Genera nuvole pi\u00f9 grandi, offre una qualit\u00e0 del sapore superiore e ha una durata della batteria che la rende pi\u00f9 popolare e apprezzata sul mercato.<\/p>\n<p>Fumot Tornado 9000 Puffs L'USB-C o USB Type-C \u00e8 l'ultimo standard universale per la connessione cablata dei dispositivi intelligenti, che succede ai vecchi standard, come Micro-USB e USB-A, ancora diffusi ma in rapido declino.<\/p>\n<p>Fumot Tornado 9000 Puffs c'\u00e8 una luce RGB nella parte inferiore del dispositivo, la luce RGB cambier\u00e0 durante il vaping, divertirsi di pi\u00f9 giocando e sentirsi co Cool, con una batteria ricaricabile integrata da 600mah, pu\u00f2 essere ricaricata un paio di volte, in modo da non essere bloccato con un usa e getta morto prima che l'e-liquido si esaurisca.<\/p>\n<h2><strong><a href=\"https:\/\/www.vapeswholesaler.com\/it\/marca_prodotto\/randm\/\">Fumot<\/a> Tornado 9000 Puffs Caratteristiche:<\/strong><\/h2>\n<ul>\n<li>Bign\u00e8: 9000<\/li>\n<li>Nicotina: 2\/3\/5% (50mg)<\/li>\n<li>Tipo di nicotina: sale di nicotina<\/li>\n<li>Capacit\u00e0: 18 ml<\/li>\n<li>Resistenza: Bobina a rete da 0,8ohm<\/li>\n<li>Batteria: 850mAh ricaricabile<\/li>\n<li>Caricabatterie: Tipo C<\/li>\n<li>Meccanismo di fuoco: Attivazione a strappo<\/li>\n<\/ul>\n<h2><strong>Gusti disponibili:<\/strong><\/h2>\n<ol>\n<li>Mr. Blue<\/li>\n<li>Anguria alla fragola<\/li>\n<li>Soda all'arancia<\/li>\n<li>Gomma da masticare all'anguria<\/li>\n<li>Caramelle arcobaleno<\/li>\n<li>Limonata rosa<\/li>\n<li>Pesca Mango Ananas<\/li>\n<li>Fragola e banana<\/li>\n<li>Ghiaccio lussureggiante<\/li>\n<li>Drago Nero di Ghiaccio<\/li>\n<li>Aloe Uva<\/li>\n<\/ol>\n<h2><strong>Dettagli dell'imballaggio:<\/strong><\/h2>\n<p>Pezzo singolo con confezione a caramella<br \/>\nOgni confezione contiene 10 pezzi<br \/>\nOgni cartone contiene 200 pezzi<br \/>\nogni cartone: 18 kg<\/p>\n<p>&nbsp;<\/p>\n<figure id=\"attachment_16502\" aria-describedby=\"caption-attachment-16502\" style=\"width: 590px\" class=\"wp-caption alignnone\"><img loading=\"lazy\" decoding=\"async\" class=\"wp-image-16502 size-full\" title=\"all&#039;ingrosso Fumot RANDM Tornado 9000 Puffs Diposable Vape\" src=\"https:\/\/www.vapeswholesaler.com\/wp-content\/uploads\/2024\/06\/Wholesale-Fumot-RANDM-Tornado-9000-Puffs-Diposable-Vape.webp\" alt=\"all&#039;ingrosso Fumot RANDM Tornado 9000 Puffs Diposable Vape\" width=\"590\" height=\"517\" srcset=\"https:\/\/www.vapeswholesaler.com\/wp-content\/uploads\/2024\/06\/Wholesale-Fumot-RANDM-Tornado-9000-Puffs-Diposable-Vape.webp 590w, https:\/\/www.vapeswholesaler.com\/wp-content\/uploads\/2024\/06\/Wholesale-Fumot-RANDM-Tornado-9000-Puffs-Diposable-Vape-300x263.webp 300w, https:\/\/www.vapeswholesaler.com\/wp-content\/uploads\/2024\/06\/Wholesale-Fumot-RANDM-Tornado-9000-Puffs-Diposable-Vape-14x12.webp 14w, https:\/\/www.vapeswholesaler.com\/wp-content\/uploads\/2024\/06\/Wholesale-Fumot-RANDM-Tornado-9000-Puffs-Diposable-Vape-510x447.webp 510w\" sizes=\"auto, (max-width: 590px) 100vw, 590px\" \/><figcaption id=\"caption-attachment-16502\" class=\"wp-caption-text\">all'ingrosso Fumot RANDM Tornado 9000 Puffs Diposable Vape<\/figcaption><\/figure>","protected":false},"excerpt":{"rendered":"<p>Quantit\u00e0 minima d'ordine:\u00a0<strong>50 PCS<\/strong>\u00a0(Gusti misti)\u00a0\u00a0<strong>Spedizione gratuita<\/strong><\/p>\n<p>\uff08<strong>2%\uff0c3%\uff0c5%<\/strong><\/p>","protected":false},"featured_media":17139,"comment_status":"open","ping_status":"closed","template":"","meta":[],"product_cat":[15],"product_tag":[335,336,337],"class_list":{"0":"post-16503","1":"product","2":"type-product","3":"status-publish","4":"has-post-thumbnail","6":"product_cat-disposable-vape","7":"product_tag-fumot-tornado-9000-puffs","8":"product_tag-tornado-9000-puffs","9":"product_tag-fumot-9000-puffs","10":"product_brand-fumot","12":"first","13":"outofstock","14":"shipping-taxable","15":"purchasable","16":"product-type-variable","17":"has-default-attributes"},"aioseo_notices":[],"_links":{"self":[{"href":"https:\/\/www.vapeswholesaler.com\/it\/wp-json\/wp\/v2\/product\/16503","targetHints":{"allow":["GET"]}}],"collection":[{"href":"https:\/\/www.vapeswholesaler.com\/it\/wp-json\/wp\/v2\/product"}],"about":[{"href":"https:\/\/www.vapeswholesaler.com\/it\/wp-json\/wp\/v2\/types\/product"}],"replies":[{"embeddable":true,"href":"https:\/\/www.vapeswholesaler.com\/it\/wp-json\/wp\/v2\/comments?post=16503"}],"wp:featuredmedia":[{"embeddable":true,"href":"https:\/\/www.vapeswholesaler.com\/it\/wp-json\/wp\/v2\/media\/17139"}],"wp:attachment":[{"href":"https:\/\/www.vapeswholesaler.com\/it\/wp-json\/wp\/v2\/media?parent=16503"}],"wp:term":[{"taxonomy":"product_cat","embeddable":true,"href":"https:\/\/www.vapeswholesaler.com\/it\/wp-json\/wp\/v2\/product_cat?post=16503"},{"taxonomy":"product_tag","embeddable":true,"href":"https:\/\/www.vapeswholesaler.com\/it\/wp-json\/wp\/v2\/product_tag?post=16503"}],"curies":[{"name":"wp","href":"https:\/\/api.w.org\/{rel}","templated":true}]}}