{"id":16400,"date":"2024-06-14T17:15:37","date_gmt":"2024-06-14T09:15:37","guid":{"rendered":"https:\/\/www.vapeswholesaler.com\/?post_type=product&#038;p=16400"},"modified":"2025-08-11T11:12:38","modified_gmt":"2025-08-11T03:12:38","slug":"allingrosso-elf-bar-raya-d3-25000-puffs-usa-e-getta-vape","status":"publish","type":"product","link":"https:\/\/www.vapeswholesaler.com\/it\/prodotto\/allingrosso-elf-bar-raya-d3-25000-puffs-usa-e-getta-vape","title":{"rendered":"all'ingrosso Elf Bar Raya D3 25000 Puffs usa e getta Vape"},"content":{"rendered":"<p><a href=\"https:\/\/www.vapeswholesaler.com\/it\/marca_prodotto\/bar-degli-elfi\/\">Bar degli elfi<\/a> Raya D3 25000 pu\u00f2 arrivare fino a 25000 boccate. \u00c8 stata sviluppata e prodotta da Elf Bar utilizzando le pi\u00f9 recenti tecnologie all'avanguardia ed \u00e8 ora disponibile. Elf Bar Raya D3 25000 \u00e8 stato progettato per soddisfare le vostre voglie con una pletora di stuzzicanti sapori Elf Bar. Realizzata con precisione e passione, Elf Bar Raya D3 25000 combina una tecnologia all'avanguardia con una serie di sapori appetitosi, assicurando che ogni boccata sia un viaggio di indulgenza. Dal momento della prima svapata, sarete trasportati in un paradiso di sapori, dove ogni inalazione \u00e8 una sinfonia di sensazioni gustative.<\/p>\n<p>Elf Bar Raya D3 25000 supporta 3 modelli: \"Lite\" per una potenza di uscita di 12w, pu\u00f2 raggiungere fino a 25000 boccate. \"Smooth\" per una potenza di uscita di 17w, pu\u00f2 arrivare fino a 20000 boccate. \"Turbo\" per una potenza di uscita di 30w, che pu\u00f2 arrivare fino a 15000 boccate.<\/p>\n<h2><strong>Elf Bar Raya D3 25000:<\/strong><\/h2>\n<ul>\n<li>Liquido elettronico pre-riempito da 23 ml<\/li>\n<li>5%(50mg) Forza di nicotina<\/li>\n<li>Batteria ricaricabile da 850 mAh<\/li>\n<li>Raggiunge fino a 25000 soffi<\/li>\n<li>Supporta la ricarica di tipo C<\/li>\n<li>Tre modelli:<\/li>\n<li>Modello Lite- supporta una potenza di uscita di 12w: raggiunge fino a 25000 soffi<\/li>\n<li>Modello liscio- supporta una potenza di uscita di 17w: raggiunge fino a 20000 soffi.<\/li>\n<li>Modello Turbo - supporta una potenza di uscita di 30w: raggiunge fino a 15000 soffi.<\/li>\n<\/ul>\n<h2><strong>Gusti disponibili:<\/strong><\/h2>\n<ol>\n<li>Ghiaccio al kiwi e ananas<\/li>\n<li>Doppia mela<\/li>\n<li>Uva Ce<\/li>\n<li>Vmt<\/li>\n<li>Acqua e limone<\/li>\n<li>Anguria Lce<\/li>\n<li>Uva fragola<\/li>\n<li>Pesca Lce<\/li>\n<li>Bacca di pesca<\/li>\n<li>Mango Pesca Anguria<\/li>\n<li>Mango e pesca<\/li>\n<li>Kiwi Frutto della passione Guava<\/li>\n<li>Uva e ciliegia<\/li>\n<li>Mirtillo Lampone<\/li>\n<li>Mirtillo Lce<\/li>\n<\/ol>\n<h2><strong>Dettagli dell'imballaggio:<\/strong><\/h2>\n<p>Singolo con confezione di caramelle<br \/>\nOgni confezione contiene 10 pezzi<br \/>\nOgni cartone contiene 200 pezzi<br \/>\nDimensione del cartone: 65*35*27cm<br \/>\nPeso del cartone: 21 kg<\/p>\n<p>&nbsp;<\/p>\n<p><img loading=\"lazy\" decoding=\"async\" class=\"alignnone wp-image-16395 size-full\" title=\"all&#039;ingrosso Elf Bar Raya D3 25000 Puffs usa e getta Vape 3\" src=\"https:\/\/www.vapeswholesaler.com\/wp-content\/uploads\/2024\/06\/Wholesale-Elf-Bar-Raya-D3-25000-Puffs-Disposable-Vape-3.jpg\" alt=\"all&#039;ingrosso Elf Bar Raya D3 25000 Puffs usa e getta Vape 3\" width=\"800\" height=\"800\" srcset=\"https:\/\/www.vapeswholesaler.com\/wp-content\/uploads\/2024\/06\/Wholesale-Elf-Bar-Raya-D3-25000-Puffs-Disposable-Vape-3.jpg 800w, https:\/\/www.vapeswholesaler.com\/wp-content\/uploads\/2024\/06\/Wholesale-Elf-Bar-Raya-D3-25000-Puffs-Disposable-Vape-3-300x300.jpg 300w, https:\/\/www.vapeswholesaler.com\/wp-content\/uploads\/2024\/06\/Wholesale-Elf-Bar-Raya-D3-25000-Puffs-Disposable-Vape-3-150x150.jpg 150w, https:\/\/www.vapeswholesaler.com\/wp-content\/uploads\/2024\/06\/Wholesale-Elf-Bar-Raya-D3-25000-Puffs-Disposable-Vape-3-768x768.jpg 768w, https:\/\/www.vapeswholesaler.com\/wp-content\/uploads\/2024\/06\/Wholesale-Elf-Bar-Raya-D3-25000-Puffs-Disposable-Vape-3-12x12.jpg 12w, https:\/\/www.vapeswholesaler.com\/wp-content\/uploads\/2024\/06\/Wholesale-Elf-Bar-Raya-D3-25000-Puffs-Disposable-Vape-3-247x247.jpg 247w, https:\/\/www.vapeswholesaler.com\/wp-content\/uploads\/2024\/06\/Wholesale-Elf-Bar-Raya-D3-25000-Puffs-Disposable-Vape-3-510x510.jpg 510w, https:\/\/www.vapeswholesaler.com\/wp-content\/uploads\/2024\/06\/Wholesale-Elf-Bar-Raya-D3-25000-Puffs-Disposable-Vape-3-100x100.jpg 100w\" sizes=\"auto, (max-width: 800px) 100vw, 800px\" \/><\/p>","protected":false},"excerpt":{"rendered":"<p>Quantit\u00e0 minima d'ordine: <strong>100 pezzi<\/strong> (Gusti misti) <strong>Spedizione gratuita<\/strong><\/p>\n<p>(5% Nic) <strong>Magazzino UE<\/strong> Tempo di spedizione <strong>6-7 giorni lavorativi<\/strong><\/p>","protected":false},"featured_media":16399,"comment_status":"open","ping_status":"closed","template":"","meta":[],"product_cat":[15],"product_tag":[373,398],"class_list":{"0":"post-16400","1":"product","2":"type-product","3":"status-publish","4":"has-post-thumbnail","6":"product_cat-disposable-vape","7":"product_tag-europe-warehouse","8":"product_tag-elf-bar","9":"product_brand-elf-bar","11":"first","12":"instock","13":"shipping-taxable","14":"purchasable","15":"product-type-variable","16":"has-default-attributes"},"aioseo_notices":[],"_links":{"self":[{"href":"https:\/\/www.vapeswholesaler.com\/it\/wp-json\/wp\/v2\/product\/16400","targetHints":{"allow":["GET"]}}],"collection":[{"href":"https:\/\/www.vapeswholesaler.com\/it\/wp-json\/wp\/v2\/product"}],"about":[{"href":"https:\/\/www.vapeswholesaler.com\/it\/wp-json\/wp\/v2\/types\/product"}],"replies":[{"embeddable":true,"href":"https:\/\/www.vapeswholesaler.com\/it\/wp-json\/wp\/v2\/comments?post=16400"}],"wp:featuredmedia":[{"embeddable":true,"href":"https:\/\/www.vapeswholesaler.com\/it\/wp-json\/wp\/v2\/media\/16399"}],"wp:attachment":[{"href":"https:\/\/www.vapeswholesaler.com\/it\/wp-json\/wp\/v2\/media?parent=16400"}],"wp:term":[{"taxonomy":"product_cat","embeddable":true,"href":"https:\/\/www.vapeswholesaler.com\/it\/wp-json\/wp\/v2\/product_cat?post=16400"},{"taxonomy":"product_tag","embeddable":true,"href":"https:\/\/www.vapeswholesaler.com\/it\/wp-json\/wp\/v2\/product_tag?post=16400"}],"curies":[{"name":"wp","href":"https:\/\/api.w.org\/{rel}","templated":true}]}}