{"id":16322,"date":"2024-06-14T14:48:06","date_gmt":"2024-06-14T06:48:06","guid":{"rendered":"https:\/\/www.vapeswholesaler.com\/?post_type=product&#038;p=16322"},"modified":"2025-03-12T19:19:44","modified_gmt":"2025-03-12T11:19:44","slug":"allingrosso-elf-bar-fs18000-puff-monouso-vape","status":"publish","type":"product","link":"https:\/\/www.vapeswholesaler.com\/it\/prodotto\/allingrosso-elf-bar-fs18000-puff-monouso-vape","title":{"rendered":"all'ingrosso ELF BAR FS18000 Puffs usa e getta Vape"},"content":{"rendered":"<p><a href=\"https:\/\/www.vapeswholesaler.com\/it\/marca_prodotto\/bar-degli-elfi\/\">BAR ELF<\/a> FS18000 Disposable Vape inaugura una nuova era del vaping con le sue innovative modalit\u00e0 regolabili, il sistema a doppia bobina e la vivace interfaccia utente a schermo piatto. Provate l'esperienza di svapare come mai prima d'ora, con un massimo di 18000 boccate e una selezione di 30 sapori allettanti.<\/p>\n<p>ELF BAR FS18000 Puff Vape usa e getta. Con modalit\u00e0 regolabili, una doppia bobina a rete e un vibrante schermo piatto con un'interfaccia utente colorata, questa svapata monouso offre un'esperienza di svapo fluida e saporita fino a 18000 puff.<\/p>\n<p>ELF BAR FS18000 Doppia modalit\u00e0 di vaporizzazione: Scegliete tra la modalit\u00e0 Boost per un aroma intenso e la modalit\u00e0 Smooth per un numero di boccate maggiore. Bobina a doppia maglia all'avanguardia: Sperimentate un vapore consistente e ricco a ogni boccata.<br \/>\nSchermo piatto di facile utilizzo: Navigare tra le impostazioni e le preferenze con un'interfaccia utente intuitiva e colorata.<br \/>\nIndicatori in tempo reale: Rimanete informati grazie alla visualizzazione chiara del livello della batteria e dell'e-liquid.<br \/>\nAmpia variet\u00e0 di sapori: Una gamma di 30 sapori diversi, adatti a tutti i gusti.<\/p>\n<h2><strong>ELFBAR FS18000 Puffs:<\/strong><\/h2>\n<ul>\n<li>Batteria ricaricabile integrata<\/li>\n<li>Conteggio dei soffi: Circa 18000 (modalit\u00e0 Smooth)\/10000 soffi (modalit\u00e0 Boost)<\/li>\n<li>Succo elettronico pre-riempito<\/li>\n<li>Diverse modalit\u00e0 di vaporizzazione: Modalit\u00e0 Smooth\/Boost<\/li>\n<li>Schermo piatto con interfaccia utente colorata<\/li>\n<li>Bobina a doppia maglia<\/li>\n<li>5%(50mg) Forza di nicotina<\/li>\n<li>Ricarica USB Tipo-C (non inclusa)<\/li>\n<li>Attivato dal disegno<\/li>\n<li>Vaping MTL<\/li>\n<\/ul>\n<h2><strong>Gusti disponibili:<\/strong><\/h2>\n<ol>\n<li>Ghiaccio alla pesca<\/li>\n<li>Bacca di pesca<\/li>\n<li>Mirtillo Lampone<\/li>\n<li>Anguria Limone<\/li>\n<li>Mirtillo nero<\/li>\n<li>Limonata alla ciliegia e alla pesca<\/li>\n<li>Anguria all'arancia<\/li>\n<li>Mirtillo rosso<\/li>\n<li>Menta e limone<\/li>\n<li>Ghiaccio d'uva<\/li>\n<li>Gomma da masticare all'anguria<\/li>\n<li>Doppia mela<\/li>\n<li>Ghiaccio all'anguria<\/li>\n<li>Ghiaccio al kiwi e ananas<\/li>\n<li>Uva e ciliegia<\/li>\n<li>Cocco al melograno<\/li>\n<li>Mirtillo rosso limone<\/li>\n<li>Uva Lampone<\/li>\n<li>Uva fragola<\/li>\n<\/ol>\n<h2>Dettagli dell'imballaggio:<\/h2>\n<p>0,11KG\/PCS, singolo con piccolo pacchetto<\/p>\n<p>10 pezzi in una scatola media.<\/p>\n<p>200PCS in cartone master, 22KG.<\/p>\n<p>&nbsp;<\/p>\n<figure style=\"width: 800px\" class=\"wp-caption alignnone\"><img loading=\"lazy\" decoding=\"async\" class=\"wp-image-16319 size-full\" title=\"all&#039;ingrosso ELF BAR FS18000 Puffs usa e getta Vape 5\" src=\"https:\/\/www.vapeswholesaler.com\/wp-content\/uploads\/2024\/06\/Wholesale-ELF-BAR-FS18000-Puffs-Disposable-Vape-5.webp\" alt=\"all&#039;ingrosso ELF BAR FS18000 Puffs usa e getta Vape 5\" width=\"800\" height=\"800\" srcset=\"https:\/\/www.vapeswholesaler.com\/wp-content\/uploads\/2024\/06\/Wholesale-ELF-BAR-FS18000-Puffs-Disposable-Vape-5.webp 800w, https:\/\/www.vapeswholesaler.com\/wp-content\/uploads\/2024\/06\/Wholesale-ELF-BAR-FS18000-Puffs-Disposable-Vape-5-300x300.webp 300w, https:\/\/www.vapeswholesaler.com\/wp-content\/uploads\/2024\/06\/Wholesale-ELF-BAR-FS18000-Puffs-Disposable-Vape-5-150x150.webp 150w, https:\/\/www.vapeswholesaler.com\/wp-content\/uploads\/2024\/06\/Wholesale-ELF-BAR-FS18000-Puffs-Disposable-Vape-5-768x768.webp 768w, https:\/\/www.vapeswholesaler.com\/wp-content\/uploads\/2024\/06\/Wholesale-ELF-BAR-FS18000-Puffs-Disposable-Vape-5-12x12.webp 12w, https:\/\/www.vapeswholesaler.com\/wp-content\/uploads\/2024\/06\/Wholesale-ELF-BAR-FS18000-Puffs-Disposable-Vape-5-247x247.webp 247w, https:\/\/www.vapeswholesaler.com\/wp-content\/uploads\/2024\/06\/Wholesale-ELF-BAR-FS18000-Puffs-Disposable-Vape-5-510x510.webp 510w, https:\/\/www.vapeswholesaler.com\/wp-content\/uploads\/2024\/06\/Wholesale-ELF-BAR-FS18000-Puffs-Disposable-Vape-5-100x100.webp 100w\" sizes=\"auto, (max-width: 800px) 100vw, 800px\" \/><figcaption class=\"wp-caption-text\">all'ingrosso ELF BAR FS18000 Puffs usa e getta Vape<\/figcaption><\/figure>\n<p>&nbsp;<\/p>","protected":false},"excerpt":{"rendered":"<p>Quantit\u00e0 minima d'ordine: <strong>5000<\/strong> PCS (Miscela di gusti)\u00a0 <strong>Spedizione gratuita<\/strong><\/p>\n<p>\uff08<strong>2%\uff0c5% Nic <\/strong>)<\/p>","protected":false},"featured_media":16315,"comment_status":"open","ping_status":"closed","template":"","meta":[],"product_cat":[15],"product_tag":[],"class_list":{"0":"post-16322","1":"product","2":"type-product","3":"status-publish","4":"has-post-thumbnail","6":"product_cat-disposable-vape","7":"product_brand-elf-bar","9":"first","10":"outofstock","11":"shipping-taxable","12":"purchasable","13":"product-type-variable","14":"has-default-attributes"},"aioseo_notices":[],"_links":{"self":[{"href":"https:\/\/www.vapeswholesaler.com\/it\/wp-json\/wp\/v2\/product\/16322","targetHints":{"allow":["GET"]}}],"collection":[{"href":"https:\/\/www.vapeswholesaler.com\/it\/wp-json\/wp\/v2\/product"}],"about":[{"href":"https:\/\/www.vapeswholesaler.com\/it\/wp-json\/wp\/v2\/types\/product"}],"replies":[{"embeddable":true,"href":"https:\/\/www.vapeswholesaler.com\/it\/wp-json\/wp\/v2\/comments?post=16322"}],"wp:featuredmedia":[{"embeddable":true,"href":"https:\/\/www.vapeswholesaler.com\/it\/wp-json\/wp\/v2\/media\/16315"}],"wp:attachment":[{"href":"https:\/\/www.vapeswholesaler.com\/it\/wp-json\/wp\/v2\/media?parent=16322"}],"wp:term":[{"taxonomy":"product_cat","embeddable":true,"href":"https:\/\/www.vapeswholesaler.com\/it\/wp-json\/wp\/v2\/product_cat?post=16322"},{"taxonomy":"product_tag","embeddable":true,"href":"https:\/\/www.vapeswholesaler.com\/it\/wp-json\/wp\/v2\/product_tag?post=16322"}],"curies":[{"name":"wp","href":"https:\/\/api.w.org\/{rel}","templated":true}]}}