{"id":16060,"date":"2024-06-12T18:07:14","date_gmt":"2024-06-12T10:07:14","guid":{"rendered":"https:\/\/www.vapeswholesaler.com\/?post_type=product&#038;p=16060"},"modified":"2025-03-18T14:28:47","modified_gmt":"2025-03-18T06:28:47","slug":"allingrosso-bang-25000-puff-monouso-vape","status":"publish","type":"product","link":"https:\/\/www.vapeswholesaler.com\/it\/prodotto\/allingrosso-bang-25000-puff-monouso-vape","title":{"rendered":"all'ingrosso Bang 25000 Puff usa e getta Vape"},"content":{"rendered":"<p><a href=\"https:\/\/www.vapeswholesaler.com\/it\/marca_prodotto\/botto\/\">Bang<\/a> 25000 Puffs \u00e8 uno svapo monouso, ma \u00e8 anche un dispositivo di alto livello progettato per un'esperienza di svapo eccezionale. Viene fornito con 30 ml di eliquid e bobina da 1,0 ohm, scegliendo tra le concentrazioni di nicotina 0%, 2%, 3% o 5% per soddisfare le tue preferenze ed esigenze personali. Bang 25000 Puffs Con un'impressionante durata di 25000 puff, questa svapata usa e getta offre una longevit\u00e0 e una convenienza senza pari.<\/p>\n<p>Il nostro dispositivo, alimentato da un'affidabile batteria da 650 mAh, garantisce prestazioni costanti per tutta la sua durata. La funzione di ricarica Type-C assicura una ricarica rapida ed efficiente, riducendo al minimo i tempi di inattivit\u00e0. Un avanzato display digitale LCD vi tiene informati sulla durata della batteria e sui livelli di e-liquid, fornendo un'esperienza senza soluzione di continuit\u00e0 e di facile utilizzo.<\/p>\n<p>Il Vape usa e getta \u00e8 stato progettato sia per i principianti che per i vapers esperti, combinando alta capacit\u00e0, facilit\u00e0 d'uso e tecnologia avanzata. L'eccezionale erogazione di aromi e il design facile da usare ne fanno una scelta eccellente nel mercato del vaping.<\/p>\n<h2><strong><a href=\"https:\/\/www.facebook.com\/fred.luo.58\/\">Bang<\/a> 25000 soffi di vapore monouso Dettagli:<\/strong><\/h2>\n<ul>\n<li>Soffi: Fino a 26000 soffi Modalit\u00e0 doppia<\/li>\n<li>Liquido: 30 mL pre-riempito<\/li>\n<li>Nicotina: 0% 2% 3% 5%<\/li>\n<li>Nucleo: 1.0 e 1.0 a doppia maglia<\/li>\n<li>Batteria: 650 mAh ricaricabile di tipo C<\/li>\n<li>Modalit\u00e0 di consegna: DHL<\/li>\n<li>10 pezzi\/scatola<\/li>\n<li>1caso\/200pz(22 KG)<\/li>\n<\/ul>\n<h2><strong>Gusti disponibili:<\/strong><\/h2>\n<ol>\n<li>Mirtillo Lampone<\/li>\n<li>Menta e mirtillo<\/li>\n<li>Miscela di frutta<\/li>\n<li>Anguria alla fragola<\/li>\n<li>Ghiaccio d'uva<\/li>\n<li>Ghiaccio al mirtillo<\/li>\n<li>Gomma da masticare all'anguria<\/li>\n<li>Sangue di tigre<\/li>\n<li>Fragola Kiwi<\/li>\n<li>Ghiaccio all'anguria<\/li>\n<li>Ghiaccio alla fragola<\/li>\n<li>Mango e pesca<\/li>\n<\/ol>\n<h2><strong>Dettagli dell'imballaggio:<\/strong><\/h2>\n<p>Pezzo singolo con confezione a caramella<br \/>\nOgni confezione contiene 10 pezzi<br \/>\nOgni cartone contiene 200 pezzi<\/p>\n<figure id=\"attachment_16046\" aria-describedby=\"caption-attachment-16046\" style=\"width: 800px\" class=\"wp-caption alignnone\"><img loading=\"lazy\" decoding=\"async\" class=\"wp-image-16046 size-full\" title=\"all&#039;ingrosso Bang 25000 Puffs usa e getta Vape 4\" src=\"https:\/\/www.vapeswholesaler.com\/wp-content\/uploads\/2024\/06\/Wholesale-Bang-25000-Puffs-Disposable-Vape-4.webp\" alt=\"all&#039;ingrosso Bang 25000 Puffs usa e getta Vape 4\" width=\"800\" height=\"1321\" srcset=\"https:\/\/www.vapeswholesaler.com\/wp-content\/uploads\/2024\/06\/Wholesale-Bang-25000-Puffs-Disposable-Vape-4.webp 800w, https:\/\/www.vapeswholesaler.com\/wp-content\/uploads\/2024\/06\/Wholesale-Bang-25000-Puffs-Disposable-Vape-4-182x300.webp 182w, https:\/\/www.vapeswholesaler.com\/wp-content\/uploads\/2024\/06\/Wholesale-Bang-25000-Puffs-Disposable-Vape-4-620x1024.webp 620w, https:\/\/www.vapeswholesaler.com\/wp-content\/uploads\/2024\/06\/Wholesale-Bang-25000-Puffs-Disposable-Vape-4-768x1268.webp 768w, https:\/\/www.vapeswholesaler.com\/wp-content\/uploads\/2024\/06\/Wholesale-Bang-25000-Puffs-Disposable-Vape-4-7x12.webp 7w, https:\/\/www.vapeswholesaler.com\/wp-content\/uploads\/2024\/06\/Wholesale-Bang-25000-Puffs-Disposable-Vape-4-510x842.webp 510w\" sizes=\"auto, (max-width: 800px) 100vw, 800px\" \/><figcaption id=\"caption-attachment-16046\" class=\"wp-caption-text\">all'ingrosso Bang 25000 Puff usa e getta Vape<\/figcaption><\/figure>","protected":false},"excerpt":{"rendered":"<p>Quantit\u00e0 minima d'ordine:\u00a0<strong>50 pezzi<\/strong>\u00a0(Gusti misti)\u00a0\u00a0<strong>Spedizione gratuita<\/strong><\/p>\n<p>\uff08<strong>0%\uff0c2%\uff0c3%\uff0c5%<\/strong>\uff09<\/p>","protected":false},"featured_media":16059,"comment_status":"open","ping_status":"closed","template":"","meta":[],"product_cat":[15],"product_tag":[368,376,388],"class_list":{"0":"post-16060","1":"product","2":"type-product","3":"status-publish","4":"has-post-thumbnail","6":"product_cat-disposable-vape","7":"product_tag-bang-king","8":"product_tag-25000-puffs","9":"product_tag-bang","10":"product_brand-bang","12":"first","13":"instock","14":"shipping-taxable","15":"purchasable","16":"product-type-variable","17":"has-default-attributes"},"aioseo_notices":[],"_links":{"self":[{"href":"https:\/\/www.vapeswholesaler.com\/it\/wp-json\/wp\/v2\/product\/16060","targetHints":{"allow":["GET"]}}],"collection":[{"href":"https:\/\/www.vapeswholesaler.com\/it\/wp-json\/wp\/v2\/product"}],"about":[{"href":"https:\/\/www.vapeswholesaler.com\/it\/wp-json\/wp\/v2\/types\/product"}],"replies":[{"embeddable":true,"href":"https:\/\/www.vapeswholesaler.com\/it\/wp-json\/wp\/v2\/comments?post=16060"}],"wp:featuredmedia":[{"embeddable":true,"href":"https:\/\/www.vapeswholesaler.com\/it\/wp-json\/wp\/v2\/media\/16059"}],"wp:attachment":[{"href":"https:\/\/www.vapeswholesaler.com\/it\/wp-json\/wp\/v2\/media?parent=16060"}],"wp:term":[{"taxonomy":"product_cat","embeddable":true,"href":"https:\/\/www.vapeswholesaler.com\/it\/wp-json\/wp\/v2\/product_cat?post=16060"},{"taxonomy":"product_tag","embeddable":true,"href":"https:\/\/www.vapeswholesaler.com\/it\/wp-json\/wp\/v2\/product_tag?post=16060"}],"curies":[{"name":"wp","href":"https:\/\/api.w.org\/{rel}","templated":true}]}}