{"id":15736,"date":"2024-06-10T15:49:51","date_gmt":"2024-06-10T07:49:51","guid":{"rendered":"https:\/\/www.vapeswholesaler.com\/?post_type=product&#038;p=15736"},"modified":"2025-03-18T14:43:31","modified_gmt":"2025-03-18T06:43:31","slug":"bang-bc5000-vape-monouso-allingrosso","status":"publish","type":"product","link":"https:\/\/www.vapeswholesaler.com\/it\/prodotto\/bang-bc5000-vape-monouso-allingrosso","title":{"rendered":"Bang BC5000 Vape monouso all'ingrosso"},"content":{"rendered":"<p><a href=\"https:\/\/www.vapeswholesaler.com\/it\/marca_prodotto\/botto\/\">Bang<\/a> BC5000 \u00e8 un vape usa e getta dal design accattivante, viene fornito con 13ml di eliquid e con 50mg di nicotina, \u00e8 costruito con una batteria ricaricabile da 650mah che pu\u00f2 supportare fino a 5000 puff.<\/p>\n<p>All'ingrosso il nostro Bang BC5000 con il miglior prezzo e spedizione veloce!<\/p>\n<h2><strong><a href=\"https:\/\/www.facebook.com\/fred.luo.58\/\">Bang<\/a> BC5000 Box usa e getta Vape Dettaglio rapido<\/strong><\/h2>\n<ol>\n<li>Bign\u00e8: 5000<\/li>\n<li>Sale di nicotina: 5%<\/li>\n<li>Capacit\u00e0 dell'Eliquid: 13ML<\/li>\n<li>Resistenza: 1,2 ohm Maglia<\/li>\n<li>Peso del corpo: 52 g<\/li>\n<li>Dimensione del cartone: 52.3*38*28.5cm<\/li>\n<li>Peso del cartone: 16.5kg\/ 300 PCS<\/li>\n<li>Porta di ricarica: Tipo C<\/li>\n<\/ol>\n<h2><strong>Elenco dei sapori:<\/strong><\/h2>\n<ol>\n<li>Ghiaccio Blu Razz<\/li>\n<li>Ghiaccio al mirtillo<\/li>\n<li>Mirtillo e limone<\/li>\n<li>Ghiaccio alla cola<\/li>\n<li>Energia<\/li>\n<li>Orso gommoso<\/li>\n<li>Kiwi Frutto della passione Guava<\/li>\n<li>Menta e limone<\/li>\n<li>Mango e pesca<\/li>\n<li>Succo d'arancia<\/li>\n<li>Ghiaccio alla pesca<\/li>\n<li>Pesca, mango e anguria<\/li>\n<li>Ananas e cocco<\/li>\n<li>Uva Sakura<\/li>\n<li>Mela acida e lampone<\/li>\n<li>Fragola e banana<\/li>\n<li>Ghiaccio alla fragola<\/li>\n<li>Fragola Kiwi<\/li>\n<li>Mango alla fragola<\/li>\n<li>Anguria alla fragola<\/li>\n<li>Tripli frutti di bosco<\/li>\n<li>Esplosione arcobaleno tropicale<\/li>\n<li>Gomma da masticare all'anguria<\/li>\n<li>Ghiaccio all'anguria<\/li>\n<\/ol>\n<figure id=\"attachment_15746\" aria-describedby=\"caption-attachment-15746\" style=\"width: 800px\" class=\"wp-caption alignnone\"><img loading=\"lazy\" decoding=\"async\" class=\"wp-image-15746 size-full\" title=\"Bang BC5000 Vape monouso all&#039;ingrosso (11)\" src=\"https:\/\/www.vapeswholesaler.com\/wp-content\/uploads\/2024\/06\/Bang-BC5000-Disposable-Vape-Wholesale-11.jpg\" alt=\"Bang BC5000 Vape monouso all&#039;ingrosso (11)\" width=\"800\" height=\"800\" srcset=\"https:\/\/www.vapeswholesaler.com\/wp-content\/uploads\/2024\/06\/Bang-BC5000-Disposable-Vape-Wholesale-11.jpg 800w, https:\/\/www.vapeswholesaler.com\/wp-content\/uploads\/2024\/06\/Bang-BC5000-Disposable-Vape-Wholesale-11-300x300.jpg 300w, https:\/\/www.vapeswholesaler.com\/wp-content\/uploads\/2024\/06\/Bang-BC5000-Disposable-Vape-Wholesale-11-150x150.jpg 150w, https:\/\/www.vapeswholesaler.com\/wp-content\/uploads\/2024\/06\/Bang-BC5000-Disposable-Vape-Wholesale-11-768x768.jpg 768w, https:\/\/www.vapeswholesaler.com\/wp-content\/uploads\/2024\/06\/Bang-BC5000-Disposable-Vape-Wholesale-11-12x12.jpg 12w, https:\/\/www.vapeswholesaler.com\/wp-content\/uploads\/2024\/06\/Bang-BC5000-Disposable-Vape-Wholesale-11-247x247.jpg 247w, https:\/\/www.vapeswholesaler.com\/wp-content\/uploads\/2024\/06\/Bang-BC5000-Disposable-Vape-Wholesale-11-510x510.jpg 510w, https:\/\/www.vapeswholesaler.com\/wp-content\/uploads\/2024\/06\/Bang-BC5000-Disposable-Vape-Wholesale-11-100x100.jpg 100w\" sizes=\"auto, (max-width: 800px) 100vw, 800px\" \/><figcaption id=\"caption-attachment-15746\" class=\"wp-caption-text\">Bang BC5000 Vape monouso all'ingrosso<\/figcaption><\/figure>","protected":false},"excerpt":{"rendered":"<p>Quantit\u00e0 minima d'ordine:\u00a0<strong>50 pezzi <\/strong>(Gusti misti)\u00a0\u00a0<strong>Spedizione gratuita<\/strong><\/p>\n<p>\uff08<strong>0%\uff0c2%\uff0c3%\uff0c5%<\/strong>\uff09<\/p>","protected":false},"featured_media":15747,"comment_status":"open","ping_status":"closed","template":"","meta":[],"product_cat":[15],"product_tag":[388,391],"class_list":{"0":"post-15736","1":"product","2":"type-product","3":"status-publish","4":"has-post-thumbnail","6":"product_cat-disposable-vape","7":"product_tag-bang","8":"product_tag-5000-puffs","9":"product_brand-bang","11":"first","12":"outofstock","13":"shipping-taxable","14":"purchasable","15":"product-type-variable"},"aioseo_notices":[],"_links":{"self":[{"href":"https:\/\/www.vapeswholesaler.com\/it\/wp-json\/wp\/v2\/product\/15736","targetHints":{"allow":["GET"]}}],"collection":[{"href":"https:\/\/www.vapeswholesaler.com\/it\/wp-json\/wp\/v2\/product"}],"about":[{"href":"https:\/\/www.vapeswholesaler.com\/it\/wp-json\/wp\/v2\/types\/product"}],"replies":[{"embeddable":true,"href":"https:\/\/www.vapeswholesaler.com\/it\/wp-json\/wp\/v2\/comments?post=15736"}],"wp:featuredmedia":[{"embeddable":true,"href":"https:\/\/www.vapeswholesaler.com\/it\/wp-json\/wp\/v2\/media\/15747"}],"wp:attachment":[{"href":"https:\/\/www.vapeswholesaler.com\/it\/wp-json\/wp\/v2\/media?parent=15736"}],"wp:term":[{"taxonomy":"product_cat","embeddable":true,"href":"https:\/\/www.vapeswholesaler.com\/it\/wp-json\/wp\/v2\/product_cat?post=15736"},{"taxonomy":"product_tag","embeddable":true,"href":"https:\/\/www.vapeswholesaler.com\/it\/wp-json\/wp\/v2\/product_tag?post=15736"}],"curies":[{"name":"wp","href":"https:\/\/api.w.org\/{rel}","templated":true}]}}