{"id":23983,"date":"2025-08-25T15:04:04","date_gmt":"2025-08-25T07:04:04","guid":{"rendered":"https:\/\/www.vapeswholesaler.com\/?post_type=product&#038;p=23983"},"modified":"2026-01-15T22:33:21","modified_gmt":"2026-01-15T14:33:21","slug":"wholesale-zooy-flyer-35000-puffs-disposbale-vape-eu-warehouse","status":"publish","type":"product","link":"https:\/\/www.vapeswholesaler.com\/hu\/termek\/wholesale-zooy-flyer-35000-puffs-disposbale-vape-eu-warehouse","title":{"rendered":"Wholesale Zooy Flyer 35000 Puffs Disposbale Vape Eu Warehouse"},"content":{"rendered":"<p><a href=\"https:\/\/www.vapeswholesaler.com\/hu\/product_brand\/zooy\/\">Zooy<\/a> Flyer 35000 puff disposable vape features adjustable airflow for a customizable vaping experience, boasting an ultra-large capacity of 35,000 puffs and a powerful 850mAh rechargeable battery, delivering an exceptional vaping experience. Designed for users seeking flavor and extended usage, it is equipped with advanced dual mesh coils, delivering rich, consistent vapor and a robust flavor profile. Its sleek design ensures portability without compromising performance. It comes standard with a large electronic display screen, allowing users to switch between standard mode and turbo mode via the screen. It also features an intelligent click switch system and a convenient Type-C charging port, eliminating the hassle of frequent recharging.<\/p>\n<p>Currently, we offer 10 flavors of this product, all of which are in stock. We have warehouses in Germany and Spain, which shortens delivery time to 6-7 business days. Our requirements are not high. The minimum order quantity for each flavor mix is 50 pieces. The prices listed on our website include shipping costs, so please feel free to place your order.<\/p>\n<p><a href=\"https:\/\/www.facebook.com\/100008071089000\/videos\/4291071601122785\/\"><em><strong>Zooy Flyer 35000 puff disposable vape Video<\/strong><\/em><\/a><\/p>\n<h2><strong>Zooy Flyer 35000 puff Details:<\/strong><\/h2>\n<ul>\n<li>Model Name :Flyer 35000<\/li>\n<li>Akkumul\u00e1tor kapacit\u00e1s: 850mah<\/li>\n<li>0.8 Double Mesh Coils<\/li>\n<li>C t\u00edpus\u00fa \u00fajrat\u00f6lthet\u0151<\/li>\n<li>\u00c1ll\u00edthat\u00f3 l\u00e9g\u00e1raml\u00e1s<\/li>\n<li>Click Switch Between Norm<\/li>\n<li>And Turbo \uff0c 5 Clicks To<br \/>\nTurn On \/ Off<\/li>\n<\/ul>\n<h2><strong>El\u00e9rhet\u0151 \u00edzek\uff1a<\/strong><\/h2>\n<ol>\n<li>Strawberry Raspberry Candy<\/li>\n<li>Ny\u00e1ri barack j\u00e9g<\/li>\n<li>Fizzy Cherry Cola<\/li>\n<li>\u00c1fonya g\u00f6r\u00f6gdinnye<\/li>\n<li>Eper Kiwi<\/li>\n<li>\u00c1fonya j\u00e9g<\/li>\n<li>G\u00f6r\u00f6gdinnye j\u00e9g<\/li>\n<li>Mr Blue<\/li>\n<li>Mang\u00f3 j\u00e9g<\/li>\n<li>Epres Red Bull<\/li>\n<\/ol>\n<h2><strong>Csomagol\u00e1si lista:<\/strong><\/h2>\n<p>1db darab Egyedi doboz<br \/>\n10db k\u00f6z\u00e9ps\u0151 doboz<br \/>\n200db dobozonk\u00e9nt<\/p>\n<figure id=\"attachment_23970\" aria-describedby=\"caption-attachment-23970\" style=\"width: 1000px\" class=\"wp-caption alignnone\"><img loading=\"lazy\" decoding=\"async\" class=\"wp-image-23970 size-full\" title=\"Wholesale Zooy Flyer 35000 Puffs Disposbale Vape Europe Warehouse 2\" src=\"https:\/\/www.vapeswholesaler.com\/wp-content\/uploads\/2025\/08\/Wholesale-Zooy-Flyer-35000-Puffs-Disposbale-Vape-Europe-Warehouse-2.webp\" alt=\"Wholesale Zooy Flyer 35000 Puffs Disposbale Vape Europe Warehouse 2\" width=\"1000\" height=\"1000\" srcset=\"https:\/\/www.vapeswholesaler.com\/wp-content\/uploads\/2025\/08\/Wholesale-Zooy-Flyer-35000-Puffs-Disposbale-Vape-Europe-Warehouse-2.webp 1000w, https:\/\/www.vapeswholesaler.com\/wp-content\/uploads\/2025\/08\/Wholesale-Zooy-Flyer-35000-Puffs-Disposbale-Vape-Europe-Warehouse-2-300x300.webp 300w, https:\/\/www.vapeswholesaler.com\/wp-content\/uploads\/2025\/08\/Wholesale-Zooy-Flyer-35000-Puffs-Disposbale-Vape-Europe-Warehouse-2-150x150.webp 150w, https:\/\/www.vapeswholesaler.com\/wp-content\/uploads\/2025\/08\/Wholesale-Zooy-Flyer-35000-Puffs-Disposbale-Vape-Europe-Warehouse-2-768x768.webp 768w, https:\/\/www.vapeswholesaler.com\/wp-content\/uploads\/2025\/08\/Wholesale-Zooy-Flyer-35000-Puffs-Disposbale-Vape-Europe-Warehouse-2-12x12.webp 12w, https:\/\/www.vapeswholesaler.com\/wp-content\/uploads\/2025\/08\/Wholesale-Zooy-Flyer-35000-Puffs-Disposbale-Vape-Europe-Warehouse-2-247x247.webp 247w, https:\/\/www.vapeswholesaler.com\/wp-content\/uploads\/2025\/08\/Wholesale-Zooy-Flyer-35000-Puffs-Disposbale-Vape-Europe-Warehouse-2-510x510.webp 510w, https:\/\/www.vapeswholesaler.com\/wp-content\/uploads\/2025\/08\/Wholesale-Zooy-Flyer-35000-Puffs-Disposbale-Vape-Europe-Warehouse-2-100x100.webp 100w\" sizes=\"auto, (max-width: 1000px) 100vw, 1000px\" \/><figcaption id=\"caption-attachment-23970\" class=\"wp-caption-text\">Wholesale Zooy Flyer 35000 Puffs Disposbale Vape Europe Warehouse<\/figcaption><\/figure>\n<p>&nbsp;<\/p>\n<p>&nbsp;<\/p>","protected":false},"excerpt":{"rendered":"<p>Minim\u00e1lis rendel\u00e9si mennyis\u00e9g: <strong>50db<\/strong> (\u00cdzek kever\u00e9se) <strong>Ingyenes sz\u00e1ll\u00edt\u00e1s<\/strong><\/p>\n<p>(<strong>2%, 3%, 5% Nic<\/strong>) EU rakt\u00e1r sz\u00e1ll\u00edt\u00e1si id\u0151 <strong>6-7 munkanap<\/strong><\/p>","protected":false},"featured_media":23969,"comment_status":"open","ping_status":"closed","template":"","meta":[],"product_cat":[15],"product_tag":[117,373,413],"class_list":{"0":"post-23983","1":"product","2":"type-product","3":"status-publish","4":"has-post-thumbnail","6":"product_cat-disposable-vape","7":"product_tag-35000-puffs","8":"product_tag-europe-warehouse","9":"product_tag-z00y-disposable-vape","10":"product_brand-zooy","12":"first","13":"instock","14":"shipping-taxable","15":"purchasable","16":"product-type-variable","17":"has-default-attributes"},"aioseo_notices":[],"_links":{"self":[{"href":"https:\/\/www.vapeswholesaler.com\/hu\/wp-json\/wp\/v2\/product\/23983","targetHints":{"allow":["GET"]}}],"collection":[{"href":"https:\/\/www.vapeswholesaler.com\/hu\/wp-json\/wp\/v2\/product"}],"about":[{"href":"https:\/\/www.vapeswholesaler.com\/hu\/wp-json\/wp\/v2\/types\/product"}],"replies":[{"embeddable":true,"href":"https:\/\/www.vapeswholesaler.com\/hu\/wp-json\/wp\/v2\/comments?post=23983"}],"wp:featuredmedia":[{"embeddable":true,"href":"https:\/\/www.vapeswholesaler.com\/hu\/wp-json\/wp\/v2\/media\/23969"}],"wp:attachment":[{"href":"https:\/\/www.vapeswholesaler.com\/hu\/wp-json\/wp\/v2\/media?parent=23983"}],"wp:term":[{"taxonomy":"product_cat","embeddable":true,"href":"https:\/\/www.vapeswholesaler.com\/hu\/wp-json\/wp\/v2\/product_cat?post=23983"},{"taxonomy":"product_tag","embeddable":true,"href":"https:\/\/www.vapeswholesaler.com\/hu\/wp-json\/wp\/v2\/product_tag?post=23983"}],"curies":[{"name":"wp","href":"https:\/\/api.w.org\/{rel}","templated":true}]}}