{"id":23934,"date":"2025-08-15T17:37:32","date_gmt":"2025-08-15T09:37:32","guid":{"rendered":"https:\/\/www.vapeswholesaler.com\/?post_type=product&#038;p=23934"},"modified":"2025-10-28T21:49:53","modified_gmt":"2025-10-28T13:49:53","slug":"wholesale-zooy-triple-3in1-70k-70000-puffs-disposable-vape","status":"publish","type":"product","link":"https:\/\/www.vapeswholesaler.com\/hu\/termek\/wholesale-zooy-triple-3in1-70k-70000-puffs-disposable-vape","title":{"rendered":"Wholesale Zooy Triple 3in1 70K 70000 Puffs Disposable Vape"},"content":{"rendered":"<p><a href=\"https:\/\/www.vapeswholesaler.com\/hu\/product_brand\/zooy\/\"><strong>Zooy<\/strong><\/a> Triple 3in1 70K is the brand&#8217;s first 3-flavor disposable vape. It has 3 amazing oil reservoirs with a total capacity of 48ml. Each oil reservoir is equipped with a different flavor. The Zooy brand has always been known for its stable quality and has won the trust of many consumers.<\/p>\n<p>One of the standout features of the zooy vape triple 70000puff disposable vape is its 3in1 flavor system. users can choose from a range of delicious flavors, including fruity, minty, and dessert options. whether you prefer a refreshing fruit blend or a sweet treat, there is a flavor to suit every taste preference. the variety of flavors available ensures that users can enjoy a different vaping experience with each device.<\/p>\n<p>Built-in 850mAh high-capacity rechargeable battery, and equipped with a Type-C fast charging port, allowing users to charge the device anywhere without worrying about battery life. The clear and intuitive electronic display screen fully shows the device&#8217;s usage information, keeping users fully informed about the product at all times, making this product even more popular.<\/p>\n<h2><strong>Zooy Triple 3in1 70K Details:<\/strong><\/h2>\n<ul>\n<li>Model name: zooy triple 3in1 70k<\/li>\n<li>Puffs: up to 70000 puffs<\/li>\n<li>Nicotine: 2% \/ 3% \/ 5%<\/li>\n<li>Flavors: 3 adjustable<\/li>\n<li>Coil: triple mesh 0.9ohm\u00d7 3<\/li>\n<li>E-liquid: 18ml \u00d7 3 (total 54ml)<\/li>\n<li>Battery: 650mah rechargeable<\/li>\n<li>Display: lcd display<\/li>\n<li>Charging: type-c<\/li>\n<li>Flavor options: 10 choices<\/li>\n<\/ul>\n<h2><strong>Kaphat\u00f3 \u00edzek:<\/strong><\/h2>\n<ol>\n<li>Watermelon &amp; Lemon Lime &amp; Cherry Cola<\/li>\n<li>Strawberry Watermelon &amp; Blueberry Ice &amp; Love 666<\/li>\n<li>Strawberry Kiwi &amp; Watermelon Ice &amp; Red Bull<\/li>\n<li>Triple Melon &amp; Strawberry Watermelon &amp; Lemon Peach<\/li>\n<li>Mr. Blue &amp; Strawberry Banana &amp; Lemon Lime<\/li>\n<li>Mixed Berry &amp; Strawberry Vanilla Cola &amp; Lemon Cola<\/li>\n<li>Strawberry Ice &amp; Lemon Mint &amp; Passion Fruit Lemon<\/li>\n<li>Blueberry Bubblegum &amp; Love 666 &amp; Strawberry Kiwi<\/li>\n<li>Pink Lemonade &amp; Strawberry Raspberry Cherry &amp; Blueberry Ice<\/li>\n<li>Mango Ice &amp; Aloe Grape &amp; Kiwi Passion Fruit<\/li>\n<\/ol>\n<h2><strong>Pack List:<\/strong><\/h2>\n<p>1db darab Egyedi doboz<br \/>\n10db k\u00f6z\u00e9ps\u0151 doboz<br \/>\n200db dobozonk\u00e9nt<\/p>\n<figure id=\"attachment_23916\" aria-describedby=\"caption-attachment-23916\" style=\"width: 800px\" class=\"wp-caption alignnone\"><img loading=\"lazy\" decoding=\"async\" class=\"wp-image-23916 size-full\" title=\"Wholesale Zooy Triple 3in1 70K 70000 Puffs Disposable Vape 2\" src=\"https:\/\/www.vapeswholesaler.com\/wp-content\/uploads\/2025\/08\/Wholesale-Zooy-Triple-3in1-70K-70000-Puffs-Disposable-Vape-2.jpg\" alt=\"Wholesale Zooy Triple 3in1 70K 70000 Puffs Disposable Vape 2\" width=\"800\" height=\"800\" srcset=\"https:\/\/www.vapeswholesaler.com\/wp-content\/uploads\/2025\/08\/Wholesale-Zooy-Triple-3in1-70K-70000-Puffs-Disposable-Vape-2.jpg 800w, https:\/\/www.vapeswholesaler.com\/wp-content\/uploads\/2025\/08\/Wholesale-Zooy-Triple-3in1-70K-70000-Puffs-Disposable-Vape-2-300x300.jpg 300w, https:\/\/www.vapeswholesaler.com\/wp-content\/uploads\/2025\/08\/Wholesale-Zooy-Triple-3in1-70K-70000-Puffs-Disposable-Vape-2-150x150.jpg 150w, https:\/\/www.vapeswholesaler.com\/wp-content\/uploads\/2025\/08\/Wholesale-Zooy-Triple-3in1-70K-70000-Puffs-Disposable-Vape-2-768x768.jpg 768w, https:\/\/www.vapeswholesaler.com\/wp-content\/uploads\/2025\/08\/Wholesale-Zooy-Triple-3in1-70K-70000-Puffs-Disposable-Vape-2-12x12.jpg 12w, https:\/\/www.vapeswholesaler.com\/wp-content\/uploads\/2025\/08\/Wholesale-Zooy-Triple-3in1-70K-70000-Puffs-Disposable-Vape-2-247x247.jpg 247w, https:\/\/www.vapeswholesaler.com\/wp-content\/uploads\/2025\/08\/Wholesale-Zooy-Triple-3in1-70K-70000-Puffs-Disposable-Vape-2-510x510.jpg 510w, https:\/\/www.vapeswholesaler.com\/wp-content\/uploads\/2025\/08\/Wholesale-Zooy-Triple-3in1-70K-70000-Puffs-Disposable-Vape-2-100x100.jpg 100w\" sizes=\"auto, (max-width: 800px) 100vw, 800px\" \/><figcaption id=\"caption-attachment-23916\" class=\"wp-caption-text\">Wholesale Zooy Triple 3in1 70K 70000 Puffs Disposable Vape<\/figcaption><\/figure>\n<p>&nbsp;<\/p>","protected":false},"excerpt":{"rendered":"<p>Minim\u00e1lis rendel\u00e9si mennyis\u00e9g: <strong>50db<\/strong> (\u00cdzek kever\u00e9se) <strong>Ingyenes sz\u00e1ll\u00edt\u00e1s<\/strong><\/p>\n<p>(<strong>2%, 3%, 5%<\/strong> Nic) EU Warehouse Shipping time<strong> 6-7 munkanap<\/strong><\/p>","protected":false},"featured_media":23923,"comment_status":"open","ping_status":"closed","template":"","meta":[],"product_cat":[15],"product_tag":[373,404,411,412],"class_list":{"0":"post-23934","1":"product","2":"type-product","3":"status-publish","4":"has-post-thumbnail","6":"product_cat-disposable-vape","7":"product_tag-europe-warehouse","8":"product_tag-70000-puffs","9":"product_tag-triple-3in1","10":"product_tag-zooy-disposable-vape","11":"product_brand-zooy","13":"first","14":"instock","15":"shipping-taxable","16":"purchasable","17":"product-type-variable","18":"has-default-attributes"},"aioseo_notices":[],"_links":{"self":[{"href":"https:\/\/www.vapeswholesaler.com\/hu\/wp-json\/wp\/v2\/product\/23934","targetHints":{"allow":["GET"]}}],"collection":[{"href":"https:\/\/www.vapeswholesaler.com\/hu\/wp-json\/wp\/v2\/product"}],"about":[{"href":"https:\/\/www.vapeswholesaler.com\/hu\/wp-json\/wp\/v2\/types\/product"}],"replies":[{"embeddable":true,"href":"https:\/\/www.vapeswholesaler.com\/hu\/wp-json\/wp\/v2\/comments?post=23934"}],"wp:featuredmedia":[{"embeddable":true,"href":"https:\/\/www.vapeswholesaler.com\/hu\/wp-json\/wp\/v2\/media\/23923"}],"wp:attachment":[{"href":"https:\/\/www.vapeswholesaler.com\/hu\/wp-json\/wp\/v2\/media?parent=23934"}],"wp:term":[{"taxonomy":"product_cat","embeddable":true,"href":"https:\/\/www.vapeswholesaler.com\/hu\/wp-json\/wp\/v2\/product_cat?post=23934"},{"taxonomy":"product_tag","embeddable":true,"href":"https:\/\/www.vapeswholesaler.com\/hu\/wp-json\/wp\/v2\/product_tag?post=23934"}],"curies":[{"name":"wp","href":"https:\/\/api.w.org\/{rel}","templated":true}]}}