{"id":23880,"date":"2025-08-14T15:13:14","date_gmt":"2025-08-14T07:13:14","guid":{"rendered":"https:\/\/www.vapeswholesaler.com\/?post_type=product&#038;p=23880"},"modified":"2026-04-12T21:12:16","modified_gmt":"2026-04-12T13:12:16","slug":"wholesale-vapsolo-triple-pro-3in1-60k-puffs-disposable-vape","status":"publish","type":"product","link":"https:\/\/www.vapeswholesaler.com\/hu\/termek\/wholesale-vapsolo-triple-pro-3in1-60k-puffs-disposable-vape","title":{"rendered":"Wholesale Vapsolo Triple Pro 3in1 60K Puffs Disposable Vape"},"content":{"rendered":"<p><strong><a href=\"https:\/\/www.vapeswholesaler.com\/hu\/product_brand\/vapsolo\/\">Vapsolo<\/a><\/strong> Triple Pro 3in1 60K One Device, Three Flavors. Simply rotate the mouthpiece to switch flavors instantly, Plus a mature and reliable atomization system and .02s instant start, making this products Explosive taste + ultra-smooth vapor, Switch between three different flavors at will and enjoy different premium flavors on the same device. deeply loved by consumers.<\/p>\n<p>Equipped with 3 thanks 42ml e-liquid capacity across three dedicated tanks, the Triple 60K lets you seamlessly switch between three distinct flavors in a single device and enjoy endless combinations: pair fruity, icy, and dessert flavors for a personalized journey. a robust 850mAh rechargeable battery paired with Type-C fast charging ensures marathon sessions without downtime. Never miss any puff and stay powered for days.<\/p>\n<p>Sleek and pocket-friendly, the Triple 30K features a digital LED display for real-time battery and puff tracking. Perfect for on-the-go vapers who demand convenience and style, 2% and 5% nicotine caters to all preferences, while the 1.0-ohm*3 mesh coil delivers rich, consistent clouds without harshness<\/p>\n<h2><strong>Vapsolo Triple Pro 3in1 60K Details:<\/strong><\/h2>\n<ul>\n<li>3 flavors in 1 ,3 tanks<\/li>\n<li>E liquid and power display<\/li>\n<li>Battery Capacity: 650mah<\/li>\n<li>H\u00e1l\u00f3 tekercs<\/li>\n<li>Coil Resistance: 1\u03a9<\/li>\n<li>Type-c port,rechargeable<\/li>\n<li>15 Flavors Available<\/li>\n<\/ul>\n<h2><strong>El\u00e9rhet\u0151 \u00edzek\uff1a<\/strong><\/h2>\n<p>1.Watermelon Ice &amp; Red Bull &amp; Strawberry Kiwi<br \/>\n2.Lemon Lime &amp; Strawberry Watermelon &amp; Blueberry Ice<br \/>\n3.Strawberry Banana &amp; Raspberry Watermelon &amp; Lemon Lime<br \/>\n4.Strawberry Kiwi &amp; Love 66 &amp; Cherry Cola<br \/>\n5.Tropical Fruit &amp; Strawberry Watermelon &amp; Lemon Peach<br \/>\n6.Pineapple Coconut &amp; Strawberry Banana &amp; Blue Razz<br \/>\n7.Strawberry Raspberry &amp; Cherry Berry &amp; Grape Mint<br \/>\n8.Raspberry Watermelon &amp; Mango Peach &amp; Strawberry Kiwi<br \/>\n9.Strawberry Vanilla Coke &amp; Blueberry Raspberry &amp; Lemon Lime<br \/>\n10.Watermelon Ice &amp; Strawberry Ice Cream &amp; Triple Melon<br \/>\n11.Kiwi Passions Fruit &amp; Love 66 &amp; Vanilla<br \/>\n12.Peach Ice &amp; Dragon Frut Ice &amp; Mix Fruit<br \/>\n13.Peach Berry &amp; Black Ice &amp; Starwberry Vanilla Coke<br \/>\n14.Bluberry Rasberry &amp; Strawberry Mango &amp; Lemon Cola<br \/>\n15.Blackcurrant Ice-Pink Lemonade-Kiwi Passion Fruit Guava<\/p>\n<h2><strong>Csomagol\u00e1si lista:<\/strong><\/h2>\n<p>1pcs Each Small Box<br \/>\n10db minden kijelz\u0151 doboz<br \/>\n200db\/Ctn<br \/>\nWeight\uff1a135g\/Pcs 27.5kg\/Ctn<br \/>\nCarton Size:51x50x27cm<\/p>\n<figure id=\"attachment_23879\" aria-describedby=\"caption-attachment-23879\" style=\"width: 1000px\" class=\"wp-caption alignnone\"><img loading=\"lazy\" decoding=\"async\" class=\"wp-image-23879 size-full\" title=\"Wholesale Vapsolo Triple Pro 3in1 60K Puffs Disposable Vape 13\" src=\"https:\/\/www.vapeswholesaler.com\/wp-content\/uploads\/2025\/08\/Wholesale-Vapsolo-Triple-Pro-3in1-60K-Puffs-Disposable-Vape-13.webp\" alt=\"Wholesale Vapsolo Triple Pro 3in1 60K Puffs Disposable Vape 13\" width=\"1000\" height=\"1000\" srcset=\"https:\/\/www.vapeswholesaler.com\/wp-content\/uploads\/2025\/08\/Wholesale-Vapsolo-Triple-Pro-3in1-60K-Puffs-Disposable-Vape-13.webp 1000w, https:\/\/www.vapeswholesaler.com\/wp-content\/uploads\/2025\/08\/Wholesale-Vapsolo-Triple-Pro-3in1-60K-Puffs-Disposable-Vape-13-300x300.webp 300w, https:\/\/www.vapeswholesaler.com\/wp-content\/uploads\/2025\/08\/Wholesale-Vapsolo-Triple-Pro-3in1-60K-Puffs-Disposable-Vape-13-150x150.webp 150w, https:\/\/www.vapeswholesaler.com\/wp-content\/uploads\/2025\/08\/Wholesale-Vapsolo-Triple-Pro-3in1-60K-Puffs-Disposable-Vape-13-768x768.webp 768w, https:\/\/www.vapeswholesaler.com\/wp-content\/uploads\/2025\/08\/Wholesale-Vapsolo-Triple-Pro-3in1-60K-Puffs-Disposable-Vape-13-12x12.webp 12w, https:\/\/www.vapeswholesaler.com\/wp-content\/uploads\/2025\/08\/Wholesale-Vapsolo-Triple-Pro-3in1-60K-Puffs-Disposable-Vape-13-247x247.webp 247w, https:\/\/www.vapeswholesaler.com\/wp-content\/uploads\/2025\/08\/Wholesale-Vapsolo-Triple-Pro-3in1-60K-Puffs-Disposable-Vape-13-510x510.webp 510w, https:\/\/www.vapeswholesaler.com\/wp-content\/uploads\/2025\/08\/Wholesale-Vapsolo-Triple-Pro-3in1-60K-Puffs-Disposable-Vape-13-100x100.webp 100w\" sizes=\"auto, (max-width: 1000px) 100vw, 1000px\" \/><figcaption id=\"caption-attachment-23879\" class=\"wp-caption-text\">Wholesale Vapsolo Triple Pro 3in1 60K Puffs Disposable Vape<\/figcaption><\/figure>\n<p>&nbsp;<\/p>","protected":false},"excerpt":{"rendered":"<p>Minim\u00e1lis rendel\u00e9si mennyis\u00e9g: <strong>50db<\/strong> (\u00cdzek kever\u00e9se) <strong>Ingyenes sz\u00e1ll\u00edt\u00e1s<\/strong><\/p>\n<p>(2%, 5% Nic) <strong>EU rakt\u00e1r<\/strong> Sz\u00e1ll\u00edt\u00e1si id\u0151 <strong>7-8 working days<\/strong><\/p>\n<p>&nbsp;<\/p>\n<p><em><strong>Megjegyz\u00e9s:<\/strong><\/em>: We ship from European warehouses, and the shipping time will be takes about 7-8 days. The product fee and shipping fee need to be paid separately to different payment accounts. After you submit the order, please send me a message via WhatsApp and I will tell you how to pay the order. Thank you.<\/p>","protected":false},"featured_media":23871,"comment_status":"open","ping_status":"closed","template":"","meta":[],"product_cat":[15],"product_tag":[87,373,397,410],"class_list":{"0":"post-23880","1":"product","2":"type-product","3":"status-publish","4":"has-post-thumbnail","6":"product_cat-disposable-vape","7":"product_tag-vapsolo","8":"product_tag-europe-warehouse","9":"product_tag-60000-puffs","10":"product_tag-triple-pro-3in1","11":"product_brand-vapsolo","13":"first","14":"instock","15":"shipping-taxable","16":"purchasable","17":"product-type-variable","18":"has-default-attributes"},"aioseo_notices":[],"_links":{"self":[{"href":"https:\/\/www.vapeswholesaler.com\/hu\/wp-json\/wp\/v2\/product\/23880","targetHints":{"allow":["GET"]}}],"collection":[{"href":"https:\/\/www.vapeswholesaler.com\/hu\/wp-json\/wp\/v2\/product"}],"about":[{"href":"https:\/\/www.vapeswholesaler.com\/hu\/wp-json\/wp\/v2\/types\/product"}],"replies":[{"embeddable":true,"href":"https:\/\/www.vapeswholesaler.com\/hu\/wp-json\/wp\/v2\/comments?post=23880"}],"wp:featuredmedia":[{"embeddable":true,"href":"https:\/\/www.vapeswholesaler.com\/hu\/wp-json\/wp\/v2\/media\/23871"}],"wp:attachment":[{"href":"https:\/\/www.vapeswholesaler.com\/hu\/wp-json\/wp\/v2\/media?parent=23880"}],"wp:term":[{"taxonomy":"product_cat","embeddable":true,"href":"https:\/\/www.vapeswholesaler.com\/hu\/wp-json\/wp\/v2\/product_cat?post=23880"},{"taxonomy":"product_tag","embeddable":true,"href":"https:\/\/www.vapeswholesaler.com\/hu\/wp-json\/wp\/v2\/product_tag?post=23880"}],"curies":[{"name":"wp","href":"https:\/\/api.w.org\/{rel}","templated":true}]}}