{"id":23526,"date":"2025-07-12T17:46:25","date_gmt":"2025-07-12T09:46:25","guid":{"rendered":"https:\/\/www.vapeswholesaler.com\/?post_type=product&#038;p=23526"},"modified":"2025-08-21T11:54:06","modified_gmt":"2025-08-21T03:54:06","slug":"wholesale-vkis-15000-puffs-disposable-vape-europe-warehouse","status":"publish","type":"product","link":"https:\/\/www.vapeswholesaler.com\/hu\/termek\/wholesale-vkis-15000-puffs-disposable-vape-europe-warehouse","title":{"rendered":"Wholesale Vkis 15000 Puffs Disposable Vape Europe Warehouse"},"content":{"rendered":"<p><a href=\"https:\/\/www.vapeswholesaler.com\/hu\/product_brand\/razzbar\/\">Vkis<\/a> 15000 Puffs Disposable Vape has a stylish appearance, a small round shape and is easy to carry, The bottom left and right rotation adjustment control provides a comfortable taste and a better experience. USB Type-C quick charging port at the bottom, charge for 30 minutes and use for 2 days.<\/p>\n<p>In addition, this product we only shipped from the European warehouse, the minimum order quantity is 50pcs , once we receive the payment from the customer, we will arrange to send out the parcel, the shipping time is only 5-6 working days, welcome to be our customers.<\/p>\n<h2><strong>Vkis 15000 Puffs Disposable Vape Details:<\/strong><\/h2>\n<ul>\n<li>S\u00f3 nikotin:2\/5%<\/li>\n<li>Puffs:15000 puffs<\/li>\n<li>Capacity:15ml<\/li>\n<li>200 db kartononk\u00e9nt<\/li>\n<li>10 \u00edz el\u00e9rhet\u0151<\/li>\n<li>650mah \u00fajrat\u00f6lthet\u0151<\/li>\n<li>H\u00e1l\u00f3 tekercs<\/li>\n<li>C-t\u00edpus\u00fa<\/li>\n<\/ul>\n<h2><strong>Available Flavors\uff1a<\/strong><\/h2>\n<ol>\n<li>Menta<\/li>\n<li>Sz\u0151l\u0151 j\u00e9g<\/li>\n<li>\u00c1fonya j\u00e9g<\/li>\n<li>Pink Lemonad<\/li>\n<li>Eper g\u00f6r\u00f6gdinnye<\/li>\n<li>Cola Ice<\/li>\n<li>G\u00f6r\u00f6gdinnye j\u00e9g<\/li>\n<li>L\u00e9d\u00fas barack j\u00e9g<\/li>\n<li>Vegyes bogy\u00f3s gy\u00fcm\u00f6lcs\u00f6k<\/li>\n<li>Red Bull Ice<\/li>\n<\/ol>\n<h2><strong>Csomagol\u00e1si lista:\u00a0<\/strong><\/h2>\n<p>1db minden egyes doboz<br \/>\n10pcs Each Middle Box<br \/>\n200pcs Each Carton.<\/p>\n<p><img loading=\"lazy\" decoding=\"async\" class=\"alignnone wp-image-23514 size-full\" title=\"Wholesale Vkis 15000 Puffs Disposable Vape Europe Warehouse 3\" src=\"https:\/\/www.vapeswholesaler.com\/wp-content\/uploads\/2025\/07\/Wholesale-Vkis-15000-Puffs-Disposable-Vape-Europe-Warehouse-3.webp\" alt=\"Wholesale Vkis 15000 Puffs Disposable Vape Europe Warehouse 3\" width=\"1000\" height=\"352\" srcset=\"https:\/\/www.vapeswholesaler.com\/wp-content\/uploads\/2025\/07\/Wholesale-Vkis-15000-Puffs-Disposable-Vape-Europe-Warehouse-3.webp 1000w, https:\/\/www.vapeswholesaler.com\/wp-content\/uploads\/2025\/07\/Wholesale-Vkis-15000-Puffs-Disposable-Vape-Europe-Warehouse-3-300x106.webp 300w, https:\/\/www.vapeswholesaler.com\/wp-content\/uploads\/2025\/07\/Wholesale-Vkis-15000-Puffs-Disposable-Vape-Europe-Warehouse-3-768x270.webp 768w, https:\/\/www.vapeswholesaler.com\/wp-content\/uploads\/2025\/07\/Wholesale-Vkis-15000-Puffs-Disposable-Vape-Europe-Warehouse-3-18x6.webp 18w, https:\/\/www.vapeswholesaler.com\/wp-content\/uploads\/2025\/07\/Wholesale-Vkis-15000-Puffs-Disposable-Vape-Europe-Warehouse-3-510x180.webp 510w\" sizes=\"auto, (max-width: 1000px) 100vw, 1000px\" \/><\/p>\n<p><img loading=\"lazy\" decoding=\"async\" class=\"wp-image-23515 size-full\" title=\"Wholesale Vkis 15000 Puffs Disposable Vape Europe Warehouse 4\" src=\"https:\/\/www.vapeswholesaler.com\/wp-content\/uploads\/2025\/07\/Wholesale-Vkis-15000-Puffs-Disposable-Vape-Europe-Warehouse-4.webp\" alt=\"Wholesale Vkis 15000 Puffs Disposable Vape Europe Warehouse 4\" width=\"1000\" height=\"352\" srcset=\"https:\/\/www.vapeswholesaler.com\/wp-content\/uploads\/2025\/07\/Wholesale-Vkis-15000-Puffs-Disposable-Vape-Europe-Warehouse-4.webp 1000w, https:\/\/www.vapeswholesaler.com\/wp-content\/uploads\/2025\/07\/Wholesale-Vkis-15000-Puffs-Disposable-Vape-Europe-Warehouse-4-300x106.webp 300w, https:\/\/www.vapeswholesaler.com\/wp-content\/uploads\/2025\/07\/Wholesale-Vkis-15000-Puffs-Disposable-Vape-Europe-Warehouse-4-768x270.webp 768w, https:\/\/www.vapeswholesaler.com\/wp-content\/uploads\/2025\/07\/Wholesale-Vkis-15000-Puffs-Disposable-Vape-Europe-Warehouse-4-18x6.webp 18w, https:\/\/www.vapeswholesaler.com\/wp-content\/uploads\/2025\/07\/Wholesale-Vkis-15000-Puffs-Disposable-Vape-Europe-Warehouse-4-510x180.webp 510w\" sizes=\"auto, (max-width: 1000px) 100vw, 1000px\" \/><\/p>","protected":false},"excerpt":{"rendered":"<p>Minim\u00e1lis rendel\u00e9si mennyis\u00e9g: <strong>50db<\/strong> (\u00cdzek kever\u00e9se) <strong>Ingyenes sz\u00e1ll\u00edt\u00e1s<\/strong><\/p>\n<p>(2%, 5% Nic) <strong>EU rakt\u00e1r<\/strong> Shipping time 5-6 working days<\/p>","protected":false},"featured_media":23512,"comment_status":"open","ping_status":"closed","template":"","meta":[],"product_cat":[15],"product_tag":[373,375,396],"class_list":{"0":"post-23526","1":"product","2":"type-product","3":"status-publish","4":"has-post-thumbnail","6":"product_cat-disposable-vape","7":"product_tag-europe-warehouse","8":"product_tag-15000-puffs","9":"product_tag-disposable-vape","10":"product_brand-razzbar","12":"first","13":"instock","14":"shipping-taxable","15":"purchasable","16":"product-type-variable","17":"has-default-attributes"},"aioseo_notices":[],"_links":{"self":[{"href":"https:\/\/www.vapeswholesaler.com\/hu\/wp-json\/wp\/v2\/product\/23526","targetHints":{"allow":["GET"]}}],"collection":[{"href":"https:\/\/www.vapeswholesaler.com\/hu\/wp-json\/wp\/v2\/product"}],"about":[{"href":"https:\/\/www.vapeswholesaler.com\/hu\/wp-json\/wp\/v2\/types\/product"}],"replies":[{"embeddable":true,"href":"https:\/\/www.vapeswholesaler.com\/hu\/wp-json\/wp\/v2\/comments?post=23526"}],"wp:featuredmedia":[{"embeddable":true,"href":"https:\/\/www.vapeswholesaler.com\/hu\/wp-json\/wp\/v2\/media\/23512"}],"wp:attachment":[{"href":"https:\/\/www.vapeswholesaler.com\/hu\/wp-json\/wp\/v2\/media?parent=23526"}],"wp:term":[{"taxonomy":"product_cat","embeddable":true,"href":"https:\/\/www.vapeswholesaler.com\/hu\/wp-json\/wp\/v2\/product_cat?post=23526"},{"taxonomy":"product_tag","embeddable":true,"href":"https:\/\/www.vapeswholesaler.com\/hu\/wp-json\/wp\/v2\/product_tag?post=23526"}],"curies":[{"name":"wp","href":"https:\/\/api.w.org\/{rel}","templated":true}]}}