{"id":23008,"date":"2025-05-29T18:07:28","date_gmt":"2025-05-29T10:07:28","guid":{"rendered":"https:\/\/www.vapeswholesaler.com\/?post_type=product&#038;p=23008"},"modified":"2025-08-03T10:39:20","modified_gmt":"2025-08-03T02:39:20","slug":"europai-raktar-nagykereskedelmi-fizzy-nova-plusz-40000-puff-eldobhato-vape","status":"publish","type":"product","link":"https:\/\/www.vapeswholesaler.com\/hu\/termek\/europai-raktar-nagykereskedelmi-fizzy-nova-plusz-40000-puff-eldobhato-vape","title":{"rendered":"Eur\u00f3pa rakt\u00e1r nagykereskedelmi Fizzy Nova Plus 40000 Puffs eldobhat\u00f3 Vape"},"content":{"rendered":"<p>A <a href=\"https:\/\/www.vapeswholesaler.com\/hu\/product_brand\/pezsgo\/\">Fizzy<\/a> A Nova Plus 40000 Puffs a leg\u00fajabb eldobhat\u00f3 Vape, ez a term\u00e9k 40ml finom vape E-levekkel \u00e9s egy nagy 850mAh \u00fajrat\u00f6lthet\u0151 akkumul\u00e1torral el\u0151re felt\u00f6ltve \u00e9rkezik, \u00e9s egy C t\u00edpus\u00fa csatlakoz\u00f3val rendelkezik, amely lehet\u0151v\u00e9 teszi, hogy a k\u00e9sz\u00fcl\u00e9ket b\u00e1rmikor \u00fajrat\u00f6ltse, hogy n\u00f6velje az \u00e9lettartam\u00e1t. A k\u00e9sz\u00fcl\u00e9k \u00fajrat\u00f6lt\u00e9s\u00e9vel term\u00e9k\u00fcnk k\u00f6r\u00fclbel\u00fcl 40 000 puffol\u00e1sig haszn\u00e1lhat\u00f3, ami kereskedelmi szempontb\u00f3l \u00e9letk\u00e9pesebb\u00e9 teszi, \u00e9s sok v\u00e1s\u00e1rl\u00f3 sz\u00e1m\u00e1ra a v\u00e1lasztott term\u00e9kk\u00e9 v\u00e1lt.<\/p>\n<p>A k\u00fcl\u00f6nb\u00f6z\u0151 \u00fcgyfelek t\u00fcd\u0151kapacit\u00e1s\u00e1nak kiel\u00e9g\u00edt\u00e9se \u00e9rdek\u00e9ben a l\u00e9g\u00e1raml\u00e1s az als\u00f3 gombbal jobbra \u00e9s balra \u00e1ll\u00edthat\u00f3, \u00e9s az ECO \u00e9s Boost \u00fczemm\u00f3dok egyszerre kapcsolhat\u00f3k. Ha a l\u00e9g\u00e1raml\u00e1s kicsire van be\u00e1ll\u00edtva, a term\u00e9k ECO energiatakar\u00e9kos \u00fczemm\u00f3dra v\u00e1lthat, \u00e9s ha a l\u00e9g\u00e1raml\u00e1s nagyra van be\u00e1ll\u00edtva, a term\u00e9k boost nagy teljes\u00edtm\u00e9ny\u0171 \u00fczemm\u00f3dra v\u00e1lthat, amely a legnagyobb f\u00fcstmennyis\u00e9ggel rendelkezik, \u00edgy k\u00f6nnyen megv\u00e1ltoztathat\u00f3 a t\u00fcd\u0151 sz\u00edv\u00e1sa \u00e9s az \u00e1ltal\u00e1nos vaping \u00e9lm\u00e9ny. Ezenk\u00edv\u00fcl a be\u00e9p\u00edtett elektronikus LED kijelz\u0151 egyes\u00edti a k\u00e9nyelmet az innov\u00e1ci\u00f3val, lehet\u0151v\u00e9 t\u00e9ve az olajszint \u00e9s az akkumul\u00e1tor \u00e1llapot\u00e1nak val\u00f3s idej\u0171 nyomon k\u00f6vet\u00e9s\u00e9t, \u00edgy t\u00f6bb\u00e9 nem kell agg\u00f3dnia, hogy hirtelen elfogy az akkumul\u00e1tor energi\u00e1ja.<\/p>\n<p>V\u00e9gre, ez a term\u00e9k a megfelel\u0151 m\u00e9retben \u00e9rkezik, minden \u00edz k\u00e9t sz\u00ednben kaphat\u00f3, \u00e9s nagyon n\u00e9pszer\u0171 Eur\u00f3p\u00e1ban. Jelenleg 12 \u00edz van rakt\u00e1ron, 2% vagy 5% nikotintartalommal v\u00e1laszthat\u00f3, \u00e1raink tartalmazz\u00e1k a sz\u00e1ll\u00edt\u00e1si k\u00f6lts\u00e9get, minimum 50db rendel\u00e9s eset\u00e9n, sz\u00e1ll\u00edt\u00e1si id\u0151 6-7 munkanap, \u00fcdv\u00f6z\u00f6lj\u00fck partner\u00fcnkk\u00e9nt!<\/p>\n<h2><strong>Fizzy Nova Plus 40000 Puff r\u00e9szletek:<\/strong><\/h2>\n<ul>\n<li>Puffok:40000 Puffok<\/li>\n<li>H\u00e1l\u00f3 tekercs<\/li>\n<li>M\u00f3dv\u00e1lt\u00e1s<\/li>\n<li>Leveg\u0151\u00e1raml\u00e1s<\/li>\n<li>Eliquid: 40ml<\/li>\n<li>Akkumul\u00e1tor:850mah<\/li>\n<li>Nikotin: 2%\/5%<\/li>\n<li>\u00dajrat\u00f6lthet\u0151: C-t\u00edpus\u00fa<\/li>\n<li>Led kijelz\u0151<\/li>\n<li>Exp.2 \u00e9v<\/li>\n<\/ul>\n<h2><strong>Kaphat\u00f3 \u00edzek:<\/strong><\/h2>\n<ol>\n<li>Eper j\u00e9g<\/li>\n<li>\u00c1fonya k\u00f3kusz<\/li>\n<li>Eper Kiwi<\/li>\n<li>\u00c1fonya j\u00e9g<\/li>\n<li>G\u00f6r\u00f6gdinnye j\u00e9g<\/li>\n<li>Barack mang\u00f3 g\u00f6r\u00f6gdinnye<\/li>\n<li>Kiwi Passi\u00f3gy\u00fcm\u00f6lcs Guava<\/li>\n<li>M\u00e1lna citrom<\/li>\n<li>H\u00e1romszoros bogy\u00f3<\/li>\n<li>Barack j\u00e9g<\/li>\n<li>sz\u0151l\u0151 lime<\/li>\n<li>Blue Razz limon\u00e1d\u00e9<\/li>\n<\/ol>\n<h2><strong>Csomagol\u00e1si lista:<\/strong><\/h2>\n<p>1db minden egyes doboz<br \/>\nMennyis\u00e9g: 180db\/Ctn, 10db\/doboz<br \/>\nS\u00faly: 120g\/Pc<br \/>\nTerm\u00e9k m\u00e9rete: 52.5*24.5*104.3mm<br \/>\nG.W: 22kg\/Ctn<\/p>\n<figure id=\"attachment_23009\" aria-describedby=\"caption-attachment-23009\" style=\"width: 1000px\" class=\"wp-caption alignnone\"><img loading=\"lazy\" decoding=\"async\" class=\"wp-image-23009 size-full\" title=\"Eur\u00f3pa rakt\u00e1r nagykereskedelmi Fizzy Nova Plus 40000 Puffs eldobhat\u00f3 Vape 1\" src=\"https:\/\/www.vapeswholesaler.com\/wp-content\/uploads\/2025\/05\/Europe-Warehouse-Wholesale-Fizzy-Nova-Plus-40000-Puffs-Disposable-Vape-1.webp\" alt=\"Eur\u00f3pa rakt\u00e1r nagykereskedelmi Fizzy Nova Plus 40000 Puffs eldobhat\u00f3 Vape 1\" width=\"1000\" height=\"623\" srcset=\"https:\/\/www.vapeswholesaler.com\/wp-content\/uploads\/2025\/05\/Europe-Warehouse-Wholesale-Fizzy-Nova-Plus-40000-Puffs-Disposable-Vape-1.webp 1000w, https:\/\/www.vapeswholesaler.com\/wp-content\/uploads\/2025\/05\/Europe-Warehouse-Wholesale-Fizzy-Nova-Plus-40000-Puffs-Disposable-Vape-1-300x187.webp 300w, https:\/\/www.vapeswholesaler.com\/wp-content\/uploads\/2025\/05\/Europe-Warehouse-Wholesale-Fizzy-Nova-Plus-40000-Puffs-Disposable-Vape-1-768x478.webp 768w, https:\/\/www.vapeswholesaler.com\/wp-content\/uploads\/2025\/05\/Europe-Warehouse-Wholesale-Fizzy-Nova-Plus-40000-Puffs-Disposable-Vape-1-18x12.webp 18w, https:\/\/www.vapeswholesaler.com\/wp-content\/uploads\/2025\/05\/Europe-Warehouse-Wholesale-Fizzy-Nova-Plus-40000-Puffs-Disposable-Vape-1-510x318.webp 510w\" sizes=\"auto, (max-width: 1000px) 100vw, 1000px\" \/><figcaption id=\"caption-attachment-23009\" class=\"wp-caption-text\">Eur\u00f3pa rakt\u00e1r nagykereskedelmi Fizzy Nova Plus 40000 Puffs eldobhat\u00f3 Vape<\/figcaption><\/figure>\n<figure id=\"attachment_23010\" aria-describedby=\"caption-attachment-23010\" style=\"width: 1000px\" class=\"wp-caption alignnone\"><img loading=\"lazy\" decoding=\"async\" class=\"wp-image-23010 size-full\" title=\"Eur\u00f3pa rakt\u00e1r nagykereskedelmi Fizzy Nova Plus 40000 Puffs eldobhat\u00f3 Vape 2\" src=\"https:\/\/www.vapeswholesaler.com\/wp-content\/uploads\/2025\/05\/Europe-Warehouse-Wholesale-Fizzy-Nova-Plus-40000-Puffs-Disposable-Vape-2.webp\" alt=\"Eur\u00f3pa rakt\u00e1r nagykereskedelmi Fizzy Nova Plus 40000 Puffs eldobhat\u00f3 Vape 2\" width=\"1000\" height=\"1188\" srcset=\"https:\/\/www.vapeswholesaler.com\/wp-content\/uploads\/2025\/05\/Europe-Warehouse-Wholesale-Fizzy-Nova-Plus-40000-Puffs-Disposable-Vape-2.webp 1000w, https:\/\/www.vapeswholesaler.com\/wp-content\/uploads\/2025\/05\/Europe-Warehouse-Wholesale-Fizzy-Nova-Plus-40000-Puffs-Disposable-Vape-2-253x300.webp 253w, https:\/\/www.vapeswholesaler.com\/wp-content\/uploads\/2025\/05\/Europe-Warehouse-Wholesale-Fizzy-Nova-Plus-40000-Puffs-Disposable-Vape-2-862x1024.webp 862w, https:\/\/www.vapeswholesaler.com\/wp-content\/uploads\/2025\/05\/Europe-Warehouse-Wholesale-Fizzy-Nova-Plus-40000-Puffs-Disposable-Vape-2-768x912.webp 768w, https:\/\/www.vapeswholesaler.com\/wp-content\/uploads\/2025\/05\/Europe-Warehouse-Wholesale-Fizzy-Nova-Plus-40000-Puffs-Disposable-Vape-2-10x12.webp 10w, https:\/\/www.vapeswholesaler.com\/wp-content\/uploads\/2025\/05\/Europe-Warehouse-Wholesale-Fizzy-Nova-Plus-40000-Puffs-Disposable-Vape-2-510x606.webp 510w\" sizes=\"auto, (max-width: 1000px) 100vw, 1000px\" \/><figcaption id=\"caption-attachment-23010\" class=\"wp-caption-text\">Eur\u00f3pa rakt\u00e1r nagykereskedelmi Fizzy Nova Plus 40000 Puffs eldobhat\u00f3 Vape<\/figcaption><\/figure>\n<p>&nbsp;<\/p>\n<p>&nbsp;<\/p>","protected":false},"excerpt":{"rendered":"<p>Minim\u00e1lis rendel\u00e9si mennyis\u00e9g: <strong>50db<\/strong> (\u00cdzek kever\u00e9se) <strong>Ingyenes sz\u00e1ll\u00edt\u00e1s<\/strong><\/p>\n<p>(2%, 5% Nic) <strong>EU rakt\u00e1r<\/strong> Sz\u00e1ll\u00edt\u00e1si id\u0151 6-7 munkanap<\/p>","protected":false},"featured_media":23011,"comment_status":"open","ping_status":"closed","template":"","meta":[],"product_cat":[15],"product_tag":[365,373],"class_list":{"0":"post-23008","1":"product","2":"type-product","3":"status-publish","4":"has-post-thumbnail","6":"product_cat-disposable-vape","7":"product_tag-40000-puffs","8":"product_tag-europe-warehouse","9":"product_brand-fizzy","11":"first","12":"instock","13":"shipping-taxable","14":"purchasable","15":"product-type-variable","16":"has-default-attributes"},"aioseo_notices":[],"_links":{"self":[{"href":"https:\/\/www.vapeswholesaler.com\/hu\/wp-json\/wp\/v2\/product\/23008","targetHints":{"allow":["GET"]}}],"collection":[{"href":"https:\/\/www.vapeswholesaler.com\/hu\/wp-json\/wp\/v2\/product"}],"about":[{"href":"https:\/\/www.vapeswholesaler.com\/hu\/wp-json\/wp\/v2\/types\/product"}],"replies":[{"embeddable":true,"href":"https:\/\/www.vapeswholesaler.com\/hu\/wp-json\/wp\/v2\/comments?post=23008"}],"wp:featuredmedia":[{"embeddable":true,"href":"https:\/\/www.vapeswholesaler.com\/hu\/wp-json\/wp\/v2\/media\/23011"}],"wp:attachment":[{"href":"https:\/\/www.vapeswholesaler.com\/hu\/wp-json\/wp\/v2\/media?parent=23008"}],"wp:term":[{"taxonomy":"product_cat","embeddable":true,"href":"https:\/\/www.vapeswholesaler.com\/hu\/wp-json\/wp\/v2\/product_cat?post=23008"},{"taxonomy":"product_tag","embeddable":true,"href":"https:\/\/www.vapeswholesaler.com\/hu\/wp-json\/wp\/v2\/product_tag?post=23008"}],"curies":[{"name":"wp","href":"https:\/\/api.w.org\/{rel}","templated":true}]}}