{"id":22817,"date":"2025-05-17T15:53:34","date_gmt":"2025-05-17T07:53:34","guid":{"rendered":"https:\/\/www.vapeswholesaler.com\/?post_type=product&#038;p=22817"},"modified":"2026-04-16T14:00:52","modified_gmt":"2026-04-16T06:00:52","slug":"nagykereskedelmi-razz-bar-50000-puffs-eldobhato-vape","status":"publish","type":"product","link":"https:\/\/www.vapeswholesaler.com\/hu\/termek\/nagykereskedelmi-razz-bar-50000-puffs-eldobhato-vape","title":{"rendered":"Nagykereskedelmi Razz Bar 50000 Puffs Eldobhat\u00f3 Vape"},"content":{"rendered":"<p>A <a href=\"https:\/\/www.vapeswholesaler.com\/hu\/product_brand\/razzbar\/\">Razz b\u00e1r<\/a> 50000 Puffs ez egy pr\u00e9mium eldobhat\u00f3 vape, amelyet nagy teljes\u00edtm\u00e9nyre \u00e9s mer\u00e9sz \u00edzek sz\u00e1ll\u00edt\u00e1s\u00e1ra terveztek. k\u00f6r\u00fclbel\u00fcl 50000 Puffs haszn\u00e1lhat\u00f3, minden egyes \u00edz\u00fck gondosan kiv\u00e1lasztott, hogy soha ne okozzon csal\u00f3d\u00e1st a v\u00e1s\u00e1rl\u00f3knak, \u00e9s ez a mag\u00e1val ragad\u00f3 \u00edzek miatt van, hogy term\u00e9keink t\u00f6bb ezer h\u0171s\u00e9ges \u00fcgyfelet szereztek a vil\u00e1g minden t\u00e1j\u00e1r\u00f3l.<\/p>\n<p>Annak \u00e9rdek\u00e9ben, hogy t\u00f6bb \u00fcgyfelet el\u00e9g\u00edtsen ki a hossz\u00fa t\u00e1v\u00fa haszn\u00e1latra, ez a term\u00e9k nagy kapacit\u00e1s\u00fa \u00e9s megb\u00edzhat\u00f3 650mah \u00fajrat\u00f6lthet\u0151 akkumul\u00e1tort fogad el, \u00e9s C t\u00edpus\u00fa gyors t\u00f6lt\u0151porttal van felszerelve, b\u00e1rmikor \u00e9s b\u00e1rhol felt\u00f6ltheti a term\u00e9ket, nem kell agg\u00f3dnia az energi\u00e1val kapcsolatban, \u00e9s a term\u00e9k nagyon j\u00f3 h\u00edrnevet kap.<\/p>\n<p>\u00daj \u00e9s egyedi form\u00e1ja van, amely nagyon vonz\u00f3 a sok eldobhat\u00f3 e-cigaretta k\u00f6z\u00f6tt. Nagy felbont\u00e1s\u00fa elektronikus kijelz\u0151vel rendelkezik, amely val\u00f3s id\u0151ben mutatja a term\u00e9k \u00e1llapot\u00e1t. a vapes n\u00e9pszer\u0171 \u00edzek sz\u00e9les v\u00e1laszt\u00e9k\u00e1t k\u00edn\u00e1lja, amelyek k\u00f6z\u00fcl \u00e9rdemes v\u00e1lasztani. V\u00e1rjuk, hogy elk\u00f6telezett partnerei legy\u00fcnk.<\/p>\n<h2><strong>Razz Bar 50000 Puffs r\u00e9szletek:<\/strong><\/h2>\n<ul>\n<li>Puffok: 50000 Puffok<\/li>\n<li>Nikotin:2%5%<\/li>\n<li>Akkumul\u00e1tor: 650mah<\/li>\n<li>C t\u00edpus\u00fa \u00fajrat\u00f6lthet\u0151<\/li>\n<li>16 el\u00e9rhet\u0151 \u00edzek<\/li>\n<\/ul>\n<h2><strong>\u00cdzek:<\/strong><\/h2>\n<ol>\n<li>M\u00e1lna g\u00f6r\u00f6gdinnye<\/li>\n<li>Eper j\u00e9g<\/li>\n<li>Red Bull sz\u0151l\u0151<\/li>\n<li>Tr\u00f3pusi gy\u00fcm\u00f6lcs\u00f6k<\/li>\n<li>Ban\u00e1n<\/li>\n<li>\u00c1fonya j\u00e9g<\/li>\n<li>Barack j\u00e9g<\/li>\n<li>Anan\u00e1sz k\u00f3kusz<\/li>\n<li>G\u00f6r\u00f6gdinnye j\u00e9g<\/li>\n<li>Citrom Lime<\/li>\n<li>Eper ban\u00e1n<\/li>\n<li>Mr Blue<\/li>\n<li>Eper g\u00f6r\u00f6gdinnye r\u00e1g\u00f3gumi<\/li>\n<li>R\u00f3zsasz\u00edn limon\u00e1d\u00e9<\/li>\n<li>Cherry Cola<\/li>\n<li>Gumimaci<\/li>\n<\/ol>\n<h2><strong>Csomagol\u00e1si lista:<\/strong><\/h2>\n<p>1db minden egyes doboz<br \/>\n10db minden egyes kijelz\u0151 doboz<br \/>\n200db dobozonk\u00e9nt<\/p>\n<figure id=\"attachment_22813\" aria-describedby=\"caption-attachment-22813\" style=\"width: 1000px\" class=\"wp-caption alignnone\"><img loading=\"lazy\" decoding=\"async\" class=\"wp-image-22813 size-full\" title=\"Nagykereskedelmi Razz Bar 50000 Puffs eldobhat\u00f3 Vape 9\" src=\"https:\/\/www.vapeswholesaler.com\/wp-content\/uploads\/2025\/05\/Wholesale-Razz-Bar-50000-Puffs-Disposable-Vape-9.webp\" alt=\"Nagykereskedelmi Razz Bar 50000 Puffs eldobhat\u00f3 Vape 9\" width=\"1000\" height=\"1000\" srcset=\"https:\/\/www.vapeswholesaler.com\/wp-content\/uploads\/2025\/05\/Wholesale-Razz-Bar-50000-Puffs-Disposable-Vape-9.webp 1000w, https:\/\/www.vapeswholesaler.com\/wp-content\/uploads\/2025\/05\/Wholesale-Razz-Bar-50000-Puffs-Disposable-Vape-9-300x300.webp 300w, https:\/\/www.vapeswholesaler.com\/wp-content\/uploads\/2025\/05\/Wholesale-Razz-Bar-50000-Puffs-Disposable-Vape-9-150x150.webp 150w, https:\/\/www.vapeswholesaler.com\/wp-content\/uploads\/2025\/05\/Wholesale-Razz-Bar-50000-Puffs-Disposable-Vape-9-768x768.webp 768w, https:\/\/www.vapeswholesaler.com\/wp-content\/uploads\/2025\/05\/Wholesale-Razz-Bar-50000-Puffs-Disposable-Vape-9-12x12.webp 12w, https:\/\/www.vapeswholesaler.com\/wp-content\/uploads\/2025\/05\/Wholesale-Razz-Bar-50000-Puffs-Disposable-Vape-9-247x247.webp 247w, https:\/\/www.vapeswholesaler.com\/wp-content\/uploads\/2025\/05\/Wholesale-Razz-Bar-50000-Puffs-Disposable-Vape-9-510x510.webp 510w, https:\/\/www.vapeswholesaler.com\/wp-content\/uploads\/2025\/05\/Wholesale-Razz-Bar-50000-Puffs-Disposable-Vape-9-100x100.webp 100w\" sizes=\"auto, (max-width: 1000px) 100vw, 1000px\" \/><figcaption id=\"caption-attachment-22813\" class=\"wp-caption-text\">Nagykereskedelmi Razz Bar 50000 Puffs Eldobhat\u00f3 Vape<\/figcaption><\/figure>\n<figure id=\"attachment_22806\" aria-describedby=\"caption-attachment-22806\" style=\"width: 1000px\" class=\"wp-caption alignnone\"><img loading=\"lazy\" decoding=\"async\" class=\"wp-image-22806 size-full\" title=\"Nagykereskedelmi Razz Bar 50000 Puffs eldobhat\u00f3 Vape 2\" src=\"https:\/\/www.vapeswholesaler.com\/wp-content\/uploads\/2025\/05\/Wholesale-Razz-Bar-50000-Puffs-Disposable-Vape-2.webp\" alt=\"Nagykereskedelmi Razz Bar 50000 Puffs eldobhat\u00f3 Vape 2\" width=\"1000\" height=\"1700\" srcset=\"https:\/\/www.vapeswholesaler.com\/wp-content\/uploads\/2025\/05\/Wholesale-Razz-Bar-50000-Puffs-Disposable-Vape-2.webp 1000w, https:\/\/www.vapeswholesaler.com\/wp-content\/uploads\/2025\/05\/Wholesale-Razz-Bar-50000-Puffs-Disposable-Vape-2-176x300.webp 176w, https:\/\/www.vapeswholesaler.com\/wp-content\/uploads\/2025\/05\/Wholesale-Razz-Bar-50000-Puffs-Disposable-Vape-2-602x1024.webp 602w, https:\/\/www.vapeswholesaler.com\/wp-content\/uploads\/2025\/05\/Wholesale-Razz-Bar-50000-Puffs-Disposable-Vape-2-768x1306.webp 768w, https:\/\/www.vapeswholesaler.com\/wp-content\/uploads\/2025\/05\/Wholesale-Razz-Bar-50000-Puffs-Disposable-Vape-2-904x1536.webp 904w, https:\/\/www.vapeswholesaler.com\/wp-content\/uploads\/2025\/05\/Wholesale-Razz-Bar-50000-Puffs-Disposable-Vape-2-7x12.webp 7w, https:\/\/www.vapeswholesaler.com\/wp-content\/uploads\/2025\/05\/Wholesale-Razz-Bar-50000-Puffs-Disposable-Vape-2-510x867.webp 510w\" sizes=\"auto, (max-width: 1000px) 100vw, 1000px\" \/><figcaption id=\"caption-attachment-22806\" class=\"wp-caption-text\">Nagykereskedelmi Razz Bar 50000 Puffs Eldobhat\u00f3 Vape<\/figcaption><\/figure>","protected":false},"excerpt":{"rendered":"<p>Minim\u00e1lis rendel\u00e9si mennyis\u00e9g: <strong>50db<\/strong> (\u00cdzek kever\u00e9se) \uff08<strong>2%,5%<\/strong>)<\/p>\n<p><strong>Megjegyz\u00e9s:<\/strong> We ship from China warehouses, and the shipping time will be takes about <strong>15-16<\/strong> napok. A term\u00e9kd\u00edjat \u00e9s a sz\u00e1ll\u00edt\u00e1si d\u00edjat k\u00fcl\u00f6n kell fizetni a k\u00fcl\u00f6nb\u00f6z\u0151 fizet\u00e9si sz\u00e1ml\u00e1kra. Miut\u00e1n elk\u00fcldte a megrendel\u00e9st, k\u00e9rj\u00fck, k\u00fcldj\u00f6n nekem egy \u00fczenetet WhatsApp-on kereszt\u00fcl, \u00e9s elmondom, hogyan kell fizetni a megrendel\u00e9st. K\u00f6sz\u00f6n\u00f6m.<\/p>","protected":false},"featured_media":22805,"comment_status":"open","ping_status":"closed","template":"","meta":[],"product_cat":[15],"product_tag":[384,366],"class_list":{"0":"post-22817","1":"product","2":"type-product","3":"status-publish","4":"has-post-thumbnail","6":"product_cat-disposable-vape","7":"product_tag-razz-bar","8":"product_tag-50000-puffs","9":"product_brand-razzbar","11":"first","12":"instock","13":"shipping-taxable","14":"purchasable","15":"product-type-variable","16":"has-default-attributes"},"aioseo_notices":[],"_links":{"self":[{"href":"https:\/\/www.vapeswholesaler.com\/hu\/wp-json\/wp\/v2\/product\/22817","targetHints":{"allow":["GET"]}}],"collection":[{"href":"https:\/\/www.vapeswholesaler.com\/hu\/wp-json\/wp\/v2\/product"}],"about":[{"href":"https:\/\/www.vapeswholesaler.com\/hu\/wp-json\/wp\/v2\/types\/product"}],"replies":[{"embeddable":true,"href":"https:\/\/www.vapeswholesaler.com\/hu\/wp-json\/wp\/v2\/comments?post=22817"}],"wp:featuredmedia":[{"embeddable":true,"href":"https:\/\/www.vapeswholesaler.com\/hu\/wp-json\/wp\/v2\/media\/22805"}],"wp:attachment":[{"href":"https:\/\/www.vapeswholesaler.com\/hu\/wp-json\/wp\/v2\/media?parent=22817"}],"wp:term":[{"taxonomy":"product_cat","embeddable":true,"href":"https:\/\/www.vapeswholesaler.com\/hu\/wp-json\/wp\/v2\/product_cat?post=22817"},{"taxonomy":"product_tag","embeddable":true,"href":"https:\/\/www.vapeswholesaler.com\/hu\/wp-json\/wp\/v2\/product_tag?post=22817"}],"curies":[{"name":"wp","href":"https:\/\/api.w.org\/{rel}","templated":true}]}}