{"id":22614,"date":"2025-04-22T12:04:19","date_gmt":"2025-04-22T04:04:19","guid":{"rendered":"https:\/\/www.vapeswholesaler.com\/?post_type=product&#038;p=22614"},"modified":"2025-09-10T16:56:56","modified_gmt":"2025-09-10T08:56:56","slug":"nagykereskedelmi-mrvi-twins-32000-puff-eldobhato-vape","status":"publish","type":"product","link":"https:\/\/www.vapeswholesaler.com\/hu\/termek\/nagykereskedelmi-mrvi-twins-32000-puff-eldobhato-vape","title":{"rendered":"Nagykereskedelmi Mrvi Twins 32000 puffs eldobhat\u00f3 Vape"},"content":{"rendered":"<p><a href=\"https:\/\/www.vapeswholesaler.com\/hu\/product_brand\/mrvi\/\">Mrvi<\/a> Twins 32000 puffs egy kett\u0151s \u00edz\u0171 term\u00e9k, amely k\u00e9t k\u00fcl\u00f6nb\u00f6z\u0151 \u00edzb\u0151l \u00e1ll, Mivel k\u00e9t 20ml-es ut\u00e1nt\u00f6lt\u0151 Eliquid cs\u00e9sz\u00e9t hordoz, lehet\u0151v\u00e9 t\u00e9ve a term\u00e9k sz\u00e1m\u00e1ra, hogy el\u00e9rje a csod\u00e1latos 32.000 puffot, \u00e9s t\u00f6bb mint 1 h\u00e9tig tart. az innovat\u00edv technol\u00f3gia is, amely a fejf\u00fav\u00f3ka forgat\u00e1s\u00e1val megv\u00e1ltoztatja az \u00edzeket, egyszer\u0171 \u00e9s k\u00f6nnyen haszn\u00e1lhat\u00f3, \u00e9s az \u00fcgyfelek annyira szeretik.<\/p>\n<p>Ez a term\u00e9k 550 mAh nagy kapacit\u00e1s\u00fa akkumul\u00e1torral van felszerelve, hosszabb \u00e9lettartam\u00fa, \u00e9s haszn\u00e1lhat\u00f3 C-t\u00edpus\u00fa interf\u00e9sz, hogy b\u00e1rmikor \u00e9s b\u00e1rhol befejezze a k\u00e9sz\u00fcl\u00e9k t\u00f6lt\u00e9s\u00e9t, hagyja, hogy a technol\u00f3gia megv\u00e1ltoztassa az \u00e9let\u00fcnket, jelenleg 10 \u00edzeket k\u00edn\u00e1lunk az \u00fcgyfelek sz\u00e1m\u00e1ra, hogy v\u00e1lasszon, minden \u00edz aj\u00e1nlott, jelenleg k\u00e9t rakt\u00e1runk van a sz\u00e1ll\u00edt\u00e1shoz, az eur\u00f3pai rakt\u00e1r csak 5% nikotintartalmat biztos\u00edt, a k\u00ednai rakt\u00e1rb\u00f3l 2% \u00e9s 5% k\u00f6z\u00f6tt v\u00e1laszthat, \u00fcdv\u00f6z\u00f6lj\u00fck \u00fcgyfeleinket. \u00dcdv\u00f6z\u00f6lj\u00fck, hogy partner\u00fcnk legyen, a legjobb szolg\u00e1ltat\u00e1st ny\u00fajtjuk minden \u00fcgyf\u00e9l sz\u00e1m\u00e1ra!<\/p>\n<h2><strong>Mrvi Twins 32000 puffs Jellemz\u0151k:<\/strong><\/h2>\n<ul>\n<li>Puffok: 32000<\/li>\n<li>Kett\u0151s \u00edzek<\/li>\n<li>E-folyad\u00e9k kapacit\u00e1s: 40ml<\/li>\n<li>Akkumul\u00e1tor kapacit\u00e1s: 550mAh<\/li>\n<li>Nikotin er\u0151ss\u00e9ge: 2% 5%<\/li>\n<li>T\u00f6lt\u0151port: C-t\u00edpus\u00fa<\/li>\n<li>Kett\u0151s h\u00e1l\u00f3s tekercs<\/li>\n<\/ul>\n<h2><strong>\u00cdzek:<\/strong><\/h2>\n<ol>\n<li>Anan\u00e1sz j\u00e9g \u00e9s sz\u0151l\u0151 j\u00e9g<\/li>\n<li>Ban\u00e1n j\u00e9g \u00e9s eper kiwi<\/li>\n<li>Mang\u00f3 Slushie &amp; narancs Creamsicle<\/li>\n<li>Barack j\u00e9g \u00e9s Red Bull<\/li>\n<li>\u00c1fonya j\u00e9g \u00e9s piros alma j\u00e9g<\/li>\n<li>Lush j\u00e9g \u00e9s vegyes bogy\u00f3s gy\u00fcm\u00f6lcs<\/li>\n<li>Eper j\u00e9g \u00e9s sziv\u00e1rv\u00e1ny csepp<\/li>\n<li>Fizzy Cherry &amp; Blue Razz Ice<\/li>\n<li>Eper g\u00f6r\u00f6gdinnye \u00e9s \u00e1fonya sz\u0151l\u0151<\/li>\n<li>Tripla dinnye \u00e9s j\u00e9gpop<\/li>\n<\/ol>\n<h2><strong>Csomagol\u00e1si lista:<\/strong><\/h2>\n<p>1db darab Egyedi doboz<br \/>\n10db minden k\u00f6z\u00e9ps\u0151 doboz<br \/>\n160db dobozonk\u00e9nt<\/p>\n<figure id=\"attachment_22600\" aria-describedby=\"caption-attachment-22600\" style=\"width: 1000px\" class=\"wp-caption alignnone\"><img loading=\"lazy\" decoding=\"async\" class=\"wp-image-22600 size-full\" title=\"Nagykereskedelem Mrvi Twins 32000 puffs Eldobhat\u00f3 Vape 1\" src=\"https:\/\/www.vapeswholesaler.com\/wp-content\/uploads\/2025\/04\/Wholesale-Mrvi-Twins-32000-puffs-Disposable-Vape-1.webp\" alt=\"Nagykereskedelem Mrvi Twins 32000 puffs Eldobhat\u00f3 Vape 1\" width=\"1000\" height=\"1577\" srcset=\"https:\/\/www.vapeswholesaler.com\/wp-content\/uploads\/2025\/04\/Wholesale-Mrvi-Twins-32000-puffs-Disposable-Vape-1.webp 1000w, https:\/\/www.vapeswholesaler.com\/wp-content\/uploads\/2025\/04\/Wholesale-Mrvi-Twins-32000-puffs-Disposable-Vape-1-190x300.webp 190w, https:\/\/www.vapeswholesaler.com\/wp-content\/uploads\/2025\/04\/Wholesale-Mrvi-Twins-32000-puffs-Disposable-Vape-1-649x1024.webp 649w, https:\/\/www.vapeswholesaler.com\/wp-content\/uploads\/2025\/04\/Wholesale-Mrvi-Twins-32000-puffs-Disposable-Vape-1-768x1211.webp 768w, https:\/\/www.vapeswholesaler.com\/wp-content\/uploads\/2025\/04\/Wholesale-Mrvi-Twins-32000-puffs-Disposable-Vape-1-974x1536.webp 974w, https:\/\/www.vapeswholesaler.com\/wp-content\/uploads\/2025\/04\/Wholesale-Mrvi-Twins-32000-puffs-Disposable-Vape-1-8x12.webp 8w, https:\/\/www.vapeswholesaler.com\/wp-content\/uploads\/2025\/04\/Wholesale-Mrvi-Twins-32000-puffs-Disposable-Vape-1-510x804.webp 510w\" sizes=\"auto, (max-width: 1000px) 100vw, 1000px\" \/><figcaption id=\"caption-attachment-22600\" class=\"wp-caption-text\">Nagykereskedelmi Mrvi Twins 32000 puffs eldobhat\u00f3 Vape<\/figcaption><\/figure>","protected":false},"excerpt":{"rendered":"<p>Minim\u00e1lis rendel\u00e9si mennyis\u00e9g: <strong>100db<\/strong> (\u00cdzek kever\u00e9se) <strong>Ingyenes sz\u00e1ll\u00edt\u00e1s<\/strong><\/p>\n<p>(<strong>5% Nic<\/strong>) EU rakt\u00e1r Sz\u00e1ll\u00edt\u00e1si id\u0151 5-6 munkanap<\/p>","protected":false},"featured_media":22611,"comment_status":"open","ping_status":"closed","template":"","meta":[],"product_cat":[15],"product_tag":[369,373,387],"class_list":{"0":"post-22614","1":"product","2":"type-product","3":"status-publish","4":"has-post-thumbnail","6":"product_cat-disposable-vape","7":"product_tag-dual-flavors","8":"product_tag-europe-warehouse","9":"product_tag-mrvi","10":"product_brand-mrvi","12":"first","13":"instock","14":"shipping-taxable","15":"purchasable","16":"product-type-variable","17":"has-default-attributes"},"aioseo_notices":[],"_links":{"self":[{"href":"https:\/\/www.vapeswholesaler.com\/hu\/wp-json\/wp\/v2\/product\/22614","targetHints":{"allow":["GET"]}}],"collection":[{"href":"https:\/\/www.vapeswholesaler.com\/hu\/wp-json\/wp\/v2\/product"}],"about":[{"href":"https:\/\/www.vapeswholesaler.com\/hu\/wp-json\/wp\/v2\/types\/product"}],"replies":[{"embeddable":true,"href":"https:\/\/www.vapeswholesaler.com\/hu\/wp-json\/wp\/v2\/comments?post=22614"}],"wp:featuredmedia":[{"embeddable":true,"href":"https:\/\/www.vapeswholesaler.com\/hu\/wp-json\/wp\/v2\/media\/22611"}],"wp:attachment":[{"href":"https:\/\/www.vapeswholesaler.com\/hu\/wp-json\/wp\/v2\/media?parent=22614"}],"wp:term":[{"taxonomy":"product_cat","embeddable":true,"href":"https:\/\/www.vapeswholesaler.com\/hu\/wp-json\/wp\/v2\/product_cat?post=22614"},{"taxonomy":"product_tag","embeddable":true,"href":"https:\/\/www.vapeswholesaler.com\/hu\/wp-json\/wp\/v2\/product_tag?post=22614"}],"curies":[{"name":"wp","href":"https:\/\/api.w.org\/{rel}","templated":true}]}}