{"id":22583,"date":"2025-04-21T15:24:13","date_gmt":"2025-04-21T07:24:13","guid":{"rendered":"https:\/\/www.vapeswholesaler.com\/?post_type=product&#038;p=22583"},"modified":"2025-06-09T06:52:27","modified_gmt":"2025-06-08T22:52:27","slug":"nagykereskedelmi-zooy-shisha-50000-puffs-eldobhato-vape","status":"publish","type":"product","link":"https:\/\/www.vapeswholesaler.com\/hu\/termek\/nagykereskedelmi-zooy-shisha-50000-puffs-eldobhato-vape","title":{"rendered":"Nagykereskedelmi Zooy Shisha 50000 Puffs Eldobhat\u00f3 Vape"},"content":{"rendered":"<p>A <a href=\"https:\/\/www.vapeswholesaler.com\/hu\/product_brand\/zooy\/\">Zooy<\/a> A Shisha 50000 Puffs az egyik leg\u00fajabb DTL eldobhat\u00f3 vape, amely k\u00f6r\u00fclbel\u00fcl 50.000 puffot biztos\u00edt. Big cloud Vaping, A term\u00e9k egy er\u0151teljes 1400mAh-s, kiv\u00e1l\u00f3 min\u0151s\u00e9g\u0171 \u00fajrat\u00f6lthet\u0151 akkumul\u00e1torral rendelkezik, \u00e9s el\u0151re felt\u00f6ltve van egy nagy kapacit\u00e1s\u00fa 40ml vape olajjal, 2% vagy 5% nikotin koncentr\u00e1ci\u00f3 v\u00e1laszt\u00e1si lehet\u0151s\u00e9ggel.<\/p>\n<p>Kett\u0151s h\u00e1l\u00f3s tekercsekkel \u00e9s 0,25\u03a9\uff0c-val van felszerelve, hogy minden alkalommal gazdag, sima g\u0151zt termeljen, amikor p\u00e1rologtat. \u00c1ll\u00edthat\u00f3 l\u00e9g\u00e1raml\u00e1s\u00fa kialak\u00edt\u00e1st is k\u00edn\u00e1l, amely lehet\u0151v\u00e9 teszi a k\u00fcl\u00f6nb\u00f6z\u0151 \u00fcgyfelek sz\u00e1m\u00e1ra a be\u00f6ml\u0151ny\u00edl\u00e1s m\u00e9ret\u00e9nek be\u00e1ll\u00edt\u00e1s\u00e1t, hogy minden felhaszn\u00e1l\u00f3 t\u00f6k\u00e9letesen \u00e9lvezhesse term\u00e9k\u00fcnket. \u00e9s C t\u00edpus\u00fa csatlakoz\u00f3val rendelkezik a k\u00e9sz\u00fcl\u00e9k egyszer\u0171 t\u00f6lt\u00e9s\u00e9hez. a Zooy Shisha 50000 Puffs lesz a k\u00f6vetkez\u0151 forr\u00f3 elad\u00f3.<\/p>\n<h2><strong>Zooy Shisha 50000 Puffs Jellemz\u0151k:<\/strong><\/h2>\n<ul>\n<li>Puff: 50000puff<\/li>\n<li>S\u00faly: 150g<\/li>\n<li>Dtl Big Cloud<\/li>\n<li>M\u00e9ret: 44*36*118mm<\/li>\n<li>Akkumul\u00e1tor kapacit\u00e1s: 14000mah<\/li>\n<li>C t\u00edpus\u00fa \u00fajrat\u00f6lthet\u0151<\/li>\n<li>0,25 N\u00e9gy h\u00e1l\u00f3s Coi<\/li>\n<li>Be\u00e9p\u00edtett intelligens kijelz\u0151<\/li>\n<li>\u00c1ll\u00edthat\u00f3 l\u00e9g\u00e1raml\u00e1s<\/li>\n<li>8 sz\u00edn\u0171 Lgb f\u00e9ny<\/li>\n<\/ul>\n<h2><strong>\u00cdzek list\u00e1ja:<\/strong><\/h2>\n<ol>\n<li>G\u00f6r\u00f6gdinnye j\u00e9g<\/li>\n<li>\u00c1fonya j\u00e9g<\/li>\n<li>K\u00e9k Razz cseresznye<\/li>\n<li>Red Bull<\/li>\n<li>Vegyes bogy\u00f3s gy\u00fcm\u00f6lcs<\/li>\n<li>Mang\u00f3 barack g\u00f6r\u00f6gdinnye<\/li>\n<li>Eper Kiwi<\/li>\n<li>Eper g\u00f6r\u00f6gdinnye<\/li>\n<li>cseresznye eper m\u00e1lna<\/li>\n<li>Eper sz\u0151l\u0151<\/li>\n<\/ol>\n<h2><strong>Csomagol\u00e1si lista:<\/strong><\/h2>\n<p>1db minden egyes doboz 150g.<br \/>\n10db minden k\u00f6z\u00e9ps\u0151 doboz<br \/>\n160db dobozonk\u00e9nt 26kg<\/p>\n<figure id=\"attachment_22584\" aria-describedby=\"caption-attachment-22584\" style=\"width: 1000px\" class=\"wp-caption alignnone\"><img loading=\"lazy\" decoding=\"async\" class=\"wp-image-22584 size-full\" title=\"Nagykereskedelmi Zooy Shisha 50000 Puffs eldobhat\u00f3 Vape 4\" src=\"https:\/\/www.vapeswholesaler.com\/wp-content\/uploads\/2025\/04\/Wholesale-Zooy-Shisha-50000-Puffs-Disposable-Vape-4.webp\" alt=\"Nagykereskedelmi Zooy Shisha 50000 Puffs eldobhat\u00f3 Vape 4\" width=\"1000\" height=\"1114\" srcset=\"https:\/\/www.vapeswholesaler.com\/wp-content\/uploads\/2025\/04\/Wholesale-Zooy-Shisha-50000-Puffs-Disposable-Vape-4.webp 1000w, https:\/\/www.vapeswholesaler.com\/wp-content\/uploads\/2025\/04\/Wholesale-Zooy-Shisha-50000-Puffs-Disposable-Vape-4-269x300.webp 269w, https:\/\/www.vapeswholesaler.com\/wp-content\/uploads\/2025\/04\/Wholesale-Zooy-Shisha-50000-Puffs-Disposable-Vape-4-919x1024.webp 919w, https:\/\/www.vapeswholesaler.com\/wp-content\/uploads\/2025\/04\/Wholesale-Zooy-Shisha-50000-Puffs-Disposable-Vape-4-768x856.webp 768w, https:\/\/www.vapeswholesaler.com\/wp-content\/uploads\/2025\/04\/Wholesale-Zooy-Shisha-50000-Puffs-Disposable-Vape-4-11x12.webp 11w, https:\/\/www.vapeswholesaler.com\/wp-content\/uploads\/2025\/04\/Wholesale-Zooy-Shisha-50000-Puffs-Disposable-Vape-4-510x568.webp 510w\" sizes=\"auto, (max-width: 1000px) 100vw, 1000px\" \/><figcaption id=\"caption-attachment-22584\" class=\"wp-caption-text\">Nagykereskedelmi Zooy Shisha 50000 Puffs Eldobhat\u00f3 Vape<\/figcaption><\/figure>\n<figure id=\"attachment_22585\" aria-describedby=\"caption-attachment-22585\" style=\"width: 1000px\" class=\"wp-caption alignnone\"><img loading=\"lazy\" decoding=\"async\" class=\"wp-image-22585 size-full\" title=\"Nagykereskedelmi Zooy Shisha 50000 Puffs eldobhat\u00f3 Vape 5\" src=\"https:\/\/www.vapeswholesaler.com\/wp-content\/uploads\/2025\/04\/Wholesale-Zooy-Shisha-50000-Puffs-Disposable-Vape-5.webp\" alt=\"Nagykereskedelmi Zooy Shisha 50000 Puffs eldobhat\u00f3 Vape 5\" width=\"1000\" height=\"571\" srcset=\"https:\/\/www.vapeswholesaler.com\/wp-content\/uploads\/2025\/04\/Wholesale-Zooy-Shisha-50000-Puffs-Disposable-Vape-5.webp 1000w, https:\/\/www.vapeswholesaler.com\/wp-content\/uploads\/2025\/04\/Wholesale-Zooy-Shisha-50000-Puffs-Disposable-Vape-5-300x171.webp 300w, https:\/\/www.vapeswholesaler.com\/wp-content\/uploads\/2025\/04\/Wholesale-Zooy-Shisha-50000-Puffs-Disposable-Vape-5-768x439.webp 768w, https:\/\/www.vapeswholesaler.com\/wp-content\/uploads\/2025\/04\/Wholesale-Zooy-Shisha-50000-Puffs-Disposable-Vape-5-18x10.webp 18w, https:\/\/www.vapeswholesaler.com\/wp-content\/uploads\/2025\/04\/Wholesale-Zooy-Shisha-50000-Puffs-Disposable-Vape-5-510x291.webp 510w\" sizes=\"auto, (max-width: 1000px) 100vw, 1000px\" \/><figcaption id=\"caption-attachment-22585\" class=\"wp-caption-text\">Nagykereskedelmi Zooy Shisha 50000 Puffs Eldobhat\u00f3 Vape<\/figcaption><\/figure>\n<p><img loading=\"lazy\" decoding=\"async\" class=\"wp-image-22572 size-full\" title=\"Nagykereskedelmi Zooy Shisha 50000 Puffs eldobhat\u00f3 Vape 3\" src=\"https:\/\/www.vapeswholesaler.com\/wp-content\/uploads\/2025\/04\/Wholesale-Zooy-Shisha-50000-Puffs-Disposable-Vape-3.webp\" alt=\"Nagykereskedelmi Zooy Shisha 50000 Puffs eldobhat\u00f3 Vape 3\" width=\"1000\" height=\"1000\" srcset=\"https:\/\/www.vapeswholesaler.com\/wp-content\/uploads\/2025\/04\/Wholesale-Zooy-Shisha-50000-Puffs-Disposable-Vape-3.webp 1000w, https:\/\/www.vapeswholesaler.com\/wp-content\/uploads\/2025\/04\/Wholesale-Zooy-Shisha-50000-Puffs-Disposable-Vape-3-300x300.webp 300w, https:\/\/www.vapeswholesaler.com\/wp-content\/uploads\/2025\/04\/Wholesale-Zooy-Shisha-50000-Puffs-Disposable-Vape-3-150x150.webp 150w, https:\/\/www.vapeswholesaler.com\/wp-content\/uploads\/2025\/04\/Wholesale-Zooy-Shisha-50000-Puffs-Disposable-Vape-3-768x768.webp 768w, https:\/\/www.vapeswholesaler.com\/wp-content\/uploads\/2025\/04\/Wholesale-Zooy-Shisha-50000-Puffs-Disposable-Vape-3-12x12.webp 12w, https:\/\/www.vapeswholesaler.com\/wp-content\/uploads\/2025\/04\/Wholesale-Zooy-Shisha-50000-Puffs-Disposable-Vape-3-247x247.webp 247w, https:\/\/www.vapeswholesaler.com\/wp-content\/uploads\/2025\/04\/Wholesale-Zooy-Shisha-50000-Puffs-Disposable-Vape-3-510x510.webp 510w, https:\/\/www.vapeswholesaler.com\/wp-content\/uploads\/2025\/04\/Wholesale-Zooy-Shisha-50000-Puffs-Disposable-Vape-3-100x100.webp 100w\" sizes=\"auto, (max-width: 1000px) 100vw, 1000px\" \/><\/p>","protected":false},"excerpt":{"rendered":"<p>Minim\u00e1lis rendel\u00e9si mennyis\u00e9g: <strong>50db<\/strong> (\u00cdzek kever\u00e9se) <strong>Ingyenes sz\u00e1ll\u00edt\u00e1s<\/strong><\/p>\n<p>(<strong>2%, 5% Nic<\/strong>)<\/p>","protected":false},"featured_media":22571,"comment_status":"open","ping_status":"closed","template":"","meta":[],"product_cat":[15],"product_tag":[366,371],"class_list":{"0":"post-22583","1":"product","2":"type-product","3":"status-publish","4":"has-post-thumbnail","6":"product_cat-disposable-vape","7":"product_tag-50000-puffs","8":"product_tag-zooy","9":"product_brand-zooy","11":"first","12":"instock","13":"shipping-taxable","14":"purchasable","15":"product-type-variable","16":"has-default-attributes"},"aioseo_notices":[],"_links":{"self":[{"href":"https:\/\/www.vapeswholesaler.com\/hu\/wp-json\/wp\/v2\/product\/22583","targetHints":{"allow":["GET"]}}],"collection":[{"href":"https:\/\/www.vapeswholesaler.com\/hu\/wp-json\/wp\/v2\/product"}],"about":[{"href":"https:\/\/www.vapeswholesaler.com\/hu\/wp-json\/wp\/v2\/types\/product"}],"replies":[{"embeddable":true,"href":"https:\/\/www.vapeswholesaler.com\/hu\/wp-json\/wp\/v2\/comments?post=22583"}],"wp:featuredmedia":[{"embeddable":true,"href":"https:\/\/www.vapeswholesaler.com\/hu\/wp-json\/wp\/v2\/media\/22571"}],"wp:attachment":[{"href":"https:\/\/www.vapeswholesaler.com\/hu\/wp-json\/wp\/v2\/media?parent=22583"}],"wp:term":[{"taxonomy":"product_cat","embeddable":true,"href":"https:\/\/www.vapeswholesaler.com\/hu\/wp-json\/wp\/v2\/product_cat?post=22583"},{"taxonomy":"product_tag","embeddable":true,"href":"https:\/\/www.vapeswholesaler.com\/hu\/wp-json\/wp\/v2\/product_tag?post=22583"}],"curies":[{"name":"wp","href":"https:\/\/api.w.org\/{rel}","templated":true}]}}