{"id":22550,"date":"2025-04-17T23:23:21","date_gmt":"2025-04-17T15:23:21","guid":{"rendered":"https:\/\/www.vapeswholesaler.com\/?post_type=product&#038;p=22550"},"modified":"2026-04-12T21:15:48","modified_gmt":"2026-04-12T13:15:48","slug":"nagykereskedelmi-vapsolo-king-pro-40k-puffs-eldobhato-vape","status":"publish","type":"product","link":"https:\/\/www.vapeswholesaler.com\/hu\/termek\/nagykereskedelmi-vapsolo-king-pro-40k-puffs-eldobhato-vape","title":{"rendered":"Nagykereskedelmi Vapsolo King Pro 40K Puffs Eldobhat\u00f3 Vape"},"content":{"rendered":"<p>A <a href=\"https:\/\/www.vapeswholesaler.com\/hu\/product_brand\/vapsolo\/\">Vapsolo<\/a> A King Pro 40K Puffs a leg\u00fajabb eldobhat\u00f3 e-cigaretta LCD kijelz\u0151vel, amely lehet\u0151v\u00e9 teszi, hogy val\u00f3s id\u0151ben ellen\u0151rizze a k\u00e9sz\u00fcl\u00e9k m\u0171k\u00f6d\u00e9si adatait, \u00edgy m\u00e9g technol\u00f3giailag fejlettebb\u00e9 \u00e9s versenyk\u00e9pesebb\u00e9 v\u00e1lik. Tapasztaljon meg ak\u00e1r k\u00f6r\u00fclbel\u00fcl 40000 puffot a nagy kapacit\u00e1s\u00fa, 40ml-es, el\u0151re t\u00f6lt\u00f6tt e-folyad\u00e9kkal \u00e9s 650mAh akkumul\u00e1torral rendelkez\u0151 vape k\u00e9sz\u00fcl\u00e9kkel.<\/p>\n<p>A term\u00e9k 1,0 Ohm-os h\u00e1l\u00f3s tekercset tartalmaz, hogy a legjobbat hozza ki minden \u00edzb\u0151l, \u00e9s hogy ezt a term\u00e9ket hosszabb ideig haszn\u00e1lj\u00e1k, C t\u00edpus\u00fa csatlakoz\u00f3val l\u00e1ttuk el, hogy b\u00e1rmilyen k\u00f6rnyezetben t\u00f6ltse fel a k\u00e9sz\u00fcl\u00e9ket.<\/p>\n<p>A Vapsolo min\u0151s\u00e9ge megb\u00edzhat\u00f3, a term\u00e9k nagyon n\u00e9pszer\u0171, folyamatosan \u00faj term\u00e9keket adunk hozz\u00e1, minden term\u00e9ket szigor\u00faan tesztelt\u00fcnk, felel\u0151sek vagyunk \u00fcgyfeleink\u00e9rt, aj\u00e1nljuk ezt a term\u00e9ket, \u00fcdv\u00f6z\u00f6lj\u00fck partner\u00fcnket!<\/p>\n<h2><strong>Vapsolo King Pro 40K Puffs Jellemz\u0151k:<\/strong><\/h2>\n<ul>\n<li>Lcd kijelz\u0151<\/li>\n<li>E-folyad\u00e9k kapacit\u00e1s: 40ml<\/li>\n<li>Akkumul\u00e1tor kapacit\u00e1s: 650mah<\/li>\n<li>H\u00e1l\u00f3 tekercs<\/li>\n<li>Tekercs ellen\u00e1ll\u00e1s: 1.0ohm<\/li>\n<li>C t\u00edpus\u00fa port, \u00fajrat\u00f6lthet\u0151<\/li>\n<li>200db\/Ctn<\/li>\n<li>10cs\/Box<\/li>\n<li>S\u00faly: 133g\/db<\/li>\n<li>27.3kg\/Ctn<\/li>\n<li>Karton m\u00e9rete: 46 * 43 * 26.5cm<\/li>\n<\/ul>\n<h2><strong>\u00cdzek:<\/strong><\/h2>\n<ol>\n<li>Cseresznye citrom<\/li>\n<li>Kiwi Passi\u00f3gy\u00fcm\u00f6lcs Guava<\/li>\n<li>Szerelem 66<\/li>\n<li>G\u00f6r\u00f6gdinnye j\u00e9g<\/li>\n<li>Eper Kiwi<\/li>\n<li>Citrom Lime<\/li>\n<li>Eper ban\u00e1n<\/li>\n<li>Fekete j\u00e9g s\u00e1rk\u00e1nygy\u00fcm\u00f6lcs eper<\/li>\n<li>Barack bogy\u00f3<\/li>\n<li>Eper g\u00f6r\u00f6gdinnye<\/li>\n<li>Cherry Cola<\/li>\n<li>Grape Burst<\/li>\n<li>Vegyes bogy\u00f3s gy\u00fcm\u00f6lcs<\/li>\n<li>\u00c1fonya savany\u00fa m\u00e1lna<\/li>\n<li>Barack Mang\u00f3 Anan\u00e1sz<\/li>\n<\/ol>\n<h2><strong>Csomagol\u00e1si lista:<\/strong><\/h2>\n<p>1db minden egyes doboz<br \/>\n10db minden k\u00f6z\u00e9ps\u0151 doboz<br \/>\n200db dobozonk\u00e9nt<\/p>\n<figure id=\"attachment_22533\" aria-describedby=\"caption-attachment-22533\" style=\"width: 1000px\" class=\"wp-caption alignnone\"><img loading=\"lazy\" decoding=\"async\" class=\"wp-image-22533 size-full\" title=\"Nagykereskedelmi Vapsolo King Pro 40K Puffs eldobhat\u00f3 Vape 7\" src=\"https:\/\/www.vapeswholesaler.com\/wp-content\/uploads\/2025\/04\/Wholesale-Vapsolo-King-Pro-40K-Puffs-Disposable-Vape-7.webp\" alt=\"Nagykereskedelmi Vapsolo King Pro 40K Puffs eldobhat\u00f3 Vape 7\" width=\"1000\" height=\"1000\" srcset=\"https:\/\/www.vapeswholesaler.com\/wp-content\/uploads\/2025\/04\/Wholesale-Vapsolo-King-Pro-40K-Puffs-Disposable-Vape-7.webp 1000w, https:\/\/www.vapeswholesaler.com\/wp-content\/uploads\/2025\/04\/Wholesale-Vapsolo-King-Pro-40K-Puffs-Disposable-Vape-7-300x300.webp 300w, https:\/\/www.vapeswholesaler.com\/wp-content\/uploads\/2025\/04\/Wholesale-Vapsolo-King-Pro-40K-Puffs-Disposable-Vape-7-150x150.webp 150w, https:\/\/www.vapeswholesaler.com\/wp-content\/uploads\/2025\/04\/Wholesale-Vapsolo-King-Pro-40K-Puffs-Disposable-Vape-7-768x768.webp 768w, https:\/\/www.vapeswholesaler.com\/wp-content\/uploads\/2025\/04\/Wholesale-Vapsolo-King-Pro-40K-Puffs-Disposable-Vape-7-12x12.webp 12w, https:\/\/www.vapeswholesaler.com\/wp-content\/uploads\/2025\/04\/Wholesale-Vapsolo-King-Pro-40K-Puffs-Disposable-Vape-7-247x247.webp 247w, https:\/\/www.vapeswholesaler.com\/wp-content\/uploads\/2025\/04\/Wholesale-Vapsolo-King-Pro-40K-Puffs-Disposable-Vape-7-510x510.webp 510w, https:\/\/www.vapeswholesaler.com\/wp-content\/uploads\/2025\/04\/Wholesale-Vapsolo-King-Pro-40K-Puffs-Disposable-Vape-7-100x100.webp 100w\" sizes=\"auto, (max-width: 1000px) 100vw, 1000px\" \/><figcaption id=\"caption-attachment-22533\" class=\"wp-caption-text\">Nagykereskedelmi Vapsolo King Pro 40K Puffs Eldobhat\u00f3 Vape<\/figcaption><\/figure>\n<p>&nbsp;<\/p>\n<p>&nbsp;<\/p>","protected":false},"excerpt":{"rendered":"<p>Minim\u00e1lis rendel\u00e9si mennyis\u00e9g: <strong>50db<\/strong> (\u00cdzek kever\u00e9se) <strong>Ingyenes sz\u00e1ll\u00edt\u00e1s<\/strong><\/p>\n<p>(2%, 5% Nic) <strong>EU rakt\u00e1r<\/strong> Shipping time 7-8 working days<\/p>","protected":false},"featured_media":22543,"comment_status":"open","ping_status":"closed","template":"","meta":[],"product_cat":[15],"product_tag":[87,373,401],"class_list":{"0":"post-22550","1":"product","2":"type-product","3":"status-publish","4":"has-post-thumbnail","6":"product_cat-disposable-vape","7":"product_tag-vapsolo","8":"product_tag-europe-warehouse","9":"product_tag-400000-puffs","10":"product_brand-vapsolo","12":"first","13":"instock","14":"shipping-taxable","15":"purchasable","16":"product-type-variable","17":"has-default-attributes"},"aioseo_notices":[],"_links":{"self":[{"href":"https:\/\/www.vapeswholesaler.com\/hu\/wp-json\/wp\/v2\/product\/22550","targetHints":{"allow":["GET"]}}],"collection":[{"href":"https:\/\/www.vapeswholesaler.com\/hu\/wp-json\/wp\/v2\/product"}],"about":[{"href":"https:\/\/www.vapeswholesaler.com\/hu\/wp-json\/wp\/v2\/types\/product"}],"replies":[{"embeddable":true,"href":"https:\/\/www.vapeswholesaler.com\/hu\/wp-json\/wp\/v2\/comments?post=22550"}],"wp:featuredmedia":[{"embeddable":true,"href":"https:\/\/www.vapeswholesaler.com\/hu\/wp-json\/wp\/v2\/media\/22543"}],"wp:attachment":[{"href":"https:\/\/www.vapeswholesaler.com\/hu\/wp-json\/wp\/v2\/media?parent=22550"}],"wp:term":[{"taxonomy":"product_cat","embeddable":true,"href":"https:\/\/www.vapeswholesaler.com\/hu\/wp-json\/wp\/v2\/product_cat?post=22550"},{"taxonomy":"product_tag","embeddable":true,"href":"https:\/\/www.vapeswholesaler.com\/hu\/wp-json\/wp\/v2\/product_tag?post=22550"}],"curies":[{"name":"wp","href":"https:\/\/api.w.org\/{rel}","templated":true}]}}