{"id":22448,"date":"2025-04-05T13:35:25","date_gmt":"2025-04-05T05:35:25","guid":{"rendered":"https:\/\/www.vapeswholesaler.com\/?post_type=product&#038;p=22448"},"modified":"2025-11-19T17:54:29","modified_gmt":"2025-11-19T09:54:29","slug":"nagykereskedelmi-vozol-gear-shisha-25000-puff-eldobhato-vape-25000-puffs","status":"publish","type":"product","link":"https:\/\/www.vapeswholesaler.com\/hu\/termek\/nagykereskedelmi-vozol-gear-shisha-25000-puff-eldobhato-vape-25000-puffs","title":{"rendered":"Nagykereskedelem VOZOL Gear Shisha 25000 Puffs eldobhat\u00f3 Vape"},"content":{"rendered":"<p><a href=\"https:\/\/www.vapeswholesaler.com\/hu\/product_brand\/vozol\/\">VOZOL<\/a> Gear Shisha 25000 Puffs is the World&#8217;s 1st. Audio-Interactive DTL Disposable Vape, the product has a strong Middle Eastern style, suitable for lung inhalation, mouth inhalation, and each mode is used with extraordinary feelings. Only the chip from the world famous company Tech, make the product more intelligent and more stable, to improve the satisfaction of the product is very helpful.<\/p>\n<p>Ez a term\u00e9k k\u00e9tf\u00e9le nett\u00f3 magot hordoz, \u00e9s k\u00e9t munkam\u00f3dot val\u00f3s\u00edthat meg, az ECO \u00fczemm\u00f3dban k\u00f6r\u00fclbel\u00fcl 25000 puffot haszn\u00e1lhat, a teljes\u00edtm\u00e9ny \u00fczemm\u00f3dban k\u00f6r\u00fclbel\u00fcl 18000 puffot haszn\u00e1lhat, f\u00fcggetlen\u00fcl att\u00f3l, hogy b\u00e1rmelyik \u00fczemm\u00f3dban, ez a term\u00e9k a legk\u00f6lts\u00e9ghat\u00e9konyabb term\u00e9k, a legkevesebb p\u00e9nzt k\u00f6lteni, hosszabb ideig haszn\u00e1lni.<\/p>\n<p>Nagy kapacit\u00e1s\u00fa akkumul\u00e1torral 1000mah, \u00e9s 25ml e-cigaretta olaj el\u0151re telep\u00edtve a gy\u00e1rban a term\u00e9k \u00e9lettartam\u00e1nak biztos\u00edt\u00e1sa \u00e9rdek\u00e9ben, Audio interakci\u00f3 a modern \u00e9rint\u00e9s\u00e9rt, 2,1 h\u00fcvelykes sz\u00ednes k\u00e9perny\u0151vel a k\u00f6nny\u0171 ellen\u0151rz\u00e9shez \u00c1ll\u00edthat\u00f3 l\u00e9g\u00e1raml\u00e1s, \u00dcdv\u00f6z\u00f6lj\u00fck partnereinket!<\/p>\n<h2><strong><a href=\"https:\/\/www.facebook.com\/fred.luo.58\/\">VOZO<\/a>L Gear Shisha 25000 Puffs Jellemz\u0151k:<\/strong><\/h2>\n<ul>\n<li>A vil\u00e1g els\u0151. Audio-interakt\u00edv Dtl eldobhat\u00f3 Vape<\/li>\n<li>K\u00f6zel-keleti st\u00edlus\u00fa Ui<\/li>\n<li>Kett\u0151s h\u00e1l\u00f3, kett\u0151s \u00fczemm\u00f3d<\/li>\n<li>N\u00e9v: 25000<\/li>\n<li>Akkumul\u00e1tor kapacit\u00e1s: 1000mah<\/li>\n<li>Nikotin:5mg\/Ml 5%<\/li>\n<li>Puff: 2500-ig<\/li>\n<\/ul>\n<h2><strong>\u00cdzek:<\/strong><\/h2>\n<ol>\n<li>\u00c1fonya j\u00e9g<\/li>\n<li>\u00c1fonya g\u00f6r\u00f6gdinnye<\/li>\n<li>Fagyasztott eper-kiwi<\/li>\n<li>Sz\u0151l\u0151 j\u00e9g<\/li>\n<li>Szerelem 777<\/li>\n<li>Mango barack<\/li>\n<li>Barack j\u00e9g<\/li>\n<li>Eper Kiwi<\/li>\n<li>\u00c9des golgotavir\u00e1g<\/li>\n<li>K\u00e9t alma<\/li>\n<li>G\u00f6r\u00f6gdinnye j\u00e9g<\/li>\n<li>Szeder j\u00e9g<\/li>\n<li>Fekete ribizli j\u00e9g<\/li>\n<li>Moszkvai est\u00e9k<\/li>\n<li>K\u00e9k Mojito<\/li>\n<li>Citromos menta<\/li>\n<li>Mango fagyaszt\u00e1s<\/li>\n<li>Sz\u0151l\u0151 menta<\/li>\n<\/ol>\n<h2><strong>Csomagol\u00e1si lista:<\/strong><\/h2>\n<p>1db minden egyes doboz<br \/>\n10db k\u00f6z\u00e9ps\u0151 doboz<br \/>\n200db dobozonk\u00e9nt<\/p>\n<figure id=\"attachment_22444\" aria-describedby=\"caption-attachment-22444\" style=\"width: 1000px\" class=\"wp-caption alignnone\"><img loading=\"lazy\" decoding=\"async\" class=\"wp-image-22444 size-full\" title=\"Nagykereskedelmi VOZOL Gear Shisha 25000 Puffs eldobhat\u00f3 Vape 9\" src=\"https:\/\/www.vapeswholesaler.com\/wp-content\/uploads\/2025\/04\/Wholesale-VOZOL-Gear-Shisha-25000-Puffs-Disposable-Vape-9.webp\" alt=\"Nagykereskedelmi VOZOL Gear Shisha 25000 Puffs eldobhat\u00f3 Vape 9\" width=\"1000\" height=\"733\" srcset=\"https:\/\/www.vapeswholesaler.com\/wp-content\/uploads\/2025\/04\/Wholesale-VOZOL-Gear-Shisha-25000-Puffs-Disposable-Vape-9.webp 1000w, https:\/\/www.vapeswholesaler.com\/wp-content\/uploads\/2025\/04\/Wholesale-VOZOL-Gear-Shisha-25000-Puffs-Disposable-Vape-9-300x220.webp 300w, https:\/\/www.vapeswholesaler.com\/wp-content\/uploads\/2025\/04\/Wholesale-VOZOL-Gear-Shisha-25000-Puffs-Disposable-Vape-9-768x563.webp 768w, https:\/\/www.vapeswholesaler.com\/wp-content\/uploads\/2025\/04\/Wholesale-VOZOL-Gear-Shisha-25000-Puffs-Disposable-Vape-9-16x12.webp 16w, https:\/\/www.vapeswholesaler.com\/wp-content\/uploads\/2025\/04\/Wholesale-VOZOL-Gear-Shisha-25000-Puffs-Disposable-Vape-9-510x374.webp 510w\" sizes=\"auto, (max-width: 1000px) 100vw, 1000px\" \/><figcaption id=\"caption-attachment-22444\" class=\"wp-caption-text\">Nagykereskedelem VOZOL Gear Shisha 25000 Puffs eldobhat\u00f3 Vape<\/figcaption><\/figure>\n<figure id=\"attachment_22449\" aria-describedby=\"caption-attachment-22449\" style=\"width: 1000px\" class=\"wp-caption alignnone\"><img loading=\"lazy\" decoding=\"async\" class=\"wp-image-22449 size-full\" title=\"Nagykereskedelmi VOZOL Gear Shisha 25000 Puffs eldobhat\u00f3 Vape 13\" src=\"https:\/\/www.vapeswholesaler.com\/wp-content\/uploads\/2025\/04\/Wholesale-VOZOL-Gear-Shisha-25000-Puffs-Disposable-Vape-13.webp\" alt=\"Nagykereskedelmi VOZOL Gear Shisha 25000 Puffs eldobhat\u00f3 Vape 13\" width=\"1000\" height=\"1474\" srcset=\"https:\/\/www.vapeswholesaler.com\/wp-content\/uploads\/2025\/04\/Wholesale-VOZOL-Gear-Shisha-25000-Puffs-Disposable-Vape-13.webp 1000w, https:\/\/www.vapeswholesaler.com\/wp-content\/uploads\/2025\/04\/Wholesale-VOZOL-Gear-Shisha-25000-Puffs-Disposable-Vape-13-204x300.webp 204w, https:\/\/www.vapeswholesaler.com\/wp-content\/uploads\/2025\/04\/Wholesale-VOZOL-Gear-Shisha-25000-Puffs-Disposable-Vape-13-695x1024.webp 695w, https:\/\/www.vapeswholesaler.com\/wp-content\/uploads\/2025\/04\/Wholesale-VOZOL-Gear-Shisha-25000-Puffs-Disposable-Vape-13-768x1132.webp 768w, https:\/\/www.vapeswholesaler.com\/wp-content\/uploads\/2025\/04\/Wholesale-VOZOL-Gear-Shisha-25000-Puffs-Disposable-Vape-13-8x12.webp 8w, https:\/\/www.vapeswholesaler.com\/wp-content\/uploads\/2025\/04\/Wholesale-VOZOL-Gear-Shisha-25000-Puffs-Disposable-Vape-13-510x752.webp 510w\" sizes=\"auto, (max-width: 1000px) 100vw, 1000px\" \/><figcaption id=\"caption-attachment-22449\" class=\"wp-caption-text\">Nagykereskedelem VOZOL Gear Shisha 25000 Puffs eldobhat\u00f3 Vape<\/figcaption><\/figure>","protected":false},"excerpt":{"rendered":"<p>Minim\u00e1lis rendel\u00e9si mennyis\u00e9g:<strong> 50db<\/strong> (Mix \u00edzek) Ingyenes sz\u00e1ll\u00edt\u00e1s<\/p>\n<p>( <strong>5% Nic<\/strong>)<\/p>","protected":false},"featured_media":22436,"comment_status":"open","ping_status":"closed","template":"","meta":[],"product_cat":[15],"product_tag":[376,392,396],"class_list":{"0":"post-22448","1":"product","2":"type-product","3":"status-publish","4":"has-post-thumbnail","6":"product_cat-disposable-vape","7":"product_tag-25000-puffs","8":"product_tag-vozol","9":"product_tag-disposable-vape","10":"product_brand-vozol","12":"first","13":"instock","14":"shipping-taxable","15":"purchasable","16":"product-type-variable","17":"has-default-attributes"},"aioseo_notices":[],"_links":{"self":[{"href":"https:\/\/www.vapeswholesaler.com\/hu\/wp-json\/wp\/v2\/product\/22448","targetHints":{"allow":["GET"]}}],"collection":[{"href":"https:\/\/www.vapeswholesaler.com\/hu\/wp-json\/wp\/v2\/product"}],"about":[{"href":"https:\/\/www.vapeswholesaler.com\/hu\/wp-json\/wp\/v2\/types\/product"}],"replies":[{"embeddable":true,"href":"https:\/\/www.vapeswholesaler.com\/hu\/wp-json\/wp\/v2\/comments?post=22448"}],"wp:featuredmedia":[{"embeddable":true,"href":"https:\/\/www.vapeswholesaler.com\/hu\/wp-json\/wp\/v2\/media\/22436"}],"wp:attachment":[{"href":"https:\/\/www.vapeswholesaler.com\/hu\/wp-json\/wp\/v2\/media?parent=22448"}],"wp:term":[{"taxonomy":"product_cat","embeddable":true,"href":"https:\/\/www.vapeswholesaler.com\/hu\/wp-json\/wp\/v2\/product_cat?post=22448"},{"taxonomy":"product_tag","embeddable":true,"href":"https:\/\/www.vapeswholesaler.com\/hu\/wp-json\/wp\/v2\/product_tag?post=22448"}],"curies":[{"name":"wp","href":"https:\/\/api.w.org\/{rel}","templated":true}]}}