{"id":22372,"date":"2025-03-26T14:26:50","date_gmt":"2025-03-26T06:26:50","guid":{"rendered":"https:\/\/www.vapeswholesaler.com\/?post_type=product&#038;p=22372"},"modified":"2025-08-11T11:06:02","modified_gmt":"2025-08-11T03:06:02","slug":"nagykereskedelmi-elf-bar-jegkiraly-30000-puff-eldobhato-vape","status":"publish","type":"product","link":"https:\/\/www.vapeswholesaler.com\/hu\/termek\/nagykereskedelmi-elf-bar-jegkiraly-30000-puff-eldobhato-vape","title":{"rendered":"Nagykereskedelmi Elf bar Ice King 30000 Puffs eldobhat\u00f3 Vape"},"content":{"rendered":"<p><a href=\"https:\/\/www.vapeswholesaler.com\/hu\/product_brand\/elf-bar\/\">T\u00fcnde b\u00e1r<\/a> Az Ice King 30000 Puffs a leg\u00fajabb eldobhat\u00f3 Vape 5 fokozat\u00fa j\u00e9gbe\u00e1ll\u00edt\u00e1ssal, amelyet \u00fagy terveztek, hogy kompakt \u00e9s k\u00f6nny\u0171 legyen a k\u00f6nny\u0171 hordozhat\u00f3s\u00e1g \u00e9rdek\u00e9ben, az el\u00fcls\u0151 gombokkal a k\u00f6nny\u0171 j\u00e9gbe\u00e1ll\u00edt\u00e1shoz \u00e9s a felhaszn\u00e1l\u00f3bar\u00e1t kialak\u00edt\u00e1shoz. Az 5 fokozat\u00fa j\u00e9gbe\u00e1ll\u00edt\u00e1ssal az Ice King biztos\u00edtja, hogy minden puff az \u00d6n szem\u00e9lyes preferenci\u00e1ihoz igazodjon, \u00edgy igaz\u00e1n szem\u00e9lyre szabott doh\u00e1nyz\u00e1si \u00e9lm\u00e9nyt ny\u00fajt.<\/p>\n<p>A term\u00e9k oldala LED-es oldals\u00f3 k\u00e9perny\u0151vel van felszerelve, amely val\u00f3s id\u0151ben mutatja a k\u00fcl\u00f6nb\u00f6z\u0151 j\u00e9gtartalmakat, \u00e9s egyidej\u0171leg megjelen\u00edtheti az E-juice kapacit\u00e1s\u00e1t \u00e9s az akkumul\u00e1tor kapacit\u00e1s\u00e1t is. El\u0151re felt\u00f6ltve 20ML Vape e-folyad\u00e9kkal, ennek a term\u00e9knek az olaja val\u00f3j\u00e1ban el\u0151re felt\u00f6lt\u00f6tt, nem virtu\u00e1lis, 850mah nagy kapacit\u00e1s\u00fa akkumul\u00e1tort hordoz\u00f3, \u00e9s t\u00e1mogathatja a Typ-C-t az akkumul\u00e1tor \u00fajrat\u00f6lt\u00e9s\u00e9hez, \u00edgy a term\u00e9k nagyobb \u00e9rt\u00e9ket kap a haszn\u00e1lathoz.<\/p>\n<h2><strong><a href=\"https:\/\/www.facebook.com\/fred.luo.58\/\">T\u00fcnde b\u00e1r<\/a> Ice King 30000 Puffs Jellemz\u0151k:<\/strong><\/h2>\n<ul>\n<li>M\u00e1rka: T\u00fcnde b\u00e1r<\/li>\n<li>Modell neve: Ice King 30000 Puffs<\/li>\n<li>Olajtartalom: 20ml<\/li>\n<li>Akkumul\u00e1tor kapacit\u00e1s: 850mah<\/li>\n<li>5% Nic<\/li>\n<li>USB Type-C t\u00f6lt\u0151rendszer<\/li>\n<li>T\u00e1mogatja az MTL e-cigarett\u00e1kat<\/li>\n<li>Kett\u0151s h\u00e1l\u00f3s tekercsek<\/li>\n<li>5 fokozatban \u00e1ll\u00edthat\u00f3 h\u0171v\u00f6ss\u00e9g<\/li>\n<\/ul>\n<h2><strong>\u00cdzek:<\/strong><\/h2>\n<ol>\n<li>Elf Bull<\/li>\n<li>Szeder \u00c1fonya<\/li>\n<li>Eper g\u00f6r\u00f6gdinnye<\/li>\n<li>Barack j\u00e9g<\/li>\n<li>Sz\u0151l\u0151 j\u00e9g<\/li>\n<li>Kiwi Passi\u00f3gy\u00fcm\u00f6lcs Guava<\/li>\n<li>Eper-kiwi j\u00e9g<\/li>\n<li>Cseresznye Gr\u00e1n\u00e1talma \u00c1fonya<\/li>\n<li>Miami Mint<\/li>\n<li>K\u00e9k Razz j\u00e9g<\/li>\n<li>G\u00f6r\u00f6gdinnye j\u00e9g<\/li>\n<li>Ban\u00e1n torta<\/li>\n<li>Ribena licsi<\/li>\n<li>Lime Cola<\/li>\n<li>R\u00f3zsasz\u00edn limon\u00e1d\u00e9<\/li>\n<\/ol>\n<h2><strong>Csomagol\u00e1si lista:<\/strong><\/h2>\n<p>1db minden egyes doboz<br \/>\n10db minden k\u00f6z\u00e9ps\u0151 doboz<br \/>\n100db dobozonk\u00e9nt (12.4KG)<\/p>\n<figure style=\"width: 900px\" class=\"wp-caption alignnone\"><img loading=\"lazy\" decoding=\"async\" class=\"wp-image-22349 size-full\" title=\"Nagykereskedelmi Elf bar Ice King 30000 Puffs eldobhat\u00f3 Vape 4\" src=\"https:\/\/www.vapeswholesaler.com\/wp-content\/uploads\/2025\/03\/Wholesale-Elf-bar-Ice-King-30000-Puffs-Disposable-Vape-4.webp\" alt=\"Nagykereskedelmi Elf bar Ice King 30000 Puffs eldobhat\u00f3 Vape 4\" width=\"900\" height=\"711\" srcset=\"https:\/\/www.vapeswholesaler.com\/wp-content\/uploads\/2025\/03\/Wholesale-Elf-bar-Ice-King-30000-Puffs-Disposable-Vape-4.webp 900w, https:\/\/www.vapeswholesaler.com\/wp-content\/uploads\/2025\/03\/Wholesale-Elf-bar-Ice-King-30000-Puffs-Disposable-Vape-4-300x237.webp 300w, https:\/\/www.vapeswholesaler.com\/wp-content\/uploads\/2025\/03\/Wholesale-Elf-bar-Ice-King-30000-Puffs-Disposable-Vape-4-768x607.webp 768w, https:\/\/www.vapeswholesaler.com\/wp-content\/uploads\/2025\/03\/Wholesale-Elf-bar-Ice-King-30000-Puffs-Disposable-Vape-4-15x12.webp 15w, https:\/\/www.vapeswholesaler.com\/wp-content\/uploads\/2025\/03\/Wholesale-Elf-bar-Ice-King-30000-Puffs-Disposable-Vape-4-510x403.webp 510w\" sizes=\"auto, (max-width: 900px) 100vw, 900px\" \/><figcaption class=\"wp-caption-text\">Nagykereskedelmi Elf bar Ice King 30000 Puffs eldobhat\u00f3 Vape<\/figcaption><\/figure>\n<figure id=\"attachment_22389\" aria-describedby=\"caption-attachment-22389\" style=\"width: 900px\" class=\"wp-caption alignnone\"><img loading=\"lazy\" decoding=\"async\" class=\"wp-image-22389 size-full\" title=\"Nagykereskedelmi Elf bar Ice King 30000 Puffs eldobhat\u00f3 Vape\" src=\"https:\/\/www.vapeswholesaler.com\/wp-content\/uploads\/2025\/03\/Wholesale-Elf-bar-Ice-King-30000-Puffs-Disposable-Vape.webp\" alt=\"Nagykereskedelmi Elf bar Ice King 30000 Puffs eldobhat\u00f3 Vape\" width=\"900\" height=\"612\" srcset=\"https:\/\/www.vapeswholesaler.com\/wp-content\/uploads\/2025\/03\/Wholesale-Elf-bar-Ice-King-30000-Puffs-Disposable-Vape.webp 900w, https:\/\/www.vapeswholesaler.com\/wp-content\/uploads\/2025\/03\/Wholesale-Elf-bar-Ice-King-30000-Puffs-Disposable-Vape-300x204.webp 300w, https:\/\/www.vapeswholesaler.com\/wp-content\/uploads\/2025\/03\/Wholesale-Elf-bar-Ice-King-30000-Puffs-Disposable-Vape-768x522.webp 768w, https:\/\/www.vapeswholesaler.com\/wp-content\/uploads\/2025\/03\/Wholesale-Elf-bar-Ice-King-30000-Puffs-Disposable-Vape-18x12.webp 18w, https:\/\/www.vapeswholesaler.com\/wp-content\/uploads\/2025\/03\/Wholesale-Elf-bar-Ice-King-30000-Puffs-Disposable-Vape-510x347.webp 510w\" sizes=\"auto, (max-width: 900px) 100vw, 900px\" \/><figcaption id=\"caption-attachment-22389\" class=\"wp-caption-text\">Nagykereskedelmi Elf bar Ice King 30000 Puffs eldobhat\u00f3 Vape<\/figcaption><\/figure>","protected":false},"excerpt":{"rendered":"<p>Minim\u00e1lis rendel\u00e9si mennyis\u00e9g: <strong>100db<\/strong> (\u00cdzek kever\u00e9se) <strong>Ingyenes sz\u00e1ll\u00edt\u00e1s<\/strong><\/p>\n<p>(5% Nic) <strong>EU rakt\u00e1r<\/strong> Sz\u00e1ll\u00edt\u00e1si id\u0151 <strong>6-7 munka<\/strong> napok<\/p>","protected":false},"featured_media":22370,"comment_status":"open","ping_status":"closed","template":"","meta":[],"product_cat":[15],"product_tag":[373,374,396,398],"class_list":{"0":"post-22372","1":"product","2":"type-product","3":"status-publish","4":"has-post-thumbnail","6":"product_cat-disposable-vape","7":"product_tag-europe-warehouse","8":"product_tag-30000-puffs","9":"product_tag-disposable-vape","10":"product_tag-elf-bar","11":"product_brand-elf-bar","13":"first","14":"instock","15":"sold-individually","16":"shipping-taxable","17":"purchasable","18":"product-type-variable","19":"has-default-attributes"},"aioseo_notices":[],"_links":{"self":[{"href":"https:\/\/www.vapeswholesaler.com\/hu\/wp-json\/wp\/v2\/product\/22372","targetHints":{"allow":["GET"]}}],"collection":[{"href":"https:\/\/www.vapeswholesaler.com\/hu\/wp-json\/wp\/v2\/product"}],"about":[{"href":"https:\/\/www.vapeswholesaler.com\/hu\/wp-json\/wp\/v2\/types\/product"}],"replies":[{"embeddable":true,"href":"https:\/\/www.vapeswholesaler.com\/hu\/wp-json\/wp\/v2\/comments?post=22372"}],"wp:featuredmedia":[{"embeddable":true,"href":"https:\/\/www.vapeswholesaler.com\/hu\/wp-json\/wp\/v2\/media\/22370"}],"wp:attachment":[{"href":"https:\/\/www.vapeswholesaler.com\/hu\/wp-json\/wp\/v2\/media?parent=22372"}],"wp:term":[{"taxonomy":"product_cat","embeddable":true,"href":"https:\/\/www.vapeswholesaler.com\/hu\/wp-json\/wp\/v2\/product_cat?post=22372"},{"taxonomy":"product_tag","embeddable":true,"href":"https:\/\/www.vapeswholesaler.com\/hu\/wp-json\/wp\/v2\/product_tag?post=22372"}],"curies":[{"name":"wp","href":"https:\/\/api.w.org\/{rel}","templated":true}]}}