{"id":22317,"date":"2025-03-25T20:37:15","date_gmt":"2025-03-25T12:37:15","guid":{"rendered":"https:\/\/www.vapeswholesaler.com\/?post_type=product&#038;p=22317"},"modified":"2025-06-16T19:14:36","modified_gmt":"2025-06-16T11:14:36","slug":"nagykereskedelmi-waspe-3in1-60k-puffs-eldobhato-vape","status":"publish","type":"product","link":"https:\/\/www.vapeswholesaler.com\/hu\/termek\/nagykereskedelmi-waspe-3in1-60k-puffs-eldobhato-vape","title":{"rendered":"Nagykereskedelmi WASPE 3in1 60K Puffs Eldobhat\u00f3 Vape"},"content":{"rendered":"<p><a href=\"https:\/\/www.vapeswholesaler.com\/hu\/product_brand\/waspe\/\">WASPE<\/a> 3in1 60K Puffs egy eldobhat\u00f3 vape, amely h\u00e1rom 18ml-es cs\u00e9sz\u00e9b\u0151l \u00e1ll, \u00e9s mindegyik h\u00e1rom k\u00fcl\u00f6nb\u00f6z\u0151 \u00edzzel rendelkezik. \u00fcgyfeleink megv\u00e1ltoztathatj\u00e1k az \u00edzeket a fels\u0151 f\u00fav\u00f3k\u00e1n val\u00f3 felh\u00faz\u00e1ssal \u00e9s forgat\u00e1ssal, nagyon egyszer\u0171 \u00e9s k\u00e9nyelmes. hogy minden \u00edz\u00fcnk p\u00e1ratlan \u00e9lm\u00e9nyt ny\u00fajtson, fejlettebb 0,9ohm h\u00e1l\u00f3s tekercseket haszn\u00e1lunk, amikor a felhaszn\u00e1l\u00f3k a term\u00e9keinket haszn\u00e1lj\u00e1k, az \u00edz jobb \u00e9s intenz\u00edvebb.<\/p>\n<p>A term\u00e9ktechnol\u00f3gia tekintet\u00e9ben a hosszabb \u00e9lettartam \u00e9s a nagyobb \u00fcgyf\u00e9l-el\u00e9gedetts\u00e9g \u00e9rdek\u00e9ben magasabb min\u0151s\u00e9g\u0171, teljes 650mah kapacit\u00e1s\u00fa akkumul\u00e1torokat haszn\u00e1lunk, \u00e9s ez a term\u00e9k t\u00e1mogatja a Type-C t\u00edpus\u00fa akkumul\u00e1tort\u00f6lt\u00e9st. Hasonl\u00f3k\u00e9ppen, term\u00e9keinket a legn\u00e9pszer\u0171bb LED-es elektronikus kijelz\u0151vel szerelt\u00fck fel, amely divatosabb\u00e1 teszi a term\u00e9keket, kiemeli a tudom\u00e1ny \u00e9s a technol\u00f3gia erej\u00e9t, \u00e9s lehet\u0151v\u00e9 teszi a felhaszn\u00e1l\u00f3k sz\u00e1m\u00e1ra, hogy b\u00e1rmikor \u00e9s b\u00e1rhol megismerj\u00e9k a berendez\u00e9s \u00e1llapot\u00e1t.<\/p>\n<p>Mi Supply 0%\/2%\/5% nic, Ha az \u00fcgyf\u00e9l befejezte az \u00edz kiv\u00e1laszt\u00e1sa, akkor vegye figyelembe a nikotin tartalom van sz\u00fcks\u00e9ge, \u00e9s mi fogjuk forgalmazni a csomagot az \u00fcgyf\u00e9l ig\u00e9nyeinek megfelel\u0151en.a minim\u00e1lis rendel\u00e9si mennyis\u00e9g csak 50db, az \u00e1raj\u00e1nlat tartalmazza a sz\u00e1ll\u00edt\u00e1si k\u00f6lts\u00e9get, v\u00e1rjuk, hogy a megb\u00edzhat\u00f3 sz\u00e1ll\u00edt\u00f3ja!<\/p>\n<h2><a href=\"https:\/\/www.facebook.com\/100008071089000\/videos\/733146722604429\/\"><em><strong>Watch the Video<\/strong><\/em><\/a><\/h2>\n<h2><strong>WASPE 3in1 60K Puffs Features:<\/strong><\/h2>\n<ul>\n<li>Puffok: 60000 Puffok<\/li>\n<li>\u00cdzek: (3 k\u00fcl\u00f6nb\u00f6z\u0151 \u00edzes\u00edt\u00e9s\u0171)<\/li>\n<li>H\u00e1l\u00f3 tekercs: 0.9ohm+0.9ohm+0.9ohm+0.9ohm<\/li>\n<li>E-folyad\u00e9k: 54ml (3*18ml)<\/li>\n<li>Nikotin: 0%\/2%\/5%<\/li>\n<li>Akkumul\u00e1tor: 650mah<\/li>\n<li>\u00dajrat\u00f6lthet\u0151: .<\/li>\n<li>LED kijelz\u0151<\/li>\n<\/ul>\n<h2><strong>\u00cdzek:<\/strong><\/h2>\n<ol>\n<li>G\u00f6r\u00f6gdinnye j\u00e9g &amp; Eper Kiwi &amp; citrom Lime<\/li>\n<li>Eper g\u00f6r\u00f6gdinnye &amp; eper m\u00e1lna cukorka &amp; sz\u0151l\u0151 j\u00e9g<\/li>\n<li>\u00c1fonya j\u00e9g &amp; Fekete s\u00e1rk\u00e1ny j\u00e9g &amp; Fizzy Cherry Ice<\/li>\n<li>Eper m\u00e1lna cseresznye &amp; szerelem 666 &amp; cseresznye cukorka j\u00e9g<\/li>\n<li>Barack j\u00e9g \u00e9s anan\u00e1sz mang\u00f3 mang\u00f3 barack \u00e9s \u00e1fonya citrom<\/li>\n<li>Red Bull Ice &amp; Strawberry Mango &amp; Strawberry Watermelon Bubblegum<\/li>\n<li>Vegyes bogy\u00f3k &amp; gumimacik &amp; vegyes gy\u00fcm\u00f6lcs\u00f6k<\/li>\n<li>H\u00e1romszoros dinnye j\u00e9g &amp; Sziv\u00e1rv\u00e1ny cukorka &amp; \u00e1fonya cukorka<\/li>\n<li>Grape Ice &amp; Strawberry Candy &amp; Strawberry M\u00e1lna Cherry<\/li>\n<li>Eper ban\u00e1n &amp; anan\u00e1sz k\u00f3kusz j\u00e9g &amp; mang\u00f3 j\u00e9g<\/li>\n<li>Cherry Cola Ice &amp; Strawberry Cola &amp; Cola Ice<\/li>\n<li>\u00c1fony\u00e1s m\u00e1lna &amp; \u00e1fony\u00e1s vattacukor &amp; dupla alma j\u00e9g<\/li>\n<\/ol>\n<h1><strong>Csomagol\u00e1si lista:<\/strong><\/h1>\n<p>Term\u00e9k m\u00e9rete: 47*47*116mm<br \/>\n1db egydobozos (130g)<br \/>\n10db minden k\u00f6z\u00e9ps\u0151 doboz<br \/>\n160db dobozonk\u00e9nt (21kg)<\/p>\n<figure id=\"attachment_22298\" aria-describedby=\"caption-attachment-22298\" style=\"width: 1200px\" class=\"wp-caption alignnone\"><img loading=\"lazy\" decoding=\"async\" class=\"wp-image-22298 size-full\" title=\"Nagykereskedelmi WASPE 3in1 60K Puffs eldobhat\u00f3 Vape 2\" src=\"https:\/\/www.vapeswholesaler.com\/wp-content\/uploads\/2025\/03\/Wholesale-WASPE-3in1-60K-Puffs-Disposable-Vape-2.webp\" alt=\"Nagykereskedelmi WASPE 3in1 60K Puffs eldobhat\u00f3 Vape 2\" width=\"1200\" height=\"675\" srcset=\"https:\/\/www.vapeswholesaler.com\/wp-content\/uploads\/2025\/03\/Wholesale-WASPE-3in1-60K-Puffs-Disposable-Vape-2.webp 1200w, https:\/\/www.vapeswholesaler.com\/wp-content\/uploads\/2025\/03\/Wholesale-WASPE-3in1-60K-Puffs-Disposable-Vape-2-300x169.webp 300w, https:\/\/www.vapeswholesaler.com\/wp-content\/uploads\/2025\/03\/Wholesale-WASPE-3in1-60K-Puffs-Disposable-Vape-2-1024x576.webp 1024w, https:\/\/www.vapeswholesaler.com\/wp-content\/uploads\/2025\/03\/Wholesale-WASPE-3in1-60K-Puffs-Disposable-Vape-2-768x432.webp 768w, https:\/\/www.vapeswholesaler.com\/wp-content\/uploads\/2025\/03\/Wholesale-WASPE-3in1-60K-Puffs-Disposable-Vape-2-18x10.webp 18w, https:\/\/www.vapeswholesaler.com\/wp-content\/uploads\/2025\/03\/Wholesale-WASPE-3in1-60K-Puffs-Disposable-Vape-2-510x287.webp 510w\" sizes=\"auto, (max-width: 1200px) 100vw, 1200px\" \/><figcaption id=\"caption-attachment-22298\" class=\"wp-caption-text\">Nagykereskedelmi WASPE 3in1 60K Puffs Eldobhat\u00f3 Vape<\/figcaption><\/figure>\n<figure id=\"attachment_22297\" aria-describedby=\"caption-attachment-22297\" style=\"width: 1200px\" class=\"wp-caption alignnone\"><img loading=\"lazy\" decoding=\"async\" class=\"wp-image-22297 size-full\" title=\"Nagykereskedelmi WASPE 3in1 60K Puffs eldobhat\u00f3 Vape 1\" src=\"https:\/\/www.vapeswholesaler.com\/wp-content\/uploads\/2025\/03\/Wholesale-WASPE-3in1-60K-Puffs-Disposable-Vape-1.webp\" alt=\"Nagykereskedelmi WASPE 3in1 60K Puffs eldobhat\u00f3 Vape 1\" width=\"1200\" height=\"1200\" srcset=\"https:\/\/www.vapeswholesaler.com\/wp-content\/uploads\/2025\/03\/Wholesale-WASPE-3in1-60K-Puffs-Disposable-Vape-1.webp 1200w, https:\/\/www.vapeswholesaler.com\/wp-content\/uploads\/2025\/03\/Wholesale-WASPE-3in1-60K-Puffs-Disposable-Vape-1-300x300.webp 300w, https:\/\/www.vapeswholesaler.com\/wp-content\/uploads\/2025\/03\/Wholesale-WASPE-3in1-60K-Puffs-Disposable-Vape-1-1024x1024.webp 1024w, https:\/\/www.vapeswholesaler.com\/wp-content\/uploads\/2025\/03\/Wholesale-WASPE-3in1-60K-Puffs-Disposable-Vape-1-150x150.webp 150w, https:\/\/www.vapeswholesaler.com\/wp-content\/uploads\/2025\/03\/Wholesale-WASPE-3in1-60K-Puffs-Disposable-Vape-1-768x768.webp 768w, https:\/\/www.vapeswholesaler.com\/wp-content\/uploads\/2025\/03\/Wholesale-WASPE-3in1-60K-Puffs-Disposable-Vape-1-12x12.webp 12w, https:\/\/www.vapeswholesaler.com\/wp-content\/uploads\/2025\/03\/Wholesale-WASPE-3in1-60K-Puffs-Disposable-Vape-1-247x247.webp 247w, https:\/\/www.vapeswholesaler.com\/wp-content\/uploads\/2025\/03\/Wholesale-WASPE-3in1-60K-Puffs-Disposable-Vape-1-510x510.webp 510w, https:\/\/www.vapeswholesaler.com\/wp-content\/uploads\/2025\/03\/Wholesale-WASPE-3in1-60K-Puffs-Disposable-Vape-1-100x100.webp 100w\" sizes=\"auto, (max-width: 1200px) 100vw, 1200px\" \/><figcaption id=\"caption-attachment-22297\" class=\"wp-caption-text\">Nagykereskedelmi WASPE 3in1 60K Puffs Eldobhat\u00f3 Vape<\/figcaption><\/figure>","protected":false},"excerpt":{"rendered":"<p>Minim\u00e1lis rendel\u00e9si mennyis\u00e9g: <strong>50db<\/strong> (\u00cdzek kever\u00e9se)<\/p>\n<p>\uff080%, 2%\uff0c5%\uff09<strong>Ingyenes sz\u00e1ll\u00edt\u00e1s<\/strong><\/p>","protected":false},"featured_media":22304,"comment_status":"open","ping_status":"closed","template":"","meta":[],"product_cat":[15],"product_tag":[383,396,397],"class_list":{"0":"post-22317","1":"product","2":"type-product","3":"status-publish","4":"has-post-thumbnail","6":"product_cat-disposable-vape","7":"product_tag-waspe","8":"product_tag-disposable-vape","9":"product_tag-60000-puffs","10":"product_brand-waspe","12":"first","13":"instock","14":"shipping-taxable","15":"purchasable","16":"product-type-variable","17":"has-default-attributes"},"aioseo_notices":[],"_links":{"self":[{"href":"https:\/\/www.vapeswholesaler.com\/hu\/wp-json\/wp\/v2\/product\/22317","targetHints":{"allow":["GET"]}}],"collection":[{"href":"https:\/\/www.vapeswholesaler.com\/hu\/wp-json\/wp\/v2\/product"}],"about":[{"href":"https:\/\/www.vapeswholesaler.com\/hu\/wp-json\/wp\/v2\/types\/product"}],"replies":[{"embeddable":true,"href":"https:\/\/www.vapeswholesaler.com\/hu\/wp-json\/wp\/v2\/comments?post=22317"}],"wp:featuredmedia":[{"embeddable":true,"href":"https:\/\/www.vapeswholesaler.com\/hu\/wp-json\/wp\/v2\/media\/22304"}],"wp:attachment":[{"href":"https:\/\/www.vapeswholesaler.com\/hu\/wp-json\/wp\/v2\/media?parent=22317"}],"wp:term":[{"taxonomy":"product_cat","embeddable":true,"href":"https:\/\/www.vapeswholesaler.com\/hu\/wp-json\/wp\/v2\/product_cat?post=22317"},{"taxonomy":"product_tag","embeddable":true,"href":"https:\/\/www.vapeswholesaler.com\/hu\/wp-json\/wp\/v2\/product_tag?post=22317"}],"curies":[{"name":"wp","href":"https:\/\/api.w.org\/{rel}","templated":true}]}}