{"id":22207,"date":"2025-03-20T11:57:54","date_gmt":"2025-03-20T03:57:54","guid":{"rendered":"https:\/\/www.vapeswholesaler.com\/?post_type=product&#038;p=22207"},"modified":"2025-05-08T14:44:23","modified_gmt":"2025-05-08T06:44:23","slug":"nagykereskedelmi-okso-shisha-vizipipa-mega-50k-eldobhato-vape","status":"publish","type":"product","link":"https:\/\/www.vapeswholesaler.com\/hu\/termek\/nagykereskedelmi-okso-shisha-vizipipa-mega-50k-eldobhato-vape","title":{"rendered":"Nagykereskedelmi OKSO Shisha v\u00edzipipa Mega 50K eldobhat\u00f3 Vape"},"content":{"rendered":"<p><a href=\"https:\/\/www.vapeswholesaler.com\/hu\/product_brand\/okso\/\">OKSO<\/a> A Shisha Hookah Mega 50K Puffs az egyik leg\u00fajabb DTL t\u00fcd\u0151g\u0151z\u00f6lg\u0151 eldobhat\u00f3 e-cigaretta, ez a term\u00e9k gy\u00f6ny\u00f6r\u0171en form\u00e1zott \u00e9s m\u00e9retezett, hogy illeszkedjen a k\u00fcl\u00f6nb\u00f6z\u0151 fogyaszt\u00f3khoz, k\u00e9tt\u00f3nus\u00fa form\u00e1t haszn\u00e1lunk term\u00e9keink k\u00fcls\u0151 r\u00e9sz\u00e9n, \u00e9s krist\u00e1lyt haszn\u00e1lunk a k\u00fcls\u0151 oldalon, hogy a term\u00e9k krist\u00e1lytiszta, tiszta \u00e9s higi\u00e9nikus legyen, \u00e9s a term\u00e9k \u00f6r\u00f6kre kiv\u00e1l\u00f3 min\u0151s\u00e9g\u0171nek t\u0171nj\u00f6n \u00e9s \u00e9rezze mag\u00e1t.<\/p>\n<p>A term\u00e9k Triple Mesh tekerccsel van felszerelve, \u00e9s a sz\u00e1ll\u00edt\u00e1s el\u0151tt 40ML vape olajat t\u00f6lt\u00fcnk el\u0151, a term\u00e9k nagy kapacit\u00e1sa hosszabb ideig tarthat, \u00e9s 1100mah kiv\u00e1l\u00f3 min\u0151s\u00e9g\u0171 be\u00e9p\u00edtett akkumul\u00e1torral rendelkezik, \u00e9s a felhaszn\u00e1l\u00f3k haszn\u00e1lhatj\u00e1k a nemzetk\u00f6zi univerz\u00e1lis C-t\u00edpus\u00fa interf\u00e9szt, hogy b\u00e1rmikor \u00e9s b\u00e1rhol t\u00f6lthess\u00e9k kedvenc eszk\u00f6zeiket. M\u00e1sr\u00e9szt, annak \u00e9rdek\u00e9ben, hogy a felhaszn\u00e1l\u00f3k b\u00e1rmikor megfigyelhess\u00e9k a term\u00e9k \u00e1llapot\u00e1t, elektronikus kijelz\u0151vel vagyunk felszerelve, az elektronikus kijelz\u0151 adatainak megfigyel\u00e9s\u00e9vel megismerheti a term\u00e9ket, mint a k\u00e9zfej\u00e9t.<\/p>\n<p>Ez a term\u00e9k 10 legjobb \u00edz\u0171 \u00edzt k\u00edn\u00e1l, minden \u00edz a m\u00e9rn\u00f6keink \u00e1ltal v\u00e9gzett t\u00f6bb t\u00edzezer folyamatos tesztel\u00e9s eredm\u00e9nye, \u00e9s 0%, 2%, 3%, 5% nikotintartalommal \u00e1ll az \u00fcgyfelek rendelkez\u00e9s\u00e9re, rem\u00e9lj\u00fck, hogy \u00fcgyfeleink tetszik. V\u00e1rjuk, hogy az \u00d6n partnere legyen, b\u00e1rmelyik \u00fcgyf\u00e9l k\u00f6zvetlen\u00fcl a weboldalunkon rendelhet, minim\u00e1lis rendel\u00e9s\u00fcnk csak 50db, \u00e9s a sz\u00e1ll\u00edt\u00e1si id\u0151 a legt\u00f6bb eur\u00f3pai orsz\u00e1gba csak k\u00f6r\u00fclbel\u00fcl 2 h\u00e9t.<\/p>\n<h2><strong><a href=\"https:\/\/www.facebook.com\/fred.luo.58\/\">OKSO<\/a> Shisha Hookah Mega 50K eldobhat\u00f3 Vape R\u00e9szletek:<\/strong><\/h2>\n<ul>\n<li>Puffok: 50000puff<\/li>\n<li>Mag: Mesh tekercs<\/li>\n<li>E-folyad\u00e9k:40ml<\/li>\n<li>Nicotine:0%\/2%\/3%\/5%<\/li>\n<li>Akkumul\u00e1tor: 1100mah<\/li>\n<li>\u00dajrat\u00f6lthet\u0151: C-t\u00edpus\u00fa<\/li>\n<li>LED kijelz\u0151<\/li>\n<li>L\u00e9g\u00e1raml\u00e1s \u00e1ll\u00edthat\u00f3<\/li>\n<li>Term\u00e9k s\u00falya: 141g\/db<\/li>\n<li>Term\u00e9k m\u00e9rete: 43*43*135mm<\/li>\n<li>Karton m\u00e9rete: 465*428*235mm<\/li>\n<li>Mennyis\u00e9g: 150db\/ctn, 10db\/doboz<\/li>\n<li>T\u00f6meg: 22.2kg<\/li>\n<\/ul>\n<h2><strong>\u00cdzek\uff1a<\/strong><\/h2>\n<ol>\n<li>buja j\u00e9g<\/li>\n<li>K\u00e9t alma<\/li>\n<li>Eper g\u00f6r\u00f6gdinnye r\u00e1g\u00f3gumi<\/li>\n<li>Barack j\u00e9g<\/li>\n<li>\u00c1fonya M\u00e1lna Cseresznye<\/li>\n<li>Szerelem 66<\/li>\n<li>Mang\u00f3 j\u00e9g<\/li>\n<li>Eper Kiwi<\/li>\n<li>Lady Killa<\/li>\n<li>Sz\u0151l\u0151 j\u00e9g<\/li>\n<\/ol>\n<h2><strong>Csomagol\u00e1si lista:<\/strong><\/h2>\n<p>1db darab Egyedi doboz<br \/>\n10db k\u00f6z\u00e9ps\u0151 doboz<br \/>\n150db dobozonk\u00e9nt<\/p>\n<figure id=\"attachment_22184\" aria-describedby=\"caption-attachment-22184\" style=\"width: 1000px\" class=\"wp-caption alignnone\"><img loading=\"lazy\" decoding=\"async\" class=\"wp-image-22184 size-full\" title=\"Nagykereskedelmi OKSO Shisha Hookah Mega 50K eldobhat\u00f3 Vape 2\" src=\"https:\/\/www.vapeswholesaler.com\/wp-content\/uploads\/2025\/03\/Wholesale-OKSO-Shisha-Hookah-Mega-50K-Disposable-Vape-2.webp\" alt=\"Nagykereskedelmi OKSO Shisha Hookah Mega 50K eldobhat\u00f3 Vape 2\" width=\"1000\" height=\"1000\" srcset=\"https:\/\/www.vapeswholesaler.com\/wp-content\/uploads\/2025\/03\/Wholesale-OKSO-Shisha-Hookah-Mega-50K-Disposable-Vape-2.webp 1000w, https:\/\/www.vapeswholesaler.com\/wp-content\/uploads\/2025\/03\/Wholesale-OKSO-Shisha-Hookah-Mega-50K-Disposable-Vape-2-300x300.webp 300w, https:\/\/www.vapeswholesaler.com\/wp-content\/uploads\/2025\/03\/Wholesale-OKSO-Shisha-Hookah-Mega-50K-Disposable-Vape-2-150x150.webp 150w, https:\/\/www.vapeswholesaler.com\/wp-content\/uploads\/2025\/03\/Wholesale-OKSO-Shisha-Hookah-Mega-50K-Disposable-Vape-2-768x768.webp 768w, https:\/\/www.vapeswholesaler.com\/wp-content\/uploads\/2025\/03\/Wholesale-OKSO-Shisha-Hookah-Mega-50K-Disposable-Vape-2-12x12.webp 12w, https:\/\/www.vapeswholesaler.com\/wp-content\/uploads\/2025\/03\/Wholesale-OKSO-Shisha-Hookah-Mega-50K-Disposable-Vape-2-247x247.webp 247w, https:\/\/www.vapeswholesaler.com\/wp-content\/uploads\/2025\/03\/Wholesale-OKSO-Shisha-Hookah-Mega-50K-Disposable-Vape-2-510x510.webp 510w, https:\/\/www.vapeswholesaler.com\/wp-content\/uploads\/2025\/03\/Wholesale-OKSO-Shisha-Hookah-Mega-50K-Disposable-Vape-2-100x100.webp 100w\" sizes=\"auto, (max-width: 1000px) 100vw, 1000px\" \/><figcaption id=\"caption-attachment-22184\" class=\"wp-caption-text\">Nagykereskedelmi OKSO Shisha Hookah Mega 50K eldobhat\u00f3 Vape 2<\/figcaption><\/figure>\n<figure id=\"attachment_22183\" aria-describedby=\"caption-attachment-22183\" style=\"width: 1000px\" class=\"wp-caption alignnone\"><img loading=\"lazy\" decoding=\"async\" class=\"wp-image-22183 size-full\" title=\"Nagykereskedelmi OKSO Shisha Hookah Mega 50K eldobhat\u00f3 Vape 1\" src=\"https:\/\/www.vapeswholesaler.com\/wp-content\/uploads\/2025\/03\/Wholesale-OKSO-Shisha-Hookah-Mega-50K-Disposable-Vape-1.webp\" alt=\"Nagykereskedelmi OKSO Shisha Hookah Mega 50K eldobhat\u00f3 Vape 1\" width=\"1000\" height=\"1000\" srcset=\"https:\/\/www.vapeswholesaler.com\/wp-content\/uploads\/2025\/03\/Wholesale-OKSO-Shisha-Hookah-Mega-50K-Disposable-Vape-1.webp 1000w, https:\/\/www.vapeswholesaler.com\/wp-content\/uploads\/2025\/03\/Wholesale-OKSO-Shisha-Hookah-Mega-50K-Disposable-Vape-1-300x300.webp 300w, https:\/\/www.vapeswholesaler.com\/wp-content\/uploads\/2025\/03\/Wholesale-OKSO-Shisha-Hookah-Mega-50K-Disposable-Vape-1-150x150.webp 150w, https:\/\/www.vapeswholesaler.com\/wp-content\/uploads\/2025\/03\/Wholesale-OKSO-Shisha-Hookah-Mega-50K-Disposable-Vape-1-768x768.webp 768w, https:\/\/www.vapeswholesaler.com\/wp-content\/uploads\/2025\/03\/Wholesale-OKSO-Shisha-Hookah-Mega-50K-Disposable-Vape-1-12x12.webp 12w, https:\/\/www.vapeswholesaler.com\/wp-content\/uploads\/2025\/03\/Wholesale-OKSO-Shisha-Hookah-Mega-50K-Disposable-Vape-1-247x247.webp 247w, https:\/\/www.vapeswholesaler.com\/wp-content\/uploads\/2025\/03\/Wholesale-OKSO-Shisha-Hookah-Mega-50K-Disposable-Vape-1-510x510.webp 510w, https:\/\/www.vapeswholesaler.com\/wp-content\/uploads\/2025\/03\/Wholesale-OKSO-Shisha-Hookah-Mega-50K-Disposable-Vape-1-100x100.webp 100w\" sizes=\"auto, (max-width: 1000px) 100vw, 1000px\" \/><figcaption id=\"caption-attachment-22183\" class=\"wp-caption-text\">Nagykereskedelmi OKSO Shisha Hookah Mega 50K eldobhat\u00f3 Vape 1<\/figcaption><\/figure>","protected":false},"excerpt":{"rendered":"<p>Minim\u00e1lis rendel\u00e9si mennyis\u00e9g: <strong>50 db<\/strong> (\u00cdzek kever\u00e9se) <strong>Ingyenes sz\u00e1ll\u00edt\u00e1s<\/strong><\/p>\n<p>(0%, 2%, 3%, 5% Nic)<\/p>","protected":false},"featured_media":22205,"comment_status":"open","ping_status":"closed","template":"","meta":[],"product_cat":[15],"product_tag":[366,395],"class_list":{"0":"post-22207","1":"product","2":"type-product","3":"status-publish","4":"has-post-thumbnail","6":"product_cat-disposable-vape","7":"product_tag-50000-puffs","8":"product_tag-okso","9":"product_brand-okso","11":"first","12":"instock","13":"shipping-taxable","14":"purchasable","15":"product-type-variable","16":"has-default-attributes"},"aioseo_notices":[],"_links":{"self":[{"href":"https:\/\/www.vapeswholesaler.com\/hu\/wp-json\/wp\/v2\/product\/22207","targetHints":{"allow":["GET"]}}],"collection":[{"href":"https:\/\/www.vapeswholesaler.com\/hu\/wp-json\/wp\/v2\/product"}],"about":[{"href":"https:\/\/www.vapeswholesaler.com\/hu\/wp-json\/wp\/v2\/types\/product"}],"replies":[{"embeddable":true,"href":"https:\/\/www.vapeswholesaler.com\/hu\/wp-json\/wp\/v2\/comments?post=22207"}],"wp:featuredmedia":[{"embeddable":true,"href":"https:\/\/www.vapeswholesaler.com\/hu\/wp-json\/wp\/v2\/media\/22205"}],"wp:attachment":[{"href":"https:\/\/www.vapeswholesaler.com\/hu\/wp-json\/wp\/v2\/media?parent=22207"}],"wp:term":[{"taxonomy":"product_cat","embeddable":true,"href":"https:\/\/www.vapeswholesaler.com\/hu\/wp-json\/wp\/v2\/product_cat?post=22207"},{"taxonomy":"product_tag","embeddable":true,"href":"https:\/\/www.vapeswholesaler.com\/hu\/wp-json\/wp\/v2\/product_tag?post=22207"}],"curies":[{"name":"wp","href":"https:\/\/api.w.org\/{rel}","templated":true}]}}