{"id":22077,"date":"2025-03-08T15:56:00","date_gmt":"2025-03-08T07:56:00","guid":{"rendered":"https:\/\/www.vapeswholesaler.com\/?post_type=product&#038;p=22077"},"modified":"2025-05-08T14:44:18","modified_gmt":"2025-05-08T06:44:18","slug":"nagykereskedelmi-uwin-twins-crystal-40k-eldobhato-vape","status":"publish","type":"product","link":"https:\/\/www.vapeswholesaler.com\/hu\/termek\/nagykereskedelmi-uwin-twins-crystal-40k-eldobhato-vape","title":{"rendered":"Nagykereskedelmi Uwin Twins Crystal 40k eldobhat\u00f3 Vape"},"content":{"rendered":"<p><a href=\"https:\/\/www.vapeswholesaler.com\/hu\/product_brand\/uwin\/\">Uwin<\/a> A Twins Crystal 40k hosszabb vaping \u00e9lm\u00e9nyt ny\u00fajt, biztos\u00edtva, hogy minden bel\u00e9gz\u00e9s gazdag \u00edzzel \u00e9s v\u00e9gs\u0151 el\u00e9gedetts\u00e9ggel legyen tele. a k\u00e9perny\u0151 kijelz\u0151je tiszta \u00e9s k\u00f6nnyen olvashat\u00f3, a felhaszn\u00e1l\u00f3k val\u00f3s id\u0151ben nyomon k\u00f6vethetik az akkumul\u00e1tor t\u00f6lt\u00f6tts\u00e9g\u00e9t \u00e9s az e-folyad\u00e9k felhaszn\u00e1l\u00e1s\u00e1t. 850 mAh \u00fajrat\u00f6lthet\u0151 kobalt C t\u00edpus\u00fa porttal rendelkezik, nagy kapacit\u00e1s\u00fa 32 ml-es el\u0151ret\u00f6lt\u00f6tt e-folyad\u00e9kkal ak\u00e1r 40000 puffot is megtapasztalhat.<\/p>\n<p>Z\u00f6kken\u0151mentesen \u00f6tv\u00f6zi a f\u00e9mes csillog\u00e1st az akril kivitel\u0171, ergonomikus, kompakt \u00e9s st\u00edlusos, a k\u00e9nyelem \u00e9s az eszt\u00e9tikum \u00e9rdek\u00e9ben tervezett, felt\u0171n\u0151 vizu\u00e1lis megjelen\u00e9st biztos\u00edt\u00f3 f\u00e9mt\u00e1lc\u00e1t. Minden haszn\u00e1lat kifinomult \u00e9s egyedi \u00e9rz\u00e9kszervi \u00e9lm\u00e9nyt ny\u00fajt.<\/p>\n<p>\u00c9s ez a term\u00e9k 12 f\u00e9le kett\u0151s \u00edzzel \u00e1ll az \u00d6n rendelkez\u00e9s\u00e9re, v\u00e1lasszon a k\u00fcl\u00f6nb\u00f6z\u0151 lehet\u0151s\u00e9gek k\u00f6z\u00fcl, hogy t\u00f6k\u00e9letesen illeszkedjen a hangulat\u00e1hoz \u00e9s fokozza a p\u00e1rologtat\u00e1s \u00f6r\u00f6m\u00e9t. \u00dcdv\u00f6z\u00f6lj\u00fck, hogy a <a href=\"https:\/\/www.vapeswholesaler.com\/hu\/\">vapeswholesaler<\/a> , a szolg\u00e1ltat\u00e1sunk agressz\u00edv \u00e9s a lehet\u0151 leggyorsabban elk\u00fcld minden csomagot \u00fcgyfeleinkt\u0151l.<\/p>\n<h2><strong><a href=\"https:\/\/www.facebook.com\/fred.luo.58\/\">Uwin<\/a> Twins Crystal 40k r\u00e9szletek:<\/strong><\/h2>\n<ul>\n<li>Modell neve: Uwin Twins Crystal 40k<\/li>\n<li>0% 2% 3% 5% Nikotin<\/li>\n<li>Puffok:40K<\/li>\n<li>Kapacit\u00e1s: 32ml<\/li>\n<li>10*2 \u00edz el\u00e9rhet\u0151<\/li>\n<li>850 mAh \u00fajrat\u00f6lthet\u0151 kobalt C t\u00edpus\u00fa port<\/li>\n<li>Tekercs :H\u00e1l\u00f3s tekercs<\/li>\n<\/ul>\n<h2><strong>\u00cdzek list\u00e1ja :<\/strong><\/h2>\n<ol>\n<li>\u00c1fonya j\u00e9gen &amp; ny\u00e1ri barack j\u00e9g<\/li>\n<li>Kiwi Maracuja Guava \u00e9s \u00e1fonya M\u00e1lna<\/li>\n<li>Eper Kiwi \u00e9s sz\u0151l\u0151 j\u00e9g<\/li>\n<li>Kiwi Maracuja Guava \u00e9s k\u00e9t alma<\/li>\n<li>Eper g\u00f6r\u00f6gdinnye *Lemon Lime<\/li>\n<li>\u00c1fonya m\u00e1lna \u00e9s cseresznye j\u00e9g<\/li>\n<li>Eper m\u00e1lna cseresznye &amp; Mr Blue<\/li>\n<li>Barack mang\u00f3 anan\u00e1sz \u00e9s Red Bull<\/li>\n<li>G\u00f6r\u00f6gdinnye j\u00e9g \u00e9s vegyes bogy\u00f3s gy\u00fcm\u00f6lcs\u00f6k<\/li>\n<li>Eper Ban\u00e1n &amp; Szerelem 66\uff08Passion Fruit Melon Ice\uff09<\/li>\n<\/ol>\n<h2><strong>Csomagol\u00e1si lista:<\/strong><\/h2>\n<p>1db darab Egyedi doboz<br \/>\n10 db \/ doboz<br \/>\n200 db \/ karton<br \/>\ndobozonk\u00e9nt: 22.5kg<\/p>\n<figure id=\"attachment_22058\" aria-describedby=\"caption-attachment-22058\" style=\"width: 1200px\" class=\"wp-caption alignnone\"><img loading=\"lazy\" decoding=\"async\" class=\"wp-image-22058 size-full\" title=\"Nagykereskedelmi Uwin Twins Crystal 40k eldobhat\u00f3 Vape 4\" src=\"https:\/\/www.vapeswholesaler.com\/wp-content\/uploads\/2025\/03\/Wholesale-Uwin-Twins-Crystal-40k-Disposable-Vape-4.webp\" alt=\"Nagykereskedelmi Uwin Twins Crystal 40k eldobhat\u00f3 Vape 4\" width=\"1200\" height=\"1200\" srcset=\"https:\/\/www.vapeswholesaler.com\/wp-content\/uploads\/2025\/03\/Wholesale-Uwin-Twins-Crystal-40k-Disposable-Vape-4.webp 1200w, https:\/\/www.vapeswholesaler.com\/wp-content\/uploads\/2025\/03\/Wholesale-Uwin-Twins-Crystal-40k-Disposable-Vape-4-300x300.webp 300w, https:\/\/www.vapeswholesaler.com\/wp-content\/uploads\/2025\/03\/Wholesale-Uwin-Twins-Crystal-40k-Disposable-Vape-4-1024x1024.webp 1024w, https:\/\/www.vapeswholesaler.com\/wp-content\/uploads\/2025\/03\/Wholesale-Uwin-Twins-Crystal-40k-Disposable-Vape-4-150x150.webp 150w, https:\/\/www.vapeswholesaler.com\/wp-content\/uploads\/2025\/03\/Wholesale-Uwin-Twins-Crystal-40k-Disposable-Vape-4-768x768.webp 768w, https:\/\/www.vapeswholesaler.com\/wp-content\/uploads\/2025\/03\/Wholesale-Uwin-Twins-Crystal-40k-Disposable-Vape-4-12x12.webp 12w, https:\/\/www.vapeswholesaler.com\/wp-content\/uploads\/2025\/03\/Wholesale-Uwin-Twins-Crystal-40k-Disposable-Vape-4-247x247.webp 247w, https:\/\/www.vapeswholesaler.com\/wp-content\/uploads\/2025\/03\/Wholesale-Uwin-Twins-Crystal-40k-Disposable-Vape-4-510x510.webp 510w, https:\/\/www.vapeswholesaler.com\/wp-content\/uploads\/2025\/03\/Wholesale-Uwin-Twins-Crystal-40k-Disposable-Vape-4-100x100.webp 100w\" sizes=\"auto, (max-width: 1200px) 100vw, 1200px\" \/><figcaption id=\"caption-attachment-22058\" class=\"wp-caption-text\">Nagykereskedelmi Uwin Twins Crystal 40k eldobhat\u00f3 Vape<\/figcaption><\/figure>\n<figure id=\"attachment_22064\" aria-describedby=\"caption-attachment-22064\" style=\"width: 1200px\" class=\"wp-caption alignnone\"><img loading=\"lazy\" decoding=\"async\" class=\"wp-image-22064 size-full\" title=\"Nagykereskedelmi Uwin Twins Crystal 40k eldobhat\u00f3 Vape 10\" src=\"https:\/\/www.vapeswholesaler.com\/wp-content\/uploads\/2025\/03\/Wholesale-Uwin-Twins-Crystal-40k-Disposable-Vape-10.webp\" alt=\"Nagykereskedelmi Uwin Twins Crystal 40k eldobhat\u00f3 Vape 10\" width=\"1200\" height=\"1200\" srcset=\"https:\/\/www.vapeswholesaler.com\/wp-content\/uploads\/2025\/03\/Wholesale-Uwin-Twins-Crystal-40k-Disposable-Vape-10.webp 1200w, https:\/\/www.vapeswholesaler.com\/wp-content\/uploads\/2025\/03\/Wholesale-Uwin-Twins-Crystal-40k-Disposable-Vape-10-300x300.webp 300w, https:\/\/www.vapeswholesaler.com\/wp-content\/uploads\/2025\/03\/Wholesale-Uwin-Twins-Crystal-40k-Disposable-Vape-10-1024x1024.webp 1024w, https:\/\/www.vapeswholesaler.com\/wp-content\/uploads\/2025\/03\/Wholesale-Uwin-Twins-Crystal-40k-Disposable-Vape-10-150x150.webp 150w, https:\/\/www.vapeswholesaler.com\/wp-content\/uploads\/2025\/03\/Wholesale-Uwin-Twins-Crystal-40k-Disposable-Vape-10-768x768.webp 768w, https:\/\/www.vapeswholesaler.com\/wp-content\/uploads\/2025\/03\/Wholesale-Uwin-Twins-Crystal-40k-Disposable-Vape-10-12x12.webp 12w, https:\/\/www.vapeswholesaler.com\/wp-content\/uploads\/2025\/03\/Wholesale-Uwin-Twins-Crystal-40k-Disposable-Vape-10-247x247.webp 247w, https:\/\/www.vapeswholesaler.com\/wp-content\/uploads\/2025\/03\/Wholesale-Uwin-Twins-Crystal-40k-Disposable-Vape-10-510x510.webp 510w, https:\/\/www.vapeswholesaler.com\/wp-content\/uploads\/2025\/03\/Wholesale-Uwin-Twins-Crystal-40k-Disposable-Vape-10-100x100.webp 100w\" sizes=\"auto, (max-width: 1200px) 100vw, 1200px\" \/><figcaption id=\"caption-attachment-22064\" class=\"wp-caption-text\">Nagykereskedelmi Uwin Twins Crystal 40k eldobhat\u00f3 Vape<\/figcaption><\/figure>\n<figure id=\"attachment_22056\" aria-describedby=\"caption-attachment-22056\" style=\"width: 1200px\" class=\"wp-caption alignnone\"><img loading=\"lazy\" decoding=\"async\" class=\"wp-image-22056 size-full\" title=\"Nagykereskedelmi Uwin Twins Crystal 40k eldobhat\u00f3 Vape 2\" src=\"https:\/\/www.vapeswholesaler.com\/wp-content\/uploads\/2025\/03\/Wholesale-Uwin-Twins-Crystal-40k-Disposable-Vape-2.webp\" alt=\"Nagykereskedelmi Uwin Twins Crystal 40k eldobhat\u00f3 Vape 2\" width=\"1200\" height=\"1358\" srcset=\"https:\/\/www.vapeswholesaler.com\/wp-content\/uploads\/2025\/03\/Wholesale-Uwin-Twins-Crystal-40k-Disposable-Vape-2.webp 1200w, https:\/\/www.vapeswholesaler.com\/wp-content\/uploads\/2025\/03\/Wholesale-Uwin-Twins-Crystal-40k-Disposable-Vape-2-265x300.webp 265w, https:\/\/www.vapeswholesaler.com\/wp-content\/uploads\/2025\/03\/Wholesale-Uwin-Twins-Crystal-40k-Disposable-Vape-2-905x1024.webp 905w, https:\/\/www.vapeswholesaler.com\/wp-content\/uploads\/2025\/03\/Wholesale-Uwin-Twins-Crystal-40k-Disposable-Vape-2-768x869.webp 768w, https:\/\/www.vapeswholesaler.com\/wp-content\/uploads\/2025\/03\/Wholesale-Uwin-Twins-Crystal-40k-Disposable-Vape-2-11x12.webp 11w, https:\/\/www.vapeswholesaler.com\/wp-content\/uploads\/2025\/03\/Wholesale-Uwin-Twins-Crystal-40k-Disposable-Vape-2-510x577.webp 510w\" sizes=\"auto, (max-width: 1200px) 100vw, 1200px\" \/><figcaption id=\"caption-attachment-22056\" class=\"wp-caption-text\">Nagykereskedelmi Uwin Twins Crystal 40k eldobhat\u00f3 Vape<\/figcaption><\/figure>","protected":false},"excerpt":{"rendered":"<p>Minim\u00e1lis rendel\u00e9si mennyis\u00e9g: <strong>50db<\/strong>\u00a0(Mix \u00edzek) Ingyenes sz\u00e1ll\u00edt\u00e1s<\/p>\n<p>(<strong>0%,2%, 3%,5% Nic<\/strong>)<\/p>","protected":false},"featured_media":22055,"comment_status":"open","ping_status":"closed","template":"","meta":[],"product_cat":[15],"product_tag":[365,369,386],"class_list":{"0":"post-22077","1":"product","2":"type-product","3":"status-publish","4":"has-post-thumbnail","6":"product_cat-disposable-vape","7":"product_tag-40000-puffs","8":"product_tag-dual-flavors","9":"product_tag-uwin","10":"product_brand-uwin","12":"first","13":"instock","14":"shipping-taxable","15":"purchasable","16":"product-type-variable","17":"has-default-attributes"},"aioseo_notices":[],"_links":{"self":[{"href":"https:\/\/www.vapeswholesaler.com\/hu\/wp-json\/wp\/v2\/product\/22077","targetHints":{"allow":["GET"]}}],"collection":[{"href":"https:\/\/www.vapeswholesaler.com\/hu\/wp-json\/wp\/v2\/product"}],"about":[{"href":"https:\/\/www.vapeswholesaler.com\/hu\/wp-json\/wp\/v2\/types\/product"}],"replies":[{"embeddable":true,"href":"https:\/\/www.vapeswholesaler.com\/hu\/wp-json\/wp\/v2\/comments?post=22077"}],"wp:featuredmedia":[{"embeddable":true,"href":"https:\/\/www.vapeswholesaler.com\/hu\/wp-json\/wp\/v2\/media\/22055"}],"wp:attachment":[{"href":"https:\/\/www.vapeswholesaler.com\/hu\/wp-json\/wp\/v2\/media?parent=22077"}],"wp:term":[{"taxonomy":"product_cat","embeddable":true,"href":"https:\/\/www.vapeswholesaler.com\/hu\/wp-json\/wp\/v2\/product_cat?post=22077"},{"taxonomy":"product_tag","embeddable":true,"href":"https:\/\/www.vapeswholesaler.com\/hu\/wp-json\/wp\/v2\/product_tag?post=22077"}],"curies":[{"name":"wp","href":"https:\/\/api.w.org\/{rel}","templated":true}]}}