{"id":21975,"date":"2025-03-07T16:53:32","date_gmt":"2025-03-07T08:53:32","guid":{"rendered":"https:\/\/www.vapeswholesaler.com\/?post_type=product&#038;p=21975"},"modified":"2025-04-22T11:12:34","modified_gmt":"2025-04-22T03:12:34","slug":"nagykereskedelmi-bang-vezeto-32000-puff-kettos-iz-eldobhato-vape","status":"publish","type":"product","link":"https:\/\/www.vapeswholesaler.com\/hu\/termek\/nagykereskedelmi-bang-vezeto-32000-puff-kettos-iz-eldobhato-vape","title":{"rendered":"Nagykereskedelmi Bang Leader 32000 Puffs Dual Flavor eldobhat\u00f3 Vape"},"content":{"rendered":"<p><a href=\"https:\/\/www.vapeswholesaler.com\/hu\/product_brand\/bang\/\">Bang<\/a> A Leader 32000 Puffs egy \u00faj, kett\u0151s \u00edzes\u00edt\u00e9s\u0171 term\u00e9k. Csak egy term\u00e9ket kell v\u00e1s\u00e1rolnia ahhoz, hogy k\u00e9t k\u00fcl\u00f6nb\u00f6z\u0151 \u00edzt \u00e9lvezhessen. A sz\u00e1jr\u00e9sz seg\u00edts\u00e9g\u00e9vel mozgathatja balr\u00f3l jobbra \u00e9s v\u00e1lthat az \u00edzek k\u00f6z\u00f6tt. Sokkal k\u00e9nyelmesebb az \u00edzek v\u00e1lt\u00e1sa, mint a kor\u00e1bbi 360 fokos forgat\u00e1s. Ezen k\u00edv\u00fcl a Bang Leader 32000 Puffs k\u00e9t kapszul\u00e1val (28 ml + 28 ml) \u00e9s 0%-t\u0151l 5%-ig terjed\u0151 nikotinv\u00e1laszt\u00e9kkal rendelkezik, \u00edgy ak\u00e1r 32 000 slukk sima \u00e9s finom g\u0151z\u00f6l\u00e9st tesz lehet\u0151v\u00e9. T\u00f6k\u00e9letes a tart\u00f3s teljes\u00edtm\u00e9nyt \u00e9s sokoldal\u00fas\u00e1got keres\u0151 vaperek sz\u00e1m\u00e1ra.<\/p>\n<p>Kett\u0151s \u00edzes\u00edt\u00e9ssel is rendelkezik. A 650 mAh-s akkumul\u00e1torral \u00e9s C t\u00edpus\u00fa t\u00f6lt\u0151porttal felszerelt k\u00e9sz\u00fcl\u00e9k 12 \u00edz k\u00f6z\u00fcl v\u00e1laszthat. V\u00e1ltson k\u00f6nnyed\u00e9n k\u00e9t \u00edz k\u00f6z\u00f6tt, sokoldal\u00fa \u00e9s \u00e9lvezetes vape-\u00e9lm\u00e9nyt k\u00edn\u00e1lva. A kett\u0151s h\u00e1l\u00f3s kialak\u00edt\u00e1s n\u00f6veli a g\u0151ztermel\u00e9st \u00e9s fokozza az \u00edzeket, \u00edgy kiel\u00e9g\u00edt\u0151bb \u00e9s kellemesebb \u00e9lm\u00e9nyt ny\u00fajt az e-cigaretta rajong\u00f3inak.<\/p>\n<p>\u00d6sszefoglalva jelenleg Bang Leader 32000 Puffs van el\u00e9g k\u00e9szlet, teljes \u00edzek, a term\u00e9kek minim\u00e1lis rendel\u00e9s 50 darab, a honlapon felt\u00fcntetett \u00e1r az egys\u00e9g\u00e1r az egyes term\u00e9kcsomagok, am\u00edg megkapjuk az \u00fcgyf\u00e9l fizet\u00e9s\u00e9t tudjuk azonnal int\u00e9zkedni a csomag sz\u00e1ll\u00edt\u00e1sa, \u00e1ltal\u00e1ban mi haj\u00f3 Eur\u00f3pa f\u0151bb orsz\u00e1gaiba csak k\u00f6r\u00fclbel\u00fcl 2 h\u00e9tig tart!<\/p>\n<h2><strong><a href=\"https:\/\/www.facebook.com\/fred.luo.58\">Bang<\/a> Leader 32000 Puffs Jellemz\u0151k:<\/strong><\/h2>\n<ul>\n<li>Nikotin:0% 2% 3% 5% 5%<\/li>\n<li>Kapacit\u00e1s: 28ml + 28ml<\/li>\n<li>Puffok:32000<\/li>\n<li>Dual Pods Dual \u00edzek<\/li>\n<li>12 \u00edz el\u00e9rhet\u0151<\/li>\n<li>650mah \u00fajrat\u00f6lthet\u0151<\/li>\n<li>Dupla h\u00e1l\u00f3s tekercs<\/li>\n<\/ul>\n<h2><strong>\u00cdzek list\u00e1ja:<\/strong><\/h2>\n<ol>\n<li>Eper \u00e9s g\u00f6r\u00f6gdinnye \u00e9s sz\u0151l\u0151 j\u00e9g<\/li>\n<li>G\u00f6r\u00f6gdinnye j\u00e9g &amp; eper \u00e9s mang\u00f3<\/li>\n<li>Eper \u00e9s g\u00f6r\u00f6gdinnye &amp; kiwi golgotavir\u00e1g guava<\/li>\n<li>\u00c1fony\u00e1s m\u00e1lna \u00e9s barackos mang\u00f3 v\u00edzi turmix<\/li>\n<li>G\u00f6r\u00f6gdinnye j\u00e9g \u00e9s \u00e1fonya menta<\/li>\n<li>\u00c1fonya g\u00f6r\u00f6gdinnye \u00e9s eper mang\u00f3<\/li>\n<li>\u00c1fonya j\u00e9g \u00e9s fekete s\u00e1rk\u00e1ny j\u00e9g<\/li>\n<li>Eper-kiwi \u00e9s barack j\u00e9g<\/li>\n<li>\u00c1fony\u00e1s j\u00e9g &amp; eper \u00e9s ban\u00e1n<\/li>\n<li>Red Bull \u00e9s \u00e1fony\u00e1s v\u00edzimajszol<\/li>\n<li>Red Bull &amp; Watermeon bubor\u00e9kcukorka<\/li>\n<li>Eper Kiwi &amp; savany\u00fa alma m\u00e1lna<\/li>\n<\/ol>\n<h2><strong>Csomagol\u00e1si lista:<\/strong><\/h2>\n<p>1db dobozonk\u00e9nt<br \/>\n10db minden k\u00f6z\u00e9ps\u0151 doboz<br \/>\n200db dobozonk\u00e9nt<br \/>\nMinden karton 21KG<\/p>\n<figure id=\"attachment_21961\" aria-describedby=\"caption-attachment-21961\" style=\"width: 800px\" class=\"wp-caption alignleft\"><a href=\"https:\/\/www.vapeswholesaler.com\/wp-content\/uploads\/2025\/03\/Wholesale-Bang-Leader-32000-Puffs-Double-Flavor-Disposable-Vape-4.webp\"><img loading=\"lazy\" decoding=\"async\" class=\"wp-image-21961 size-full\" title=\"Nagykereskedelmi Bang Leader 32000 Puffs dupla \u00edz\u0171 eldobhat\u00f3 Vape 4\" src=\"https:\/\/www.vapeswholesaler.com\/wp-content\/uploads\/2025\/03\/Wholesale-Bang-Leader-32000-Puffs-Double-Flavor-Disposable-Vape-4.webp\" alt=\"Nagykereskedelmi Bang Leader 32000 Puffs dupla \u00edz\u0171 eldobhat\u00f3 Vape 4\" width=\"800\" height=\"450\" srcset=\"https:\/\/www.vapeswholesaler.com\/wp-content\/uploads\/2025\/03\/Wholesale-Bang-Leader-32000-Puffs-Double-Flavor-Disposable-Vape-4.webp 800w, https:\/\/www.vapeswholesaler.com\/wp-content\/uploads\/2025\/03\/Wholesale-Bang-Leader-32000-Puffs-Double-Flavor-Disposable-Vape-4-300x169.webp 300w, https:\/\/www.vapeswholesaler.com\/wp-content\/uploads\/2025\/03\/Wholesale-Bang-Leader-32000-Puffs-Double-Flavor-Disposable-Vape-4-768x432.webp 768w, https:\/\/www.vapeswholesaler.com\/wp-content\/uploads\/2025\/03\/Wholesale-Bang-Leader-32000-Puffs-Double-Flavor-Disposable-Vape-4-18x10.webp 18w, https:\/\/www.vapeswholesaler.com\/wp-content\/uploads\/2025\/03\/Wholesale-Bang-Leader-32000-Puffs-Double-Flavor-Disposable-Vape-4-510x287.webp 510w\" sizes=\"auto, (max-width: 800px) 100vw, 800px\" \/><\/a><figcaption id=\"caption-attachment-21961\" class=\"wp-caption-text\">Nagykereskedelmi Bang Leader 32000 Puffs Dual Flavor eldobhat\u00f3 Vape<\/figcaption><\/figure>\n<figure id=\"attachment_21958\" aria-describedby=\"caption-attachment-21958\" style=\"width: 1200px\" class=\"wp-caption alignnone\"><img loading=\"lazy\" decoding=\"async\" class=\"wp-image-21958 size-full\" title=\"Nagykereskedelmi Bang Leader 32000 Puffs dupla \u00edz\u0171 eldobhat\u00f3 Vape 1\" src=\"https:\/\/www.vapeswholesaler.com\/wp-content\/uploads\/2025\/03\/Wholesale-Bang-Leader-32000-Puffs-Double-Flavor-Disposable-Vape-1.webp\" alt=\"Nagykereskedelmi Bang Leader 32000 Puffs dupla \u00edz\u0171 eldobhat\u00f3 Vape 1\" width=\"1200\" height=\"800\" srcset=\"https:\/\/www.vapeswholesaler.com\/wp-content\/uploads\/2025\/03\/Wholesale-Bang-Leader-32000-Puffs-Double-Flavor-Disposable-Vape-1.webp 1200w, https:\/\/www.vapeswholesaler.com\/wp-content\/uploads\/2025\/03\/Wholesale-Bang-Leader-32000-Puffs-Double-Flavor-Disposable-Vape-1-300x200.webp 300w, https:\/\/www.vapeswholesaler.com\/wp-content\/uploads\/2025\/03\/Wholesale-Bang-Leader-32000-Puffs-Double-Flavor-Disposable-Vape-1-1024x683.webp 1024w, https:\/\/www.vapeswholesaler.com\/wp-content\/uploads\/2025\/03\/Wholesale-Bang-Leader-32000-Puffs-Double-Flavor-Disposable-Vape-1-768x512.webp 768w, https:\/\/www.vapeswholesaler.com\/wp-content\/uploads\/2025\/03\/Wholesale-Bang-Leader-32000-Puffs-Double-Flavor-Disposable-Vape-1-18x12.webp 18w, https:\/\/www.vapeswholesaler.com\/wp-content\/uploads\/2025\/03\/Wholesale-Bang-Leader-32000-Puffs-Double-Flavor-Disposable-Vape-1-510x340.webp 510w\" sizes=\"auto, (max-width: 1200px) 100vw, 1200px\" \/><figcaption id=\"caption-attachment-21958\" class=\"wp-caption-text\">Nagykereskedelmi Bang Leader 32000 Puffs Dual Flavor eldobhat\u00f3 Vape<\/figcaption><\/figure>","protected":false},"excerpt":{"rendered":"<p>Minim\u00e1lis rendel\u00e9si mennyis\u00e9g: <strong>50 db<\/strong>\u00a0(\u00cdzek kever\u00e9se) <strong>Ingyenes sz\u00e1ll\u00edt\u00e1s<\/strong><\/p>\n<p>(0%, 2%, 3%, 5% Nic)<\/p>","protected":false},"featured_media":21973,"comment_status":"open","ping_status":"closed","template":"","meta":[],"product_cat":[15],"product_tag":[368,369,370],"class_list":{"0":"post-21975","1":"product","2":"type-product","3":"status-publish","4":"has-post-thumbnail","6":"product_cat-disposable-vape","7":"product_tag-bang-king","8":"product_tag-dual-flavors","9":"product_tag-32000-puffs","10":"product_brand-bang","12":"first","13":"instock","14":"shipping-taxable","15":"purchasable","16":"product-type-variable","17":"has-default-attributes"},"aioseo_notices":[],"_links":{"self":[{"href":"https:\/\/www.vapeswholesaler.com\/hu\/wp-json\/wp\/v2\/product\/21975","targetHints":{"allow":["GET"]}}],"collection":[{"href":"https:\/\/www.vapeswholesaler.com\/hu\/wp-json\/wp\/v2\/product"}],"about":[{"href":"https:\/\/www.vapeswholesaler.com\/hu\/wp-json\/wp\/v2\/types\/product"}],"replies":[{"embeddable":true,"href":"https:\/\/www.vapeswholesaler.com\/hu\/wp-json\/wp\/v2\/comments?post=21975"}],"wp:featuredmedia":[{"embeddable":true,"href":"https:\/\/www.vapeswholesaler.com\/hu\/wp-json\/wp\/v2\/media\/21973"}],"wp:attachment":[{"href":"https:\/\/www.vapeswholesaler.com\/hu\/wp-json\/wp\/v2\/media?parent=21975"}],"wp:term":[{"taxonomy":"product_cat","embeddable":true,"href":"https:\/\/www.vapeswholesaler.com\/hu\/wp-json\/wp\/v2\/product_cat?post=21975"},{"taxonomy":"product_tag","embeddable":true,"href":"https:\/\/www.vapeswholesaler.com\/hu\/wp-json\/wp\/v2\/product_tag?post=21975"}],"curies":[{"name":"wp","href":"https:\/\/api.w.org\/{rel}","templated":true}]}}